{"id":2775,"date":"2022-02-22T13:34:12","date_gmt":"2022-02-22T12:34:12","guid":{"rendered":"https:\/\/agora.xtec.cat\/ceip-santllorenc-munt\/?page_id=2775"},"modified":"2025-04-10T23:25:58","modified_gmt":"2025-04-10T21:25:58","slug":"projectes","status":"publish","type":"page","link":"https:\/\/agora.xtec.cat\/ceip-santllorenc-munt\/projectes\/","title":{"rendered":"PROJECTES D&#8217;ESCOLA"},"content":{"rendered":"\n<p>A l\u2019escola Sant Lloren\u00e7, els projectes educatius s\u00f3n l\u2019ess\u00e8ncia del que som com a comunitat educativa. Programes com la <strong>SantlloTV<\/strong>, on els nens i nenes participen activament en la producci\u00f3 d\u2019un programa de televisi\u00f3 escolar, o la <strong>Mostra d\u2019Audiovisuals La Mola<\/strong>, on els alumnes de 5\u00e8 presenten els seus propis curtmetratges en col\u00b7laboraci\u00f3 amb altres centres de la ciutat, reflecteixen el nostre comprom\u00eds amb un aprenentatge creatiu i significatiu.<\/p>\n\n\n\n<p>Tamb\u00e9 hi participa el nostre alumnat al projecte <strong>Fem de Booktubers<\/strong>, una proposta impulsada pel Grup de Treball de R\u00e0dio i Audiovisuals de Catalunya amb la col\u00b7laboraci\u00f3 de diversos CRP del territori, que convida els infants a recomanar llibres a trav\u00e9s del format audiovisual, potenciant la lectura, l\u2019expressi\u00f3 oral i la compet\u00e8ncia digital.<\/p>\n\n\n\n<p>A m\u00e9s, les <strong>obres de teatre de 6\u00e8<\/strong>, que cada any culminen el curs amb una representaci\u00f3 carregada d\u2019esfor\u00e7 i emoci\u00f3, i el <strong>projecte de disseny de samarretes<\/strong>, on els alumnes tamb\u00e9 de 6\u00e8 creen i produeixen un disseny \u00fanic, s\u00f3n exemples de com posem l\u2019alumnat al centre, fent-los protagonistes del seu proc\u00e9s d\u2019aprenentatge.<\/p>\n\n\n\n<p>Aquests projectes ens defineixen, no nom\u00e9s com a escola, sin\u00f3 com una comunitat que treballa conjuntament per inspirar i fomentar la <strong>creativitat<\/strong>, la <strong>col\u00b7laboraci\u00f3<\/strong> i el <strong>creixement personal<\/strong> en cada infant.<\/p>\n\n\n\n<div class=\"wp-block-getwid-images-slider has-arrows-inside has-dots-outside has-captions captions-style-dark captions-bottom-center is-carousel has-slides-gap-none has-images-center has-cropped-images\"><div class=\"wp-block-getwid-images-slider__wrapper\" data-effect=\"slide\" data-slides-show=\"4\" data-slides-show-laptop=\"3\" data-slides-show-tablet=\"2\" data-slides-show-mobile=\"2\" data-slides-scroll=\"1\" data-autoplay=\"true\" data-pause-hover=\"true\" data-autoplay-speed=\"148\" data-infinite=\"true\" data-animation-speed=\"1500\" data-center-mode=\"true\" data-variable-width=\"false\" data-arrows=\"inside\" data-dots=\"outside\" data-spacing=\"none\"><div class=\"wp-block-getwid-images-slider__item\"><a href=\"https:\/\/agora.xtec.cat\/ceip-santllorenc-munt\/santllotv\/\"><figure><img loading=\"lazy\" decoding=\"async\" width=\"1280\" height=\"1280\" src=\"https:\/\/agora.xtec.cat\/ceip-santllorenc-munt\/wp-content\/uploads\/usu1223\/2025\/01\/2-4.png\" data-id=\"3598\" data-link=\"https:\/\/agora.xtec.cat\/ceip-santllorenc-munt\/projectes\/attachment\/2-4\/\" data-original-link=\"https:\/\/agora.xtec.cat\/ceip-santllorenc-munt\/wp-content\/uploads\/usu1223\/2025\/01\/2-4.png\" data-custom-link=\"https:\/\/agora.xtec.cat\/ceip-santllorenc-munt\/santllotv\/\" class=\"wp-block-getwid-images-slider__image wp-image-3598\" srcset=\"https:\/\/agora.xtec.cat\/ceip-santllorenc-munt\/wp-content\/uploads\/usu1223\/2025\/01\/2-4.png 1280w, https:\/\/agora.xtec.cat\/ceip-santllorenc-munt\/wp-content\/uploads\/usu1223\/2025\/01\/2-4-300x300.png 300w, https:\/\/agora.xtec.cat\/ceip-santllorenc-munt\/wp-content\/uploads\/usu1223\/2025\/01\/2-4-1024x1024.png 1024w, https:\/\/agora.xtec.cat\/ceip-santllorenc-munt\/wp-content\/uploads\/usu1223\/2025\/01\/2-4-150x150.png 150w, https:\/\/agora.xtec.cat\/ceip-santllorenc-munt\/wp-content\/uploads\/usu1223\/2025\/01\/2-4-768x768.png 768w\" sizes=\"auto, (max-width: 1280px) 100vw, 1280px\" \/><\/figure><\/a><\/div><div class=\"wp-block-getwid-images-slider__item\"><a href=\"https:\/\/agora.xtec.cat\/ceip-santllorenc-munt\/teatre-6e\/\"><figure><img loading=\"lazy\" decoding=\"async\" width=\"1280\" height=\"1280\" src=\"https:\/\/agora.xtec.cat\/ceip-santllorenc-munt\/wp-content\/uploads\/usu1223\/2025\/01\/6.png\" data-id=\"3601\" data-link=\"https:\/\/agora.xtec.cat\/ceip-santllorenc-munt\/projectes\/attachment\/6-2\/\" data-original-link=\"https:\/\/agora.xtec.cat\/ceip-santllorenc-munt\/wp-content\/uploads\/usu1223\/2025\/01\/6.png\" data-custom-link=\"https:\/\/agora.xtec.cat\/ceip-santllorenc-munt\/teatre-6e\/\" class=\"wp-block-getwid-images-slider__image wp-image-3601\" srcset=\"https:\/\/agora.xtec.cat\/ceip-santllorenc-munt\/wp-content\/uploads\/usu1223\/2025\/01\/6.png 1280w, https:\/\/agora.xtec.cat\/ceip-santllorenc-munt\/wp-content\/uploads\/usu1223\/2025\/01\/6-300x300.png 300w, https:\/\/agora.xtec.cat\/ceip-santllorenc-munt\/wp-content\/uploads\/usu1223\/2025\/01\/6-1024x1024.png 1024w, https:\/\/agora.xtec.cat\/ceip-santllorenc-munt\/wp-content\/uploads\/usu1223\/2025\/01\/6-150x150.png 150w, https:\/\/agora.xtec.cat\/ceip-santllorenc-munt\/wp-content\/uploads\/usu1223\/2025\/01\/6-768x768.png 768w\" sizes=\"auto, (max-width: 1280px) 100vw, 1280px\" \/><\/figure><\/a><\/div><div class=\"wp-block-getwid-images-slider__item\"><a href=\"https:\/\/agora.xtec.cat\/ceip-santllorenc-munt\/curtmetratges-audiovisuals\/\"><figure><img loading=\"lazy\" decoding=\"async\" width=\"1280\" height=\"1280\" src=\"https:\/\/agora.xtec.cat\/ceip-santllorenc-munt\/wp-content\/uploads\/usu1223\/2025\/01\/3-3.png\" data-id=\"3599\" data-link=\"https:\/\/agora.xtec.cat\/ceip-santllorenc-munt\/projectes\/attachment\/3-3-2\/\" data-original-link=\"https:\/\/agora.xtec.cat\/ceip-santllorenc-munt\/wp-content\/uploads\/usu1223\/2025\/01\/3-3.png\" data-custom-link=\"https:\/\/agora.xtec.cat\/ceip-santllorenc-munt\/curtmetratges-audiovisuals\/\" class=\"wp-block-getwid-images-slider__image wp-image-3599\" srcset=\"https:\/\/agora.xtec.cat\/ceip-santllorenc-munt\/wp-content\/uploads\/usu1223\/2025\/01\/3-3.png 1280w, https:\/\/agora.xtec.cat\/ceip-santllorenc-munt\/wp-content\/uploads\/usu1223\/2025\/01\/3-3-300x300.png 300w, https:\/\/agora.xtec.cat\/ceip-santllorenc-munt\/wp-content\/uploads\/usu1223\/2025\/01\/3-3-1024x1024.png 1024w, https:\/\/agora.xtec.cat\/ceip-santllorenc-munt\/wp-content\/uploads\/usu1223\/2025\/01\/3-3-150x150.png 150w, https:\/\/agora.xtec.cat\/ceip-santllorenc-munt\/wp-content\/uploads\/usu1223\/2025\/01\/3-3-768x768.png 768w\" sizes=\"auto, (max-width: 1280px) 100vw, 1280px\" \/><\/figure><\/a><\/div><div class=\"wp-block-getwid-images-slider__item\"><a href=\"https:\/\/agora.xtec.cat\/ceip-santllorenc-munt\/samarretes-6e\/\"><figure><img loading=\"lazy\" decoding=\"async\" width=\"1280\" height=\"1280\" src=\"https:\/\/agora.xtec.cat\/ceip-santllorenc-munt\/wp-content\/uploads\/usu1223\/2025\/01\/4.png\" data-id=\"3600\" data-link=\"https:\/\/agora.xtec.cat\/ceip-santllorenc-munt\/projectes\/attachment\/4-2\/\" data-original-link=\"https:\/\/agora.xtec.cat\/ceip-santllorenc-munt\/wp-content\/uploads\/usu1223\/2025\/01\/4.png\" data-custom-link=\"https:\/\/agora.xtec.cat\/ceip-santllorenc-munt\/samarretes-6e\/\" class=\"wp-block-getwid-images-slider__image wp-image-3600\" srcset=\"https:\/\/agora.xtec.cat\/ceip-santllorenc-munt\/wp-content\/uploads\/usu1223\/2025\/01\/4.png 1280w, https:\/\/agora.xtec.cat\/ceip-santllorenc-munt\/wp-content\/uploads\/usu1223\/2025\/01\/4-300x300.png 300w, https:\/\/agora.xtec.cat\/ceip-santllorenc-munt\/wp-content\/uploads\/usu1223\/2025\/01\/4-1024x1024.png 1024w, https:\/\/agora.xtec.cat\/ceip-santllorenc-munt\/wp-content\/uploads\/usu1223\/2025\/01\/4-150x150.png 150w, https:\/\/agora.xtec.cat\/ceip-santllorenc-munt\/wp-content\/uploads\/usu1223\/2025\/01\/4-768x768.png 768w\" sizes=\"auto, (max-width: 1280px) 100vw, 1280px\" \/><\/figure><\/a><\/div><div class=\"wp-block-getwid-images-slider__item\"><a href=\"https:\/\/agora.xtec.cat\/ceip-santllorenc-munt\/fem-de-booktubers\/\"><figure><img loading=\"lazy\" decoding=\"async\" width=\"500\" height=\"500\" src=\"https:\/\/agora.xtec.cat\/ceip-santllorenc-munt\/wp-content\/uploads\/usu1223\/2025\/04\/Fem-de-Booktubers_negre.jpg\" data-id=\"3859\" data-link=\"https:\/\/agora.xtec.cat\/ceip-santllorenc-munt\/projectes\/attachment\/fem-de-booktubers_negre\/\" data-original-link=\"https:\/\/agora.xtec.cat\/ceip-santllorenc-munt\/wp-content\/uploads\/usu1223\/2025\/04\/Fem-de-Booktubers_negre.jpg\" data-custom-link=\"https:\/\/agora.xtec.cat\/ceip-santllorenc-munt\/fem-de-booktubers\/\" class=\"wp-block-getwid-images-slider__image wp-image-3859\" srcset=\"https:\/\/agora.xtec.cat\/ceip-santllorenc-munt\/wp-content\/uploads\/usu1223\/2025\/04\/Fem-de-Booktubers_negre.jpg 500w, https:\/\/agora.xtec.cat\/ceip-santllorenc-munt\/wp-content\/uploads\/usu1223\/2025\/04\/Fem-de-Booktubers_negre-300x300.jpg 300w, https:\/\/agora.xtec.cat\/ceip-santllorenc-munt\/wp-content\/uploads\/usu1223\/2025\/04\/Fem-de-Booktubers_negre-150x150.jpg 150w\" sizes=\"auto, (max-width: 500px) 100vw, 500px\" \/><\/figure><\/a><\/div><\/div><\/div>\n","protected":false},"excerpt":{"rendered":"<p>A l\u2019escola Sant Lloren\u00e7, els projectes educatius s\u00f3n l\u2019ess\u00e8ncia del que som com a comunitat educativa. Programes com la SantlloTV, on els nens i nenes participen activament en la producci\u00f3 d\u2019un programa de televisi\u00f3 escolar, o la Mostra d\u2019Audiovisuals La Mola, on els alumnes de 5\u00e8 presenten els seus propis curtmetratges en col\u00b7laboraci\u00f3 amb altres [&hellip;]<\/p>\n","protected":false},"author":4,"featured_media":0,"parent":0,"menu_order":0,"comment_status":"closed","ping_status":"closed","template":"","meta":{"_bbp_topic_count":0,"_bbp_reply_count":0,"_bbp_total_topic_count":0,"_bbp_total_reply_count":0,"_bbp_voice_count":0,"_bbp_anonymous_reply_count":0,"_bbp_topic_count_hidden":0,"_bbp_reply_count_hidden":0,"_bbp_forum_subforum_count":0,"site-sidebar-layout":"default","site-content-layout":"","ast-site-content-layout":"default","site-content-style":"default","site-sidebar-style":"default","ast-global-header-display":"","ast-banner-title-visibility":"","ast-main-header-display":"","ast-hfb-above-header-display":"","ast-hfb-below-header-display":"","ast-hfb-mobile-header-display":"","site-post-title":"","ast-breadcrumbs-content":"","ast-featured-img":"","footer-sml-layout":"","theme-transparent-header-meta":"","adv-header-id-meta":"","stick-header-meta":"","header-above-stick-meta":"","header-main-stick-meta":"","header-below-stick-meta":"","astra-migrate-meta-layouts":"set","ast-page-background-enabled":"default","ast-page-background-meta":{"desktop":{"background-color":"var(--ast-global-color-4)","background-image":"","background-repeat":"repeat","background-position":"center center","background-size":"auto","background-attachment":"scroll","background-type":"","background-media":"","overlay-type":"","overlay-color":"","overlay-opacity":"","overlay-gradient":""},"tablet":{"background-color":"","background-image":"","background-repeat":"repeat","background-position":"center center","background-size":"auto","background-attachment":"scroll","background-type":"","background-media":"","overlay-type":"","overlay-color":"","overlay-opacity":"","overlay-gradient":""},"mobile":{"background-color":"","background-image":"","background-repeat":"repeat","background-position":"center center","background-size":"auto","background-attachment":"scroll","background-type":"","background-media":"","overlay-type":"","overlay-color":"","overlay-opacity":"","overlay-gradient":""}},"ast-content-background-meta":{"desktop":{"background-color":"var(--ast-global-color-5)","background-image":"","background-repeat":"repeat","background-position":"center center","background-size":"auto","background-attachment":"scroll","background-type":"","background-media":"","overlay-type":"","overlay-color":"","overlay-opacity":"","overlay-gradient":""},"tablet":{"background-color":"var(--ast-global-color-5)","background-image":"","background-repeat":"repeat","background-position":"center center","background-size":"auto","background-attachment":"scroll","background-type":"","background-media":"","overlay-type":"","overlay-color":"","overlay-opacity":"","overlay-gradient":""},"mobile":{"background-color":"var(--ast-global-color-5)","background-image":"","background-repeat":"repeat","background-position":"center center","background-size":"auto","background-attachment":"scroll","background-type":"","background-media":"","overlay-type":"","overlay-color":"","overlay-opacity":"","overlay-gradient":""}},"footnotes":""},"class_list":["post-2775","page","type-page","status-publish","hentry"],"post_mailing_queue_ids":[],"_links":{"self":[{"href":"https:\/\/agora.xtec.cat\/ceip-santllorenc-munt\/wp-json\/wp\/v2\/pages\/2775","targetHints":{"allow":["GET"]}}],"collection":[{"href":"https:\/\/agora.xtec.cat\/ceip-santllorenc-munt\/wp-json\/wp\/v2\/pages"}],"about":[{"href":"https:\/\/agora.xtec.cat\/ceip-santllorenc-munt\/wp-json\/wp\/v2\/types\/page"}],"author":[{"embeddable":true,"href":"https:\/\/agora.xtec.cat\/ceip-santllorenc-munt\/wp-json\/wp\/v2\/users\/4"}],"replies":[{"embeddable":true,"href":"https:\/\/agora.xtec.cat\/ceip-santllorenc-munt\/wp-json\/wp\/v2\/comments?post=2775"}],"version-history":[{"count":6,"href":"https:\/\/agora.xtec.cat\/ceip-santllorenc-munt\/wp-json\/wp\/v2\/pages\/2775\/revisions"}],"predecessor-version":[{"id":3861,"href":"https:\/\/agora.xtec.cat\/ceip-santllorenc-munt\/wp-json\/wp\/v2\/pages\/2775\/revisions\/3861"}],"wp:attachment":[{"href":"https:\/\/agora.xtec.cat\/ceip-santllorenc-munt\/wp-json\/wp\/v2\/media?parent=2775"}],"curies":[{"name":"wp","href":"https:\/\/api.w.org\/{rel}","templated":true}]}}