{"id":26,"date":"2014-09-18T12:24:32","date_gmt":"2014-09-18T11:24:32","guid":{"rendered":"http:\/\/agora.xtec.cat\/ceip-santllorenc-munt\/?page_id=26"},"modified":"2019-10-07T16:31:22","modified_gmt":"2019-10-07T14:31:22","slug":"historia","status":"publish","type":"page","link":"https:\/\/agora.xtec.cat\/ceip-santllorenc-munt\/lescola\/historia\/","title":{"rendered":"Hist\u00f2ria"},"content":{"rendered":"<h4><span style=\"color: #000000;\">AMB MOTIU DEL 50\u00e8 ANIVERSARI&#8230;<\/span><\/h4>\n<h5><\/h5>\n<p>1) US PRESENTEM UN POWER POINT DE LA NOSTRA HIST\u00d2RIA FET PER LA NOSTRA EX-MESTRA TERESA RODR\u00cdGUEZ. VA SER TOT UN DETALL PODER COMPTAR AMB T\u00da.<\/p>\n<h4><a href=\"http:\/\/agora.xtec.cat\/ceip-santllorenc-munt\/wp-content\/uploads\/usu1223\/2018\/09\/Sant-Lloren\u00e7.pdf\" target=\"_blank\" rel=\"noopener noreferrer\"><img loading=\"lazy\" decoding=\"async\" class=\"alignnone size-large wp-image-976\" src=\"http:\/\/agora.xtec.cat\/ceip-santllorenc-munt\/wp-content\/uploads\/usu1223\/2018\/09\/HISTORIA-1024x361.png\" alt=\"\" width=\"1024\" height=\"361\" srcset=\"https:\/\/agora.xtec.cat\/ceip-santllorenc-munt\/wp-content\/uploads\/usu1223\/2018\/09\/HISTORIA-1024x361.png 1024w, https:\/\/agora.xtec.cat\/ceip-santllorenc-munt\/wp-content\/uploads\/usu1223\/2018\/09\/HISTORIA-300x106.png 300w, https:\/\/agora.xtec.cat\/ceip-santllorenc-munt\/wp-content\/uploads\/usu1223\/2018\/09\/HISTORIA-768x271.png 768w, https:\/\/agora.xtec.cat\/ceip-santllorenc-munt\/wp-content\/uploads\/usu1223\/2018\/09\/HISTORIA.png 1349w\" sizes=\"auto, (max-width: 1024px) 100vw, 1024px\" \/><\/a><\/h4>\n<p><span style=\"color: #000000;\">2) I A M\u00c9S A M\u00c9S, US DEIXEM L&#8217;ENLLA\u00c7 PER A PODER ACCEDIR A LA NOSTRA HIST\u00d2RIA AL LLARG DEL TEMPS.<\/span><\/p>\n<p>Volem compartir amb vosaltres el llibre del 50\u00e8 aniversari de l\u2019Escola Sant Lloren\u00e7 del Munt creat a partir dels vostres records.<\/p>\n<h5><a href=\"https:\/\/prezi.com\/view\/s53u5CnagcKCaUA1CwJZ\/\" target=\"_blank\" rel=\"noopener noreferrer\"><img decoding=\"async\" class=\"aligncenter\" src=\"http:\/\/agora.xtec.cat\/ceip-santllorenc-munt\/wp-content\/uploads\/usu1223\/2018\/05\/LLIBRE-DIGITAL-FOTO-300x160.jpg\" \/><\/a><\/h5>\n<p>Podeu accedir-hi mitjan\u00e7ant l\u2019enlla\u00e7 seg\u00fcent:\u00a0<a href=\"https:\/\/prezi.com\/view\/s53u5CnagcKCaUA1CwJZ\/\" target=\"_blank\" rel=\"noopener noreferrer\">LLIBRE DIGITAL PREZZI<\/a><\/p>\n<p>Aquest us portar\u00e0 a una presentaci\u00f3 prezi. Si l\u2019obriu amb el m\u00f2bil, us podeu descarregar l\u2019APP del Prezi per visualitzar-ho amb m\u00e9s interacci\u00f3.<\/p>\n<p>L\u2019APP Prezi la podeu descarregar a trav\u00e9s del Play Store posant Prezi al buscador.<\/p>\n<p>&nbsp;<\/p>\n","protected":false},"excerpt":{"rendered":"<p>AMB MOTIU DEL 50\u00e8 ANIVERSARI&#8230; 1) US PRESENTEM UN POWER POINT DE LA NOSTRA HIST\u00d2RIA FET PER LA NOSTRA EX-MESTRA TERESA RODR\u00cdGUEZ. VA SER TOT UN DETALL PODER COMPTAR AMB T\u00da. 2) I A M\u00c9S A M\u00c9S, US DEIXEM L&#8217;ENLLA\u00c7 PER A PODER ACCEDIR A LA NOSTRA HIST\u00d2RIA AL LLARG DEL TEMPS. Volem compartir amb [&hellip;]<\/p>\n","protected":false},"author":1,"featured_media":0,"parent":22,"menu_order":2,"comment_status":"closed","ping_status":"closed","template":"","meta":{"_bbp_topic_count":0,"_bbp_reply_count":0,"_bbp_total_topic_count":0,"_bbp_total_reply_count":0,"_bbp_voice_count":0,"_bbp_anonymous_reply_count":0,"_bbp_topic_count_hidden":0,"_bbp_reply_count_hidden":0,"_bbp_forum_subforum_count":0,"site-sidebar-layout":"default","site-content-layout":"","ast-site-content-layout":"","site-content-style":"default","site-sidebar-style":"default","ast-global-header-display":"","ast-banner-title-visibility":"","ast-main-header-display":"","ast-hfb-above-header-display":"","ast-hfb-below-header-display":"","ast-hfb-mobile-header-display":"","site-post-title":"","ast-breadcrumbs-content":"","ast-featured-img":"","footer-sml-layout":"","theme-transparent-header-meta":"","adv-header-id-meta":"","stick-header-meta":"","header-above-stick-meta":"","header-main-stick-meta":"","header-below-stick-meta":"","astra-migrate-meta-layouts":"default","ast-page-background-enabled":"default","ast-page-background-meta":{"desktop":{"background-color":"var(--ast-global-color-4)","background-image":"","background-repeat":"repeat","background-position":"center center","background-size":"auto","background-attachment":"scroll","background-type":"","background-media":"","overlay-type":"","overlay-color":"","overlay-opacity":"","overlay-gradient":""},"tablet":{"background-color":"","background-image":"","background-repeat":"repeat","background-position":"center center","background-size":"auto","background-attachment":"scroll","background-type":"","background-media":"","overlay-type":"","overlay-color":"","overlay-opacity":"","overlay-gradient":""},"mobile":{"background-color":"","background-image":"","background-repeat":"repeat","background-position":"center center","background-size":"auto","background-attachment":"scroll","background-type":"","background-media":"","overlay-type":"","overlay-color":"","overlay-opacity":"","overlay-gradient":""}},"ast-content-background-meta":{"desktop":{"background-color":"var(--ast-global-color-5)","background-image":"","background-repeat":"repeat","background-position":"center center","background-size":"auto","background-attachment":"scroll","background-type":"","background-media":"","overlay-type":"","overlay-color":"","overlay-opacity":"","overlay-gradient":""},"tablet":{"background-color":"var(--ast-global-color-5)","background-image":"","background-repeat":"repeat","background-position":"center center","background-size":"auto","background-attachment":"scroll","background-type":"","background-media":"","overlay-type":"","overlay-color":"","overlay-opacity":"","overlay-gradient":""},"mobile":{"background-color":"var(--ast-global-color-5)","background-image":"","background-repeat":"repeat","background-position":"center center","background-size":"auto","background-attachment":"scroll","background-type":"","background-media":"","overlay-type":"","overlay-color":"","overlay-opacity":"","overlay-gradient":""}},"footnotes":""},"class_list":["post-26","page","type-page","status-publish","hentry"],"post_mailing_queue_ids":[],"_links":{"self":[{"href":"https:\/\/agora.xtec.cat\/ceip-santllorenc-munt\/wp-json\/wp\/v2\/pages\/26","targetHints":{"allow":["GET"]}}],"collection":[{"href":"https:\/\/agora.xtec.cat\/ceip-santllorenc-munt\/wp-json\/wp\/v2\/pages"}],"about":[{"href":"https:\/\/agora.xtec.cat\/ceip-santllorenc-munt\/wp-json\/wp\/v2\/types\/page"}],"author":[{"embeddable":true,"href":"https:\/\/agora.xtec.cat\/ceip-santllorenc-munt\/wp-json\/wp\/v2\/users\/1"}],"replies":[{"embeddable":true,"href":"https:\/\/agora.xtec.cat\/ceip-santllorenc-munt\/wp-json\/wp\/v2\/comments?post=26"}],"version-history":[{"count":4,"href":"https:\/\/agora.xtec.cat\/ceip-santllorenc-munt\/wp-json\/wp\/v2\/pages\/26\/revisions"}],"predecessor-version":[{"id":1553,"href":"https:\/\/agora.xtec.cat\/ceip-santllorenc-munt\/wp-json\/wp\/v2\/pages\/26\/revisions\/1553"}],"up":[{"embeddable":true,"href":"https:\/\/agora.xtec.cat\/ceip-santllorenc-munt\/wp-json\/wp\/v2\/pages\/22"}],"wp:attachment":[{"href":"https:\/\/agora.xtec.cat\/ceip-santllorenc-munt\/wp-json\/wp\/v2\/media?parent=26"}],"curies":[{"name":"wp","href":"https:\/\/api.w.org\/{rel}","templated":true}]}}