{"id":485,"date":"2017-07-31T19:06:41","date_gmt":"2017-07-31T17:06:41","guid":{"rendered":"http:\/\/agora.xtec.cat\/ceip-santjordi-svhorts\/?page_id=485"},"modified":"2026-02-10T13:35:47","modified_gmt":"2026-02-10T12:35:47","slug":"projectes","status":"publish","type":"page","link":"https:\/\/agora.xtec.cat\/ceip-santjordi-svhorts\/projecte-educatiu\/projectes\/","title":{"rendered":"Projectes"},"content":{"rendered":"<p>Els objectius del nostre Projecte Educatiu s\u00f3n els seg\u00fcents:<\/p>\n<ul style=\"list-style-type: disc;\">\n<li>Assolir la millora dels resultats acad\u00e8mics i personals de tot l&#8217;alumnat d&#8217;acord amb els principis d&#8217;excel\u00b7l\u00e8ncia i equitat<\/li>\n<li>Promoure la participaci\u00f3 i implicaci\u00f3 de la comunitat educativa (fam\u00edlies, mestres, personal no docent) internament i externament.<\/li>\n<li>Aconseguir un model pedag\u00f2gic que s&#8217;identifiqui com a model de qualitat basat en:<\/li>\n<\/ul>\n<p>La manipulaci\u00f3 i experimentaci\u00f3<\/p>\n<p>L&#8217;aprenentatge cooperatiu<\/p>\n<p>L&#8217;aprenentatge competencial<\/p>\n<p>La inclusi\u00f3<\/p>\n<ul style=\"list-style-type: disc;\">\n<li>Garantir el desenvolupament de les habilitats cognitives dels alumnes ajudant-los a millorar la seva capacitat reflexiva per tal de cr\u00e9ixer a nivell afectiu i progressar en els aprenentatges.<\/li>\n<\/ul>\n<p>&nbsp;<\/p>\n<div style=\"text-align: center;\">\n<div style=\"margin: 8px 0px 4px;\"><a href=\"https:\/\/www.calameo.com\/books\/0007703668a662a138554\" target=\"_blank\" rel=\"noopener\">Projecte Educatiu Escola Sant Jordi<\/a><\/div>\n<p><iframe loading=\"lazy\" style=\"margin: 0 auto;\" src=\"\/\/v.calameo.com\/?bkcode=0007703668a662a138554&amp;mode=mini\" width=\"480\" height=\"300\" frameborder=\"0\" scrolling=\"no\" allowfullscreen=\"allowfullscreen\"><\/iframe><\/p>\n<div style=\"margin: 4px 0px 8px;\"><\/div>\n<p>&nbsp;<\/p>\n<p>&nbsp;<\/p>\n<p style=\"text-align: left;\"><span lang=\"ES-TRAD\">Per assolir els \u00a0objectius del projecte educatiu l&#8217;escola duu a terme els seg\u00fcents\u00a0<span style=\"font-weight: bold; color: #993399;\">PROJECTES<\/span>:<\/span><\/p>\n<div style=\"color: #000000;\">\n<table style=\"height: 1386px;\" border=\"1\" width=\"472\" cellspacing=\"2\" cellpadding=\"2\">\n<tbody>\n<tr>\n<td><span style=\"font-weight: bold; color: #993399;\">BIBLIOTECA<\/span><\/p>\n<p><span style=\"font-weight: bold; color: #993399;\">ERASMUS+ BIBLIOTECA ESCOLAR<\/span><\/td>\n<td>\n<p style=\"text-align: justify;\">Setmanalment tot l&#8217;alumnat passa per la Biblioteca on es fan diferents activitats dirigides a incentivar el gust per la lectura, a formar als alumnes com a usuaris d&#8217;aquest servei i a donar recursos i estrat\u00e8gies per \u00a0a la cerca d&#8217;informaci\u00f3. Tamb\u00e9 es fa pr\u00e9stec de llibres a trav\u00e9s del programa \u00e9pergam. Biblioteca oberta en horari extraescolar dimarts, dimecres i dijous.<\/p>\n<p><a href=\"http:\/\/www.slideshare.net\/mcapde35\/biblioteca-escolar-ligero1\"><strong><span style=\"color: #800080;\">CONEIX LA NOSTRA BIBLIOTECA<\/span><\/strong><\/a><\/td>\n<\/tr>\n<tr>\n<td><span style=\"font-weight: bold; color: #993399;\">ESCOLTA&#8217;M<\/span><\/td>\n<td style=\"text-align: justify;\">La base d&#8217;aquest projecte se centra en desenvolupar actituds positives en els nens\/es a trav\u00e9s d&#8217;una vinculaci\u00f3 afectiva amb el tutor i que els permetin desenvolupar-se de manera \u00f2ptima tant a nivell afectiu com a nivell d&#8217;aprenentatges. Treball d&#8217;emocions.<\/td>\n<\/tr>\n<tr>\n<td><span style=\"font-weight: bold; color: #993399;\">APRENENTATGE<\/span><span style=\"font-weight: bold; color: #993399;\">I SERVEI<\/span><\/td>\n<td style=\"text-align: justify;\">L&#8217;alumnat de 6\u00e8 s\u00f3n padrins de lectura dels nens i nenes de I5; 5\u00e8 padrins de lectura de 1r; els alumnes de 2n fan lectura amb \u00a0els avis; els infants de\u00a0 I4 cuiden l&#8217;hort amb l&#8217;alumnat\u00a0 de l&#8217;escola Iris; els nens i nenes de 4t fan APS amb l&#8217;entitat Bayt Al thaqafa.<\/td>\n<\/tr>\n<tr>\n<td><span style=\"font-weight: bold; color: #993399;\">LLENGUA ESTRANGERA<\/span><\/td>\n<td style=\"text-align: justify;\">S&#8217;inicia l&#8217;aprenentatge de l&#8217;angl\u00e8s des d&#8217;I3. Al Cicle Inicial es vehicula una part de l&#8217;\u00e0rea d&#8217;Educaci\u00f3 F\u00edsica. Al cicle Mitj\u00e0 i Superior es realitza una sessi\u00f3 setmanal amb grups redu\u00efts per treballar l&#8217;expressi\u00f3 oral. L&#8217;Educaci\u00f3 Visual i Pl\u00e0stica es vehicula en angl\u00e8s des d&#8217;I3.<\/td>\n<\/tr>\n<tr>\n<td><span style=\"font-weight: bold; color: #993399;\">FILOSOFIA 3\/18<\/span><\/td>\n<td style=\"text-align: justify;\">Es tracta d&#8217;un projecte que s&#8217;aplica des dels 3 anys fins als 18 i que pret\u00e9n desenvolupar les habilitats cognitives dels alumnes, tot ajudant-los a comprendre les mat\u00e8ries d&#8217;estudi i a millorar la seva capacitat reflexiva.<\/td>\n<\/tr>\n<tr>\n<td><span style=\"font-weight: bold; color: #993399;\">IMPULS A LA<br \/>\nLECTURA I XARXA DE COMPET\u00c8NCIA LECTORA<\/span><\/td>\n<td style=\"text-align: justify;\">Potenciar la lectura sistem\u00e0tica per assolir la compet\u00e8ncia comunicativa ling\u00fc\u00edstica incorporant estrat\u00e8gies lectores com a eix vertebrador dels aprenentatges.<\/td>\n<\/tr>\n<tr>\n<td style=\"text-align: justify;\"><span style=\"color: #993399;\"><b>APRENENTATGE COOPERATIU<\/b><\/span><\/td>\n<td>\n<p style=\"text-align: justify;\">El treball cooperatiu t\u00e9 la seva base en aquella situaci\u00f3 d\u2019aprenentatge en la qu\u00e8 els objectius dels participants estan estretament vinculats, de tal manera que cadascun d\u2019ells \u201cnom\u00e9s pot assolir els seus objectius si\u00a0 els dem\u00e9s poden assolir els seus\u201d<em>.<\/em>\u00a0Es considera treball cooperatiu quan es donen els seg\u00fcents elements:<\/p>\n<ul style=\"text-align: justify;\">\n<li>Interacci\u00f3 cara a cara<\/li>\n<li>Interdepend\u00e8ncia positiva<\/li>\n<li>Desenvolupament de habilitats personals<\/li>\n<li>Exig\u00e8ncia individual<\/li>\n<li>Reflexi\u00f3 sobre el funcionament del grup<\/li>\n<\/ul>\n<p style=\"text-align: justify;\">Es comen\u00e7a a treballar amb aquesta metodologia des de P3 fins a 6\u00e8, per aquest motiu les taules dels alumnes a les aules estan distribu\u00efdes per seure en grup.<\/p>\n<\/td>\n<\/tr>\n<tr>\n<td><span style=\"color: #993399;\"><b>PLA TAC<\/b><\/span><\/td>\n<td style=\"text-align: justify;\">\u00das de les tecnologies dins l&#8217;aula: PDI, ordinadors,port\u00e0tils, IPADS, rob\u00f2tica&#8230;<\/td>\n<\/tr>\n<tr>\n<td><span style=\"color: #993399;\"><b>PROJECTES<\/b><\/span><\/td>\n<td style=\"text-align: justify;\">Treball per projectes per desenvolupar la part manipulativa, experiencial i cr\u00edtica dels aprenentatges.<\/td>\n<\/tr>\n<tr>\n<td><span style=\"color: #993399;\"><b>GRUPS INTERACTIUS<\/b><\/span><\/td>\n<td style=\"text-align: justify;\">De matem\u00e0tiques i llengua catalana. Aquesta metodologia ajuda a desenvolupar les compet\u00e8ncies dels diferents \u00e0mbits que treballa i fomenta la participaci\u00f3 de les fam\u00edlies a l&#8217;escola.<\/td>\n<\/tr>\n<tr>\n<td><span style=\"color: #993399;\"><b>PROGRAMA FLORENCE<\/b><\/span><\/td>\n<td style=\"text-align: justify;\">Programa per millorar l&#8217;assoliment de la compet\u00e8ncia matem\u00e0tica a trav\u00e9s d&#8217;un aprenentatge significatiu en entorns de resoluci\u00f3 de problemes que activin diferents processos matem\u00e0tics.<\/td>\n<\/tr>\n<tr>\n<td><span style=\"color: #993399;\"><b>PROGRAMA SENSEI<\/b><\/span><span style=\"color: #993399;\"><b><br \/>\n<\/b><\/span><\/td>\n<td style=\"text-align: justify;\">\n<div>\n<div class=\"entradeta__wrapper\">\n<div class=\"row\">\n<div class=\"basic_text_peq col-xs-12\">\n<div class=\"pd-15x link-dotted\" data-crawling=\"principal-body\">\n<p>El Programa temporal de resid\u00e8ncia inicial docent\u00a0 \u2014<strong>Sensei<\/strong>\u2014 ofereix acompanyament i suport al professorat novell a l&#8217;inici de la professi\u00f3 docent.<\/p>\n<p>A part de comptar amb l&#8217;acompanyament d&#8217;una mentoria, i\u00a0 un programa formatiu amb seminaris, experi\u00e8ncies pr\u00e0ctiques, reflexi\u00f3, codoc\u00e8ncia i <em>feedback<\/em> constant, aporta m\u00e9s recursos humans al centre per tal d&#8217;atendre a la diversitat aix\u00ed com ens ajuda a formar-nos per aconseguir un centre com a entorn d&#8217;aprenentatge professionalitzador.<\/p>\n<div>El projecte Sensei est\u00e0 cofinan\u00e7at pel Fons Social Europeu Plus (FSE+).<\/div>\n<\/div>\n<\/div>\n<\/div>\n<\/div>\n<\/div>\n<div class=\"fpca_article padding-xs padding-sm padding-md\" data-id=\"04c18117-232f-11ef-ae8b-005056ba51b2\">\n<div class=\"padding-xs padding-sm padding-md\"><\/div>\n<\/div>\n<\/td>\n<\/tr>\n<\/tbody>\n<\/table>\n<\/div>\n<p>&nbsp;<\/p>\n<\/div>\n","protected":false},"excerpt":{"rendered":"<p>Els objectius del nostre Projecte Educatiu s\u00f3n els seg\u00fcents:<\/p>\n<ul style=\"list-style-type: disc;\">\n<li>Assolir la millora dels resultats acad\u00e8mics i personals de tot l&#8217;alumnat d&#8217;acord amb els principis d&#8217;excel\u00b7l\u00e8ncia i equitat<\/li>\n<li>Promoure la participaci\u00f3 i implicaci\u00f3 de la comunitat educativa (fam\u00edlies, mestres, personal no docent) internament i externament.<\/li>\n<li>Aconseguir un&hellip;  <a href=\"https:\/\/agora.xtec.cat\/ceip-santjordi-svhorts\/projecte-educatiu\/projectes\/\" title=\"Read Projectes\">Llegeix m\u00e9s\u00bb<\/a><br \/>\n","protected":false},"author":1,"featured_media":0,"parent":64,"menu_order":2,"comment_status":"closed","ping_status":"closed","template":"page-templates\/side-menu.php","meta":{"_bbp_topic_count":0,"_bbp_reply_count":0,"_bbp_total_topic_count":0,"_bbp_total_reply_count":0,"_bbp_voice_count":0,"_bbp_anonymous_reply_count":0,"_bbp_topic_count_hidden":0,"_bbp_reply_count_hidden":0,"_bbp_forum_subforum_count":0,"footnotes":""},"class_list":["post-485","page","type-page","status-publish","hentry"],"post_mailing_queue_ids":[],"_links":{"self":[{"href":"https:\/\/agora.xtec.cat\/ceip-santjordi-svhorts\/wp-json\/wp\/v2\/pages\/485","targetHints":{"allow":["GET"]}}],"collection":[{"href":"https:\/\/agora.xtec.cat\/ceip-santjordi-svhorts\/wp-json\/wp\/v2\/pages"}],"about":[{"href":"https:\/\/agora.xtec.cat\/ceip-santjordi-svhorts\/wp-json\/wp\/v2\/types\/page"}],"author":[{"embeddable":true,"href":"https:\/\/agora.xtec.cat\/ceip-santjordi-svhorts\/wp-json\/wp\/v2\/users\/1"}],"replies":[{"embeddable":true,"href":"https:\/\/agora.xtec.cat\/ceip-santjordi-svhorts\/wp-json\/wp\/v2\/comments?post=485"}],"version-history":[{"count":6,"href":"https:\/\/agora.xtec.cat\/ceip-santjordi-svhorts\/wp-json\/wp\/v2\/pages\/485\/revisions"}],"predecessor-version":[{"id":3140,"href":"https:\/\/agora.xtec.cat\/ceip-santjordi-svhorts\/wp-json\/wp\/v2\/pages\/485\/revisions\/3140"}],"up":[{"embeddable":true,"href":"https:\/\/agora.xtec.cat\/ceip-santjordi-svhorts\/wp-json\/wp\/v2\/pages\/64"}],"wp:attachment":[{"href":"https:\/\/agora.xtec.cat\/ceip-santjordi-svhorts\/wp-json\/wp\/v2\/media?parent=485"}],"curies":[{"name":"wp","href":"https:\/\/api.w.org\/{rel}","templated":true}]}}