{"id":479,"date":"2017-07-31T19:03:12","date_gmt":"2017-07-31T17:03:12","guid":{"rendered":"http:\/\/agora.xtec.cat\/ceip-santjordi-svhorts\/?page_id=479"},"modified":"2025-09-06T16:00:32","modified_gmt":"2025-09-06T14:00:32","slug":"equip-huma","status":"publish","type":"page","link":"https:\/\/agora.xtec.cat\/ceip-santjordi-svhorts\/lescola\/equip-huma\/","title":{"rendered":"Equip hum\u00e0"},"content":{"rendered":"<p><strong>EQUIP DIRECTIU<\/strong><\/p>\n<p><strong>DIRECTORA:\u00a0<\/strong>Mari L\u00f3pez<\/p>\n<p><strong>CAP D&#8217;ESTUDIS:\u00a0<\/strong>Merche Bellido<\/p>\n<p><strong>SECRETARIA:\u00a0<\/strong>Maria Capdevila<\/p>\n<p><span style=\"font-weight: bold;\">Horari atenci\u00f3:\u00a0<\/span>Demanar cita pr\u00e8via.<\/p>\n<p><strong>EDUCACI\u00d3 INFANTIL<\/strong><br \/>\n<strong>I3:<\/strong> Vicky D\u00edaz<br \/>\n<strong>I4:<\/strong> Raquel Santana<br \/>\n<strong>I5: <\/strong>Raquel Espiau<\/p>\n<p><strong>REFOR\u00c7<\/strong><\/p>\n<p>Judit Atalao (TEEI), M\u00edriam Ru\u00edz, Neus Pa\u00f1ella, Albert Sanz<\/p>\n<p><strong>EDUCACI\u00d3 PRIM\u00c0RIA<\/strong><br \/>\n<strong>1r :<\/strong> Joana Bech<br \/>\n<strong>2n:\u00a0 <\/strong>Noem\u00ed Medina<br \/>\n<strong>3r:\u00a0<\/strong> Pilar Molina\/Txell Pitarque (substituta)<br \/>\n<strong>4t :<\/strong> Rebeca Gim\u00e9nez<br \/>\n<strong>5\u00e8 :<\/strong> Anna Kurubally<br \/>\n<strong>6\u00e8 :<\/strong> Andreia Rodr\u00edguez<\/p>\n<p><strong>MESTRES ESPECIALISTES<\/strong><\/p>\n<p><strong>Educaci\u00f3 Musical: <\/strong>Carmen Melero<br \/>\n<strong>Angl\u00e8s:<\/strong> Rosa Mart\u00ednez , Rebeca Gim\u00e9nez, Mir\u00edam Ru\u00edz.<br \/>\n<strong>Atenci\u00f3 a la diversitat: <\/strong>Magda Molina, Aurea Edo,\u00a0 Mari L\u00f3pez, Alex Mateos (Educador).<br \/>\n<strong>Educaci\u00f3 F\u00edsica:<\/strong> Alberto Sanz, Alba Moreno.<br \/>\n<strong>Educaci\u00f3 Religiosa:<\/strong> Jes\u00fas Prieto<\/p>\n<p><strong>Biblioteca<\/strong>: Maria Capdevila<\/p>\n<p><strong>Vetlladora:<\/strong> Elia Garc\u00eda<\/p>\n<p><span style=\"font-weight: bold;\">Horari atenci\u00f3<\/span>\u00a0<strong>mestres<\/strong>: Dilluns de 12:30 a 13:30h<\/p>\n<p><strong>EAP:<\/strong> M. \u00c0ngels Mej\u00edas<\/p>\n<p><strong>PERSONAL NO DOCENT<\/strong><\/p>\n<p><strong>ADMINISTRATIVA:<\/strong> Montserrat Sala<\/p>\n<p><strong>Horari atenci\u00f3<\/strong>: Cita pr\u00e8via.<\/p>\n<p><strong>CONSERGE: <\/strong>Patricia\u00a0 Comas<\/p>\n","protected":false},"excerpt":{"rendered":"<p>EQUIP DIRECTIU<br \/>\nDIRECTORA:\u00a0Mari L\u00f3pez<br \/>\nCAP D&#8217;ESTUDIS:\u00a0Merche Bellido<br \/>\nSECRETARIA:\u00a0Maria Capdevila<br \/>\nHorari atenci\u00f3:\u00a0Demanar cita pr\u00e8via.<br \/>\nEDUCACI\u00d3 INFANTIL<br \/>\nI3: Vicky D\u00edaz<br \/>\nI4: Raquel Santana<br \/>\nI5: Raquel Espiau<br \/>\nREFOR\u00c7<br \/>\nJudit Atalao (TEEI), M\u00edriam Ru\u00edz, Neus Pa\u00f1ella, Albert Sanz<br \/>\nEDUCACI\u00d3 PRIM\u00c0RIA<br \/>\n1r : Joana Bech<br \/>\n2n:\u00a0 Noem\u00ed Medina<br \/>\n3r:\u00a0 Pilar Molina\/Txell Pitarque (substituta)<br \/>\n4t : Rebeca Gim\u00e9nez<br \/>\n5\u00e8 : Anna Kurubally<br \/>\n6\u00e8 : Andreia Rodr\u00edguez<br \/>\nMESTRES ESPECIALISTES<br \/>\nEducaci\u00f3 Musical:&hellip;  <a href=\"https:\/\/agora.xtec.cat\/ceip-santjordi-svhorts\/lescola\/equip-huma\/\" title=\"Read Equip hum\u00e0\">Llegeix m\u00e9s\u00bb<\/a><\/p>\n","protected":false},"author":1,"featured_media":0,"parent":22,"menu_order":3,"comment_status":"closed","ping_status":"closed","template":"page-templates\/side-menu.php","meta":{"_bbp_topic_count":0,"_bbp_reply_count":0,"_bbp_total_topic_count":0,"_bbp_total_reply_count":0,"_bbp_voice_count":0,"_bbp_anonymous_reply_count":0,"_bbp_topic_count_hidden":0,"_bbp_reply_count_hidden":0,"_bbp_forum_subforum_count":0,"footnotes":""},"class_list":["post-479","page","type-page","status-publish","hentry"],"post_mailing_queue_ids":[],"_links":{"self":[{"href":"https:\/\/agora.xtec.cat\/ceip-santjordi-svhorts\/wp-json\/wp\/v2\/pages\/479","targetHints":{"allow":["GET"]}}],"collection":[{"href":"https:\/\/agora.xtec.cat\/ceip-santjordi-svhorts\/wp-json\/wp\/v2\/pages"}],"about":[{"href":"https:\/\/agora.xtec.cat\/ceip-santjordi-svhorts\/wp-json\/wp\/v2\/types\/page"}],"author":[{"embeddable":true,"href":"https:\/\/agora.xtec.cat\/ceip-santjordi-svhorts\/wp-json\/wp\/v2\/users\/1"}],"replies":[{"embeddable":true,"href":"https:\/\/agora.xtec.cat\/ceip-santjordi-svhorts\/wp-json\/wp\/v2\/comments?post=479"}],"version-history":[{"count":5,"href":"https:\/\/agora.xtec.cat\/ceip-santjordi-svhorts\/wp-json\/wp\/v2\/pages\/479\/revisions"}],"predecessor-version":[{"id":3039,"href":"https:\/\/agora.xtec.cat\/ceip-santjordi-svhorts\/wp-json\/wp\/v2\/pages\/479\/revisions\/3039"}],"up":[{"embeddable":true,"href":"https:\/\/agora.xtec.cat\/ceip-santjordi-svhorts\/wp-json\/wp\/v2\/pages\/22"}],"wp:attachment":[{"href":"https:\/\/agora.xtec.cat\/ceip-santjordi-svhorts\/wp-json\/wp\/v2\/media?parent=479"}],"curies":[{"name":"wp","href":"https:\/\/api.w.org\/{rel}","templated":true}]}}