{"id":463,"date":"2017-07-31T18:35:31","date_gmt":"2017-07-31T16:35:31","guid":{"rendered":"http:\/\/agora.xtec.cat\/ceip-santjordi-svhorts\/?page_id=463"},"modified":"2026-04-15T18:11:13","modified_gmt":"2026-04-15T16:11:13","slug":"informacions","status":"publish","type":"page","link":"https:\/\/agora.xtec.cat\/ceip-santjordi-svhorts\/","title":{"rendered":"PREINSCRIPCI\u00d3 I MATRICULA"},"content":{"rendered":"<p><!-- Imagen 1 --><\/p>\n<p><!-- Imagen 2 con float para texto al lado --><\/p>\n<p><!-- Texto debajo de la imagen (desde PROJECTE EDUCATIU DE CENTRE) --><\/p>\n<div>\n<p>&nbsp;<\/p>\n<p><img loading=\"lazy\" decoding=\"async\" class=\"alignleft wp-image-3163\" src=\"https:\/\/agora.xtec.cat\/ceip-santjordi-svhorts\/wp-content\/uploads\/usu129\/2026\/03\/CARTELL-PREINSCRIPCIO-26-27-300x235.jpg\" alt=\"\" width=\"318\" height=\"249\" srcset=\"https:\/\/agora.xtec.cat\/ceip-santjordi-svhorts\/wp-content\/uploads\/usu129\/2026\/03\/CARTELL-PREINSCRIPCIO-26-27-300x235.jpg 300w, https:\/\/agora.xtec.cat\/ceip-santjordi-svhorts\/wp-content\/uploads\/usu129\/2026\/03\/CARTELL-PREINSCRIPCIO-26-27.jpg 572w\" sizes=\"auto, (max-width: 318px) 100vw, 318px\" \/><\/p>\n<table style=\"border-collapse: collapse; width: 38.6317%; height: 312px;\">\n<tbody>\n<tr style=\"height: 32px;\">\n<td style=\"width: 75.1125%; height: 32px;\"><strong><span style=\"color: #cc99ff;\">PUBLICACI\u00d3 DE L&#8217;OFERTA INICIAL<\/span>: <a href=\"https:\/\/drive.google.com\/file\/d\/1riQ4lNX8b7PWjunWIX3h2UX8B-TODFef\/view?usp=sharing\">Llistat<\/a><\/strong><\/td>\n<td style=\"width: 63.6855%; height: 32px;\"><strong><span style=\"color: #cc99ff;\">03\/03\/2026<\/span><\/strong><\/td>\n<\/tr>\n<tr style=\"height: 32px;\">\n<td style=\"width: 75.1125%; height: 32px;\"><span style=\"color: #cc99ff;\"><strong>\u00a0PRESENTACI\u00d3 DE SOL\u00b7LICITUDS\u00a0\u00a0<\/strong><\/span><\/td>\n<td style=\"width: 63.6855%; height: 32px;\"><span style=\"color: #cc99ff;\"><strong>4 al 18 de mar\u00e7<\/strong><\/span><\/td>\n<\/tr>\n<tr style=\"height: 32px;\">\n<td style=\"width: 75.1125%; height: 32px;\"><span style=\"color: #cc99ff;\"><strong>\u00a0PUBLICACI\u00d3 DE LA LLISTA DE SOL\u00b7LICITUDS AMB PUNTUACI\u00d3 PROVISIONAL: <a href=\"https:\/\/drive.google.com\/file\/d\/1fqTfSbgGg21w-b-A_Dz5Xf9TETXZyDLL\/view?usp=sharing\">Llistat<\/a><\/strong><\/span><\/td>\n<td style=\"width: 63.6855%; height: 32px;\"><span style=\"color: #cc99ff;\"><strong>15\/04\/2026<\/strong><\/span><\/td>\n<\/tr>\n<tr style=\"height: 32px;\">\n<td style=\"width: 75.1125%; height: 32px;\"><span style=\"color: #cc99ff;\"><strong>RECLAMACIONS\u00a0<\/strong><\/span><\/td>\n<td style=\"width: 63.6855%; height: 32px;\"><span style=\"color: #cc99ff;\"><strong>15 al 20 d&#8217;abril<\/strong><\/span><\/td>\n<\/tr>\n<tr style=\"height: 32px;\">\n<td style=\"width: 75.1125%; height: 32px;\"><strong><span style=\"color: #cc99ff;\">PUBLICACI\u00d3 DE LA LLISTA AMB LA PUNTUACI\u00d3 DEFINITIVA\u00a0<\/span><\/strong><\/td>\n<td style=\"width: 63.6855%; height: 32px;\"><strong><span style=\"color: #cc99ff;\">23\/04\/2026<\/span><\/strong><\/td>\n<\/tr>\n<tr style=\"height: 32px;\">\n<td style=\"width: 75.1125%; height: 32px;\"><strong><span style=\"color: #cc99ff;\">SORTEIG\u00a0<\/span><\/strong><\/td>\n<td style=\"width: 63.6855%; height: 32px;\"><strong><span style=\"color: #cc99ff;\">28\/04\/2026<\/span><\/strong><\/td>\n<\/tr>\n<tr style=\"height: 32px;\">\n<td style=\"width: 75.1125%; height: 32px;\"><strong><span style=\"color: #cc99ff;\">PUBLICACI\u00d3 LLISTA ORDENADA\u00a0<\/span><\/strong><\/td>\n<td style=\"width: 63.6855%; height: 32px;\"><strong><span style=\"color: #cc99ff;\">29\/04\/2026<\/span><\/strong><\/td>\n<\/tr>\n<tr style=\"height: 32px;\">\n<td style=\"width: 75.1125%; height: 32px;\"><strong><span style=\"color: #cc99ff;\">PUBLICACI\u00d3 DE L&#8217;OFERTA FINAL\u00a0<\/span><\/strong><\/td>\n<td style=\"width: 63.6855%; height: 32px;\"><strong><span style=\"color: #cc99ff;\">10\/06\/2026<\/span><\/strong><\/td>\n<\/tr>\n<tr style=\"height: 32px;\">\n<td style=\"width: 75.1125%; height: 32px;\"><strong><span style=\"color: #cc99ff;\">PUBLICACI\u00d3 LLISTA D&#8217;ADMESOS I LA LLISTA D&#8217;ESPERA\u00a0<\/span><\/strong><\/td>\n<td style=\"width: 63.6855%; height: 32px;\"><strong><span style=\"color: #cc99ff;\">10\/06\/20226<\/span><\/strong><\/td>\n<\/tr>\n<\/tbody>\n<\/table>\n<p><a style=\"font-family: inherit; font-size: 1em;\" href=\"https:\/\/drive.google.com\/file\/d\/1A8vQnEiQq5KXfXYmtI2ah7S5lD-ro0CU\/view?usp=sharing\">CALENDARI PREINSCRIPCI\u00d3 I MATRICULA<\/a><\/p>\n<\/div>\n<div>\n<p style=\"text-align: left;\"><a href=\"https:\/\/preinscripcio.gencat.cat\/ca\/inici\/index.html\">INFORMACI\u00d3 PREINSCRIPCI\u00d3 I MATR\u00cdCULA\u00a0<\/a><\/p>\n<p><a href=\"https:\/\/agora.xtec.cat\/ceip-santjordi-svhorts\/portes-obertes-virtuals\/\">INFORMACI\u00d3 PROJECTE EDUCATIU DE CENTRE<\/a><\/p>\n<\/div>\n<div><\/div>\n<div><\/div>\n","protected":false},"excerpt":{"rendered":"<p>&nbsp;<\/p>\n<p>PUBLICACI\u00d3 DE L&#8217;OFERTA INICIAL: <a href=\"https:\/\/drive.google.com\/file\/d\/1riQ4lNX8b7PWjunWIX3h2UX8B-TODFef\/view?usp=sharing\">Llistat<\/a><br \/>\n03\/03\/2026<\/p>\n<p>\u00a0PRESENTACI\u00d3 DE SOL\u00b7LICITUDS\u00a0\u00a0<br \/>\n4 al 18 de mar\u00e7<\/p>\n<p>\u00a0PUBLICACI\u00d3 DE LA LLISTA DE SOL\u00b7LICITUDS AMB PUNTUACI\u00d3 PROVISIONAL: <a href=\"https:\/\/drive.google.com\/file\/d\/1fqTfSbgGg21w-b-A_Dz5Xf9TETXZyDLL\/view?usp=sharing\">Llistat<\/a><br \/>\n15\/04\/2026<\/p>\n<p>RECLAMACIONS\u00a0<br \/>\n15 al 20 d&#8217;abril<\/p>\n<p>PUBLICACI\u00d3 DE LA LLISTA AMB LA PUNTUACI\u00d3 DEFINITIVA\u00a0<br \/>\n23\/04\/2026<\/p>\n<p>SORTEIG\u00a0<br \/>\n28\/04\/2026<\/p>\n<p>PUBLICACI\u00d3 LLISTA ORDENADA\u00a0<br \/>\n29\/04\/2026<\/p>\n<p>PUBLICACI\u00d3 DE L&#8217;OFERTA FINAL\u00a0<br \/>\n10\/06\/2026<\/p>\n<p>PUBLICACI\u00d3 LLISTA D&#8217;ADMESOS I LA LLISTA D&#8217;ESPERA\u00a0<br \/>\n10\/06\/20226<\/p>\n<p><a style=\"font-family: inherit;&hellip;  <a href=\"https:\/\/agora.xtec.cat\/ceip-santjordi-svhorts\/\" title=\"Read PREINSCRIPCI\u00d3 I MATRICULA\">Llegeix m\u00e9s\u00bb<\/a><\/p>\n","protected":false},"author":1,"featured_media":0,"parent":7,"menu_order":0,"comment_status":"closed","ping_status":"closed","template":"page-templates\/side-menu.php","meta":{"_bbp_topic_count":0,"_bbp_reply_count":0,"_bbp_total_topic_count":0,"_bbp_total_reply_count":0,"_bbp_voice_count":0,"_bbp_anonymous_reply_count":0,"_bbp_topic_count_hidden":0,"_bbp_reply_count_hidden":0,"_bbp_forum_subforum_count":0,"footnotes":""},"class_list":["post-463","page","type-page","status-publish","hentry"],"post_mailing_queue_ids":[],"_links":{"self":[{"href":"https:\/\/agora.xtec.cat\/ceip-santjordi-svhorts\/wp-json\/wp\/v2\/pages\/463","targetHints":{"allow":["GET"]}}],"collection":[{"href":"https:\/\/agora.xtec.cat\/ceip-santjordi-svhorts\/wp-json\/wp\/v2\/pages"}],"about":[{"href":"https:\/\/agora.xtec.cat\/ceip-santjordi-svhorts\/wp-json\/wp\/v2\/types\/page"}],"author":[{"embeddable":true,"href":"https:\/\/agora.xtec.cat\/ceip-santjordi-svhorts\/wp-json\/wp\/v2\/users\/1"}],"replies":[{"embeddable":true,"href":"https:\/\/agora.xtec.cat\/ceip-santjordi-svhorts\/wp-json\/wp\/v2\/comments?post=463"}],"version-history":[{"count":7,"href":"https:\/\/agora.xtec.cat\/ceip-santjordi-svhorts\/wp-json\/wp\/v2\/pages\/463\/revisions"}],"predecessor-version":[{"id":3195,"href":"https:\/\/agora.xtec.cat\/ceip-santjordi-svhorts\/wp-json\/wp\/v2\/pages\/463\/revisions\/3195"}],"up":[{"embeddable":true,"href":"https:\/\/agora.xtec.cat\/ceip-santjordi-svhorts\/wp-json\/wp\/v2\/pages\/7"}],"wp:attachment":[{"href":"https:\/\/agora.xtec.cat\/ceip-santjordi-svhorts\/wp-json\/wp\/v2\/media?parent=463"}],"curies":[{"name":"wp","href":"https:\/\/api.w.org\/{rel}","templated":true}]}}