{"id":26,"date":"2014-09-18T12:24:32","date_gmt":"2014-09-18T11:24:32","guid":{"rendered":"http:\/\/agora.xtec.cat\/ceip-santjordi-svhorts\/?page_id=26"},"modified":"2017-09-09T21:07:18","modified_gmt":"2017-09-09T19:07:18","slug":"historia","status":"publish","type":"page","link":"https:\/\/agora.xtec.cat\/ceip-santjordi-svhorts\/lescola\/historia\/","title":{"rendered":"Hist\u00f2ria"},"content":{"rendered":"<p><strong>1. ELS INICIS<\/strong><\/p>\n<p>Segons consta en documents de l&#8217;Arxiu Municipal a l&#8217;any 1870 hi havian 127 nens en una mateixa classe. \u00a0La Sra. Maria Pastora Balt\u00e0 Tristany comen\u00e7\u00e0 a impartir classes l&#8217;any 1877, i Joan Vivas Calvent, 1884; ella a l&#8217;escola de nenes i ell a l&#8217;escola de nens. L&#8217;escola de nenes estava situada al carrer Ribot. El dia 24 de maig de 1910 l&#8217;inspector provincial aconsellava que les escoles locals deixessin de ser unit\u00e0ries i passessin a la condici\u00f3 de graduades. Amb aquesta transformaci\u00f3 de les escoles unit\u00e0ries en graduades, la tasca dels mestres seria m\u00e9s productiva i racional en disposar d&#8217;un nombre menys elevat d&#8217;alumnes i de l&#8217;ajuda dels auxiliars que es requer\u00eds. El 31 de juliol de 1933, el President de la Generalitat de Catalunya, va visitar Sant Vicen\u00e7 dels Horts per iniciar un projecte de construcci\u00f3 d&#8217;una escola. L&#8217;escola mai va ser acabada a causa de la Guerra Civil.<\/p>\n<p><strong>2. LA CONSTRUCCI\u00d3 DE L&#8217;EDIFICI<\/strong><\/p>\n<p>L&#8217;Ajuntament de Sant Vicen\u00e7 dels Horts va convocar una subasta el 18 de novembre del 1961, per tal de poder construir la nostra escola. La quantitat que no es podia superar era de 1.499.803,78 de les antigues pessetes, o sigui, aproximadament, uns 9.000\u20ac El poble va fer una t\u00f2mbola on es rifaven oques per tal de recollir diners i aix\u00ed poder ajudar econ\u00f2micament a la construcci\u00f3 del col.legi.<\/p>\n<p><strong>3. INAUGURACI\u00d3 I LES AMPLIACIONS<\/strong><\/p>\n<p>L&#8217;edifici es va inaugurar al setembre de 1963. Les autoritats locals van convidar a la inauguraci\u00f3 del &#8220;Colegio Nacional San Jorge&#8221; a una s\u00e8rie de personalitats, algunes de les quals \u00a0no van poder assistir-hi. En aquell any els nens i les nenes anaven en classes separades, i \u00a0els p\u00e0rvuls estaven en un altre edifici. Anys m\u00e9s tard fou necess\u00e0ria una ampliaci\u00f3 i reforma que es va enllest\u00ed l&#8217;any 1970 i l&#8217;any 1975 es va inaugurar el parvulari.\u00a0<a href=\"http:\/\/blocs.xtec.cat\/escolasantjordisantvicenhorts\/files\/2014\/09\/Foto_Benedicci\u00f3.png\"><img loading=\"lazy\" decoding=\"async\" class=\"alignleft wp-image-646 size-thumbnail\" src=\"http:\/\/blocs.xtec.cat\/escolasantjordisantvicenhorts\/files\/2014\/09\/Foto_Benedicci\u00f3-150x124.png\" alt=\"Foto_Benedicci\u00f3\" width=\"150\" height=\"124\" \/><\/a>\u00a0\u00a0<img loading=\"lazy\" decoding=\"async\" class=\"alignleft wp-image-647 size-thumbnail\" src=\"http:\/\/blocs.xtec.cat\/escolasantjordisantvicenhorts\/files\/2014\/09\/Foto_pati-150x125.png\" alt=\"Foto_pati\" width=\"150\" height=\"125\" \/>\u00a0<a href=\"http:\/\/blocs.xtec.cat\/escolasantjordisantvicenhorts\/files\/2014\/09\/Foto_aula.png\"><img loading=\"lazy\" decoding=\"async\" class=\"alignleft wp-image-648 size-thumbnail\" src=\"http:\/\/blocs.xtec.cat\/escolasantjordisantvicenhorts\/files\/2014\/09\/Foto_aula-150x116.png\" alt=\"Foto_aula\" width=\"150\" height=\"116\" \/><\/a><\/p>\n<p><strong>4. I LA HIST\u00d2RIA CONTINUA&#8230;<\/strong><\/p>\n<p>L&#8217;Escola era molt gran. Va haver-hi uns anys que foren m\u00e9s de 1.000 alumnes. Els alumnes cursaven EGB. Es feien moltes activitarts esportives i culturals. Una de les m\u00e9s conegudes i amb m\u00e9s tradici\u00f3 fou la Tuna. Van passar els anys, el poble va anar creixent i s&#8217;edificaren m\u00e9s escoles. L&#8217;alumnat va quedar m\u00e9s repartit i el col.legi es va transformar en el que \u00e9s avui: Una escola d&#8217;Educaci\u00f3 Infantil i Prim\u00e0ria d&#8217;una l\u00ednia.<\/p>\n<p><strong>5. &#8230;I FEM 50 ANYS!!!<\/strong><\/p>\n<p>M\u2019agradaria explicar \u2013vos l\u2019aventura d\u2019un petit vaixell que va \u00a0sortir a la mar l\u2019any 1963 batejat amb el nom de San Jorge i que comen\u00e7\u00e0 el seu viatge amb pocs viatgers per\u00f2 amb una tripulaci\u00f3 amb molta il\u00b7lusi\u00f3. Any rere any aquest vaixell navegava \u00a0i acollia a \u00a0m\u00e9s viatgers, fins arribar al voltant d\u2019un miler. Al llarg del trajecte va trobar tempestes amb grans onades(obres, ampliacions de les instal\u00b7lacions i fins i tot va estar a punt d\u2019atracar al port per\u00a0 no sortir mai m\u00e9s a navegar), per\u00f2 l\u2019esfor\u00e7 i el treball en equip\u00a0 de\u00a0 tripulaci\u00f3 i passatgers va fer possible que el Sant Jordi salp\u00e9s a la cerca de m\u00e9s aventures. Tenia el seu dest\u00ed molt clar i sabia\u00a0 com organitzar el seu viatge integrant diferents instruments per aconseguir-ho: il.lusi\u00f3, implicaci\u00f3, treball en equip, \u00a0noves tecnologies, metodologies innovadores de treball&#8230; Avui dia aquest\u00a0 vaixell continua navegant despr\u00e9s de 50 anys amb la mateixa for\u00e7a que el primer dia. Cada mes de setembre embarquen nous passatgers amb les maletes plenes de nerviosisme, ingenu\u00eftat,\u00a0 ganes de jugar, d\u2019aprendre i de descobrir nous mons com els de les matem\u00e0tiques, de les lleng\u00fces, de l\u2019Educaci\u00f3 F\u00edsica, de la m\u00fasica&#8230;tamb\u00e9 d\u2019entremaliadures i fins i tot amb una mica de mandra. Mentrestant, altres, al juny, acaben el viatge amb les maletes plenes d\u2019experi\u00e8ncies, records, nous coneixements i tamb\u00e9 de valors com: la responsabilitat, el respecte cap als altres,\u00a0 la \u00a0toler\u00e0ncia, treball en equip&#8230; Amb l\u2019esperan\u00e7a que un cop que estiguin a terra ferma posin en \u00a0pr\u00e0ctica tot all\u00f2 que han apr\u00e8s al Sant Jordi per ser un bon professional, un ciutad\u00e0 participatiu i solidari i en definitiva, una persona feli\u00e7 i resilient davant les dificultats. Aquest curs fem 50 anys i \u00a0esperem celebrar el centenari de \u00a0l\u2019escola que ens estimem!<\/p>\n<p>Mari L\u00f3pez (Directora Escola Sant Jordi \u00a02013 )<\/p>\n<p><a href=\"https:\/\/www.facebook.com\/pages\/50-Aniversari-Escola-Sant-Jordi\/577462292277773\">FACEBOOK 50 ANIVERSARI<\/a><\/p>\n<p><iframe loading=\"lazy\" src=\"\/\/www.youtube.com\/embed\/uucfLIpT6SM\" width=\"420\" height=\"315\" frameborder=\"0\" allowfullscreen=\"allowfullscreen\"><\/iframe><\/p>\n","protected":false},"excerpt":{"rendered":"<p>1. ELS INICIS<br \/>\nSegons consta en documents de l&#8217;Arxiu Municipal a l&#8217;any 1870 hi havian 127 nens en una mateixa classe. \u00a0La Sra. Maria Pastora Balt\u00e0 Tristany comen\u00e7\u00e0 a impartir classes l&#8217;any 1877, i Joan Vivas Calvent, 1884; ella a l&#8217;escola de nenes i ell a&hellip;  <a href=\"https:\/\/agora.xtec.cat\/ceip-santjordi-svhorts\/lescola\/historia\/\" title=\"Read Hist\u00f2ria\">Llegeix m\u00e9s\u00bb<\/a><\/p>\n","protected":false},"author":1,"featured_media":0,"parent":22,"menu_order":5,"comment_status":"closed","ping_status":"closed","template":"page-templates\/side-menu.php","meta":{"_bbp_topic_count":0,"_bbp_reply_count":0,"_bbp_total_topic_count":0,"_bbp_total_reply_count":0,"_bbp_voice_count":0,"_bbp_anonymous_reply_count":0,"_bbp_topic_count_hidden":0,"_bbp_reply_count_hidden":0,"_bbp_forum_subforum_count":0,"footnotes":""},"class_list":["post-26","page","type-page","status-publish","hentry"],"post_mailing_queue_ids":[],"_links":{"self":[{"href":"https:\/\/agora.xtec.cat\/ceip-santjordi-svhorts\/wp-json\/wp\/v2\/pages\/26","targetHints":{"allow":["GET"]}}],"collection":[{"href":"https:\/\/agora.xtec.cat\/ceip-santjordi-svhorts\/wp-json\/wp\/v2\/pages"}],"about":[{"href":"https:\/\/agora.xtec.cat\/ceip-santjordi-svhorts\/wp-json\/wp\/v2\/types\/page"}],"author":[{"embeddable":true,"href":"https:\/\/agora.xtec.cat\/ceip-santjordi-svhorts\/wp-json\/wp\/v2\/users\/1"}],"replies":[{"embeddable":true,"href":"https:\/\/agora.xtec.cat\/ceip-santjordi-svhorts\/wp-json\/wp\/v2\/comments?post=26"}],"version-history":[{"count":3,"href":"https:\/\/agora.xtec.cat\/ceip-santjordi-svhorts\/wp-json\/wp\/v2\/pages\/26\/revisions"}],"predecessor-version":[{"id":519,"href":"https:\/\/agora.xtec.cat\/ceip-santjordi-svhorts\/wp-json\/wp\/v2\/pages\/26\/revisions\/519"}],"up":[{"embeddable":true,"href":"https:\/\/agora.xtec.cat\/ceip-santjordi-svhorts\/wp-json\/wp\/v2\/pages\/22"}],"wp:attachment":[{"href":"https:\/\/agora.xtec.cat\/ceip-santjordi-svhorts\/wp-json\/wp\/v2\/media?parent=26"}],"curies":[{"name":"wp","href":"https:\/\/api.w.org\/{rel}","templated":true}]}}