{"id":1904,"date":"2022-03-23T16:11:39","date_gmt":"2022-03-23T15:11:39","guid":{"rendered":"https:\/\/agora.xtec.cat\/ceip-santjordi-svhorts\/?page_id=1904"},"modified":"2022-03-25T12:38:04","modified_gmt":"2022-03-25T11:38:04","slug":"colonies-vilanova-de-sau-2022","status":"publish","type":"page","link":"https:\/\/agora.xtec.cat\/ceip-santjordi-svhorts\/colonies-vilanova-de-sau-2022\/","title":{"rendered":"COL\u00d2NIES VILANOVA DE SAU 2022"},"content":{"rendered":"<p><img loading=\"lazy\" decoding=\"async\" class=\"aligncenter size-full wp-image-1900\" src=\"https:\/\/agora.xtec.cat\/ceip-santjordi-svhorts\/wp-content\/uploads\/usu129\/2022\/03\/cOLONIES-2022.png\" alt=\"\" width=\"492\" height=\"320\" srcset=\"https:\/\/agora.xtec.cat\/ceip-santjordi-svhorts\/wp-content\/uploads\/usu129\/2022\/03\/cOLONIES-2022.png 492w, https:\/\/agora.xtec.cat\/ceip-santjordi-svhorts\/wp-content\/uploads\/usu129\/2022\/03\/cOLONIES-2022-300x195.png 300w\" sizes=\"auto, (max-width: 492px) 100vw, 492px\" \/><\/p>\n<p>Avui els alumnes de Prim\u00e0ria han marxat de col\u00f2nies a Vilanova de Sau durant tres dies, 23,24 i 25 de mar\u00e7. Dem\u00e0 marxaran els alumnes d&#8217;Educaci\u00f3 Infantil.<\/p>\n<p>La casa est\u00e0 situada al Pant\u00e0 de Sau,\u00a0un\u00a0embassament que pertany al\u00a0riu\u00a0Ter i es troba\u00a0 situat a\u00a0peu de la serralada de les\u00a0Guilleries.<\/p>\n<p>En aquest entorn extraordinari els nostres alumnes gaudiran d<strong>&#8216;<\/strong>una experi\u00e8ncia educativa inoblidable on es vincularan \u00a0amb la natura , a l\u2019hora que aprenen a conviure amb els companys\/es i mestres, i es diverteixen amb les diferents activitats.<\/p>\n<p>En aquesta p\u00e0gina\u00a0 podreu fer el seguiment dels diferents dies.<\/p>\n<ul style=\"list-style-type: disc;\">\n<li><a href=\"https:\/\/drive.google.com\/drive\/folders\/1R84U_2VjztEOigKzlQ2sxxArcYoh7KID?usp=sharing\"><span style=\"color: #0000ff;\">DIMECRES DIA 23 DE MAR\u00c7<\/span><\/a><\/li>\n<\/ul>\n<p><a href=\"https:\/\/drive.google.com\/drive\/folders\/1R84U_2VjztEOigKzlQ2sxxArcYoh7KID?usp=sharing\">\u00a0 \u00a0 PRIM\u00c0RIA<\/a><\/p>\n<ul style=\"list-style-type: disc;\">\n<li><span style=\"color: #0000ff;\">DIJOUS DIA 24 DE MAR\u00c7<\/span><\/li>\n<\/ul>\n<p><a href=\"https:\/\/drive.google.com\/drive\/folders\/1R99MuNzaIGlEvE83feqvM6P8kDte-YpS?usp=sharing\">\u00a0 \u00a0 \u00a0 \u00a0 \u00a0 PRIM\u00c0RIA<\/a>\u00a0 \u00a0 \u00a0 <a href=\"https:\/\/drive.google.com\/drive\/folders\/1RB8n0KFSgthFiNQ4CAG66BvF8Rn1vmOY?usp=sharing\">EDUCACI\u00d3 INFANTIL\u00a0<\/a><\/p>\n<ul style=\"list-style-type: disc;\">\n<li><span style=\"color: #0000ff;\">DIVENDRES DIA 25 DE MAR\u00c7<\/span><\/li>\n<\/ul>\n<p><a href=\"https:\/\/drive.google.com\/drive\/folders\/1R9tvgy2CIRfoeFqAzifTYx0DRoEyo4hY?usp=sharing\">\u00a0 \u00a0 \u00a0 \u00a0PRIM\u00c0RIA<\/a>\u00a0 \u00a0 \u00a0 <a href=\"https:\/\/drive.google.com\/drive\/folders\/1RBp1ae8bpttfHev4p54hgMg33EwqKV8G?usp=sharing\">EDUCACI\u00d3 INFANTIL<\/a><\/p>\n<p>&nbsp;<\/p>\n","protected":false},"excerpt":{"rendered":"<p>Avui els alumnes de Prim\u00e0ria han marxat de col\u00f2nies a Vilanova de Sau durant tres dies, 23,24 i 25 de mar\u00e7. Dem\u00e0 marxaran els alumnes d&#8217;Educaci\u00f3 Infantil.<br \/>\nLa casa est\u00e0 situada al Pant\u00e0 de Sau,\u00a0un\u00a0embassament que pertany al\u00a0riu\u00a0Ter i es troba\u00a0 situat a\u00a0peu de la serralada&hellip;  <a href=\"https:\/\/agora.xtec.cat\/ceip-santjordi-svhorts\/colonies-vilanova-de-sau-2022\/\" title=\"Read COL\u00d2NIES VILANOVA DE SAU 2022\">Llegeix m\u00e9s\u00bb<\/a><\/p>\n","protected":false},"author":1,"featured_media":0,"parent":0,"menu_order":0,"comment_status":"closed","ping_status":"closed","template":"","meta":{"_bbp_topic_count":0,"_bbp_reply_count":0,"_bbp_total_topic_count":0,"_bbp_total_reply_count":0,"_bbp_voice_count":0,"_bbp_anonymous_reply_count":0,"_bbp_topic_count_hidden":0,"_bbp_reply_count_hidden":0,"_bbp_forum_subforum_count":0,"footnotes":""},"class_list":["post-1904","page","type-page","status-publish","hentry"],"post_mailing_queue_ids":[],"_links":{"self":[{"href":"https:\/\/agora.xtec.cat\/ceip-santjordi-svhorts\/wp-json\/wp\/v2\/pages\/1904","targetHints":{"allow":["GET"]}}],"collection":[{"href":"https:\/\/agora.xtec.cat\/ceip-santjordi-svhorts\/wp-json\/wp\/v2\/pages"}],"about":[{"href":"https:\/\/agora.xtec.cat\/ceip-santjordi-svhorts\/wp-json\/wp\/v2\/types\/page"}],"author":[{"embeddable":true,"href":"https:\/\/agora.xtec.cat\/ceip-santjordi-svhorts\/wp-json\/wp\/v2\/users\/1"}],"replies":[{"embeddable":true,"href":"https:\/\/agora.xtec.cat\/ceip-santjordi-svhorts\/wp-json\/wp\/v2\/comments?post=1904"}],"version-history":[{"count":3,"href":"https:\/\/agora.xtec.cat\/ceip-santjordi-svhorts\/wp-json\/wp\/v2\/pages\/1904\/revisions"}],"predecessor-version":[{"id":1912,"href":"https:\/\/agora.xtec.cat\/ceip-santjordi-svhorts\/wp-json\/wp\/v2\/pages\/1904\/revisions\/1912"}],"wp:attachment":[{"href":"https:\/\/agora.xtec.cat\/ceip-santjordi-svhorts\/wp-json\/wp\/v2\/media?parent=1904"}],"curies":[{"name":"wp","href":"https:\/\/api.w.org\/{rel}","templated":true}]}}