{"id":1405,"date":"2020-09-13T21:04:02","date_gmt":"2020-09-13T19:04:02","guid":{"rendered":"https:\/\/agora.xtec.cat\/ceip-santjordi-svhorts\/?page_id=1405"},"modified":"2021-09-12T11:40:29","modified_gmt":"2021-09-12T09:40:29","slug":"autoritzacions","status":"publish","type":"page","link":"https:\/\/agora.xtec.cat\/ceip-santjordi-svhorts\/autoritzacions\/","title":{"rendered":"Autoritzacions"},"content":{"rendered":"<p><strong><span style=\"color: #000080;\">AUTORITZACIONS<\/span><\/strong><\/p>\n<p>Autoritzaci\u00f3 sortides escola Educaci\u00f3 Infantil i 1r i 2n<\/p>\n<p>Autoritzaci\u00f3 sortides escola 3r a 6\u00e8<\/p>\n<p><a href=\"https:\/\/documents.espai.educacio.gencat.cat\/FormularisModels\/CentresGestioAdministrativa\/A819.pdf\">Declaraci\u00f3 responsable Educaci\u00f3 Infantil<\/a><\/p>\n<p><a href=\"https:\/\/documents.espai.educacio.gencat.cat\/FormularisModels\/CentresGestioAdministrativa\/A818.pdf\">Declaraci\u00f3 responsable Educaci\u00f3 Prim\u00e0ria<\/a><\/p>\n","protected":false},"excerpt":{"rendered":"<p>AUTORITZACIONS<br \/>\nAutoritzaci\u00f3 sortides escola Educaci\u00f3 Infantil i 1r i 2n<br \/>\nAutoritzaci\u00f3 sortides escola 3r a 6\u00e8<br \/>\n<a href=\"https:\/\/documents.espai.educacio.gencat.cat\/FormularisModels\/CentresGestioAdministrativa\/A819.pdf\">Declaraci\u00f3 responsable Educaci\u00f3 Infantil<\/a><br \/>\n<a href=\"https:\/\/documents.espai.educacio.gencat.cat\/FormularisModels\/CentresGestioAdministrativa\/A818.pdf\">Declaraci\u00f3 responsable Educaci\u00f3 Prim\u00e0ria<\/a><\/p>\n","protected":false},"author":1,"featured_media":0,"parent":0,"menu_order":0,"comment_status":"closed","ping_status":"closed","template":"","meta":{"_bbp_topic_count":0,"_bbp_reply_count":0,"_bbp_total_topic_count":0,"_bbp_total_reply_count":0,"_bbp_voice_count":0,"_bbp_anonymous_reply_count":0,"_bbp_topic_count_hidden":0,"_bbp_reply_count_hidden":0,"_bbp_forum_subforum_count":0,"footnotes":""},"class_list":["post-1405","page","type-page","status-publish","hentry"],"post_mailing_queue_ids":[],"_links":{"self":[{"href":"https:\/\/agora.xtec.cat\/ceip-santjordi-svhorts\/wp-json\/wp\/v2\/pages\/1405","targetHints":{"allow":["GET"]}}],"collection":[{"href":"https:\/\/agora.xtec.cat\/ceip-santjordi-svhorts\/wp-json\/wp\/v2\/pages"}],"about":[{"href":"https:\/\/agora.xtec.cat\/ceip-santjordi-svhorts\/wp-json\/wp\/v2\/types\/page"}],"author":[{"embeddable":true,"href":"https:\/\/agora.xtec.cat\/ceip-santjordi-svhorts\/wp-json\/wp\/v2\/users\/1"}],"replies":[{"embeddable":true,"href":"https:\/\/agora.xtec.cat\/ceip-santjordi-svhorts\/wp-json\/wp\/v2\/comments?post=1405"}],"version-history":[{"count":3,"href":"https:\/\/agora.xtec.cat\/ceip-santjordi-svhorts\/wp-json\/wp\/v2\/pages\/1405\/revisions"}],"predecessor-version":[{"id":1651,"href":"https:\/\/agora.xtec.cat\/ceip-santjordi-svhorts\/wp-json\/wp\/v2\/pages\/1405\/revisions\/1651"}],"wp:attachment":[{"href":"https:\/\/agora.xtec.cat\/ceip-santjordi-svhorts\/wp-json\/wp\/v2\/media?parent=1405"}],"curies":[{"name":"wp","href":"https:\/\/api.w.org\/{rel}","templated":true}]}}