{"id":1300,"date":"2020-05-10T23:48:10","date_gmt":"2020-05-10T21:48:10","guid":{"rendered":"https:\/\/agora.xtec.cat\/ceip-santjordi-svhorts\/?page_id=1300"},"modified":"2026-02-11T13:23:22","modified_gmt":"2026-02-11T12:23:22","slug":"portes-obertes-virtuals","status":"publish","type":"page","link":"https:\/\/agora.xtec.cat\/ceip-santjordi-svhorts\/portes-obertes-virtuals\/","title":{"rendered":"PROJECTE EDUCATIU"},"content":{"rendered":"<p>&nbsp;<\/p>\n<p style=\"text-align: left;\" data-start=\"1133\" data-end=\"1303\">\n<p><span style=\"color: #0000ff;\"><a style=\"color: #0000ff;\" href=\"https:\/\/www.calameo.com\/read\/0007703668a662a138554\"><img loading=\"lazy\" decoding=\"async\" class=\"wp-image-1247 alignleft\" src=\"https:\/\/agora.xtec.cat\/ceip-santjordi-svhorts\/wp-content\/uploads\/usu129\/2020\/03\/Imatge_dossier_informatiu.png\" alt=\"\" width=\"233\" height=\"326\" srcset=\"https:\/\/agora.xtec.cat\/ceip-santjordi-svhorts\/wp-content\/uploads\/usu129\/2020\/03\/Imatge_dossier_informatiu.png 421w, https:\/\/agora.xtec.cat\/ceip-santjordi-svhorts\/wp-content\/uploads\/usu129\/2020\/03\/Imatge_dossier_informatiu-214x300.png 214w\" sizes=\"auto, (max-width: 233px) 100vw, 233px\" \/><\/a><\/span><\/p>\n<p style=\"text-align: left;\" data-start=\"173\" data-end=\"316\">En aquesta p\u00e0gina volem presentar-vos l\u2019ess\u00e8ncia de la nostra escola i compartir amb vosaltres all\u00f2 que ens defineix com a comunitat educativa.<\/p>\n<p style=\"text-align: left;\" data-start=\"173\" data-end=\"316\">L\u2019Escola Sant Jordi disposa d\u2019una l\u00ednia pedag\u00f2gica clarament definida, en la qual l\u2019alumne \u00e9s el protagonista del propi aprenentatge. Treballem per fomentar la curiositat, l\u2019autonomia, el respecte i el desenvolupament integral de cada infant, sempre en estreta col\u00b7laboraci\u00f3 amb les fam\u00edlies.<\/p>\n<p style=\"text-align: left;\" data-start=\"318\" data-end=\"623\">La jornada de portes obertes \u00e9s una oportunitat per con\u00e8ixer de prop el nostre projecte, els espais, l\u2019equip hum\u00e0 que hi treballa i la manera com acompanyem els infants en el seu creixement personal i acad\u00e8mic.<\/p>\n<p style=\"text-align: left;\" data-start=\"318\" data-end=\"623\">Volem que us sentiu benvinguts i que pugueu descobrir com entenem l\u2019educaci\u00f3 i l\u2019aprenentatge, per aquest motiu us convidem a assistir a la jornada del dia 25 de febrer de 2026.<\/p>\n<p style=\"text-align: left;\" data-start=\"625\" data-end=\"837\">Tanmateix, restem a la vostra disposici\u00f3 per a qualsevol consulta o aclariment que pugui sorgir. Podeu contactar amb nosaltres a trav\u00e9s del correu electr\u00f2nic <strong data-start=\"783\" data-end=\"804\"><a class=\"decorated-link cursor-pointer\" rel=\"noopener\" data-start=\"785\" data-end=\"802\">a8028588@xtec.cat<\/a><\/strong> o b\u00e9 al tel\u00e8fon <strong data-start=\"821\" data-end=\"836\">936 561 556<\/strong>.<\/p>\n<p style=\"text-align: left;\" data-start=\"1133\" data-end=\"1303\">En aquest document hi trobareu especificats els objectius del nostre Projecte Educatiu, que desenvolupem a partir de l\u2019aplicaci\u00f3 dels <strong data-start=\"1267\" data-end=\"1302\">Set Principis de l\u2019Aprenentatge (cliqueu a la imatge per poder llegir-ho)<\/strong><\/p>\n<p>&nbsp;<\/p>\n<p>&nbsp;<\/p>\n<div style=\"width: 100%;\">\n<div style=\"position: relative; padding-bottom: 70.72%; padding-top: 0; height: 0;\"><iframe loading=\"lazy\" src=\"https:\/\/view.genial.ly\/5eb963e2d236a10cfac684d2\" width=\"600px\" height=\"400px\" frameborder=\"0\"><span data-mce-type=\"bookmark\" style=\"display: inline-block; width: 0px; overflow: hidden; line-height: 0;\" class=\"mce_SELRES_start\">\ufeff<\/span><span data-mce-type=\"bookmark\" style=\"display: inline-block; width: 0px; overflow: hidden; line-height: 0;\" class=\"mce_SELRES_start\">\ufeff<\/span><\/iframe><\/div>\n<div><\/div>\n<\/div>\n","protected":false},"excerpt":{"rendered":"<p>&nbsp;<\/p>\n<p><a style=\"color: #0000ff;\" href=\"https:\/\/www.calameo.com\/read\/0007703668a662a138554\"><\/a><br \/>\nEn aquesta p\u00e0gina volem presentar-vos l\u2019ess\u00e8ncia de la nostra escola i compartir amb vosaltres all\u00f2 que ens defineix com a comunitat educativa.<br \/>\nL\u2019Escola Sant Jordi disposa d\u2019una l\u00ednia pedag\u00f2gica clarament definida, en la qual l\u2019alumne \u00e9s el protagonista del propi aprenentatge. Treballem per&hellip;  <a href=\"https:\/\/agora.xtec.cat\/ceip-santjordi-svhorts\/portes-obertes-virtuals\/\" title=\"Read PROJECTE EDUCATIU\">Llegeix m\u00e9s\u00bb<\/a><\/p>\n","protected":false},"author":1,"featured_media":0,"parent":0,"menu_order":0,"comment_status":"closed","ping_status":"closed","template":"","meta":{"_bbp_topic_count":0,"_bbp_reply_count":0,"_bbp_total_topic_count":0,"_bbp_total_reply_count":0,"_bbp_voice_count":0,"_bbp_anonymous_reply_count":0,"_bbp_topic_count_hidden":0,"_bbp_reply_count_hidden":0,"_bbp_forum_subforum_count":0,"footnotes":""},"class_list":["post-1300","page","type-page","status-publish","hentry"],"post_mailing_queue_ids":[],"_links":{"self":[{"href":"https:\/\/agora.xtec.cat\/ceip-santjordi-svhorts\/wp-json\/wp\/v2\/pages\/1300","targetHints":{"allow":["GET"]}}],"collection":[{"href":"https:\/\/agora.xtec.cat\/ceip-santjordi-svhorts\/wp-json\/wp\/v2\/pages"}],"about":[{"href":"https:\/\/agora.xtec.cat\/ceip-santjordi-svhorts\/wp-json\/wp\/v2\/types\/page"}],"author":[{"embeddable":true,"href":"https:\/\/agora.xtec.cat\/ceip-santjordi-svhorts\/wp-json\/wp\/v2\/users\/1"}],"replies":[{"embeddable":true,"href":"https:\/\/agora.xtec.cat\/ceip-santjordi-svhorts\/wp-json\/wp\/v2\/comments?post=1300"}],"version-history":[{"count":6,"href":"https:\/\/agora.xtec.cat\/ceip-santjordi-svhorts\/wp-json\/wp\/v2\/pages\/1300\/revisions"}],"predecessor-version":[{"id":3142,"href":"https:\/\/agora.xtec.cat\/ceip-santjordi-svhorts\/wp-json\/wp\/v2\/pages\/1300\/revisions\/3142"}],"wp:attachment":[{"href":"https:\/\/agora.xtec.cat\/ceip-santjordi-svhorts\/wp-json\/wp\/v2\/media?parent=1300"}],"curies":[{"name":"wp","href":"https:\/\/api.w.org\/{rel}","templated":true}]}}