{"id":884,"date":"2020-05-08T16:41:42","date_gmt":"2020-05-08T14:41:42","guid":{"rendered":"https:\/\/agora.xtec.cat\/ceip-santjordi-oliana\/?page_id=884"},"modified":"2020-05-15T08:17:56","modified_gmt":"2020-05-15T06:17:56","slug":"preinscripcio-2020-2021","status":"publish","type":"page","link":"https:\/\/agora.xtec.cat\/ceip-santjordi-oliana\/lescola\/preinscripcio-2020-2021\/","title":{"rendered":"Preinscripci\u00f3 2020-2021"},"content":{"rendered":"<p><img loading=\"lazy\" decoding=\"async\" class=\"alignnone wp-image-888\" src=\"https:\/\/agora.xtec.cat\/ceip-santjordi-oliana\/wp-content\/uploads\/usu2013\/2020\/05\/Preinscripcio2020_BR15_1024-1024x768.jpg\" alt=\"\" width=\"193\" height=\"144\" \/> Oferta inicial de places de la nostra escola per la preinscripci\u00f3 2020-2021;\u00a0<a href=\"http:\/\/Mapa escolar de la preinscripci\u00f3 curs 2020-2021.\">http:\/\/Mapa escolar de la preinscripci\u00f3 curs 2020-2021.<\/a><\/p>\n<p>&nbsp;<\/p>\n<p>Trobareu tota la informaci\u00f3 referent a la preinscripci\u00f3 2020-2021 en el seg\u00fcent document:<\/p>\n<p><a href=\"https:\/\/agora.xtec.cat\/ceip-santjordi-oliana\/wp-content\/uploads\/usu2013\/2020\/05\/PREINSCRIPCI\u00d3.pdf\">PREINSCRIPCI\u00d3<\/a><\/p>\n<div dir=\"auto\">CONFIRMACI\u00d3 MATR\u00cdCULA PER L&#8217;ALUMNAT QUE JA CURSA ESTUDIS A L&#8217;ESCOLA:<\/div>\n<div dir=\"auto\"><\/div>\n<div dir=\"auto\">Donades les excepcionals circumst\u00e0ncies que ens toca viure, no podem passar el full de confirmaci\u00f3 de matr\u00edcula per al curs vinent.<\/div>\n<div dir=\"auto\">Per aquest motiu per tal de saber l&#8217;alumnat que no continuar\u00e0 matriculat a la nostra escola, us demanem que l&#8217;infant que el curs vinent tingui previst matricular-se en un altre centre ens faci un correu per comunicar\u00a0 el canvi d&#8217;escola :\u00a0<a href=\"mailto:c5005132@xtec.cat\" target=\"_blank\" rel=\"noopener noreferrer\">c5005132@xtec.cat<\/a><\/div>\n<div dir=\"auto\">Els nens i nenes que continu\u00efn al centre no cal que\u00a0 facin cap tr\u00e0mit, a no ser que es vulgui fer el canvi de l\u2019assignatura optativa de religi\u00f3\/valors.Aleshores han de comunicar aquest canvi mitjan\u00e7ant el correu de l&#8217;escola:\u00a0 c5005132@xtec.cat<\/div>\n<div dir=\"auto\"><\/div>\n<div dir=\"auto\"><\/div>\n<div dir=\"auto\">Cordialment<\/div>\n<div dir=\"auto\">L Equip Directiu<\/div>\n","protected":false},"excerpt":{"rendered":"<p> Oferta inicial de places de la nostra escola per la preinscripci\u00f3 2020-2021;\u00a0<a href=\"http:\/\/Mapa escolar de la preinscripci\u00f3 curs 2020-2021.\">http:\/\/Mapa escolar de la preinscripci\u00f3 curs 2020-2021.<\/a><br \/>\n&nbsp;<br \/>\nTrobareu tota la informaci\u00f3 referent a la preinscripci\u00f3 2020-2021 en el seg\u00fcent document:<br \/>\n<a href=\"https:\/\/agora.xtec.cat\/ceip-santjordi-oliana\/wp-content\/uploads\/usu2013\/2020\/05\/PREINSCRIPCI\u00d3.pdf\">PREINSCRIPCI\u00d3<\/a><br \/>\nCONFIRMACI\u00d3 MATR\u00cdCULA PER L&#8217;ALUMNAT QUE JA CURSA&hellip;  <a href=\"https:\/\/agora.xtec.cat\/ceip-santjordi-oliana\/lescola\/preinscripcio-2020-2021\/\" title=\"Read Preinscripci\u00f3 2020-2021\">Llegeix m\u00e9s\u00bb<\/a><\/p>\n","protected":false},"author":4,"featured_media":0,"parent":22,"menu_order":0,"comment_status":"closed","ping_status":"closed","template":"","meta":{"_bbp_topic_count":0,"_bbp_reply_count":0,"_bbp_total_topic_count":0,"_bbp_total_reply_count":0,"_bbp_voice_count":0,"_bbp_anonymous_reply_count":0,"_bbp_topic_count_hidden":0,"_bbp_reply_count_hidden":0,"_bbp_forum_subforum_count":0,"footnotes":""},"class_list":["post-884","page","type-page","status-publish","hentry"],"post_mailing_queue_ids":[],"_links":{"self":[{"href":"https:\/\/agora.xtec.cat\/ceip-santjordi-oliana\/wp-json\/wp\/v2\/pages\/884","targetHints":{"allow":["GET"]}}],"collection":[{"href":"https:\/\/agora.xtec.cat\/ceip-santjordi-oliana\/wp-json\/wp\/v2\/pages"}],"about":[{"href":"https:\/\/agora.xtec.cat\/ceip-santjordi-oliana\/wp-json\/wp\/v2\/types\/page"}],"author":[{"embeddable":true,"href":"https:\/\/agora.xtec.cat\/ceip-santjordi-oliana\/wp-json\/wp\/v2\/users\/4"}],"replies":[{"embeddable":true,"href":"https:\/\/agora.xtec.cat\/ceip-santjordi-oliana\/wp-json\/wp\/v2\/comments?post=884"}],"version-history":[{"count":3,"href":"https:\/\/agora.xtec.cat\/ceip-santjordi-oliana\/wp-json\/wp\/v2\/pages\/884\/revisions"}],"predecessor-version":[{"id":922,"href":"https:\/\/agora.xtec.cat\/ceip-santjordi-oliana\/wp-json\/wp\/v2\/pages\/884\/revisions\/922"}],"up":[{"embeddable":true,"href":"https:\/\/agora.xtec.cat\/ceip-santjordi-oliana\/wp-json\/wp\/v2\/pages\/22"}],"wp:attachment":[{"href":"https:\/\/agora.xtec.cat\/ceip-santjordi-oliana\/wp-json\/wp\/v2\/media?parent=884"}],"curies":[{"name":"wp","href":"https:\/\/api.w.org\/{rel}","templated":true}]}}