{"id":73,"date":"2014-09-18T14:01:51","date_gmt":"2014-09-18T13:01:51","guid":{"rendered":"http:\/\/agora.xtec.cat\/ceip-santjordi-oliana\/?page_id=73"},"modified":"2020-09-18T15:51:16","modified_gmt":"2020-09-18T13:51:16","slug":"menjador-escolar","status":"publish","type":"page","link":"https:\/\/agora.xtec.cat\/ceip-santjordi-oliana\/serveis\/menjador-escolar\/","title":{"rendered":"Menjador escolar"},"content":{"rendered":"<pre style=\"text-align: center;\"><a href=\"http:\/\/mengemdaqui.com\/wp-content\/uploads\/2020\/09\/menu-oliana-set-des-2020.pdf\"><strong>MEN\u00da ESCOLAR, CL\u00cdCA L'IMATGE PER VEURE'L<\/strong><\/a><a href=\"http:\/\/mengemdaqui.com\/wp-content\/uploads\/2020\/09\/menu-oliana-set-des-2020.pdf\" rel=\"http:\/\/mengemdaqui.com\/wp-content\/uploads\/2020\/09\/menu-oliana-set-des-2020.pdf\"><img loading=\"lazy\" decoding=\"async\" class=\"wp-image-1140 alignnone\" src=\"https:\/\/agora.xtec.cat\/ceip-santjordi-oliana\/wp-content\/uploads\/usu2013\/2020\/09\/logo-web.png\" alt=\"http:\/\/mengemdaqui.com\/wp-content\/uploads\/2020\/09\/menu-oliana-set-des-2020.pdf\" width=\"139\" height=\"139\" srcset=\"https:\/\/agora.xtec.cat\/ceip-santjordi-oliana\/wp-content\/uploads\/usu2013\/2020\/09\/logo-web.png 586w, https:\/\/agora.xtec.cat\/ceip-santjordi-oliana\/wp-content\/uploads\/usu2013\/2020\/09\/logo-web-150x150.png 150w, https:\/\/agora.xtec.cat\/ceip-santjordi-oliana\/wp-content\/uploads\/usu2013\/2020\/09\/logo-web-300x300.png 300w\" sizes=\"auto, (max-width: 139px) 100vw, 139px\" \/><\/a><\/pre>\n<p>&nbsp;<\/p>\n<p>El Menjador de la nostra escola \u00e9s un servei gestionat per l\u2019AMPA de l\u2019escola, el qual podeu utilitzar, espor\u00e0dicament o de forma fixa, si ho creieu adient.<\/p>\n<p><strong>\ud83d\udcb6 PREU: Alumnes fixos: 6,00\u20ac\u00a0\u00a0\u00a0 Alumnes eventuals: 6,50\u20ac<\/strong><\/p>\n<p>Aquest curs el nostre menjador seguir\u00e0 participant en el projecte:\u00a0 <strong>Mengem d\u2019aqu\u00ed <a href=\"http:\/\/mengemdaqui.com\/index.php\/projecte\/\">http:\/\/mengemdaqui.com\/index.php\/projecte\/<\/a>.<\/strong><\/p>\n<p>Els punts m\u00e9s importants d\u2019 aquest projecte s\u00f3n:<\/p>\n<ul>\n<li>Assessorament a trav\u00e9s de la Fundaci\u00f3 Al\u00edcia per a l\u2019 elaboraci\u00f3 dels men\u00fas escolars.<\/li>\n<li>Dossier per a les fam\u00edlies que cont\u00e9 pautes i consells per fer un treball alimentari en fam\u00edlia: proposta de sopars, esmorzars i berenars per a tota la setmana, consells de suport a casa, con\u00e8ixer les millors combinacions aliment\u00e0ries,\u2026<\/li>\n<li>Criteris compartits a nivell alimentari amb els centres escolars que s\u2019han adherit al projecte<\/li>\n<li>Incorporaci\u00f3 d\u2019aliments de proximitat, de temporada, receptes del territori, equilibri, sostenibilitat\u2026 en els men\u00fas escolars al llarg de tot el curs escolar.<\/li>\n<li>Formaci\u00f3 del personal de cuina de tots els menjadors escolars adherits, a trav\u00e9s de la Fundaci\u00f3 Al\u00edcia.<\/li>\n<li>Formaci\u00f3 dels monitors de menjador de tots els menjadors escolars adherits.<\/li>\n<li>Acompanyament i suport al personal de cuina i monitors dels menjadors escolars durant tot el curs escolar per incorporar propostes de millora.<\/li>\n<li>Adhesi\u00f3 de productors i prove\u00efdors locals al projecte, per incorporar els seus productes en els menjadors escolars.<\/li>\n<li>Plantilla mensual del men\u00fa a cada centre educatiu, amb informaci\u00f3 destacada i identificaci\u00f3 dels productes.<\/li>\n<li>Visites dels productors locals als centres i\/o a les granges, obradors,\u2026 on s\u2019elaboren els productes per part dels alumnes.<\/li>\n<\/ul>\n<p>Aquest projecte promou la utilitzaci\u00f3 de productes de temporada i de proximitat en l\u2019elaboraci\u00f3 dels men\u00fas escolars. Per aquest motiu <strong>el men\u00fa canviar\u00e0 mensualment,<\/strong> cada mes les fam\u00edlies usu\u00e0ries d\u2019aquest servei rebran el nou men\u00fa.<\/p>\n<p>Us recordem que si algun alumne, <strong>per motius de salut<\/strong>,\u00a0 necessita fer dieta ho heu de sol\u00b7licitar el mateix dia a la secretaria del centre.<\/p>\n<p>&nbsp;<\/p>\n<p>&nbsp;<\/p>\n","protected":false},"excerpt":{"rendered":"<p><a href=\"http:\/\/mengemdaqui.com\/wp-content\/uploads\/2020\/09\/menu-oliana-set-des-2020.pdf\">MEN\u00da ESCOLAR, CL\u00cdCA L&#8217;IMATGE PER VEURE&#8217;L<\/a><a href=\"http:\/\/mengemdaqui.com\/wp-content\/uploads\/2020\/09\/menu-oliana-set-des-2020.pdf\" rel=\"http:\/\/mengemdaqui.com\/wp-content\/uploads\/2020\/09\/menu-oliana-set-des-2020.pdf\"><\/a><br \/>\n&nbsp;<br \/>\nEl Menjador de la nostra escola \u00e9s un servei gestionat per l\u2019AMPA de l\u2019escola, el qual podeu utilitzar, espor\u00e0dicament o de forma fixa, si ho creieu adient.<br \/>\n\ud83d\udcb6 PREU: Alumnes fixos: 6,00\u20ac\u00a0\u00a0\u00a0 Alumnes eventuals: 6,50\u20ac<br \/>\nAquest curs el nostre&hellip;  <a href=\"https:\/\/agora.xtec.cat\/ceip-santjordi-oliana\/serveis\/menjador-escolar\/\" title=\"Read Menjador escolar\">Llegeix m\u00e9s\u00bb<\/a><\/p>\n","protected":false},"author":1,"featured_media":0,"parent":66,"menu_order":30,"comment_status":"closed","ping_status":"closed","template":"page-templates\/side-menu.php","meta":{"_bbp_topic_count":0,"_bbp_reply_count":0,"_bbp_total_topic_count":0,"_bbp_total_reply_count":0,"_bbp_voice_count":0,"_bbp_anonymous_reply_count":0,"_bbp_topic_count_hidden":0,"_bbp_reply_count_hidden":0,"_bbp_forum_subforum_count":0,"footnotes":""},"class_list":["post-73","page","type-page","status-publish","hentry"],"post_mailing_queue_ids":[],"_links":{"self":[{"href":"https:\/\/agora.xtec.cat\/ceip-santjordi-oliana\/wp-json\/wp\/v2\/pages\/73","targetHints":{"allow":["GET"]}}],"collection":[{"href":"https:\/\/agora.xtec.cat\/ceip-santjordi-oliana\/wp-json\/wp\/v2\/pages"}],"about":[{"href":"https:\/\/agora.xtec.cat\/ceip-santjordi-oliana\/wp-json\/wp\/v2\/types\/page"}],"author":[{"embeddable":true,"href":"https:\/\/agora.xtec.cat\/ceip-santjordi-oliana\/wp-json\/wp\/v2\/users\/1"}],"replies":[{"embeddable":true,"href":"https:\/\/agora.xtec.cat\/ceip-santjordi-oliana\/wp-json\/wp\/v2\/comments?post=73"}],"version-history":[{"count":4,"href":"https:\/\/agora.xtec.cat\/ceip-santjordi-oliana\/wp-json\/wp\/v2\/pages\/73\/revisions"}],"predecessor-version":[{"id":1164,"href":"https:\/\/agora.xtec.cat\/ceip-santjordi-oliana\/wp-json\/wp\/v2\/pages\/73\/revisions\/1164"}],"up":[{"embeddable":true,"href":"https:\/\/agora.xtec.cat\/ceip-santjordi-oliana\/wp-json\/wp\/v2\/pages\/66"}],"wp:attachment":[{"href":"https:\/\/agora.xtec.cat\/ceip-santjordi-oliana\/wp-json\/wp\/v2\/media?parent=73"}],"curies":[{"name":"wp","href":"https:\/\/api.w.org\/{rel}","templated":true}]}}