{"id":26,"date":"2014-09-18T12:24:32","date_gmt":"2014-09-18T11:24:32","guid":{"rendered":"http:\/\/agora.xtec.cat\/ceip-santjordi-oliana\/?page_id=26"},"modified":"2019-02-28T23:36:04","modified_gmt":"2019-02-28T22:36:04","slug":"historia","status":"publish","type":"page","link":"https:\/\/agora.xtec.cat\/ceip-santjordi-oliana\/lescola\/historia\/","title":{"rendered":"Hist\u00f2ria"},"content":{"rendered":"<table width=\"100%\">\n<tbody>\n<tr>\n<td>&nbsp;<\/p>\n<p>En els segles passats, als olianesos els ha preocupat, i molt, l\u2019ensenyament i l\u2019educaci\u00f3 dels seus fills\/lles.<\/p>\n<p>L\u2019escola p\u00fablica en forma d\u2019escola unit\u00e0ria \u00e9s la que t\u00e9 tradici\u00f3 des de temps llunyans, per\u00f2 tamb\u00e9 han passat per aquesta vila algunes ordres religioses que han complementat aquest ensenyament.<\/p>\n<p>La coeducaci\u00f3 no va ser possible fins els anys 70 ja que la normativa vigent ho prohibia per tant resumirem per separat l\u2019ensenyament de nens i nenes.<\/p>\n<p>Podem aportar els seg\u00fcents fets trets de fonts totalment fiables:<\/p>\n<p>1690\u00a0&#8211; La segona fundaci\u00f3 dels Escolapis a Catalunya va ser a Oliana, est\u00e0 comprovat que Sant Josep de Calasan\u00e7 va venir a Oliana per visitar l\u2019escola.<\/p>\n<p>1735\u00a0&#8211; Oliana tenia una biblioteca amb 1541 volums la qual cosa vol dir l\u2019inter\u00e8s que hi havia per la cultura en general.<\/p>\n<p>1785\u00a0&#8211; Els nens escolaritzats eren 52.<\/p>\n<p>1844\u00a0&#8211; L\u2019escola Pia marxa d\u2019Oliana, despr\u00e9s de fer una gran tasca educativa.<\/p>\n<p>1864\u00a0&#8211; El fill d\u2019Oliana, Sr. Ignasi Esteve, deixa una part dels seus bens per l\u2019escola d\u2019Oliana i esdev\u00e9 la Fundaci\u00f3 Ignasi Esteve.<\/p>\n<p>1886\u00a0&#8211; Continuen la tasca pedag\u00f2gica els Missioners Diocesans de Sant Ermengol. Posteriorment un grup de Sacerdots seculars impartien els ensenyaments b\u00e0sics i els de Batxillerat.<\/p>\n<p>1921\u00a0&#8211; El 10 d\u2019octubre d\u2019aquest any, arriben els Germans de les Escoles Cristianes (La Salle), que van romandre a Oliana fins el 1970.<\/p>\n<p>1924\u00a0&#8211; El rei Alfons XIII visit\u00e0 Oliana i la seva escola.<\/p>\n<p>1970\u00a0&#8211; A partir d\u2019aquest any, i amb r\u00e8gim de coeducaci\u00f3, comen\u00e7a un nou per\u00edode per l\u2019ensenyament, es crea la \u201cEscuela Graduada Mixta\u201d.<\/p>\n<p>1979\u00a0&#8211; la nostra escola va comen\u00e7ar a ensenyar a llegir en catal\u00e0 als alumnes que comen\u00e7aven la seva escolaritzaci\u00f3. A partir d\u2019aqu\u00ed comen\u00e7a una nova era per l\u2019ensenyament al nostre poble, i el nom del col\u2022legi passa a ser \u201cCol\u00b7legi p\u00fablic Sant Jordi\u201d.<\/p>\n<p>Quant a les nenes podem esmentar que el 1885 existia la \u201cescuela p\u00fablica elemental de ni\u00f1as\u201d.<\/p>\n<p>El 1864 es funda l\u2019escola d\u2019Oliana pel Dr. Caixal cofundador amb la Mare Janer, de l\u2019Institut de la Sagrada Fam\u00edlia. L\u2019any 1964, es celebr\u00e0 a Oliana el primer centenari d\u2019aquesta fundaci\u00f3 amb una gran festa popular.<\/p>\n<p>Va ser a partir de l\u2019any 1970 amb la Reforma educativa de Villar Palas\u00ed, que aquestes Religioses deixessin l\u2019ensenyament Primari, per\u00f2 es van quedar uns anys m\u00e9s per tenir cura del parvulari, que poc a poc el va anant absorbint l\u2019escola p\u00fablica.<\/td>\n<\/tr>\n<\/tbody>\n<\/table>\n","protected":false},"excerpt":{"rendered":"<p>&nbsp;<br \/>\nEn els segles passats, als olianesos els ha preocupat, i molt, l\u2019ensenyament i l\u2019educaci\u00f3 dels seus fills\/lles.<br \/>\nL\u2019escola p\u00fablica en forma d\u2019escola unit\u00e0ria \u00e9s la que t\u00e9 tradici\u00f3 des de temps llunyans, per\u00f2 tamb\u00e9 han passat per aquesta vila algunes ordres religioses que han complementat aquest&hellip;  <a href=\"https:\/\/agora.xtec.cat\/ceip-santjordi-oliana\/lescola\/historia\/\" title=\"Read Hist\u00f2ria\">Llegeix m\u00e9s\u00bb<\/a><\/p>\n","protected":false},"author":1,"featured_media":0,"parent":22,"menu_order":20,"comment_status":"closed","ping_status":"closed","template":"page-templates\/side-menu.php","meta":{"_bbp_topic_count":0,"_bbp_reply_count":0,"_bbp_total_topic_count":0,"_bbp_total_reply_count":0,"_bbp_voice_count":0,"_bbp_anonymous_reply_count":0,"_bbp_topic_count_hidden":0,"_bbp_reply_count_hidden":0,"_bbp_forum_subforum_count":0,"footnotes":""},"class_list":["post-26","page","type-page","status-publish","hentry"],"post_mailing_queue_ids":[],"_links":{"self":[{"href":"https:\/\/agora.xtec.cat\/ceip-santjordi-oliana\/wp-json\/wp\/v2\/pages\/26","targetHints":{"allow":["GET"]}}],"collection":[{"href":"https:\/\/agora.xtec.cat\/ceip-santjordi-oliana\/wp-json\/wp\/v2\/pages"}],"about":[{"href":"https:\/\/agora.xtec.cat\/ceip-santjordi-oliana\/wp-json\/wp\/v2\/types\/page"}],"author":[{"embeddable":true,"href":"https:\/\/agora.xtec.cat\/ceip-santjordi-oliana\/wp-json\/wp\/v2\/users\/1"}],"replies":[{"embeddable":true,"href":"https:\/\/agora.xtec.cat\/ceip-santjordi-oliana\/wp-json\/wp\/v2\/comments?post=26"}],"version-history":[{"count":3,"href":"https:\/\/agora.xtec.cat\/ceip-santjordi-oliana\/wp-json\/wp\/v2\/pages\/26\/revisions"}],"predecessor-version":[{"id":500,"href":"https:\/\/agora.xtec.cat\/ceip-santjordi-oliana\/wp-json\/wp\/v2\/pages\/26\/revisions\/500"}],"up":[{"embeddable":true,"href":"https:\/\/agora.xtec.cat\/ceip-santjordi-oliana\/wp-json\/wp\/v2\/pages\/22"}],"wp:attachment":[{"href":"https:\/\/agora.xtec.cat\/ceip-santjordi-oliana\/wp-json\/wp\/v2\/media?parent=26"}],"curies":[{"name":"wp","href":"https:\/\/api.w.org\/{rel}","templated":true}]}}