{"id":22,"date":"2014-09-18T12:19:57","date_gmt":"2014-09-18T11:19:57","guid":{"rendered":"http:\/\/agora.xtec.cat\/ceip-santjordi-oliana\/?page_id=22"},"modified":"2020-05-13T17:47:05","modified_gmt":"2020-05-13T15:47:05","slug":"lescola","status":"publish","type":"page","link":"https:\/\/agora.xtec.cat\/ceip-santjordi-oliana\/lescola\/","title":{"rendered":"L&#8217;escola"},"content":{"rendered":"<p><a href=\"https:\/\/agora.xtec.cat\/ceip-santjordi-oliana\/wp-content\/uploads\/usu2013\/2020\/04\/cole3-1.jpg\"><img loading=\"lazy\" decoding=\"async\" class=\"alignnone wp-image-805\" src=\"https:\/\/agora.xtec.cat\/ceip-santjordi-oliana\/wp-content\/uploads\/usu2013\/2020\/04\/cole3-1.jpg\" alt=\"\" width=\"558\" height=\"270\" \/><\/a><\/p>\n<p>En aquest v\u00eddeo tindreu m\u00e9s informaci\u00f3 de la nostra escola:<\/p>\n<p><a href=\"https:\/\/drive.google.com\/file\/d\/1Efqp7YhDE-3gDbfsSEq1CMn69ni1s-c_\/view?usp=sharing\">https:\/\/drive.google.com\/file\/d\/1Efqp7YhDE-3gDbfsSEq1CMn69ni1s-c_\/view?usp=sharing<\/a><\/p>\n","protected":false},"excerpt":{"rendered":"<p><a href=\"https:\/\/agora.xtec.cat\/ceip-santjordi-oliana\/wp-content\/uploads\/usu2013\/2020\/04\/cole3-1.jpg\"><\/a><br \/>\nEn aquest v\u00eddeo tindreu m\u00e9s informaci\u00f3 de la nostra escola:<br \/>\n<a href=\"https:\/\/drive.google.com\/file\/d\/1Efqp7YhDE-3gDbfsSEq1CMn69ni1s-c_\/view?usp=sharing\">https:\/\/drive.google.com\/file\/d\/1Efqp7YhDE-3gDbfsSEq1CMn69ni1s-c_\/view?usp=sharing<\/a><\/p>\n","protected":false},"author":1,"featured_media":0,"parent":0,"menu_order":0,"comment_status":"closed","ping_status":"closed","template":"page-templates\/side-menu.php","meta":{"_bbp_topic_count":0,"_bbp_reply_count":0,"_bbp_total_topic_count":0,"_bbp_total_reply_count":0,"_bbp_voice_count":0,"_bbp_anonymous_reply_count":0,"_bbp_topic_count_hidden":0,"_bbp_reply_count_hidden":0,"_bbp_forum_subforum_count":0,"footnotes":""},"class_list":["post-22","page","type-page","status-publish","hentry"],"post_mailing_queue_ids":[],"_links":{"self":[{"href":"https:\/\/agora.xtec.cat\/ceip-santjordi-oliana\/wp-json\/wp\/v2\/pages\/22","targetHints":{"allow":["GET"]}}],"collection":[{"href":"https:\/\/agora.xtec.cat\/ceip-santjordi-oliana\/wp-json\/wp\/v2\/pages"}],"about":[{"href":"https:\/\/agora.xtec.cat\/ceip-santjordi-oliana\/wp-json\/wp\/v2\/types\/page"}],"author":[{"embeddable":true,"href":"https:\/\/agora.xtec.cat\/ceip-santjordi-oliana\/wp-json\/wp\/v2\/users\/1"}],"replies":[{"embeddable":true,"href":"https:\/\/agora.xtec.cat\/ceip-santjordi-oliana\/wp-json\/wp\/v2\/comments?post=22"}],"version-history":[{"count":3,"href":"https:\/\/agora.xtec.cat\/ceip-santjordi-oliana\/wp-json\/wp\/v2\/pages\/22\/revisions"}],"predecessor-version":[{"id":921,"href":"https:\/\/agora.xtec.cat\/ceip-santjordi-oliana\/wp-json\/wp\/v2\/pages\/22\/revisions\/921"}],"wp:attachment":[{"href":"https:\/\/agora.xtec.cat\/ceip-santjordi-oliana\/wp-json\/wp\/v2\/media?parent=22"}],"curies":[{"name":"wp","href":"https:\/\/api.w.org\/{rel}","templated":true}]}}