{"id":71,"date":"2014-09-18T12:44:56","date_gmt":"2014-09-18T11:44:56","guid":{"rendered":"http:\/\/agora.xtec.cat\/ceip-santjordi-montmelo\/?page_id=71"},"modified":"2019-12-20T19:12:03","modified_gmt":"2019-12-20T18:12:03","slug":"serveis-digitals","status":"publish","type":"page","link":"https:\/\/agora.xtec.cat\/ceip-santjordi-montmelo\/serveis\/serveis-digitals\/","title":{"rendered":"Serveis digitals"},"content":{"rendered":"<p>La tecnologia, la inform\u00e0tica, la programaci\u00f3, la rob\u00f2tica\u2026 S\u00f3n conceptes que estan ja impl\u00edcits a la vida del nostre alumnat, fins i tot del que comen\u00e7a a Educaci\u00f3 Infantil.<\/p>\n<p>Dins l\u2019\u00e0mbit escolar, hem impulsat de forma preferent i continuada\u00a0 la utilitzaci\u00f3 de les noves tecnologies, a mesura que aquestes es desenvolupen, perqu\u00e8 creiem important que els alumnes arribin a assolir els elements b\u00e0sics que conformen l\u2019actual societat: el domini del camp visual i l\u2019acc\u00e9s a la informaci\u00f3 i el seu tractament.<\/p>\n<p>\u00c9s per aquesta ra\u00f3 que els i les alumnes de CM i CS treballen mitjan\u00e7ant les aplicacions de Google Apps for Education amb l\u2019\u00fas del correu electr\u00f2nic, Google Drive, Calendari i Classroom. A m\u00e9s treballem amb multitud d&#8217;APP&#8217;s Android per refor\u00e7ar i ampliar el proc\u00e9s d&#8217;aprenentatge dels i les nostres alumnes.<\/p>\n<p>L&#8217;Escola Sant Jordi est\u00e0 present en les diferents xarxes socials: Facebook, Twitter i Instagram.<\/p>\n<p>Twitter: #santjordimontm1<\/p>\n<p>Instagram: #santjordimontmelo<\/p>\n<p>Facebook: @escolasantjordimontmelo<\/p>\n","protected":false},"excerpt":{"rendered":"<p>La tecnologia, la inform\u00e0tica, la programaci\u00f3, la rob\u00f2tica\u2026 S\u00f3n conceptes que estan ja impl\u00edcits a la vida del nostre alumnat, fins i tot del que comen\u00e7a a Educaci\u00f3 Infantil.<br \/>\nDins l\u2019\u00e0mbit escolar, hem impulsat de forma preferent i continuada\u00a0 la utilitzaci\u00f3 de les noves tecnologies, a&hellip;  <a href=\"https:\/\/agora.xtec.cat\/ceip-santjordi-montmelo\/serveis\/serveis-digitals\/\" title=\"Read Serveis digitals\">Llegeix m\u00e9s\u00bb<\/a><\/p>\n","protected":false},"author":1,"featured_media":0,"parent":66,"menu_order":10,"comment_status":"closed","ping_status":"closed","template":"page-templates\/side-menu.php","meta":{"_bbp_topic_count":0,"_bbp_reply_count":0,"_bbp_total_topic_count":0,"_bbp_total_reply_count":0,"_bbp_voice_count":0,"_bbp_anonymous_reply_count":0,"_bbp_topic_count_hidden":0,"_bbp_reply_count_hidden":0,"_bbp_forum_subforum_count":0,"footnotes":""},"class_list":["post-71","page","type-page","status-publish","hentry"],"post_mailing_queue_ids":[],"_links":{"self":[{"href":"https:\/\/agora.xtec.cat\/ceip-santjordi-montmelo\/wp-json\/wp\/v2\/pages\/71","targetHints":{"allow":["GET"]}}],"collection":[{"href":"https:\/\/agora.xtec.cat\/ceip-santjordi-montmelo\/wp-json\/wp\/v2\/pages"}],"about":[{"href":"https:\/\/agora.xtec.cat\/ceip-santjordi-montmelo\/wp-json\/wp\/v2\/types\/page"}],"author":[{"embeddable":true,"href":"https:\/\/agora.xtec.cat\/ceip-santjordi-montmelo\/wp-json\/wp\/v2\/users\/1"}],"replies":[{"embeddable":true,"href":"https:\/\/agora.xtec.cat\/ceip-santjordi-montmelo\/wp-json\/wp\/v2\/comments?post=71"}],"version-history":[{"count":4,"href":"https:\/\/agora.xtec.cat\/ceip-santjordi-montmelo\/wp-json\/wp\/v2\/pages\/71\/revisions"}],"predecessor-version":[{"id":1643,"href":"https:\/\/agora.xtec.cat\/ceip-santjordi-montmelo\/wp-json\/wp\/v2\/pages\/71\/revisions\/1643"}],"up":[{"embeddable":true,"href":"https:\/\/agora.xtec.cat\/ceip-santjordi-montmelo\/wp-json\/wp\/v2\/pages\/66"}],"wp:attachment":[{"href":"https:\/\/agora.xtec.cat\/ceip-santjordi-montmelo\/wp-json\/wp\/v2\/media?parent=71"}],"curies":[{"name":"wp","href":"https:\/\/api.w.org\/{rel}","templated":true}]}}