{"id":38,"date":"2014-09-18T12:34:08","date_gmt":"2014-09-18T11:34:08","guid":{"rendered":"http:\/\/agora.xtec.cat\/ceip-santjordi-montmelo\/?page_id=38"},"modified":"2019-12-20T19:08:57","modified_gmt":"2019-12-20T18:08:57","slug":"salut","status":"publish","type":"page","link":"https:\/\/agora.xtec.cat\/ceip-santjordi-montmelo\/lescola\/salut\/","title":{"rendered":"Salut"},"content":{"rendered":"<p>El car\u00e0cter d&#8217;aquesta \u00e9s b\u00e0sicament informatiu. En aquesta secci\u00f3\u00a0farem refer\u00e8ncia directa a q\u00fcestions de salut que afectin directament als alumnes del centre. Entre d&#8217;altres trobareu documents referents a:\u00a0<strong>medicaments<\/strong>, <strong>al\u00b7l\u00e8rgies<\/strong> i <strong>par\u00e0sits<\/strong>.<\/p>\n<ul>\n<li>Medicaments<\/li>\n<\/ul>\n<p><a href=\"https:\/\/agora.xtec.cat\/ceip-santjordi-montmelo\/wp-content\/uploads\/usu1466\/2018\/11\/Recomanacions-per-administrar-paracetamol-1.pdf\">Recomanacions per administrar paracetamol<\/a><\/p>\n<ul>\n<li>Al\u00b7l\u00e8rgies<\/li>\n<\/ul>\n<p>L\u2019al\u00b7l\u00e8rgia \u00e9s una malaltia molt freq\u00fcent. M\u00e9s de 17 milions de persones pateixen algun tipus d\u2019al\u00b7l\u00e8rgia a Europa. El 10% dels infants entre 6-14 anys pateixen algun tipus d\u2019al\u00b7l\u00e8rgia. D\u2019aquestes, entre 0,3% i el 7,5% segons els diferents autors, s\u00f3n al\u00b7l\u00e8rgies a aliments. I, com que l\u2019escola \u00e9s un espai on desenvolupant bona part de la vida els infants, i alguns d\u2019aquests podem patir alguna mena d\u2019al\u00b7l\u00e8rgia, \u00e9s important que l\u2019escola conegui aquest problema i s\u00e0piga com s\u2019ha d\u2019afrontar.<\/p>\n<p>Davant d\u2019una reacci\u00f3 al\u00b7l\u00e8rgica els pares han de saber actuar i l\u2019escola, tamb\u00e9. \u00c9s per aquesta ra\u00f3 que \u00e9s necessari disposar d\u2019una fitxa personalitzada de cada alumne que pateixi una al\u00b7l\u00e8rgia amb les recomanacions d\u2019actuaci\u00f3.<\/p>\n<ul>\n<li>Par\u00e0sits<\/li>\n<\/ul>\n<p>-Departament de Salut &#8211; Generalitat de Catalunya:\u00a0<span style=\"font-family: inherit; font-size: 1em;\">Documentaci\u00f3 per tractar els polls:<\/span> <a style=\"font-family: inherit; font-size: 1em;\" href=\"https:\/\/agora.xtec.cat\/ceip-santjordi-montmelo\/wp-content\/uploads\/usu1466\/2018\/11\/Polls.pdf\">Polls<\/a><\/p>\n<p>-P\u00e0gines web:<\/p>\n<p><a href=\"http:\/\/canalsalut.gencat.cat\/ca\/detalls\/article\/Polls-00001\">http:\/\/canalsalut.gencat.cat\/ca\/detalls\/article\/Polls-00001<\/a><\/p>\n<p><a href=\"http:\/\/www.ccma.cat\/tv3\/alacarta\/programa\/Polls\/video\/3367290\/\">http:\/\/www.ccma.cat\/tv3\/alacarta\/programa\/Polls\/video\/3367290\/<\/a><\/p>\n<p>-Video TV3 \u2013 Qu\u00e8 qui com sobre els polls: \u00a0<a href=\"http:\/\/www.tv3.cat\/videos\/982239\">http:\/\/www.tv3.cat\/videos\/982239<\/a><\/p>\n<p>&nbsp;<\/p>\n<p>&nbsp;<\/p>\n<p>&nbsp;<\/p>\n<p>&nbsp;<\/p>\n<p>&nbsp;<\/p>\n","protected":false},"excerpt":{"rendered":"<p>El car\u00e0cter d&#8217;aquesta \u00e9s b\u00e0sicament informatiu. En aquesta secci\u00f3\u00a0farem refer\u00e8ncia directa a q\u00fcestions de salut que afectin directament als alumnes del centre. Entre d&#8217;altres trobareu documents referents a:\u00a0medicaments, al\u00b7l\u00e8rgies i par\u00e0sits.<\/p>\n<ul>\n<li>Medicaments<\/li>\n<\/ul>\n<p><a href=\"https:\/\/agora.xtec.cat\/ceip-santjordi-montmelo\/wp-content\/uploads\/usu1466\/2018\/11\/Recomanacions-per-administrar-paracetamol-1.pdf\">Recomanacions per administrar paracetamol<\/a><\/p>\n<ul>\n<li>Al\u00b7l\u00e8rgies<\/li>\n<\/ul>\n<p>L\u2019al\u00b7l\u00e8rgia \u00e9s una malaltia molt freq\u00fcent. M\u00e9s de 17 milions de&hellip;  <a href=\"https:\/\/agora.xtec.cat\/ceip-santjordi-montmelo\/lescola\/salut\/\" title=\"Read Salut\">Llegeix m\u00e9s\u00bb<\/a><\/p>\n","protected":false},"author":1,"featured_media":0,"parent":22,"menu_order":80,"comment_status":"closed","ping_status":"closed","template":"page-templates\/side-menu.php","meta":{"_bbp_topic_count":0,"_bbp_reply_count":0,"_bbp_total_topic_count":0,"_bbp_total_reply_count":0,"_bbp_voice_count":0,"_bbp_anonymous_reply_count":0,"_bbp_topic_count_hidden":0,"_bbp_reply_count_hidden":0,"_bbp_forum_subforum_count":0,"footnotes":""},"class_list":["post-38","page","type-page","status-publish","hentry"],"post_mailing_queue_ids":[],"_links":{"self":[{"href":"https:\/\/agora.xtec.cat\/ceip-santjordi-montmelo\/wp-json\/wp\/v2\/pages\/38","targetHints":{"allow":["GET"]}}],"collection":[{"href":"https:\/\/agora.xtec.cat\/ceip-santjordi-montmelo\/wp-json\/wp\/v2\/pages"}],"about":[{"href":"https:\/\/agora.xtec.cat\/ceip-santjordi-montmelo\/wp-json\/wp\/v2\/types\/page"}],"author":[{"embeddable":true,"href":"https:\/\/agora.xtec.cat\/ceip-santjordi-montmelo\/wp-json\/wp\/v2\/users\/1"}],"replies":[{"embeddable":true,"href":"https:\/\/agora.xtec.cat\/ceip-santjordi-montmelo\/wp-json\/wp\/v2\/comments?post=38"}],"version-history":[{"count":3,"href":"https:\/\/agora.xtec.cat\/ceip-santjordi-montmelo\/wp-json\/wp\/v2\/pages\/38\/revisions"}],"predecessor-version":[{"id":1642,"href":"https:\/\/agora.xtec.cat\/ceip-santjordi-montmelo\/wp-json\/wp\/v2\/pages\/38\/revisions\/1642"}],"up":[{"embeddable":true,"href":"https:\/\/agora.xtec.cat\/ceip-santjordi-montmelo\/wp-json\/wp\/v2\/pages\/22"}],"wp:attachment":[{"href":"https:\/\/agora.xtec.cat\/ceip-santjordi-montmelo\/wp-json\/wp\/v2\/media?parent=38"}],"curies":[{"name":"wp","href":"https:\/\/api.w.org\/{rel}","templated":true}]}}