{"id":30,"date":"2014-09-18T12:30:23","date_gmt":"2014-09-18T11:30:23","guid":{"rendered":"http:\/\/agora.xtec.cat\/ceip-santjordi-montmelo\/?page_id=30"},"modified":"2018-10-29T16:19:29","modified_gmt":"2018-10-29T15:19:29","slug":"instal%c2%b7lacions","status":"publish","type":"page","link":"https:\/\/agora.xtec.cat\/ceip-santjordi-montmelo\/lescola\/instal%c2%b7lacions\/","title":{"rendered":"Instal\u00b7lacions"},"content":{"rendered":"<p>L\u2019edifici disposa de tres plantes:<\/p>\n<p>&#8211; Planta soterrani: hi ha un gimn\u00e0s amb escenari, els vestuaris amb dutxes, uns lavabos i la<br \/>\ncaldera. Aquest pis t\u00e9 acc\u00e9s directe al pati de cicle inicial i 3r i a la pista, que \u00e9s el pati de<br \/>\ncicle superior i 4t.<\/p>\n<p>&#8211; Planta baixa: s\u2019hi entra directament des de l\u2019entrada principal , on es troba el despatx de<br \/>\nl\u2019AMPA. Hi ha un gran vest\u00edbul des d\u2019on es distribueixen els diferents espais.<br \/>\nA m\u00e0 esquerra, hi trobem: una petita habitaci\u00f3 de serveis, el despatx de direcci\u00f3 i la<br \/>\nsecretaria, tres lavabos de mestres, un magatzem de material, la sala de<br \/>\nfotocopiadores, la sala de mestres, uns lavabos per a l\u2019alumnat, l\u2019ascensor i el<br \/>\nmenjador i la cuina.<\/p>\n<p>A m\u00e0 dreta, s\u2019hi troba: la biblioteca, una petita aula de refor\u00e7, una aula d\u2019educaci\u00f3<br \/>\nespecial i l\u2019aula d\u2019inform\u00e0tica. Des d\u2019aqu\u00ed, surt un passad\u00eds que ens porta a les 6<br \/>\naules d\u2019educaci\u00f3 infantil, l\u2019aula de m\u00fasica, l\u2019aula de psicomotricitat, una aula de<br \/>\nrefor\u00e7 i una petita tutoria per al material educatiu. Totes les aules tenen acc\u00e9s<br \/>\ndirecte al pati d\u2019educaci\u00f3 infantil.<\/p>\n<p>&#8211; Primera planta: s\u2019hi puja per l\u2019escala del primer pis i hi trobem 14 aules de tutoria, una aula<br \/>\nd\u2019angl\u00e8s, una aula d\u2019educaci\u00f3 especial, una aula de religi\u00f3, dos lavabos per a mestres i dos<br \/>\nper a l\u2019alumnat, dues tutories per al material educatiu i un magatzem.<\/p>\n","protected":false},"excerpt":{"rendered":"<p>L\u2019edifici disposa de tres plantes:<br \/>\n&#8211; Planta soterrani: hi ha un gimn\u00e0s amb escenari, els vestuaris amb dutxes, uns lavabos i la<br \/>\ncaldera. Aquest pis t\u00e9 acc\u00e9s directe al pati de cicle inicial i 3r i a la pista, que \u00e9s el pati de<br \/>\ncicle superior i 4t.<br \/>\n&#8211;&hellip;  <a href=\"https:\/\/agora.xtec.cat\/ceip-santjordi-montmelo\/lescola\/instal%c2%b7lacions\/\" title=\"Read Instal\u00b7lacions\">Llegeix m\u00e9s\u00bb<\/a><\/p>\n","protected":false},"author":1,"featured_media":0,"parent":22,"menu_order":40,"comment_status":"closed","ping_status":"closed","template":"page-templates\/side-menu.php","meta":{"_bbp_topic_count":0,"_bbp_reply_count":0,"_bbp_total_topic_count":0,"_bbp_total_reply_count":0,"_bbp_voice_count":0,"_bbp_anonymous_reply_count":0,"_bbp_topic_count_hidden":0,"_bbp_reply_count_hidden":0,"_bbp_forum_subforum_count":0,"footnotes":""},"class_list":["post-30","page","type-page","status-publish","hentry"],"post_mailing_queue_ids":[],"_links":{"self":[{"href":"https:\/\/agora.xtec.cat\/ceip-santjordi-montmelo\/wp-json\/wp\/v2\/pages\/30","targetHints":{"allow":["GET"]}}],"collection":[{"href":"https:\/\/agora.xtec.cat\/ceip-santjordi-montmelo\/wp-json\/wp\/v2\/pages"}],"about":[{"href":"https:\/\/agora.xtec.cat\/ceip-santjordi-montmelo\/wp-json\/wp\/v2\/types\/page"}],"author":[{"embeddable":true,"href":"https:\/\/agora.xtec.cat\/ceip-santjordi-montmelo\/wp-json\/wp\/v2\/users\/1"}],"replies":[{"embeddable":true,"href":"https:\/\/agora.xtec.cat\/ceip-santjordi-montmelo\/wp-json\/wp\/v2\/comments?post=30"}],"version-history":[{"count":3,"href":"https:\/\/agora.xtec.cat\/ceip-santjordi-montmelo\/wp-json\/wp\/v2\/pages\/30\/revisions"}],"predecessor-version":[{"id":491,"href":"https:\/\/agora.xtec.cat\/ceip-santjordi-montmelo\/wp-json\/wp\/v2\/pages\/30\/revisions\/491"}],"up":[{"embeddable":true,"href":"https:\/\/agora.xtec.cat\/ceip-santjordi-montmelo\/wp-json\/wp\/v2\/pages\/22"}],"wp:attachment":[{"href":"https:\/\/agora.xtec.cat\/ceip-santjordi-montmelo\/wp-json\/wp\/v2\/media?parent=30"}],"curies":[{"name":"wp","href":"https:\/\/api.w.org\/{rel}","templated":true}]}}