{"id":28,"date":"2014-09-18T12:29:35","date_gmt":"2014-09-18T11:29:35","guid":{"rendered":"http:\/\/agora.xtec.cat\/ceip-santjordi-montmelo\/?page_id=28"},"modified":"2023-12-23T17:02:22","modified_gmt":"2023-12-23T16:02:22","slug":"consell-escolar","status":"publish","type":"page","link":"https:\/\/agora.xtec.cat\/ceip-santjordi-montmelo\/lescola\/consell-escolar\/","title":{"rendered":"Consell escolar"},"content":{"rendered":"<p><strong>El Consell Escolar<\/strong><\/p>\n<p><strong>1.\u00a0<\/strong>El consell escolar \u00e9s l\u2019\u00f2rgan de participaci\u00f3 de la comunitat escolar en el govern del centre. Correspon al Departament establir mesures perqu\u00e8 aquesta participaci\u00f3 sigui efectiva i, tamb\u00e9, determinar el nombre i el procediment d\u2019elecci\u00f3 dels membres del consell.<\/p>\n<p><strong>2.<\/strong> Corresponen al consell escolar les funcions seg\u00fcents:<\/p>\n<table style=\"height: 1016px;\" width=\"729\">\n<tbody>\n<tr>\n<td style=\"width: 46.3636px;\"><strong>a)<\/strong><\/td>\n<td style=\"width: 674.545px;\">Avaluar el projecte educatiu i les modificacions corresponents per una majoria de tres cinquenes parts dels membres.<\/td>\n<\/tr>\n<tr>\n<td style=\"width: 46.3636px;\"><strong>b)<\/strong><\/td>\n<td style=\"width: 674.545px;\">Avaluar la programaci\u00f3 general anual del centre i avaluar-ne el desenvolupament i els resultats.<\/td>\n<\/tr>\n<tr>\n<td style=\"width: 46.3636px;\"><strong>c)<\/strong><\/td>\n<td style=\"width: 674.545px;\">Avaluar les propostes d\u2019acords de coresponsabilitat, convenis i altres acords de col\u00b7laboraci\u00f3 del centre amb entitats o institucions.<\/td>\n<\/tr>\n<tr>\n<td style=\"width: 46.3636px;\"><strong>d)<\/strong><\/td>\n<td style=\"width: 674.545px;\">Avaluar les normes d\u2019organitzaci\u00f3 i funcionament i les modificacions corresponents.<\/td>\n<\/tr>\n<tr>\n<td style=\"width: 46.3636px;\"><strong>e)<\/strong><\/td>\n<td style=\"width: 674.545px;\">Avaluar la carta de comprom\u00eds educatiu.<\/td>\n<\/tr>\n<tr>\n<td style=\"width: 46.3636px;\"><strong>f)<\/strong><\/td>\n<td style=\"width: 674.545px;\">Avaluar el pressupost del centre i el rendiment de comptes.<\/td>\n<\/tr>\n<tr>\n<td style=\"width: 46.3636px;\"><strong>g)<\/strong><\/td>\n<td style=\"width: 674.545px;\">Intervenir en el procediment d\u2019admissi\u00f3 d\u2019alumnes.<\/td>\n<\/tr>\n<tr>\n<td style=\"width: 46.3636px;\"><strong>h)<\/strong><\/td>\n<td style=\"width: 674.545px;\">Participar en el procediment de selecci\u00f3 i en la proposta de cessament del director\/a.<\/td>\n<\/tr>\n<tr>\n<td style=\"width: 46.3636px;\"><strong>i)<\/strong><\/td>\n<td style=\"width: 674.545px;\">Intervenir en la resoluci\u00f3 dels conflictes i, si escau, revisar les sancions als alumnes.<\/td>\n<\/tr>\n<tr>\n<td style=\"width: 46.3636px;\"><strong>j)<\/strong><\/td>\n<td style=\"width: 674.545px;\">Avaluar les directrius per a la programaci\u00f3 d\u2019activitats escolars complement\u00e0ries i\u00a0<span style=\"font-family: inherit; font-size: 0.875em;\">d\u2019activitats extraescolars, i avaluar-ne el desenvolupament.<\/span><\/td>\n<\/tr>\n<tr>\n<td style=\"width: 46.3636px;\"><strong>k)<\/strong><\/td>\n<td style=\"width: 674.545px;\">Participar en les an\u00e0lisis i les avaluacions del funcionament general del centre i con\u00e8ixer\u00a0<span style=\"font-family: inherit; font-size: 0.875em;\">l\u2019evoluci\u00f3 del rendiment escolar.<\/span><\/td>\n<\/tr>\n<tr>\n<td style=\"width: 46.3636px;\"><strong>l)<\/strong><\/td>\n<td style=\"width: 674.545px;\">Avaluar els criteris de col\u00b7laboraci\u00f3 amb altres centres i amb l\u2019entorn.<\/td>\n<\/tr>\n<tr>\n<td style=\"width: 46.3636px;\"><strong>m)<\/strong><\/td>\n<td style=\"width: 674.545px;\">Qualsevol altra que li sigui atribu\u00efda per les normes legals o reglament\u00e0ries.<\/td>\n<\/tr>\n<\/tbody>\n<\/table>\n<p><strong>3.<\/strong> El consell escolar ha d\u2019avaluar les seves normes de funcionament. En all\u00f2 que aquestes normes no estableixin, s\u2019apliquen les normes reguladores dels \u00f2rgans col\u00b7legiats de l\u2019Administraci\u00f3 de la Generalitat.<\/p>\n<p><strong>4.<\/strong> El consell escolar actua, normalment, en ple. A l\u2019escola, disposem de comissions espec\u00edfiques d\u2019estudi i informaci\u00f3, a les quals, en tot cas, hi ha un membre del sector de mestres, un membre del sector de pares i mares, el director o directora i el secretari o la secret\u00e0ria. Aquestes comissions s\u00f3n: la permanent, l\u2019econ\u00f2mica, la de manteniment, la de conviv\u00e8ncia i la de menjador. A m\u00e9s, d\u2019entre els membres del Consell, es designa un referent de coeducaci\u00f3 del centre<\/p>\n<p>El Consell Escolar el formen:<\/p>\n<table style=\"height: 237px;\" width=\"725\">\n<tbody>\n<tr>\n<td style=\"width: 221px;\"><strong>Equip directiu<\/strong><\/td>\n<td style=\"width: 496px;\">Anna B., Ricardo R. i Sandra M.<\/td>\n<\/tr>\n<tr>\n<td style=\"width: 221px;\"><strong>Sector mestres<\/strong><\/td>\n<td style=\"width: 496px;\">Cristina R., Vanessa A., Neus M., Gemma P., Mari G., Eva A.<\/td>\n<\/tr>\n<tr>\n<td style=\"width: 221px;\"><strong>Sector pares<\/strong><\/td>\n<td style=\"width: 496px;\">David G., N\u00faria M., M\u00edriam C., Cristina D. i Silvia H.<\/td>\n<\/tr>\n<tr>\n<td style=\"width: 221px;\"><strong>Representant de l&#8217;AMPA<\/strong><\/td>\n<td style=\"width: 496px;\">\u00d3scar G.<\/td>\n<\/tr>\n<tr>\n<td style=\"width: 221px;\"><strong>Representant de l&#8217;Ajuntament<\/strong><\/td>\n<td style=\"width: 496px;\">Chus P.<\/td>\n<\/tr>\n<tr>\n<td style=\"width: 221px;\"><strong>Representant del PAS<\/strong><\/td>\n<td style=\"width: 496px;\">Susana G.<\/td>\n<\/tr>\n<\/tbody>\n<\/table>\n<p>&nbsp;<\/p>\n<p>&nbsp;<\/p>\n","protected":false},"excerpt":{"rendered":"<p>El Consell Escolar<br \/>\n1.\u00a0El consell escolar \u00e9s l\u2019\u00f2rgan de participaci\u00f3 de la comunitat escolar en el govern del centre. Correspon al Departament establir mesures perqu\u00e8 aquesta participaci\u00f3 sigui efectiva i, tamb\u00e9, determinar el nombre i el procediment d\u2019elecci\u00f3 dels membres del consell.<br \/>\n2. Corresponen al consell escolar&hellip;  <a href=\"https:\/\/agora.xtec.cat\/ceip-santjordi-montmelo\/lescola\/consell-escolar\/\" title=\"Read Consell escolar\">Llegeix m\u00e9s\u00bb<\/a><\/p>\n","protected":false},"author":1,"featured_media":0,"parent":22,"menu_order":30,"comment_status":"closed","ping_status":"closed","template":"page-templates\/side-menu.php","meta":{"_bbp_topic_count":0,"_bbp_reply_count":0,"_bbp_total_topic_count":0,"_bbp_total_reply_count":0,"_bbp_voice_count":0,"_bbp_anonymous_reply_count":0,"_bbp_topic_count_hidden":0,"_bbp_reply_count_hidden":0,"_bbp_forum_subforum_count":0,"footnotes":""},"class_list":["post-28","page","type-page","status-publish","hentry"],"post_mailing_queue_ids":[],"_links":{"self":[{"href":"https:\/\/agora.xtec.cat\/ceip-santjordi-montmelo\/wp-json\/wp\/v2\/pages\/28","targetHints":{"allow":["GET"]}}],"collection":[{"href":"https:\/\/agora.xtec.cat\/ceip-santjordi-montmelo\/wp-json\/wp\/v2\/pages"}],"about":[{"href":"https:\/\/agora.xtec.cat\/ceip-santjordi-montmelo\/wp-json\/wp\/v2\/types\/page"}],"author":[{"embeddable":true,"href":"https:\/\/agora.xtec.cat\/ceip-santjordi-montmelo\/wp-json\/wp\/v2\/users\/1"}],"replies":[{"embeddable":true,"href":"https:\/\/agora.xtec.cat\/ceip-santjordi-montmelo\/wp-json\/wp\/v2\/comments?post=28"}],"version-history":[{"count":7,"href":"https:\/\/agora.xtec.cat\/ceip-santjordi-montmelo\/wp-json\/wp\/v2\/pages\/28\/revisions"}],"predecessor-version":[{"id":3453,"href":"https:\/\/agora.xtec.cat\/ceip-santjordi-montmelo\/wp-json\/wp\/v2\/pages\/28\/revisions\/3453"}],"up":[{"embeddable":true,"href":"https:\/\/agora.xtec.cat\/ceip-santjordi-montmelo\/wp-json\/wp\/v2\/pages\/22"}],"wp:attachment":[{"href":"https:\/\/agora.xtec.cat\/ceip-santjordi-montmelo\/wp-json\/wp\/v2\/media?parent=28"}],"curies":[{"name":"wp","href":"https:\/\/api.w.org\/{rel}","templated":true}]}}