{"id":1959,"date":"2020-07-20T11:20:27","date_gmt":"2020-07-20T09:20:27","guid":{"rendered":"http:\/\/agora.xtec.cat\/ceip-santjordi-montmelo\/?page_id=1959"},"modified":"2024-02-05T16:20:03","modified_gmt":"2024-02-05T15:20:03","slug":"comunicacions","status":"publish","type":"page","link":"https:\/\/agora.xtec.cat\/ceip-santjordi-montmelo\/comunicacions\/","title":{"rendered":"Manuals"},"content":{"rendered":"<p><strong><a href=\"https:\/\/internetsegura.cat\/\">Internet segura<\/a>\u00a0TOKAPP<\/strong><a href=\"https:\/\/agora.xtec.cat\/ceip-santjordi-montmelo\/wp-content\/uploads\/usu1466\/2020\/07\/logoSchool.png\"><img loading=\"lazy\" decoding=\"async\" class=\"alignnone wp-image-1970\" src=\"https:\/\/agora.xtec.cat\/ceip-santjordi-montmelo\/wp-content\/uploads\/usu1466\/2020\/07\/logoSchool.png\" alt=\"\" width=\"40\" height=\"40\" srcset=\"https:\/\/agora.xtec.cat\/ceip-santjordi-montmelo\/wp-content\/uploads\/usu1466\/2020\/07\/logoSchool.png 250w, https:\/\/agora.xtec.cat\/ceip-santjordi-montmelo\/wp-content\/uploads\/usu1466\/2020\/07\/logoSchool-150x150.png 150w\" sizes=\"auto, (max-width: 40px) 100vw, 40px\" \/><\/a><\/p>\n<p><a href=\"https:\/\/drive.google.com\/file\/d\/1E4EShMtxQv1cICTfGCUkVMqO9dYk945t\/view?usp=sharing\">Inici de Tokapp<\/a><\/p>\n<p><a href=\"https:\/\/agora.xtec.cat\/ceip-santjordi-montmelo\/wp-content\/uploads\/usu1466\/2020\/07\/Manual-Usuarios-Tokapp.pdf\">Fem servir Tokapp<\/a><\/p>\n<p><a href=\"https:\/\/tokapp.com\/blog\/categoria\/ayuda\/para-usuarios-padres-alumnos-alumnas\/problemas-con-las-notificaciones\/\">Problemes amb les notificacions<\/a><\/p>\n<p><a href=\"https:\/\/tokapp.com\/blog\/ayuda\/general\/preguntas-frecuentes\/que-debo-hacer-si-olvido-mi-contrasena\/\">No recordo la contrasenya<\/a><\/p>\n<p><strong>CORREU ELECTRONIC <a style=\"font-family: inherit; font-size: 1em;\" href=\"https:\/\/agora.xtec.cat\/ceip-santjordi-montmelo\/wp-content\/uploads\/usu1466\/2020\/07\/800px-Gmail_Icon.svg_.png\"><img loading=\"lazy\" decoding=\"async\" class=\"alignnone wp-image-1972\" src=\"https:\/\/agora.xtec.cat\/ceip-santjordi-montmelo\/wp-content\/uploads\/usu1466\/2020\/07\/800px-Gmail_Icon.svg_.png\" alt=\"\" width=\"56\" height=\"41\" srcset=\"https:\/\/agora.xtec.cat\/ceip-santjordi-montmelo\/wp-content\/uploads\/usu1466\/2020\/07\/800px-Gmail_Icon.svg_.png 800w, https:\/\/agora.xtec.cat\/ceip-santjordi-montmelo\/wp-content\/uploads\/usu1466\/2020\/07\/800px-Gmail_Icon.svg_-300x218.png 300w, https:\/\/agora.xtec.cat\/ceip-santjordi-montmelo\/wp-content\/uploads\/usu1466\/2020\/07\/800px-Gmail_Icon.svg_-768x559.png 768w, https:\/\/agora.xtec.cat\/ceip-santjordi-montmelo\/wp-content\/uploads\/usu1466\/2020\/07\/800px-Gmail_Icon.svg_-200x150.png 200w\" sizes=\"auto, (max-width: 56px) 100vw, 56px\" \/><\/a> i CLASSROOM <a style=\"color: #2795b6;\" href=\"https:\/\/agora.xtec.cat\/ceip-santjordi-montmelo\/wp-content\/uploads\/usu1466\/2020\/07\/maxresdefault.jpg\"><img loading=\"lazy\" decoding=\"async\" class=\"alignnone wp-image-1971\" src=\"https:\/\/agora.xtec.cat\/ceip-santjordi-montmelo\/wp-content\/uploads\/usu1466\/2020\/07\/maxresdefault-1024x576.jpg\" alt=\"\" width=\"69\" height=\"39\" srcset=\"https:\/\/agora.xtec.cat\/ceip-santjordi-montmelo\/wp-content\/uploads\/usu1466\/2020\/07\/maxresdefault-1024x576.jpg 1024w, https:\/\/agora.xtec.cat\/ceip-santjordi-montmelo\/wp-content\/uploads\/usu1466\/2020\/07\/maxresdefault-300x169.jpg 300w, https:\/\/agora.xtec.cat\/ceip-santjordi-montmelo\/wp-content\/uploads\/usu1466\/2020\/07\/maxresdefault-768x432.jpg 768w, https:\/\/agora.xtec.cat\/ceip-santjordi-montmelo\/wp-content\/uploads\/usu1466\/2020\/07\/maxresdefault.jpg 1280w\" sizes=\"auto, (max-width: 69px) 100vw, 69px\" \/><\/a><\/strong><\/p>\n<p><iframe loading=\"lazy\" src=\"\/\/www.youtube.com\/embed\/QQskoBN5tPY\" width=\"560\" height=\"315\" frameborder=\"0\"><\/iframe><\/p>\n<p><iframe loading=\"lazy\" src=\"\/\/www.youtube.com\/embed\/kwNN2OBxA6Y\" width=\"560\" height=\"315\" frameborder=\"0\"><\/iframe><\/p>\n<p><a href=\"https:\/\/agora.xtec.cat\/ceip-santjordi-montmelo\/wp-content\/uploads\/usu1466\/2020\/08\/Manual-per-accedir-al-correu-electr\u00f2nic-i-classroom-pc.pdf\">Manual per accedir al correu electr\u00f2nic i classroom pc<\/a><\/p>\n<p><a href=\"https:\/\/agora.xtec.cat\/ceip-santjordi-montmelo\/wp-content\/uploads\/usu1466\/2020\/08\/Manual-per-accedir-al-correu-electr\u00f2nic-i-classroom-android.pdf\">Manual per accedir al correu electr\u00f2nic i classroom android<\/a><\/p>\n<p><a style=\"color: #2795b6;\" href=\"https:\/\/agora.xtec.cat\/ceip-santjordi-montmelo\/wp-content\/uploads\/usu1466\/2020\/08\/Manual-Classroom-no-em-surt-la-meva-classe.pdf\">Manual Classroom: no em surt la meva classe<\/a><\/p>\n<p><a href=\"https:\/\/agora.xtec.cat\/ceip-santjordi-montmelo\/wp-content\/uploads\/usu1466\/2020\/07\/Manual-per-penjar-les-teves-activitats-al-Classroom.pdf\">Manual per penjar les teves activitats al Classroom<\/a><\/p>\n<p><a href=\"https:\/\/agora.xtec.cat\/ceip-santjordi-montmelo\/wp-content\/uploads\/usu1466\/2020\/08\/Manual-per-penjar-un-document-de-Google-al-Classroom.pdf\">Manual per penjar un document de Google al Classroom<\/a><\/p>\n<p><strong>VIDEOCONFERENCIES MEET <a href=\"https:\/\/agora.xtec.cat\/ceip-santjordi-montmelo\/wp-content\/uploads\/usu1466\/2020\/07\/1200px-Google_Meet_text_logo_dark.svg_.png\"><img loading=\"lazy\" decoding=\"async\" class=\"alignnone wp-image-1978\" src=\"https:\/\/agora.xtec.cat\/ceip-santjordi-montmelo\/wp-content\/uploads\/usu1466\/2020\/07\/1200px-Google_Meet_text_logo_dark.svg_-1024x381.png\" alt=\"\" width=\"113\" height=\"42\" srcset=\"https:\/\/agora.xtec.cat\/ceip-santjordi-montmelo\/wp-content\/uploads\/usu1466\/2020\/07\/1200px-Google_Meet_text_logo_dark.svg_-1024x381.png 1024w, https:\/\/agora.xtec.cat\/ceip-santjordi-montmelo\/wp-content\/uploads\/usu1466\/2020\/07\/1200px-Google_Meet_text_logo_dark.svg_-300x112.png 300w, https:\/\/agora.xtec.cat\/ceip-santjordi-montmelo\/wp-content\/uploads\/usu1466\/2020\/07\/1200px-Google_Meet_text_logo_dark.svg_-768x286.png 768w, https:\/\/agora.xtec.cat\/ceip-santjordi-montmelo\/wp-content\/uploads\/usu1466\/2020\/07\/1200px-Google_Meet_text_logo_dark.svg_.png 1200w\" sizes=\"auto, (max-width: 113px) 100vw, 113px\" \/><\/a><\/strong><\/p>\n<p><a href=\"https:\/\/drive.google.com\/file\/d\/1D35MZvV4tbVCcyrid83WeDjwV0PoLKUR\/view?usp=sharing\">Manual videotrucada Meet<\/a><\/p>\n<p><a href=\"https:\/\/agora.xtec.cat\/ceip-santjordi-montmelo\/wp-content\/uploads\/usu1466\/2020\/07\/Inici-r\u00e0pid-Google-Meet.pdf\">Inici r\u00e0pid Google Meet<\/a><\/p>\n<p><a href=\"https:\/\/agora.xtec.cat\/ceip-santjordi-montmelo\/wp-content\/uploads\/usu1466\/2020\/07\/Videoconferencies-perfectes.pdf\">Videoconferencies perfectes<\/a><\/p>\n<p><strong>INNOVAMAT (APP A CASA)<\/strong><\/p>\n<p><a href=\"https:\/\/drive.google.com\/file\/d\/1fl7uoMOl-99a_u_JIUQ_BkeLglXIqP6j\/view?usp=sharing\" target=\"_blank\" rel=\"noopener\">Innovamat a casa<\/a><\/p>\n<p><strong>PROTECCI\u00d3 DE DADES (INFORMACI\u00d3)<\/strong><\/p>\n<p><a href=\"https:\/\/apdcat.gencat.cat\/ca\/inici\">Autoritat Catalana de Protecci\u00f3 de Dades<\/a><\/p>\n<p><a href=\"https:\/\/apdcat.gencat.cat\/ca\/menors_i_joves\/\">APDCAT menors_i_joves<\/a><\/p>\n<p><a href=\"http:\/\/internetsegura.cat\">Internet segura<\/a><\/p>\n<p><strong>AULA D&#8217;INFORM\u00c0TICA PER A LES FAM\u00cdLIES<\/strong><\/p>\n<p><a href=\"https:\/\/drive.google.com\/file\/d\/1osHJKClQBkPIf9ukZPkXqxnQ2kecJZzF\/view?usp=drive_link\">Cartell informatiu &#8220;Aula d&#8217;inform\u00e0tica per a les fam\u00edlies&#8221;&#8221;<\/a><\/p>\n<p><a href=\"https:\/\/drive.google.com\/file\/d\/1MZhID8KZqlUutt9RtNcp6XzcvVGnWG3k\/view?usp=drive_link\">Normes d&#8217;\u00fas de l&#8217;aula inform\u00e0tica per les fam\u00edlies<\/a><\/p>\n","protected":false},"excerpt":{"rendered":"<p><a href=\"https:\/\/internetsegura.cat\/\">Internet segura<\/a>\u00a0TOKAPP<a href=\"https:\/\/agora.xtec.cat\/ceip-santjordi-montmelo\/wp-content\/uploads\/usu1466\/2020\/07\/logoSchool.png\"><\/a><br \/>\n<a href=\"https:\/\/drive.google.com\/file\/d\/1E4EShMtxQv1cICTfGCUkVMqO9dYk945t\/view?usp=sharing\">Inici de Tokapp<\/a><br \/>\n<a href=\"https:\/\/agora.xtec.cat\/ceip-santjordi-montmelo\/wp-content\/uploads\/usu1466\/2020\/07\/Manual-Usuarios-Tokapp.pdf\">Fem servir Tokapp<\/a><br \/>\n<a href=\"https:\/\/tokapp.com\/blog\/categoria\/ayuda\/para-usuarios-padres-alumnos-alumnas\/problemas-con-las-notificaciones\/\">Problemes amb les notificacions<\/a><br \/>\n<a href=\"https:\/\/tokapp.com\/blog\/ayuda\/general\/preguntas-frecuentes\/que-debo-hacer-si-olvido-mi-contrasena\/\">No recordo la contrasenya<\/a><br \/>\nCORREU ELECTRONIC <a style=\"font-family: inherit; font-size: 1em;\" href=\"https:\/\/agora.xtec.cat\/ceip-santjordi-montmelo\/wp-content\/uploads\/usu1466\/2020\/07\/800px-Gmail_Icon.svg_.png\"><\/a> i CLASSROOM <a style=\"color: #2795b6;\" href=\"https:\/\/agora.xtec.cat\/ceip-santjordi-montmelo\/wp-content\/uploads\/usu1466\/2020\/07\/maxresdefault.jpg\"><\/a><\/p>\n<p><a href=\"https:\/\/agora.xtec.cat\/ceip-santjordi-montmelo\/wp-content\/uploads\/usu1466\/2020\/08\/Manual-per-accedir-al-correu-electr\u00f2nic-i-classroom-pc.pdf\">Manual per accedir al correu electr\u00f2nic i classroom pc<\/a><br \/>\n<a href=\"https:\/\/agora.xtec.cat\/ceip-santjordi-montmelo\/wp-content\/uploads\/usu1466\/2020\/08\/Manual-per-accedir-al-correu-electr\u00f2nic-i-classroom-android.pdf\">Manual per accedir al correu&hellip;  <a href=\"https:\/\/agora.xtec.cat\/ceip-santjordi-montmelo\/comunicacions\/\" title=\"Read Manuals\">Llegeix m\u00e9s\u00bb<\/a><\/p>\n","protected":false},"author":42,"featured_media":0,"parent":0,"menu_order":0,"comment_status":"closed","ping_status":"closed","template":"","meta":{"_bbp_topic_count":0,"_bbp_reply_count":0,"_bbp_total_topic_count":0,"_bbp_total_reply_count":0,"_bbp_voice_count":0,"_bbp_anonymous_reply_count":0,"_bbp_topic_count_hidden":0,"_bbp_reply_count_hidden":0,"_bbp_forum_subforum_count":0,"footnotes":""},"class_list":["post-1959","page","type-page","status-publish","hentry"],"post_mailing_queue_ids":[],"_links":{"self":[{"href":"https:\/\/agora.xtec.cat\/ceip-santjordi-montmelo\/wp-json\/wp\/v2\/pages\/1959","targetHints":{"allow":["GET"]}}],"collection":[{"href":"https:\/\/agora.xtec.cat\/ceip-santjordi-montmelo\/wp-json\/wp\/v2\/pages"}],"about":[{"href":"https:\/\/agora.xtec.cat\/ceip-santjordi-montmelo\/wp-json\/wp\/v2\/types\/page"}],"author":[{"embeddable":true,"href":"https:\/\/agora.xtec.cat\/ceip-santjordi-montmelo\/wp-json\/wp\/v2\/users\/42"}],"replies":[{"embeddable":true,"href":"https:\/\/agora.xtec.cat\/ceip-santjordi-montmelo\/wp-json\/wp\/v2\/comments?post=1959"}],"version-history":[{"count":4,"href":"https:\/\/agora.xtec.cat\/ceip-santjordi-montmelo\/wp-json\/wp\/v2\/pages\/1959\/revisions"}],"predecessor-version":[{"id":3473,"href":"https:\/\/agora.xtec.cat\/ceip-santjordi-montmelo\/wp-json\/wp\/v2\/pages\/1959\/revisions\/3473"}],"wp:attachment":[{"href":"https:\/\/agora.xtec.cat\/ceip-santjordi-montmelo\/wp-json\/wp\/v2\/media?parent=1959"}],"curies":[{"name":"wp","href":"https:\/\/api.w.org\/{rel}","templated":true}]}}