{"id":80,"date":"2014-09-18T14:09:48","date_gmt":"2014-09-18T13:09:48","guid":{"rendered":"http:\/\/agora.xtec.cat\/ceip-santjordi-lleida\/?page_id=80"},"modified":"2024-11-07T13:51:33","modified_gmt":"2024-11-07T12:51:33","slug":"transport-escolar","status":"publish","type":"page","link":"https:\/\/agora.xtec.cat\/ceip-santjordi-lleida\/serveis\/transport-escolar\/","title":{"rendered":"Transport Escolar"},"content":{"rendered":"<p>La nostra escola es troba ubicada a l\u2019hora de Lleida a una dist\u00e0ncia de 2km aproximadament de la ciutat. Per aquest motiu \u00e9s necessari un mitj\u00e0 de transport per accedir-hi.<\/p>\n<p>Des del curs 22-23 s\u2019ofereix un <strong>servei de monitoratge a la l\u00ednia 8 del bus urb\u00e0<\/strong> per acompanyar als i les alumnes durant el trajecte. Aquest servei compta amb la col\u00b7laboraci\u00f3 de l\u2019Ajuntament, el qual assumeix el cost d\u2019un dels acompanyants. La resta de despesa l&#8217;assumeix cada fam\u00edlia.<\/p>\n<p>Si alguna fam\u00edlia necessita informaci\u00f3 sobre aquest servei que contacti amb la secretaria de l\u2019AFA per correu electr\u00f2nic ampasjordilleida@gmail.com o per tel\u00e8fon: 973 24 50 32.<\/p>\n","protected":false},"excerpt":{"rendered":"<p>La nostra escola es troba ubicada a l\u2019hora de Lleida a una dist\u00e0ncia de 2km aproximadament de la ciutat. Per aquest motiu \u00e9s necessari un mitj\u00e0 de transport per accedir-hi.<br \/>\nDes del curs 22-23 s\u2019ofereix un servei de monitoratge a la l\u00ednia 8 del bus urb\u00e0&hellip;  <a href=\"https:\/\/agora.xtec.cat\/ceip-santjordi-lleida\/serveis\/transport-escolar\/\" title=\"Read Transport Escolar\">Llegeix m\u00e9s\u00bb<\/a><\/p>\n","protected":false},"author":1,"featured_media":0,"parent":66,"menu_order":40,"comment_status":"closed","ping_status":"closed","template":"page-templates\/side-menu.php","meta":{"_bbp_topic_count":0,"_bbp_reply_count":0,"_bbp_total_topic_count":0,"_bbp_total_reply_count":0,"_bbp_voice_count":0,"_bbp_anonymous_reply_count":0,"_bbp_topic_count_hidden":0,"_bbp_reply_count_hidden":0,"_bbp_forum_subforum_count":0,"footnotes":""},"class_list":["post-80","page","type-page","status-publish","hentry"],"post_mailing_queue_ids":[],"_links":{"self":[{"href":"https:\/\/agora.xtec.cat\/ceip-santjordi-lleida\/wp-json\/wp\/v2\/pages\/80","targetHints":{"allow":["GET"]}}],"collection":[{"href":"https:\/\/agora.xtec.cat\/ceip-santjordi-lleida\/wp-json\/wp\/v2\/pages"}],"about":[{"href":"https:\/\/agora.xtec.cat\/ceip-santjordi-lleida\/wp-json\/wp\/v2\/types\/page"}],"author":[{"embeddable":true,"href":"https:\/\/agora.xtec.cat\/ceip-santjordi-lleida\/wp-json\/wp\/v2\/users\/1"}],"replies":[{"embeddable":true,"href":"https:\/\/agora.xtec.cat\/ceip-santjordi-lleida\/wp-json\/wp\/v2\/comments?post=80"}],"version-history":[{"count":6,"href":"https:\/\/agora.xtec.cat\/ceip-santjordi-lleida\/wp-json\/wp\/v2\/pages\/80\/revisions"}],"predecessor-version":[{"id":32468,"href":"https:\/\/agora.xtec.cat\/ceip-santjordi-lleida\/wp-json\/wp\/v2\/pages\/80\/revisions\/32468"}],"up":[{"embeddable":true,"href":"https:\/\/agora.xtec.cat\/ceip-santjordi-lleida\/wp-json\/wp\/v2\/pages\/66"}],"wp:attachment":[{"href":"https:\/\/agora.xtec.cat\/ceip-santjordi-lleida\/wp-json\/wp\/v2\/media?parent=80"}],"curies":[{"name":"wp","href":"https:\/\/api.w.org\/{rel}","templated":true}]}}