{"id":7,"date":"2014-09-17T15:07:41","date_gmt":"2014-09-17T14:07:41","guid":{"rendered":"http:\/\/agora.xtec.cat\/ceip-santjordi-lleida\/?page_id=7"},"modified":"2026-05-14T17:46:58","modified_gmt":"2026-05-14T15:46:58","slug":"pagines-dinici","status":"publish","type":"page","link":"https:\/\/agora.xtec.cat\/ceip-santjordi-lleida\/","title":{"rendered":"PORTADA"},"content":{"rendered":"<p style=\"text-align: center;\"><strong>PREINSCRIPCI\u00d3 I MATR\u00cdCULA CURS 2026-2027<\/strong><a href=\"https:\/\/agora.xtec.cat\/ceip-santjordi-lleida\/wp-content\/uploads\/usu1393\/2026\/03\/Banner.jpg\"><br \/>\n<img loading=\"lazy\" decoding=\"async\" class=\"aligncenter wp-image-33224\" src=\"https:\/\/agora.xtec.cat\/ceip-santjordi-lleida\/wp-content\/uploads\/usu1393\/2026\/03\/Banner-1024x200.jpg\" alt=\"\" width=\"1391\" height=\"272\" srcset=\"https:\/\/agora.xtec.cat\/ceip-santjordi-lleida\/wp-content\/uploads\/usu1393\/2026\/03\/Banner-1024x200.jpg 1024w, https:\/\/agora.xtec.cat\/ceip-santjordi-lleida\/wp-content\/uploads\/usu1393\/2026\/03\/Banner-300x59.jpg 300w, https:\/\/agora.xtec.cat\/ceip-santjordi-lleida\/wp-content\/uploads\/usu1393\/2026\/03\/Banner-768x150.jpg 768w, https:\/\/agora.xtec.cat\/ceip-santjordi-lleida\/wp-content\/uploads\/usu1393\/2026\/03\/Banner-1536x301.jpg 1536w, https:\/\/agora.xtec.cat\/ceip-santjordi-lleida\/wp-content\/uploads\/usu1393\/2026\/03\/Banner.jpg 1900w\" sizes=\"auto, (max-width: 1391px) 100vw, 1391px\" \/><\/a><\/p>\n<p style=\"text-align: center;\"><strong>Presentaci\u00f3 de sol\u00b7licituds de preinscripci\u00f3 per al segon cicle d&#8217;educaci\u00f3 infantil i prim\u00e0ria (del 4\/03\/2026 al 18\/03\/2026, ambd\u00f3s inclosos)<\/strong><\/p>\n<ul>\n<li><a href=\"https:\/\/drive.google.com\/file\/d\/1Nzd6XayNhREOjfKw3qJV3HKHzdaSTyUF\/view?usp=drive_link\">Oferta inicial de places<\/a> (3\/03\/2026)<\/li>\n<li><a href=\"https:\/\/drive.google.com\/file\/d\/1K2d99DNi4Tn2c_mYwNNd70zbZtfDOXC_\/view?usp=drive_link\">Llista de sol\u00b7licituds amb la puntuaci\u00f3 provisional<\/a> (15\/04\/2026)<\/li>\n<li><a href=\"https:\/\/drive.google.com\/file\/d\/12U4anqZp6bsj0etpkEFGvGxQFn9Mun0s\/view?usp=drive_link\">Llista de sol\u00b7licituds amb la puntuaci\u00f3 definitiva<\/a> (23\/04\/2026)<\/li>\n<li>N\u00famero de desempat: 42.129 (28\/04\/2026)<\/li>\n<li><a href=\"https:\/\/drive.google.com\/file\/d\/12U4anqZp6bsj0etpkEFGvGxQFn9Mun0s\/view?usp=drive_link\">Llista de sol\u00b7licituds ordenada<\/a> (29\/04\/2026)<\/li>\n<li>Oferta final de places (10\/06\/2026)<\/li>\n<li>Llista de l&#8217;alumnat amb pla\u00e7a assignada (10\/06\/2026)<\/li>\n<li>Llista d&#8217;espera (10\/06\/2026)<\/li>\n<\/ul>\n","protected":false},"excerpt":{"rendered":"<p>PREINSCRIPCI\u00d3 I MATR\u00cdCULA CURS 2026-2027<a href=\"https:\/\/agora.xtec.cat\/ceip-santjordi-lleida\/wp-content\/uploads\/usu1393\/2026\/03\/Banner.jpg\"><br \/>\n<\/a><br \/>\nPresentaci\u00f3 de sol\u00b7licituds de preinscripci\u00f3 per al segon cicle d&#8217;educaci\u00f3 infantil i prim\u00e0ria (del 4\/03\/2026 al 18\/03\/2026, ambd\u00f3s inclosos)<\/p>\n<ul>\n<li><a href=\"https:\/\/drive.google.com\/file\/d\/1Nzd6XayNhREOjfKw3qJV3HKHzdaSTyUF\/view?usp=drive_link\">Oferta inicial de places<\/a> (3\/03\/2026)<\/li>\n<li><a href=\"https:\/\/drive.google.com\/file\/d\/1K2d99DNi4Tn2c_mYwNNd70zbZtfDOXC_\/view?usp=drive_link\">Llista de sol\u00b7licituds amb la puntuaci\u00f3 provisional<\/a> (15\/04\/2026)<\/li>\n<li><a href=\"https:\/\/drive.google.com\/file\/d\/12U4anqZp6bsj0etpkEFGvGxQFn9Mun0s\/view?usp=drive_link\">Llista de sol\u00b7licituds amb la puntuaci\u00f3 definitiva<\/a> (23\/04\/2026)<\/li>\n<li>N\u00famero&hellip;  <a href=\"https:\/\/agora.xtec.cat\/ceip-santjordi-lleida\/\" title=\"Read PORTADA\">Llegeix m\u00e9s\u00bb<\/a><br \/>\n","protected":false},"author":1,"featured_media":0,"parent":0,"menu_order":0,"comment_status":"closed","ping_status":"closed","template":"page-templates\/front-page.php","meta":{"_bbp_topic_count":0,"_bbp_reply_count":0,"_bbp_total_topic_count":0,"_bbp_total_reply_count":0,"_bbp_voice_count":0,"_bbp_anonymous_reply_count":0,"_bbp_topic_count_hidden":0,"_bbp_reply_count_hidden":0,"_bbp_forum_subforum_count":0,"footnotes":""},"class_list":["post-7","page","type-page","status-publish","hentry"],"post_mailing_queue_ids":[],"_links":{"self":[{"href":"https:\/\/agora.xtec.cat\/ceip-santjordi-lleida\/wp-json\/wp\/v2\/pages\/7","targetHints":{"allow":["GET"]}}],"collection":[{"href":"https:\/\/agora.xtec.cat\/ceip-santjordi-lleida\/wp-json\/wp\/v2\/pages"}],"about":[{"href":"https:\/\/agora.xtec.cat\/ceip-santjordi-lleida\/wp-json\/wp\/v2\/types\/page"}],"author":[{"embeddable":true,"href":"https:\/\/agora.xtec.cat\/ceip-santjordi-lleida\/wp-json\/wp\/v2\/users\/1"}],"replies":[{"embeddable":true,"href":"https:\/\/agora.xtec.cat\/ceip-santjordi-lleida\/wp-json\/wp\/v2\/comments?post=7"}],"version-history":[{"count":7,"href":"https:\/\/agora.xtec.cat\/ceip-santjordi-lleida\/wp-json\/wp\/v2\/pages\/7\/revisions"}],"predecessor-version":[{"id":33440,"href":"https:\/\/agora.xtec.cat\/ceip-santjordi-lleida\/wp-json\/wp\/v2\/pages\/7\/revisions\/33440"}],"wp:attachment":[{"href":"https:\/\/agora.xtec.cat\/ceip-santjordi-lleida\/wp-json\/wp\/v2\/media?parent=7"}],"curies":[{"name":"wp","href":"https:\/\/api.w.org\/{rel}","templated":true}]}}