{"id":64,"date":"2014-09-18T12:39:08","date_gmt":"2014-09-18T11:39:08","guid":{"rendered":"http:\/\/agora.xtec.cat\/ceip-santjordi-lleida\/?page_id=64"},"modified":"2025-10-02T13:21:50","modified_gmt":"2025-10-02T11:21:50","slug":"projecte-educatiu","status":"publish","type":"page","link":"https:\/\/agora.xtec.cat\/ceip-santjordi-lleida\/projecte-educatiu\/","title":{"rendered":"Documents de centre"},"content":{"rendered":"<p>En aquest espai podeu consultar els nostres documents de centre m\u00e9s rellevants.<\/p>\n<p><a href=\"https:\/\/drive.google.com\/open?id=1JQElM56Pxj0O7VgnBSKiACnj-e52DMAw\" target=\"_blank\" rel=\"noopener noreferrer\">PEC:<\/a> document vertebrador del centre. Document que marca la nostra l\u00ednia pedag\u00f2gica, qui som, a qu\u00e8 donem valor&#8230; us en recomanem la seva lectura.<\/p>\n<p><a href=\"https:\/\/drive.google.com\/file\/d\/1jTHSd_NBMxIOBbYFQTsHBojhs8nYKSvb\/view?usp=drive_link\" target=\"_blank\" rel=\"noopener noreferrer\">NOFC<\/a>: Normes d&#8217;organitzaci\u00f3 i funcionament del centre. Document que recull aquestes normes del centre.<\/p>\n<p><a href=\"https:\/\/drive.google.com\/file\/d\/14gsSA2gBrHxR34eeajIc1jteoXGDKC3b\/view?usp=sharing\" target=\"_blank\" rel=\"noopener noreferrer\">PROJECTE ART\u00cdSTIC &#8220;batecs art\u00edstics&#8221;<\/a>: Projecte d&#8217;innovaci\u00f3 de la vessant art\u00edstica.<\/p>\n<p><a href=\"https:\/\/drive.google.com\/file\/d\/1t9ULeOxB4z0th20TASvMjWuOUm33-RN3\/view?usp=share_link\" target=\"_blank\" rel=\"noopener noreferrer\">PLC:<\/a> projecte ling\u00fc\u00edstic de centre, document que parteix d\u2019una reflexi\u00f3 interna del centre, que recull les decisions preses a partir d\u2019aquesta an\u00e0lisi en relaci\u00f3 a l\u2019ensenyament i l\u2019aprenentatge de les lleng\u00fces i que t\u00e9 com a objectiu donar coher\u00e8ncia a la manera d\u2019adquirir-les. \u00c9s un document de reflexi\u00f3 i de presa de decisions que incideix en tots els contextos comunicatius dels centres: aula, centre i entorn.<\/p>\n<p><a href=\"https:\/\/drive.google.com\/file\/d\/1OWiEt5GIiMSkxehZHVptWpUMA_w7-xht\/view?usp=sharing\" target=\"_blank\" rel=\"noopener\">PLA D&#8217;ACOLLIDA<\/a>: aquest \u00e9s un document on es recull el conjunt sistem\u00e0tic d&#8217;actuacions que el centre posa en funcionament per guiar la incorporaci\u00f3 \u00f2ptima dels membres nous de la comunitat educativa en la vida i la cultura quotidianes.<\/p>\n<p><a href=\"https:\/\/drive.google.com\/file\/d\/1ryUHmcprz-R-K2jV_R2kiLa64Lvt86vN\/view?usp=sharing\" target=\"_blank\" rel=\"noopener\">PROJECTE DE CONVIV\u00c8NCIA<\/a>: aquest document reflecteix les accions que el centre educatiu desenvolupa per capacitar tot l\u2019alumnat i la resta de la comunitat escolar per a la conviv\u00e8ncia i la gesti\u00f3 positiva dels conflictes.<\/p>\n<p><a href=\"https:\/\/drive.google.com\/open?id=1Z6cikgK18olAFrRtd9O8Z2jXeQ9hXww-\" target=\"_blank\" rel=\"noopener noreferrer\">PLA DE FUNCIONAMENT DE MENJADOR<\/a>: document que regula l&#8217;organitzaci\u00f3, gesti\u00f3 i funcionament del menjador escolar.<\/p>\n<p><a href=\"https:\/\/drive.google.com\/file\/d\/1kXJTdWz-5kwmn0TwIfadmnC9PmTx8F1x\/view?usp=share_link\" target=\"_blank\" rel=\"noopener\">CARTA DE COMPROM\u00cdS EDUCATIU:<\/a> <span dir=\"ltr\" role=\"presentation\"> document que situa, facilita i afavoreix la cooperaci\u00f3 entre les<\/span> <span dir=\"ltr\" role=\"presentation\">accions educatives de les fam\u00edlies i la del centre educatiu.<\/span><\/p>\n<p><a href=\"https:\/\/drive.google.com\/file\/d\/1VxG_-F7n-sLQuuzTX2KznWbR0F79f8cL\/view?usp=sharing\" target=\"_blank\" rel=\"noopener\">PLA COMUNICACI\u00d3<\/a>: document que estableix com, quan i per quins canals es fan les comunicacions internes i externes del centre.<\/p>\n","protected":false},"excerpt":{"rendered":"<p>En aquest espai podeu consultar els nostres documents de centre m\u00e9s rellevants.<br \/>\n<a href=\"https:\/\/drive.google.com\/open?id=1JQElM56Pxj0O7VgnBSKiACnj-e52DMAw\" target=\"_blank\" rel=\"noopener noreferrer\">PEC:<\/a> document vertebrador del centre. Document que marca la nostra l\u00ednia pedag\u00f2gica, qui som, a qu\u00e8 donem valor&#8230; us en recomanem la seva lectura.<br \/>\n<a href=\"https:\/\/drive.google.com\/file\/d\/1jTHSd_NBMxIOBbYFQTsHBojhs8nYKSvb\/view?usp=drive_link\" target=\"_blank\" rel=\"noopener noreferrer\">NOFC<\/a>: Normes d&#8217;organitzaci\u00f3&hellip;  <a href=\"https:\/\/agora.xtec.cat\/ceip-santjordi-lleida\/projecte-educatiu\/\" title=\"Read Documents de centre\">Llegeix m\u00e9s\u00bb<\/a><\/p>\n","protected":false},"author":1,"featured_media":0,"parent":0,"menu_order":0,"comment_status":"closed","ping_status":"closed","template":"page-templates\/side-menu.php","meta":{"_bbp_topic_count":0,"_bbp_reply_count":0,"_bbp_total_topic_count":0,"_bbp_total_reply_count":0,"_bbp_voice_count":0,"_bbp_anonymous_reply_count":0,"_bbp_topic_count_hidden":0,"_bbp_reply_count_hidden":0,"_bbp_forum_subforum_count":0,"footnotes":""},"class_list":["post-64","page","type-page","status-publish","hentry"],"post_mailing_queue_ids":[],"_links":{"self":[{"href":"https:\/\/agora.xtec.cat\/ceip-santjordi-lleida\/wp-json\/wp\/v2\/pages\/64","targetHints":{"allow":["GET"]}}],"collection":[{"href":"https:\/\/agora.xtec.cat\/ceip-santjordi-lleida\/wp-json\/wp\/v2\/pages"}],"about":[{"href":"https:\/\/agora.xtec.cat\/ceip-santjordi-lleida\/wp-json\/wp\/v2\/types\/page"}],"author":[{"embeddable":true,"href":"https:\/\/agora.xtec.cat\/ceip-santjordi-lleida\/wp-json\/wp\/v2\/users\/1"}],"replies":[{"embeddable":true,"href":"https:\/\/agora.xtec.cat\/ceip-santjordi-lleida\/wp-json\/wp\/v2\/comments?post=64"}],"version-history":[{"count":6,"href":"https:\/\/agora.xtec.cat\/ceip-santjordi-lleida\/wp-json\/wp\/v2\/pages\/64\/revisions"}],"predecessor-version":[{"id":32929,"href":"https:\/\/agora.xtec.cat\/ceip-santjordi-lleida\/wp-json\/wp\/v2\/pages\/64\/revisions\/32929"}],"wp:attachment":[{"href":"https:\/\/agora.xtec.cat\/ceip-santjordi-lleida\/wp-json\/wp\/v2\/media?parent=64"}],"curies":[{"name":"wp","href":"https:\/\/api.w.org\/{rel}","templated":true}]}}