{"id":30562,"date":"2022-06-15T19:37:25","date_gmt":"2022-06-15T17:37:25","guid":{"rendered":"https:\/\/agora.xtec.cat\/ceip-santjordi-lleida\/?page_id=30562"},"modified":"2022-06-23T09:41:17","modified_gmt":"2022-06-23T07:41:17","slug":"serveis-digitals","status":"publish","type":"page","link":"https:\/\/agora.xtec.cat\/ceip-santjordi-lleida\/estrategia-digital-de-centre\/cultura-digital\/serveis-digitals\/","title":{"rendered":"Serveis digitals"},"content":{"rendered":"<p>Us mostrem els serveis digitals que l&#8217;escola posa a disposici\u00f3 de fam\u00edlies, alumnat i professorat:<\/p>\n<ul>\n<li><strong>Espais i equipament TAC<\/strong>:\n<ul>\n<li>el centre t\u00e9 a disposici\u00f3 de l&#8217;alumnat una aula d&#8217;inform\u00e0tica equipada amb ordinadors de sobretaula i port\u00e0tils. A m\u00e9s a m\u00e9s disposem de tauletes i Chromebook.<\/li>\n<li>en totes les aules del centre es disposa de dispositius de projecci\u00f3, alhora que t\u00e9 aules dotades amb pantalles digitals interactives.<\/li>\n<\/ul>\n<\/li>\n<\/ul>\n<p><img loading=\"lazy\" decoding=\"async\" class=\"aligncenter size-medium wp-image-30342\" src=\"https:\/\/agora.xtec.cat\/ceip-santjordi-lleida\/wp-content\/uploads\/usu1393\/2022\/03\/IMG_0698-300x225.jpg\" alt=\"\" width=\"300\" height=\"225\" srcset=\"https:\/\/agora.xtec.cat\/ceip-santjordi-lleida\/wp-content\/uploads\/usu1393\/2022\/03\/IMG_0698-300x225.jpg 300w, https:\/\/agora.xtec.cat\/ceip-santjordi-lleida\/wp-content\/uploads\/usu1393\/2022\/03\/IMG_0698-200x150.jpg 200w, https:\/\/agora.xtec.cat\/ceip-santjordi-lleida\/wp-content\/uploads\/usu1393\/2022\/03\/IMG_0698.jpg 640w\" sizes=\"auto, (max-width: 300px) 100vw, 300px\" \/><\/p>\n<ul>\n<li style=\"list-style-type: none;\">\n<ul>\n<li>Des del curs 2020-2021 el professorat disposa d&#8217;un ordinador port\u00e0til personal cedit pel Departament d&#8217;Educaci\u00f3 i l&#8217;alumnat de 6\u00e8 va ser dotat amb un Chromebook que gestionen des de l&#8217;escola.<\/li>\n<li>Properament el Departament d&#8217;Educaci\u00f3 far\u00e0 la dotaci\u00f3 de port\u00e0tils per la resta d&#8217;infants de CS, i d&#8217;unes pantalles interactives per a totes les aules ordin\u00e0ries.<\/li>\n<\/ul>\n<\/li>\n<\/ul>\n<ul>\n<li><strong>Google Workspace for Education<\/strong>: ens permet disposar d&#8217;espais compartits de treball virtual, a m\u00e9s de la possibilitat de treballar online amb les eines que ens ofereix. L&#8217;entorn ens permet generar correus corporatius per alumnat i professorat i ens facilita la comunicaci\u00f3 a trav\u00e9s de Gmail. L\u2019equip docent de la nostra escola utilitza el DRIVE (Workspace) com a eina de treball i magatzem. Les carpetes que hi tenim estan compartides amb la totalitat de l\u2019equip per tal que tothom hi tingui acc\u00e9s tant per visualitzar com per editar-ne el contingut. S\u2019utilitzen com a magatzem de diferents informacions aix\u00ed com a documents per treballar de manera individual o col\u00b7lectiva. Tamb\u00e9 s\u2019utilitza com a eina de comunicaci\u00f3 i registre d\u2019acords. \u00c9s el canal on tenim recollides les informacions referides als informes de l\u2019alumnat.<\/li>\n<\/ul>\n<ul>\n<li><strong>Espai Virtual d&#8217;Aprenentatge (EVA)<\/strong>. El professorat pot crear les seves aules virtuals amb Classroom.<\/li>\n<\/ul>\n<p>&nbsp;<\/p>\n<table style=\"border-collapse: collapse;\">\n<tbody>\n<tr>\n<td style=\"width: 33.3333%;\"><img loading=\"lazy\" decoding=\"async\" class=\"aligncenter wp-image-30563 size-thumbnail\" src=\"https:\/\/agora.xtec.cat\/ceip-santjordi-lleida\/wp-content\/uploads\/usu1393\/2022\/06\/1200px-Google_Drive_icon_2020.svg_-150x150.png\" alt=\"\" width=\"150\" height=\"150\" \/><\/td>\n<td style=\"width: 33.3333%;\"><img loading=\"lazy\" decoding=\"async\" class=\"aligncenter size-medium wp-image-30564\" src=\"https:\/\/agora.xtec.cat\/ceip-santjordi-lleida\/wp-content\/uploads\/usu1393\/2022\/06\/maxresdefault-300x169.jpg\" alt=\"\" width=\"300\" height=\"169\" srcset=\"https:\/\/agora.xtec.cat\/ceip-santjordi-lleida\/wp-content\/uploads\/usu1393\/2022\/06\/maxresdefault-300x169.jpg 300w, https:\/\/agora.xtec.cat\/ceip-santjordi-lleida\/wp-content\/uploads\/usu1393\/2022\/06\/maxresdefault-1024x576.jpg 1024w, https:\/\/agora.xtec.cat\/ceip-santjordi-lleida\/wp-content\/uploads\/usu1393\/2022\/06\/maxresdefault-768x432.jpg 768w, https:\/\/agora.xtec.cat\/ceip-santjordi-lleida\/wp-content\/uploads\/usu1393\/2022\/06\/maxresdefault.jpg 1280w\" sizes=\"auto, (max-width: 300px) 100vw, 300px\" \/><\/td>\n<td style=\"width: 33.3333%;\"><img loading=\"lazy\" decoding=\"async\" class=\"size-medium wp-image-30566 alignright\" src=\"https:\/\/agora.xtec.cat\/ceip-santjordi-lleida\/wp-content\/uploads\/usu1393\/2022\/06\/Gmail2020.logo_-300x81.png\" alt=\"\" width=\"300\" height=\"81\" srcset=\"https:\/\/agora.xtec.cat\/ceip-santjordi-lleida\/wp-content\/uploads\/usu1393\/2022\/06\/Gmail2020.logo_-300x81.png 300w, https:\/\/agora.xtec.cat\/ceip-santjordi-lleida\/wp-content\/uploads\/usu1393\/2022\/06\/Gmail2020.logo_-768x209.png 768w, https:\/\/agora.xtec.cat\/ceip-santjordi-lleida\/wp-content\/uploads\/usu1393\/2022\/06\/Gmail2020.logo_.png 880w\" sizes=\"auto, (max-width: 300px) 100vw, 300px\" \/><\/td>\n<\/tr>\n<\/tbody>\n<\/table>\n<p>&nbsp;<\/p>\n","protected":false},"excerpt":{"rendered":"<p>Us mostrem els serveis digitals que l&#8217;escola posa a disposici\u00f3 de fam\u00edlies, alumnat i professorat:<\/p>\n<ul>\n<li>Espais i equipament TAC:\n<ul>\n<li>el centre t\u00e9 a disposici\u00f3 de l&#8217;alumnat una aula d&#8217;inform\u00e0tica equipada amb ordinadors de sobretaula i port\u00e0tils. A m\u00e9s a m\u00e9s disposem de tauletes i Chromebook.<\/li>\n<li>en totes les&hellip;  <a href=\"https:\/\/agora.xtec.cat\/ceip-santjordi-lleida\/estrategia-digital-de-centre\/cultura-digital\/serveis-digitals\/\" title=\"Read Serveis digitals\">Llegeix m\u00e9s\u00bb<\/a><br \/>\n","protected":false},"author":10,"featured_media":0,"parent":30443,"menu_order":0,"comment_status":"closed","ping_status":"closed","template":"","meta":{"_bbp_topic_count":0,"_bbp_reply_count":0,"_bbp_total_topic_count":0,"_bbp_total_reply_count":0,"_bbp_voice_count":0,"_bbp_anonymous_reply_count":0,"_bbp_topic_count_hidden":0,"_bbp_reply_count_hidden":0,"_bbp_forum_subforum_count":0,"footnotes":""},"class_list":["post-30562","page","type-page","status-publish","hentry"],"post_mailing_queue_ids":[],"_links":{"self":[{"href":"https:\/\/agora.xtec.cat\/ceip-santjordi-lleida\/wp-json\/wp\/v2\/pages\/30562","targetHints":{"allow":["GET"]}}],"collection":[{"href":"https:\/\/agora.xtec.cat\/ceip-santjordi-lleida\/wp-json\/wp\/v2\/pages"}],"about":[{"href":"https:\/\/agora.xtec.cat\/ceip-santjordi-lleida\/wp-json\/wp\/v2\/types\/page"}],"author":[{"embeddable":true,"href":"https:\/\/agora.xtec.cat\/ceip-santjordi-lleida\/wp-json\/wp\/v2\/users\/10"}],"replies":[{"embeddable":true,"href":"https:\/\/agora.xtec.cat\/ceip-santjordi-lleida\/wp-json\/wp\/v2\/comments?post=30562"}],"version-history":[{"count":3,"href":"https:\/\/agora.xtec.cat\/ceip-santjordi-lleida\/wp-json\/wp\/v2\/pages\/30562\/revisions"}],"predecessor-version":[{"id":30617,"href":"https:\/\/agora.xtec.cat\/ceip-santjordi-lleida\/wp-json\/wp\/v2\/pages\/30562\/revisions\/30617"}],"up":[{"embeddable":true,"href":"https:\/\/agora.xtec.cat\/ceip-santjordi-lleida\/wp-json\/wp\/v2\/pages\/30443"}],"wp:attachment":[{"href":"https:\/\/agora.xtec.cat\/ceip-santjordi-lleida\/wp-json\/wp\/v2\/media?parent=30562"}],"curies":[{"name":"wp","href":"https:\/\/api.w.org\/{rel}","templated":true}]}}