{"id":30468,"date":"2022-05-12T14:06:55","date_gmt":"2022-05-12T12:06:55","guid":{"rendered":"https:\/\/agora.xtec.cat\/ceip-santjordi-lleida\/?page_id=30468"},"modified":"2022-06-23T16:18:40","modified_gmt":"2022-06-23T14:18:40","slug":"competencia-digital-de-lalumnat","status":"publish","type":"page","link":"https:\/\/agora.xtec.cat\/ceip-santjordi-lleida\/estrategia-digital-de-centre\/cultura-digital\/competencia-digital-de-lalumnat\/","title":{"rendered":"Compet\u00e8ncia digital de l&#8217;alumnat"},"content":{"rendered":"<p>L&#8217;assoliment de la Compet\u00e8ncia digital de l&#8217;alumnat \u00e9s un dels eixos del <a href=\"https:\/\/educacio.gencat.cat\/web\/.content\/home\/departament\/publicacions\/colleccions\/pla-educacio-digital\/pla-educacio-digital-catalunya\/pla-educacio-digital.pdf\">Pla d&#8217;Educaci\u00f3 Digital de Catalunya<\/a>.<\/p>\n<p>En conson\u00e0ncia amb els objectius i actuacions que proposa l&#8217;EIX1 (Alumnat digitalment competent), el nostre centre est\u00e0 treballant en la seq\u00fcenciaci\u00f3 de les compet\u00e8ncies digitals de l&#8217;alumnat i en el consens dels criteris d&#8217;avaluaci\u00f3 que s&#8217;aplicaran, donant resposta al nou marc normatiu: LOMLOE i el <a href=\"https:\/\/epale.ec.europa.eu\/es\/content\/marco-europeo-de-competencias-digitales-digcomp\">Marc Europeu de les Compet\u00e8ncies Digitals<\/a> DIGCOMP.<\/p>\n<p>Us deixem el desplegament del <a href=\"https:\/\/agora.xtec.cat\/ceip-santjordi-lleida\/wp-content\/uploads\/usu1393\/2022\/06\/DigComp-ikanos.pdf\">DIGCOMP, <\/a>aix\u00ed com el <a href=\"https:\/\/educacio.gencat.cat\/web\/.content\/home\/departament\/publicacions\/colleccions\/pla-educacio-digital\/marc-referencia-competencia-digital-docent\/marc-referencia-cdd.pdf\" target=\"_blank\" rel=\"noopener\">Marc de refer\u00e8ncia de la compet\u00e8ncia digital docent<\/a>.<\/p>\n<p>.<\/p>\n<p>&nbsp;<\/p>\n<p><a href=\"https:\/\/agora.xtec.cat\/ceip-santjordi-lleida\/wp-content\/uploads\/usu1393\/2022\/06\/Estem-treballant-500x500-px.gif\"><img loading=\"lazy\" decoding=\"async\" class=\"aligncenter size-medium wp-image-30576\" src=\"https:\/\/agora.xtec.cat\/ceip-santjordi-lleida\/wp-content\/uploads\/usu1393\/2022\/06\/Estem-treballant-500x500-px-300x300.gif\" alt=\"\" width=\"300\" height=\"300\" srcset=\"https:\/\/agora.xtec.cat\/ceip-santjordi-lleida\/wp-content\/uploads\/usu1393\/2022\/06\/Estem-treballant-500x500-px-300x300.gif 300w, https:\/\/agora.xtec.cat\/ceip-santjordi-lleida\/wp-content\/uploads\/usu1393\/2022\/06\/Estem-treballant-500x500-px-150x150.gif 150w\" sizes=\"auto, (max-width: 300px) 100vw, 300px\" \/><\/a><\/p>\n<p>&nbsp;<\/p>\n<p>&nbsp;<\/p>\n","protected":false},"excerpt":{"rendered":"<p>L&#8217;assoliment de la Compet\u00e8ncia digital de l&#8217;alumnat \u00e9s un dels eixos del <a href=\"https:\/\/educacio.gencat.cat\/web\/.content\/home\/departament\/publicacions\/colleccions\/pla-educacio-digital\/pla-educacio-digital-catalunya\/pla-educacio-digital.pdf\">Pla d&#8217;Educaci\u00f3 Digital de Catalunya<\/a>.<br \/>\nEn conson\u00e0ncia amb els objectius i actuacions que proposa l&#8217;EIX1 (Alumnat digitalment competent), el nostre centre est\u00e0 treballant en la seq\u00fcenciaci\u00f3 de les compet\u00e8ncies digitals de l&#8217;alumnat i&hellip;  <a href=\"https:\/\/agora.xtec.cat\/ceip-santjordi-lleida\/estrategia-digital-de-centre\/cultura-digital\/competencia-digital-de-lalumnat\/\" title=\"Read Compet\u00e8ncia digital de l&#8217;alumnat\">Llegeix m\u00e9s\u00bb<\/a><\/p>\n","protected":false},"author":5,"featured_media":0,"parent":30443,"menu_order":0,"comment_status":"closed","ping_status":"closed","template":"","meta":{"_bbp_topic_count":0,"_bbp_reply_count":0,"_bbp_total_topic_count":0,"_bbp_total_reply_count":0,"_bbp_voice_count":0,"_bbp_anonymous_reply_count":0,"_bbp_topic_count_hidden":0,"_bbp_reply_count_hidden":0,"_bbp_forum_subforum_count":0,"footnotes":""},"class_list":["post-30468","page","type-page","status-publish","hentry"],"post_mailing_queue_ids":[],"_links":{"self":[{"href":"https:\/\/agora.xtec.cat\/ceip-santjordi-lleida\/wp-json\/wp\/v2\/pages\/30468","targetHints":{"allow":["GET"]}}],"collection":[{"href":"https:\/\/agora.xtec.cat\/ceip-santjordi-lleida\/wp-json\/wp\/v2\/pages"}],"about":[{"href":"https:\/\/agora.xtec.cat\/ceip-santjordi-lleida\/wp-json\/wp\/v2\/types\/page"}],"author":[{"embeddable":true,"href":"https:\/\/agora.xtec.cat\/ceip-santjordi-lleida\/wp-json\/wp\/v2\/users\/5"}],"replies":[{"embeddable":true,"href":"https:\/\/agora.xtec.cat\/ceip-santjordi-lleida\/wp-json\/wp\/v2\/comments?post=30468"}],"version-history":[{"count":3,"href":"https:\/\/agora.xtec.cat\/ceip-santjordi-lleida\/wp-json\/wp\/v2\/pages\/30468\/revisions"}],"predecessor-version":[{"id":30632,"href":"https:\/\/agora.xtec.cat\/ceip-santjordi-lleida\/wp-json\/wp\/v2\/pages\/30468\/revisions\/30632"}],"up":[{"embeddable":true,"href":"https:\/\/agora.xtec.cat\/ceip-santjordi-lleida\/wp-json\/wp\/v2\/pages\/30443"}],"wp:attachment":[{"href":"https:\/\/agora.xtec.cat\/ceip-santjordi-lleida\/wp-json\/wp\/v2\/media?parent=30468"}],"curies":[{"name":"wp","href":"https:\/\/api.w.org\/{rel}","templated":true}]}}