{"id":30457,"date":"2022-05-12T14:04:26","date_gmt":"2022-05-12T12:04:26","guid":{"rendered":"https:\/\/agora.xtec.cat\/ceip-santjordi-lleida\/?page_id=30457"},"modified":"2022-07-19T12:19:59","modified_gmt":"2022-07-19T10:19:59","slug":"avaluacio-i-millora","status":"publish","type":"page","link":"https:\/\/agora.xtec.cat\/ceip-santjordi-lleida\/estrategia-digital-de-centre\/pla-estrategic\/avaluacio-i-millora\/","title":{"rendered":"Avaluaci\u00f3 i millora"},"content":{"rendered":"<p class=\"CDt4Ke zfr3Q\" dir=\"ltr\">Almenys un cop al curs \u00e9s recomanable fer una avaluaci\u00f3 en profunditat de l\u2019EDC. Cal revisar cada una de les activitats planificades i determinar el grau de compliment dels indicadors establerts a partir dels criteris d\u2019acompliment.<\/p>\n<p class=\"CDt4Ke zfr3Q\" dir=\"ltr\">De la mateixa manera, cal revisar els objectius establerts pel curs i determinar-ne tamb\u00e9 el grau d\u2019assoliment a partir dels indicadors d\u2019impacte i els criteris d\u2019acompliment.<\/p>\n<p class=\"CDt4Ke zfr3Q\" dir=\"ltr\">A partir d\u2019aqu\u00ed, la Comissi\u00f3 d\u2019Estrat\u00e8gia Digital del Centre ha d\u2019encetar un proc\u00e9s de reflexi\u00f3. Si \u00e9s un dels primers cursos d\u2019aplicaci\u00f3 de l\u2019estrat\u00e8gia digital, \u00e9s possible que calgui revisar algun dels objectius, sigui la seva definici\u00f3 o la seva temporitzaci\u00f3, o algunes de les activitats.<\/p>\n<p class=\"CDt4Ke zfr3Q\" dir=\"ltr\">Si l\u2019EDC est\u00e0 arribant al final de la seva planificaci\u00f3, caldr\u00e0 plantejar-se la diagnosi per actualitzar-la. Aquesta revisi\u00f3 i actualitzaci\u00f3 implica un canvi en els objectius i en les activitats.<\/p>\n<p dir=\"ltr\"><a href=\"https:\/\/agora.xtec.cat\/ceip-santjordi-lleida\/wp-content\/uploads\/usu1393\/2022\/06\/FOTO-AVALUACIO.jpg\"><img loading=\"lazy\" decoding=\"async\" class=\"aligncenter size-medium wp-image-30628\" src=\"https:\/\/agora.xtec.cat\/ceip-santjordi-lleida\/wp-content\/uploads\/usu1393\/2022\/06\/FOTO-AVALUACIO-300x194.jpg\" alt=\"\" width=\"300\" height=\"194\" srcset=\"https:\/\/agora.xtec.cat\/ceip-santjordi-lleida\/wp-content\/uploads\/usu1393\/2022\/06\/FOTO-AVALUACIO-300x194.jpg 300w, https:\/\/agora.xtec.cat\/ceip-santjordi-lleida\/wp-content\/uploads\/usu1393\/2022\/06\/FOTO-AVALUACIO.jpg 686w\" sizes=\"auto, (max-width: 300px) 100vw, 300px\" \/><\/a><\/p>\n","protected":false},"excerpt":{"rendered":"<p>Almenys un cop al curs \u00e9s recomanable fer una avaluaci\u00f3 en profunditat de l\u2019EDC. Cal revisar cada una de les activitats planificades i determinar el grau de compliment dels indicadors establerts a partir dels criteris d\u2019acompliment.<br \/>\nDe la mateixa manera, cal revisar els objectius establerts pel&hellip;  <a href=\"https:\/\/agora.xtec.cat\/ceip-santjordi-lleida\/estrategia-digital-de-centre\/pla-estrategic\/avaluacio-i-millora\/\" title=\"Read Avaluaci\u00f3 i millora\">Llegeix m\u00e9s\u00bb<\/a><\/p>\n","protected":false},"author":5,"featured_media":0,"parent":30440,"menu_order":0,"comment_status":"closed","ping_status":"closed","template":"","meta":{"_bbp_topic_count":0,"_bbp_reply_count":0,"_bbp_total_topic_count":0,"_bbp_total_reply_count":0,"_bbp_voice_count":0,"_bbp_anonymous_reply_count":0,"_bbp_topic_count_hidden":0,"_bbp_reply_count_hidden":0,"_bbp_forum_subforum_count":0,"footnotes":""},"class_list":["post-30457","page","type-page","status-publish","hentry"],"post_mailing_queue_ids":[],"_links":{"self":[{"href":"https:\/\/agora.xtec.cat\/ceip-santjordi-lleida\/wp-json\/wp\/v2\/pages\/30457","targetHints":{"allow":["GET"]}}],"collection":[{"href":"https:\/\/agora.xtec.cat\/ceip-santjordi-lleida\/wp-json\/wp\/v2\/pages"}],"about":[{"href":"https:\/\/agora.xtec.cat\/ceip-santjordi-lleida\/wp-json\/wp\/v2\/types\/page"}],"author":[{"embeddable":true,"href":"https:\/\/agora.xtec.cat\/ceip-santjordi-lleida\/wp-json\/wp\/v2\/users\/5"}],"replies":[{"embeddable":true,"href":"https:\/\/agora.xtec.cat\/ceip-santjordi-lleida\/wp-json\/wp\/v2\/comments?post=30457"}],"version-history":[{"count":3,"href":"https:\/\/agora.xtec.cat\/ceip-santjordi-lleida\/wp-json\/wp\/v2\/pages\/30457\/revisions"}],"predecessor-version":[{"id":30630,"href":"https:\/\/agora.xtec.cat\/ceip-santjordi-lleida\/wp-json\/wp\/v2\/pages\/30457\/revisions\/30630"}],"up":[{"embeddable":true,"href":"https:\/\/agora.xtec.cat\/ceip-santjordi-lleida\/wp-json\/wp\/v2\/pages\/30440"}],"wp:attachment":[{"href":"https:\/\/agora.xtec.cat\/ceip-santjordi-lleida\/wp-json\/wp\/v2\/media?parent=30457"}],"curies":[{"name":"wp","href":"https:\/\/api.w.org\/{rel}","templated":true}]}}