{"id":30453,"date":"2022-05-12T14:03:35","date_gmt":"2022-05-12T12:03:35","guid":{"rendered":"https:\/\/agora.xtec.cat\/ceip-santjordi-lleida\/?page_id=30453"},"modified":"2022-07-19T12:18:13","modified_gmt":"2022-07-19T10:18:13","slug":"objectius","status":"publish","type":"page","link":"https:\/\/agora.xtec.cat\/ceip-santjordi-lleida\/estrategia-digital-de-centre\/pla-estrategic\/objectius\/","title":{"rendered":"Objectius"},"content":{"rendered":"<p>A partir de l&#8217;an\u00e0lisi de les dades obtingudes amb les eines de diagnosi, la nostra escola ha consensuat els seg\u00fcents objectius:<\/p>\n<p>1-Impulsar estrat\u00e8gies per garantir un \u00fas responsable dels dispositius digitals.<\/p>\n<p>2-Fer difusi\u00f3 de la cultura digital de centre per millorar-ne el coneixement entre la comunitat educativa.<\/p>\n<p>3-Impulsar la presa de decisions envers la CDA per garantir l&#8217;assoliment de totes les compet\u00e8ncies.<\/p>\n<p>4-Promoure la creaci\u00f3, difusi\u00f3 i l&#8217;intercanvi d&#8217;experi\u00e8ncies educatives amb eines digitals que impulsin la creativitat de l&#8217;alumnat per tal de garantir la millora de la CDD i la CDA.<\/p>\n","protected":false},"excerpt":{"rendered":"<p>A partir de l&#8217;an\u00e0lisi de les dades obtingudes amb les eines de diagnosi, la nostra escola ha consensuat els seg\u00fcents objectius:<br \/>\n1-Impulsar estrat\u00e8gies per garantir un \u00fas responsable dels dispositius digitals.<br \/>\n2-Fer difusi\u00f3 de la cultura digital de centre per millorar-ne el coneixement entre la comunitat educativa.<br \/>\n3-Impulsar&hellip;  <a href=\"https:\/\/agora.xtec.cat\/ceip-santjordi-lleida\/estrategia-digital-de-centre\/pla-estrategic\/objectius\/\" title=\"Read Objectius\">Llegeix m\u00e9s\u00bb<\/a><\/p>\n","protected":false},"author":5,"featured_media":0,"parent":30440,"menu_order":0,"comment_status":"closed","ping_status":"closed","template":"","meta":{"_bbp_topic_count":0,"_bbp_reply_count":0,"_bbp_total_topic_count":0,"_bbp_total_reply_count":0,"_bbp_voice_count":0,"_bbp_anonymous_reply_count":0,"_bbp_topic_count_hidden":0,"_bbp_reply_count_hidden":0,"_bbp_forum_subforum_count":0,"footnotes":""},"class_list":["post-30453","page","type-page","status-publish","hentry"],"post_mailing_queue_ids":[],"_links":{"self":[{"href":"https:\/\/agora.xtec.cat\/ceip-santjordi-lleida\/wp-json\/wp\/v2\/pages\/30453","targetHints":{"allow":["GET"]}}],"collection":[{"href":"https:\/\/agora.xtec.cat\/ceip-santjordi-lleida\/wp-json\/wp\/v2\/pages"}],"about":[{"href":"https:\/\/agora.xtec.cat\/ceip-santjordi-lleida\/wp-json\/wp\/v2\/types\/page"}],"author":[{"embeddable":true,"href":"https:\/\/agora.xtec.cat\/ceip-santjordi-lleida\/wp-json\/wp\/v2\/users\/5"}],"replies":[{"embeddable":true,"href":"https:\/\/agora.xtec.cat\/ceip-santjordi-lleida\/wp-json\/wp\/v2\/comments?post=30453"}],"version-history":[{"count":3,"href":"https:\/\/agora.xtec.cat\/ceip-santjordi-lleida\/wp-json\/wp\/v2\/pages\/30453\/revisions"}],"predecessor-version":[{"id":30649,"href":"https:\/\/agora.xtec.cat\/ceip-santjordi-lleida\/wp-json\/wp\/v2\/pages\/30453\/revisions\/30649"}],"up":[{"embeddable":true,"href":"https:\/\/agora.xtec.cat\/ceip-santjordi-lleida\/wp-json\/wp\/v2\/pages\/30440"}],"wp:attachment":[{"href":"https:\/\/agora.xtec.cat\/ceip-santjordi-lleida\/wp-json\/wp\/v2\/media?parent=30453"}],"curies":[{"name":"wp","href":"https:\/\/api.w.org\/{rel}","templated":true}]}}