{"id":30450,"date":"2022-05-12T14:00:47","date_gmt":"2022-05-12T12:00:47","guid":{"rendered":"https:\/\/agora.xtec.cat\/ceip-santjordi-lleida\/?page_id=30450"},"modified":"2022-07-19T13:38:48","modified_gmt":"2022-07-19T11:38:48","slug":"diagnosi","status":"publish","type":"page","link":"https:\/\/agora.xtec.cat\/ceip-santjordi-lleida\/estrategia-digital-de-centre\/pla-estrategic\/diagnosi\/","title":{"rendered":"Diagnosi"},"content":{"rendered":"<p>Per poder planificar una estrat\u00e8gia a la nostra escola \u00e9s imprescindible ser conscients del punt on ens trobem. Cal identificar les nostres fortaleses i debilitats en relaci\u00f3 amb l&#8217;assoliment de les compet\u00e8ncies digitals. Les eines que hem utilitzat per detectar-les s\u00f3n<\/p>\n<ul>\n<li>Enquestes al personal docent de l&#8217;escola amb:\n<ul>\n<li><a href=\"https:\/\/education.ec.europa.eu\/es\/node\/1736\">Eina Selfie<\/a> \u00c9s una eina gratu\u00efta creada per la Comissi\u00f3 Europea, per ajudar als centres educatius a fer una diagnosi del seu grau de maduresa en la implementaci\u00f3 de les tecnologies digitals. Ha respost el q\u00fcestionari l&#8217;equip directiu i l&#8217;equip docent.<\/li>\n<li><a href=\"https:\/\/educators-go-digital.jrc.ec.europa.eu\/\">Eina Selfie for Teachers<\/a> \u00c9s una enquesta per avaluar la compet\u00e8ncia digital docent i l&#8217;ha respost tot el claustre.<\/li>\n<\/ul>\n<\/li>\n<li>Enquesta a les fam\u00edlies (mitjan\u00e7ant un formulari Google) per recollir la seva visi\u00f3 i opini\u00f3 sobre la compet\u00e8ncia digital del nostre centre.<\/li>\n<li>Enquesta als alumnes de 5\u00e8 i 6\u00e8 amb l&#8217;eina <a href=\"https:\/\/education.ec.europa.eu\/es\/node\/1736\">Selfie<\/a><\/li>\n<\/ul>\n<p>A partir de l\u2019an\u00e0lisi d\u2019aquestes eines, s\u2019han detectat un seguit d\u2019aspectes, que ens permetran establir els objectius de l\u2019Estrat\u00e8gia Digital i ens ajudaran a establir i millorar la Cultura Digital de l\u2019escola.<\/p>\n<table class=\" alignleft\" style=\"height: 1185px; width: 97.8789%; border-collapse: collapse; background-color: #fafafa; border-style: ridge; border-color: #3366ff;\">\n<tbody>\n<tr style=\"height: 43px;\">\n<td style=\"background-color: #000000; text-align: center; height: 43px; width: 51.0533%;\">\n<h6><span style=\"color: #3366ff;\"><strong>ASPECTES A MANTENIR \ud83d\ude42\u00a0<\/strong><\/span><\/h6>\n<\/td>\n<td style=\"background-color: #000000; text-align: center; height: 43px; width: 48.8227%;\">\n<h6><span style=\"color: #3366ff;\"><strong>ASPECTES A MILLORAR \ud83d\ude09\u00a0<\/strong><\/span><\/h6>\n<\/td>\n<\/tr>\n<tr style=\"background-color: #ffffff;\">\n<td style=\"width: 99.876%; background-color: #3366ff; height: 43px; text-align: center; vertical-align: middle;\" colspan=\"2\"><strong>CENTRE<\/strong><\/td>\n<\/tr>\n<tr style=\"height: 421px;\">\n<td style=\"height: 421px; width: 51.0533%; text-align: left; vertical-align: top;\">\n<ul>\n<li style=\"font-weight: 400;\" aria-level=\"1\"><span style=\"font-weight: 400;\">Disposem d\u2019unes bones infraestructures i equips aix\u00ed com una bona connexi\u00f3 WIFI.<\/span><\/li>\n<li style=\"font-weight: 400;\" aria-level=\"1\"><span style=\"font-weight: 400;\">L\u2019escola ha invertit en dispositius digitals (tauletes electr\u00f2niques i Chromebooks) que estan a la disposici\u00f3 de l\u2019alumnat per realitzar les diferents tasques educatives.<\/span><\/li>\n<li style=\"font-weight: 400;\" aria-level=\"1\"><span style=\"font-weight: 400;\">Bona comunicaci\u00f3 centre-fam\u00edlies.<\/span><\/li>\n<li style=\"font-weight: 400;\" aria-level=\"1\"><span style=\"font-weight: 400;\">Es valora positivament la informaci\u00f3 publicada al web ja que les fam\u00edlies la consulten amb regularitat.<\/span><\/li>\n<li style=\"font-weight: 400;\" aria-level=\"1\"><span style=\"font-weight: 400;\">Tenim un domini propi que ens permet tenir un correu electr\u00f2nic personal per tots els membres de la comunitat educativa Google workspaces).<\/span><\/li>\n<li style=\"font-weight: 400;\" aria-level=\"1\"><span style=\"font-weight: 400;\">Utilizem l\u2019eina Drive per tota la gesti\u00f3 del centre (activitats, registres, seguiment d\u2019alumnes, comunicaci\u00f3, avaluaci\u00f3, documentaci\u00f3\u2026).<\/span><\/li>\n<li style=\"font-weight: 400;\" aria-level=\"1\"><span style=\"font-weight: 400;\">Des de fa molts anys, disposem d\u2019una comissi\u00f3 de cultura digital.<\/span><\/li>\n<li>Continuar recolzant al professorat per tal que explorin noves maneres d&#8217;ensenyament amb tecnologia digital.<\/li>\n<\/ul>\n<\/td>\n<td style=\"height: 421px; width: 48.8227%; text-align: left; vertical-align: top;\">\n<ul>\n<li>Concreci\u00f3 de l&#8217;estrat\u00e8gia digital de centre<\/li>\n<li>L&#8217;\u00fas de tecnologies digitals per a l&#8217;avaluaci\u00f3.<\/li>\n<li>L&#8217;intercanvi d&#8217;experi\u00e8ncies amb tecnologies digitals entre iguals.<\/li>\n<li>Foment de la formaci\u00f3 interna en compet\u00e8ncia digital docent, que focalitzi en estrat\u00e8gies d&#8217;avaluaci\u00f3 formativa, per impulsar l&#8217;autoavaluacio i la coavaluaci\u00f3.<\/li>\n<li>Impuls d&#8217;estrat\u00e8gies per garantir un \u00fas responsable dels dispositius digitals<\/li>\n<li>Difusi\u00f3 de la cultura digital de centre per millorar la cohesi\u00f3 entre la comunitat educativa i aconseguir la millora de la compet\u00e8ncia digital del centre, alumnat, professorat i fam\u00edlies.<\/li>\n<li>Creaci\u00f3 dels plans d&#8217;acollida digital de tots els membres de la comunitat educativa: fam\u00edlies, alumnat i professorat.<\/li>\n<\/ul>\n<\/td>\n<\/tr>\n<tr style=\"height: 30px;\">\n<td style=\"width: 99.876%; background-color: #3366ff; height: 30px; text-align: center;\" colspan=\"2\"><strong>EQUIP DOCENT<\/strong><\/td>\n<\/tr>\n<tr style=\"height: 189px;\">\n<td style=\"height: 189px; width: 51.0533%; text-align: left; vertical-align: top;\">\n<ul>\n<li style=\"font-weight: 400;\" aria-level=\"1\"><span style=\"font-weight: 400;\">Tots els docents disposen d\u2019un dispositiu port\u00e0til cedit per Departament.<\/span><\/li>\n<li style=\"font-weight: 400;\" aria-level=\"1\"><span style=\"font-weight: 400;\">El professorat incorpora les noves tecnologies en les activitats d\u2019ensenyament\/aprenentatge.<\/span><\/li>\n<li style=\"font-weight: 400;\" aria-level=\"1\"><span style=\"font-weight: 400;\">L\u2019entorn virtual d\u2019aprenentatge utilitzat per part dels i les mestres de prim\u00e0ria \u00e9s el Classroom.\u00a0<\/span><\/li>\n<li style=\"font-weight: 400;\" aria-level=\"1\"><span style=\"font-weight: 400;\">Promou actuar de manera responsable i a respectar els altres quan s\u2019utilitza internet.<\/span><\/li>\n<\/ul>\n<p><span style=\"font-weight: 400;\">\u00a0 \u00a0 \u00a0 \u00a0 \u00a0 \u00a0 \u00a0 \u00a0 \u00a0 \u00a0 \u00a0 \u00a0 \u00a0 \u00a0 \u00a0 \u00a0 \u00a0 \u00a0 \u00a0 \u00a0 \u00a0 \u00a0 \u00a0 \u00a0 \u00a0 \u00a0 \u00a0 \u00a0 \u00a0 \u00a0 \u00a0 \u00a0 \u00a0 \u00a0 \u00a0 \u00a0 \u00a0 \u00a0 \u00a0 \u00a0 \u00a0 \u00a0 \u00a0 \u00a0 \u00a0 \u00a0 \u00a0 \u00a0 \u00a0 \u00a0 \u00a0 \u00a0 \u00a0 \u00a0 \u00a0 \u00a0 \u00a0 \u00a0 \u00a0 \u00a0 \u00a0 \u00a0 \u00a0 \u00a0 \u00a0 \u00a0 \u00a0 \u00a0 \u00a0 \u00a0 \u00a0 \u00a0 \u00a0 \u00a0 \u00a0 \u00a0 \u00a0 \u00a0 \u00a0 \u00a0 \u00a0 \u00a0 \u00a0\u00a0<\/span><\/td>\n<td style=\"height: 189px; width: 48.8227%; text-align: left; vertical-align: top;\">\n<ul>\n<li>Administrar entorns d&#8217;aprenentatge en l\u00ednia tenint en compte aspectes \u00e8tics, respectant les normes sobre propietat intel\u00b7lectual i drets d&#8217;autor fent un bon \u00fas del tractament de dades.<\/li>\n<li>Introducci\u00f3 d&#8217;activitats de pensament computacional.<\/li>\n<li>Inclusi\u00f3 de la tecnologia digital en els projectes interdisciplinaris.<\/li>\n<li>Integraci\u00f3 de l&#8217;avaluaci\u00f3 formativa amb eines digitals per impulsar processos de reflexi\u00f3 sobre l&#8217;aprenentatge i que empoderin l&#8217;alumnat.<\/li>\n<li>Impuls de la retroalimentaci\u00f3 productiva amb eines digitals, que faciliti la detecci\u00f3 de dificultats i posi a l&#8217;abast estrat\u00e8gies per superar-les.<\/li>\n<\/ul>\n<\/td>\n<\/tr>\n<tr style=\"height: 30px;\">\n<td style=\"width: 99.876%; background-color: #3366ff; height: 30px; text-align: center;\" colspan=\"2\"><strong>FAM\u00cdLIES<\/strong><\/td>\n<\/tr>\n<tr style=\"height: 199px;\">\n<td style=\"height: 199px; width: 51.0533%; text-align: left; vertical-align: top;\">\n<ul>\n<li style=\"font-weight: 400;\" aria-level=\"1\"><span style=\"font-weight: 400;\">La majoria de fam\u00edlies tenen una bona compet\u00e8ncia digital per acompanyar als seus fills i filles en les tasques que ho requereixen.<\/span><\/li>\n<li style=\"font-weight: 400;\" aria-level=\"1\"><span style=\"font-weight: 400;\">Pr\u00e0cticament, tot l\u2019alumnat disposa de dispositius digitals a casa.<\/span><\/li>\n<li style=\"font-weight: 400;\" aria-level=\"1\"><span style=\"font-weight: 400;\">Les fam\u00edlies s\u00f3n coneixedores dels recursos tecnol\u00f2gics que s\u2019utilitzen a l\u2019escola.<\/span><\/li>\n<li style=\"font-weight: 400;\" aria-level=\"1\"><span style=\"font-weight: 400;\">La majoria de fam\u00edlies controlen l\u2019\u00fas de pantalles digitals.<\/span><\/li>\n<\/ul>\n<\/td>\n<td style=\"height: 199px; width: 48.8227%; text-align: left; vertical-align: top;\">\n<ul>\n<li>Les fam\u00edlies coneixen l&#8217;exist\u00e8ncia d&#8217;eines de control parental, per\u00f2 no les fan servir.<\/li>\n<li>Algunes fam\u00edlies requereixen formaci\u00f3 digital per acompanyar als seus fills\/filles en l&#8217;\u00fas dels dispositius digitals i els entorns d&#8217;aprenentatge.<\/li>\n<\/ul>\n<\/td>\n<\/tr>\n<tr style=\"height: 30px;\">\n<td style=\"width: 99.876%; height: 30px; background-color: #3366ff; text-align: center;\" colspan=\"2\"><strong>ALUMNAT<\/strong><\/td>\n<\/tr>\n<tr style=\"height: 217px;\">\n<td style=\"height: 200px; width: 51.0533%; text-align: left; vertical-align: top;\">\n<ul>\n<li style=\"font-weight: 400;\" aria-level=\"1\"><span style=\"font-weight: 400;\">Tenen la formaci\u00f3 digital adequada per fer les tasques encomanades a casa des de l\u2019EVA.<\/span><\/li>\n<li style=\"font-weight: 400;\" aria-level=\"1\"><span style=\"font-weight: 400;\">L\u2019alumnat de Cicle Superior tenen un dispositiu propi a l\u2019escola amb la possibilitat d\u2019endur-se\u2019l a casa.<\/span><\/li>\n<li style=\"font-weight: 400;\" aria-level=\"1\"><span style=\"font-weight: 400;\">Est\u00e0 m\u00e9s motivat per participar quan utilitza la tecnologia de la informaci\u00f3.<\/span><\/li>\n<\/ul>\n<\/td>\n<td style=\"height: 200px; width: 48.8227%; text-align: left; vertical-align: top;\">\n<ul>\n<li>Ampliaci\u00f3 del coneixement i gesti\u00f3 de l&#8217;entorn d&#8217;aprenentatge virtual (Classroom) en m\u00e9s nivells educatius.<\/li>\n<li>Coneixement i aplicaci\u00f3 dels protocols d&#8217;\u00fas dels dispositius m\u00f2bils.<\/li>\n<li>Presa de consci\u00e8ncia del que implica adoptar una actitud responsable amb l&#8217;\u00fas de dispositius m\u00f2bils i amb la gesti\u00f3 de la informaci\u00f3 a Internet.<\/li>\n<\/ul>\n<\/td>\n<\/tr>\n<\/tbody>\n<\/table>\n<h3><strong>\u00a0\u00a0<\/strong><\/h3>\n","protected":false},"excerpt":{"rendered":"<p>Per poder planificar una estrat\u00e8gia a la nostra escola \u00e9s imprescindible ser conscients del punt on ens trobem. Cal identificar les nostres fortaleses i debilitats en relaci\u00f3 amb l&#8217;assoliment de les compet\u00e8ncies digitals. Les eines que hem utilitzat per detectar-les s\u00f3n<\/p>\n<ul>\n<li>Enquestes al personal docent de&hellip;  <a href=\"https:\/\/agora.xtec.cat\/ceip-santjordi-lleida\/estrategia-digital-de-centre\/pla-estrategic\/diagnosi\/\" title=\"Read Diagnosi\">Llegeix m\u00e9s\u00bb<\/a><br \/>\n","protected":false},"author":5,"featured_media":0,"parent":30440,"menu_order":0,"comment_status":"closed","ping_status":"closed","template":"","meta":{"_bbp_topic_count":0,"_bbp_reply_count":0,"_bbp_total_topic_count":0,"_bbp_total_reply_count":0,"_bbp_voice_count":0,"_bbp_anonymous_reply_count":0,"_bbp_topic_count_hidden":0,"_bbp_reply_count_hidden":0,"_bbp_forum_subforum_count":0,"footnotes":""},"class_list":["post-30450","page","type-page","status-publish","hentry"],"post_mailing_queue_ids":[],"_links":{"self":[{"href":"https:\/\/agora.xtec.cat\/ceip-santjordi-lleida\/wp-json\/wp\/v2\/pages\/30450","targetHints":{"allow":["GET"]}}],"collection":[{"href":"https:\/\/agora.xtec.cat\/ceip-santjordi-lleida\/wp-json\/wp\/v2\/pages"}],"about":[{"href":"https:\/\/agora.xtec.cat\/ceip-santjordi-lleida\/wp-json\/wp\/v2\/types\/page"}],"author":[{"embeddable":true,"href":"https:\/\/agora.xtec.cat\/ceip-santjordi-lleida\/wp-json\/wp\/v2\/users\/5"}],"replies":[{"embeddable":true,"href":"https:\/\/agora.xtec.cat\/ceip-santjordi-lleida\/wp-json\/wp\/v2\/comments?post=30450"}],"version-history":[{"count":4,"href":"https:\/\/agora.xtec.cat\/ceip-santjordi-lleida\/wp-json\/wp\/v2\/pages\/30450\/revisions"}],"predecessor-version":[{"id":30658,"href":"https:\/\/agora.xtec.cat\/ceip-santjordi-lleida\/wp-json\/wp\/v2\/pages\/30450\/revisions\/30658"}],"up":[{"embeddable":true,"href":"https:\/\/agora.xtec.cat\/ceip-santjordi-lleida\/wp-json\/wp\/v2\/pages\/30440"}],"wp:attachment":[{"href":"https:\/\/agora.xtec.cat\/ceip-santjordi-lleida\/wp-json\/wp\/v2\/media?parent=30450"}],"curies":[{"name":"wp","href":"https:\/\/api.w.org\/{rel}","templated":true}]}}