{"id":30443,"date":"2022-05-12T13:53:24","date_gmt":"2022-05-12T11:53:24","guid":{"rendered":"https:\/\/agora.xtec.cat\/ceip-santjordi-lleida\/?page_id=30443"},"modified":"2022-06-15T19:17:33","modified_gmt":"2022-06-15T17:17:33","slug":"cultura-digital","status":"publish","type":"page","link":"https:\/\/agora.xtec.cat\/ceip-santjordi-lleida\/estrategia-digital-de-centre\/cultura-digital\/","title":{"rendered":"Cultura digital"},"content":{"rendered":"<p>La <a href=\"https:\/\/projectes.xtec.cat\/edc-suport\/cultura-digital\/\">Cultura Digital de Centre<\/a>, la conformen tots els documents, protocols, acords, plans, procediments, etc. que permeten entendre la din\u00e0mica di\u00e0ria del centre en relaci\u00f3 a les tecnologies digitals. Per aquest motiu, en aquest espai podreu trobar:<\/p>\n<ul>\n<li><strong>Compet\u00e8ncia digital de l&#8217;alumnat<\/strong>: trobareu publicat el document que mostra la seq\u00fcenciaci\u00f3 de la Compet\u00e8ncia Digital de l&#8217;Alumnat i els criteris d&#8217;avaluaci\u00f3 dels diferents nivells i cursos. L\u2019assoliment de la compet\u00e8ncia digital de l\u2019alumnat \u00e9s un dels objectius principals de l\u2019Estrat\u00e8gia Digital de Centre, que s\u2019ha d\u2019aconseguir de forma transversal amb la implicaci\u00f3 de totes les mat\u00e8ries o \u00e0mbits.<\/li>\n<li><strong>Comunicaci\u00f3<\/strong>: us mostrem quines eines de comunicaci\u00f3 digital emprem per mantenir-nos en contacte amb tota la comunitat educativa. Alhora, trobareu a trav\u00e9s de quins canals us podeu mantenir informats en relaci\u00f3 amb tot el que des de l&#8217;escola fem, \u00e9s a dir, el nostre nodes i les xarxes socials.<\/li>\n<li><strong>Documentaci\u00f3 estrat\u00e8gica<\/strong>: documents de centre que inclouen l&#8217;\u00e0mbit digital en la descripci\u00f3 dels seus trets d&#8217;identitat, objectius, normatives i actuacions. Anomenem documents estrat\u00e8gics el PEC, les NOFC, el Projecte de Direcci\u00f3 i la PGA. Tots ells descriuen com som i qu\u00e8 fem com escola.<\/li>\n<li><strong>Plans d&#8217;acollida digital<\/strong>: l&#8217;escola treballa en els protocols a utilitzar per fer l&#8217;acolliment digital de fam\u00edlies, alumnat i professorat.<\/li>\n<li><strong>Serveis digitals<\/strong> que ofereix el centre a fam\u00edlies, alumnat i professorat: us presentem quin \u00e9s el maquinari i espais digitals a disposici\u00f3 del nostre alumnat i professorat, els serveis digitals que emprem per gestionar els processos d&#8217;ensenyament-aprenentatge a nivell de professorat i alumnat i alguns dels protocols que l&#8217;escola empra per organitzar la seva gesti\u00f3.<\/li>\n<\/ul>\n<p>&nbsp;<\/p>\n<p><img loading=\"lazy\" decoding=\"async\" class=\"aligncenter wp-image-30559 size-full\" src=\"https:\/\/agora.xtec.cat\/ceip-santjordi-lleida\/wp-content\/uploads\/usu1393\/2022\/06\/img_EDC_graph_07-768x547-1.png\" alt=\"\" width=\"768\" height=\"547\" srcset=\"https:\/\/agora.xtec.cat\/ceip-santjordi-lleida\/wp-content\/uploads\/usu1393\/2022\/06\/img_EDC_graph_07-768x547-1.png 768w, https:\/\/agora.xtec.cat\/ceip-santjordi-lleida\/wp-content\/uploads\/usu1393\/2022\/06\/img_EDC_graph_07-768x547-1-300x214.png 300w\" sizes=\"auto, (max-width: 768px) 100vw, 768px\" \/><\/p>\n","protected":false},"excerpt":{"rendered":"<p>La <a href=\"https:\/\/projectes.xtec.cat\/edc-suport\/cultura-digital\/\">Cultura Digital de Centre<\/a>, la conformen tots els documents, protocols, acords, plans, procediments, etc. que permeten entendre la din\u00e0mica di\u00e0ria del centre en relaci\u00f3 a les tecnologies digitals. Per aquest motiu, en aquest espai podreu trobar:<\/p>\n<ul>\n<li>Compet\u00e8ncia digital de l&#8217;alumnat: trobareu publicat el document&hellip;  <a href=\"https:\/\/agora.xtec.cat\/ceip-santjordi-lleida\/estrategia-digital-de-centre\/cultura-digital\/\" title=\"Read Cultura digital\">Llegeix m\u00e9s\u00bb<\/a><br \/>\n","protected":false},"author":5,"featured_media":0,"parent":30436,"menu_order":0,"comment_status":"closed","ping_status":"closed","template":"","meta":{"_bbp_topic_count":0,"_bbp_reply_count":0,"_bbp_total_topic_count":0,"_bbp_total_reply_count":0,"_bbp_voice_count":0,"_bbp_anonymous_reply_count":0,"_bbp_topic_count_hidden":0,"_bbp_reply_count_hidden":0,"_bbp_forum_subforum_count":0,"footnotes":""},"class_list":["post-30443","page","type-page","status-publish","hentry"],"post_mailing_queue_ids":[],"_links":{"self":[{"href":"https:\/\/agora.xtec.cat\/ceip-santjordi-lleida\/wp-json\/wp\/v2\/pages\/30443","targetHints":{"allow":["GET"]}}],"collection":[{"href":"https:\/\/agora.xtec.cat\/ceip-santjordi-lleida\/wp-json\/wp\/v2\/pages"}],"about":[{"href":"https:\/\/agora.xtec.cat\/ceip-santjordi-lleida\/wp-json\/wp\/v2\/types\/page"}],"author":[{"embeddable":true,"href":"https:\/\/agora.xtec.cat\/ceip-santjordi-lleida\/wp-json\/wp\/v2\/users\/5"}],"replies":[{"embeddable":true,"href":"https:\/\/agora.xtec.cat\/ceip-santjordi-lleida\/wp-json\/wp\/v2\/comments?post=30443"}],"version-history":[{"count":3,"href":"https:\/\/agora.xtec.cat\/ceip-santjordi-lleida\/wp-json\/wp\/v2\/pages\/30443\/revisions"}],"predecessor-version":[{"id":30561,"href":"https:\/\/agora.xtec.cat\/ceip-santjordi-lleida\/wp-json\/wp\/v2\/pages\/30443\/revisions\/30561"}],"up":[{"embeddable":true,"href":"https:\/\/agora.xtec.cat\/ceip-santjordi-lleida\/wp-json\/wp\/v2\/pages\/30436"}],"wp:attachment":[{"href":"https:\/\/agora.xtec.cat\/ceip-santjordi-lleida\/wp-json\/wp\/v2\/media?parent=30443"}],"curies":[{"name":"wp","href":"https:\/\/api.w.org\/{rel}","templated":true}]}}