{"id":30436,"date":"2022-05-12T13:34:28","date_gmt":"2022-05-12T11:34:28","guid":{"rendered":"https:\/\/agora.xtec.cat\/ceip-santjordi-lleida\/?page_id=30436"},"modified":"2022-06-15T20:49:17","modified_gmt":"2022-06-15T18:49:17","slug":"estrategia-digital-de-centre","status":"publish","type":"page","link":"https:\/\/agora.xtec.cat\/ceip-santjordi-lleida\/estrategia-digital-de-centre\/","title":{"rendered":"Estrat\u00e8gia digital de centre"},"content":{"rendered":"<p>L&#8217;estrat\u00e8gia digital de centre (EDC) defineix i concreta les l\u00ednies d&#8217;actuaci\u00f3 d&#8217;un centre que fan possible que docents, alumnat i centre assoleixin la compet\u00e8ncia digital. Per aconseguir aquesta compet\u00e8ncia digital, l&#8217;EDC compr\u00e8n tots els \u00e0mbits del centre: organitzatius, metodol\u00f2gics, curriculars i comunicatius, els quals s&#8217;han de veure necess\u00e0riament implicats i, si escau, transformats, des d\u2019una perspectiva d&#8217;innovaci\u00f3 i de millora cont\u00ednua.<\/p>\n<p>Els objectius de l&#8217;EDC es poden agrupar en cinc \u00e0mbits, que tenen com a fita el m\u00e0xim assoliment de la compet\u00e8ncia digital de l\u2019alumnat, del professorat i del centre:<\/p>\n<ul>\n<li>Assoliment de la compet\u00e8ncia digital<\/li>\n<li>Planificaci\u00f3 estrat\u00e8gica i organitzaci\u00f3<\/li>\n<li>Metodologies did\u00e0ctiques i innovaci\u00f3<\/li>\n<li>Inclusi\u00f3 digital i de g\u00e8nere<\/li>\n<li>Seguretat i protecci\u00f3 de dades<\/li>\n<\/ul>\n<p>El Departament ens facilita el <a href=\"https:\/\/projectes.xtec.cat\/edc-suport\/\" target=\"_blank\" rel=\"noopener\">web de suport de l&#8217;Estrat\u00e8gia Digital de Centre<\/a>, per ajudar-nos a construir el nostre pla, aix\u00ed com diversos documents de consulta:<\/p>\n<ul>\n<li>Estrat\u00e8gia digital de Centre \u00a0 \u00a0<a style=\"color: #2795b6;\" title=\"Estrat\u00e8gia Digital de Centre\" href=\"https:\/\/educacio.gencat.cat\/web\/.content\/home\/departament\/publicacions\/colleccions\/pla-educacio-digital\/estrategia-digital-centre\/estrategia-digital-centre.pdf\" target=\"_blank\" rel=\"noopener\"><img loading=\"lazy\" decoding=\"async\" class=\"icon-document alignnone\" src=\"https:\/\/educacio.gencat.cat\/web\/resources\/fwkResponsives\/common\/img\/NG_ico_pdf.png\" alt=\"pdf icon\" width=\"20\" height=\"24\" \/><\/a><\/li>\n<li>Funcions i organitzaci\u00f3 de la comissi\u00f3 d&#8217;EDC \u00a0\u00a0 <a style=\"color: #2795b6;\" title=\"Funcions i organitzaci\u00f3 de la comissi\u00f3 d'estrat\u00e8gia digital de centre\" href=\"https:\/\/educacio.gencat.cat\/web\/.content\/home\/departament\/publicacions\/colleccions\/pla-educacio-digital\/funcions-comissio-estrategia-digital-centre\/funcions-comissio-estrategia-digital-centre.pdf\" target=\"_blank\" rel=\"noopener\"><img loading=\"lazy\" decoding=\"async\" class=\"icon-document alignnone\" src=\"https:\/\/educacio.gencat.cat\/web\/resources\/fwkResponsives\/common\/img\/NG_ico_pdf.png\" alt=\"pdf icon\" width=\"20\" height=\"24\" \/><\/a><\/li>\n<li>Orientacions per a la coordinaci\u00f3 digital de centre\u00a0 \u00a0\u00a0<a style=\"color: #2795b6;\" title=\"Aquest enlla\u00e7 s'obre en una nova pestanya: Orientacions per a la coordinaci\u00f3 digital de centre\" href=\"https:\/\/educacio.gencat.cat\/web\/.content\/home\/departament\/publicacions\/colleccions\/pla-educacio-digital\/orientacions-coordinacio-digital-centre\/orientacions-coordinacio-digital-centre.pdf\" target=\"_blank\" rel=\"noopener\"><img decoding=\"async\" class=\"icon-document\" src=\"https:\/\/educacio.gencat.cat\/web\/resources\/fwkResponsives\/common\/img\/NG_ico_pdf.png\" alt=\"pdf icon\" \/><\/a><\/li>\n<\/ul>\n<p>L&#8217;escola Sant Jordi de Lleida, des de fa ja molt anys, que s&#8217;organitza en comissions, una de les quals \u00e9s la comissi\u00f3 de cultura digital de centre. Aquesta comissi\u00f3 sempre ha estat formada per un representant de mestres de cada cicle, per tal de recollir i alhora informar al cicle corresponent, de tots els aspectes que se&#8217;n deriven. A m\u00e9s a m\u00e9s en formen part el o la coordinadora digital de centre aix\u00ed com un membre de l&#8217;equip directiu. Molts cops, el o la referent d&#8217;un determinat cicle, \u00e9s la mateixa persona que assumeix la coordinaci\u00f3 o un c\u00e0rrec directiu.<\/p>\n<p>Us deixem un v\u00eddeo on explica molt b\u00e9 en qu\u00e8 consisteix l&#8217;EDC:<\/p>\n<p><iframe loading=\"lazy\" title=\"Estrat\u00e8gia digital de centre\" width=\"500\" height=\"281\" src=\"https:\/\/www.youtube.com\/embed\/uS5UUZIYLPQ?feature=oembed\" frameborder=\"0\" allow=\"accelerometer; autoplay; clipboard-write; encrypted-media; gyroscope; picture-in-picture; web-share\" referrerpolicy=\"strict-origin-when-cross-origin\" allowfullscreen><\/iframe><\/p>\n","protected":false},"excerpt":{"rendered":"<p>L&#8217;estrat\u00e8gia digital de centre (EDC) defineix i concreta les l\u00ednies d&#8217;actuaci\u00f3 d&#8217;un centre que fan possible que docents, alumnat i centre assoleixin la compet\u00e8ncia digital. Per aconseguir aquesta compet\u00e8ncia digital, l&#8217;EDC compr\u00e8n tots els \u00e0mbits del centre: organitzatius, metodol\u00f2gics, curriculars i comunicatius, els quals s&#8217;han&hellip;  <a href=\"https:\/\/agora.xtec.cat\/ceip-santjordi-lleida\/estrategia-digital-de-centre\/\" title=\"Read Estrat\u00e8gia digital de centre\">Llegeix m\u00e9s\u00bb<\/a><\/p>\n","protected":false},"author":5,"featured_media":0,"parent":0,"menu_order":0,"comment_status":"closed","ping_status":"closed","template":"","meta":{"_bbp_topic_count":0,"_bbp_reply_count":0,"_bbp_total_topic_count":0,"_bbp_total_reply_count":0,"_bbp_voice_count":0,"_bbp_anonymous_reply_count":0,"_bbp_topic_count_hidden":0,"_bbp_reply_count_hidden":0,"_bbp_forum_subforum_count":0,"footnotes":""},"class_list":["post-30436","page","type-page","status-publish","hentry"],"post_mailing_queue_ids":[],"_links":{"self":[{"href":"https:\/\/agora.xtec.cat\/ceip-santjordi-lleida\/wp-json\/wp\/v2\/pages\/30436","targetHints":{"allow":["GET"]}}],"collection":[{"href":"https:\/\/agora.xtec.cat\/ceip-santjordi-lleida\/wp-json\/wp\/v2\/pages"}],"about":[{"href":"https:\/\/agora.xtec.cat\/ceip-santjordi-lleida\/wp-json\/wp\/v2\/types\/page"}],"author":[{"embeddable":true,"href":"https:\/\/agora.xtec.cat\/ceip-santjordi-lleida\/wp-json\/wp\/v2\/users\/5"}],"replies":[{"embeddable":true,"href":"https:\/\/agora.xtec.cat\/ceip-santjordi-lleida\/wp-json\/wp\/v2\/comments?post=30436"}],"version-history":[{"count":4,"href":"https:\/\/agora.xtec.cat\/ceip-santjordi-lleida\/wp-json\/wp\/v2\/pages\/30436\/revisions"}],"predecessor-version":[{"id":30589,"href":"https:\/\/agora.xtec.cat\/ceip-santjordi-lleida\/wp-json\/wp\/v2\/pages\/30436\/revisions\/30589"}],"wp:attachment":[{"href":"https:\/\/agora.xtec.cat\/ceip-santjordi-lleida\/wp-json\/wp\/v2\/media?parent=30436"}],"curies":[{"name":"wp","href":"https:\/\/api.w.org\/{rel}","templated":true}]}}