{"id":28,"date":"2014-09-18T12:29:35","date_gmt":"2014-09-18T10:29:35","guid":{"rendered":"http:\/\/agora.xtec.cat\/ceip-santjordi-lleida\/?page_id=28"},"modified":"2026-02-10T12:10:37","modified_gmt":"2026-02-10T11:10:37","slug":"consell-escolar","status":"publish","type":"page","link":"https:\/\/agora.xtec.cat\/ceip-santjordi-lleida\/lescola\/consell-escolar\/","title":{"rendered":"Consell escolar"},"content":{"rendered":"<p>El consell escolar del centre \u00e9s l&#8217;<strong>\u00f2rgan col\u00b7legiat de participaci\u00f3<\/strong> de la comunitat escolar en el govern del centre. En el consell escolar hi ha representats tots els col\u00b7lectius que intervenen en la comunitat educativa. D\u2019acord amb l\u2019estructura actual del centre de nou unitats, en s\u00f3n membres: el\/la directora\/a, el\/la Cap d\u2019Estudis, el\/la Secretari\/a, sis mestres, sis pares\/mares, un representant de la junta de l\u2019AFA, un representant del personal no docent i un representant de La Paeria.<\/p>\n<p>La funci\u00f3 principal del consell escolar \u00e9s participar en la presa de decisions en relaci\u00f3 amb aquells temes importants per al funcionament i l&#8217;organitzaci\u00f3 del centre: el projecte educatiu, la programaci\u00f3 general, la gesti\u00f3 econ\u00f2mica, etc.<\/p>\n<p>Els membres del consell escolar s\u00f3n elegits per un per\u00edode de quatre anys i es renoven per meitats cada dos anys.<\/p>\n<p>Actualment els membres del nostre consell escolar s\u00f3n:<\/p>\n<p><strong>Direcci\u00f3:<\/strong><br \/>\nMarta Casamiquela(directora)<br \/>\nIrene Sol\u00e9 (Cap d&#8217;estudis)<br \/>\nJennyfer Fortu\u00f1o (Secret\u00e0ria)<\/p>\n<p><strong>Sector Mares i Pares (AFA)<br \/>\n<\/strong><\/p>\n<p>Alberto V\u00e9lez<br \/>\nLaia Ingl\u00e9s<br \/>\nLaura Dejuan<br \/>\nSergi Flores<\/p>\n<p><strong>Representant de la junta de l&#8217;AFA:<br \/>\n<\/strong>Cristian Farr\u00e9<strong><br \/>\n<\/strong><\/p>\n<p><strong>Sector Mestres<\/strong><\/p>\n<p>Anna Andorr\u00e0<br \/>\nImma Arest\u00e9<br \/>\nAlbert Dom\u00e8nech<br \/>\nSandra Zago<br \/>\nS\u00edlvia P\u00e9rez<\/p>\n<p><strong>PAS<\/strong><br \/>\nAnna Cris Ariza<\/p>\n<p><strong>Representant de l&#8217;Ajuntament<\/strong><br \/>\nCarme Valls Llar\u00e0s\/ S\u00edlvia Puertas Novau (suplent)<\/p>\n<p>&nbsp;<\/p>\n<p><strong>Certificat dels acords del consell escolar presos durant el curs 25-26:<\/strong><\/p>\n<ul>\n<li style=\"list-style-type: none;\">\n<ul>\n<li><a href=\"https:\/\/drive.google.com\/file\/d\/1jFMJXBSs0yS4OauGYE_PuFtyxrTia0h8\/view?usp=drive_link\">Consell escolar ordinari de 13 d&#8217;octubre de 2025<\/a><\/li>\n<li><a href=\"https:\/\/drive.google.com\/file\/d\/1PLrL13BzCn0Qw4ovk1Ip8Clz6Y_MAPpx\/view?usp=drive_link\">Consell escolar ordinari de 15 de desembre de 2025<\/a><\/li>\n<li><a href=\"https:\/\/drive.google.com\/file\/d\/1hrDsSz1RCcS1k51prbh9EU_9Nhv_L5RK\/view?usp=drive_link\">Consell escolar extraordinari de 15 de desembre de 2025<\/a><\/li>\n<li><a href=\"https:\/\/drive.google.com\/file\/d\/1b3xWQFBp7CbaubDPx5BN8fXZQJM1l78X\/view?usp=drive_link\">Consell escolar ordinari de 28 de gener de 2026<\/a><\/li>\n<\/ul>\n<\/li>\n<\/ul>\n<p>&nbsp;<\/p>\n<p><strong>Documents econ\u00f2mics:<\/strong><\/p>\n<ul>\n<li><a href=\"https:\/\/drive.google.com\/file\/d\/1DJn-Znv-cLZD5jBTMDFRW3NHXU2KC4Fz\/view?usp=drive_link\" target=\"_blank\" rel=\"noopener\">Liquidaci\u00f3 2025<\/a><\/li>\n<li><a href=\"https:\/\/drive.google.com\/file\/d\/1aCSAAMqLcNHpSQqD70m0Bi6_uAtp8GPP\/view?usp=sharing\">Pressupost 2026<\/a><\/li>\n<\/ul>\n","protected":false},"excerpt":{"rendered":"<p>El consell escolar del centre \u00e9s l&#8217;\u00f2rgan col\u00b7legiat de participaci\u00f3 de la comunitat escolar en el govern del centre. En el consell escolar hi ha representats tots els col\u00b7lectius que intervenen en la comunitat educativa. D\u2019acord amb l\u2019estructura actual del centre de nou unitats, en&hellip;  <a href=\"https:\/\/agora.xtec.cat\/ceip-santjordi-lleida\/lescola\/consell-escolar\/\" title=\"Read Consell escolar\">Llegeix m\u00e9s\u00bb<\/a><\/p>\n","protected":false},"author":1,"featured_media":0,"parent":22,"menu_order":3,"comment_status":"closed","ping_status":"closed","template":"page-templates\/side-menu.php","meta":{"_bbp_topic_count":0,"_bbp_reply_count":0,"_bbp_total_topic_count":0,"_bbp_total_reply_count":0,"_bbp_voice_count":0,"_bbp_anonymous_reply_count":0,"_bbp_topic_count_hidden":0,"_bbp_reply_count_hidden":0,"_bbp_forum_subforum_count":0,"footnotes":""},"class_list":["post-28","page","type-page","status-publish","hentry"],"post_mailing_queue_ids":[],"_links":{"self":[{"href":"https:\/\/agora.xtec.cat\/ceip-santjordi-lleida\/wp-json\/wp\/v2\/pages\/28","targetHints":{"allow":["GET"]}}],"collection":[{"href":"https:\/\/agora.xtec.cat\/ceip-santjordi-lleida\/wp-json\/wp\/v2\/pages"}],"about":[{"href":"https:\/\/agora.xtec.cat\/ceip-santjordi-lleida\/wp-json\/wp\/v2\/types\/page"}],"author":[{"embeddable":true,"href":"https:\/\/agora.xtec.cat\/ceip-santjordi-lleida\/wp-json\/wp\/v2\/users\/1"}],"replies":[{"embeddable":true,"href":"https:\/\/agora.xtec.cat\/ceip-santjordi-lleida\/wp-json\/wp\/v2\/comments?post=28"}],"version-history":[{"count":7,"href":"https:\/\/agora.xtec.cat\/ceip-santjordi-lleida\/wp-json\/wp\/v2\/pages\/28\/revisions"}],"predecessor-version":[{"id":33143,"href":"https:\/\/agora.xtec.cat\/ceip-santjordi-lleida\/wp-json\/wp\/v2\/pages\/28\/revisions\/33143"}],"up":[{"embeddable":true,"href":"https:\/\/agora.xtec.cat\/ceip-santjordi-lleida\/wp-json\/wp\/v2\/pages\/22"}],"wp:attachment":[{"href":"https:\/\/agora.xtec.cat\/ceip-santjordi-lleida\/wp-json\/wp\/v2\/media?parent=28"}],"curies":[{"name":"wp","href":"https:\/\/api.w.org\/{rel}","templated":true}]}}