{"id":84,"date":"2014-09-18T14:11:31","date_gmt":"2014-09-18T13:11:31","guid":{"rendered":"http:\/\/agora.xtec.cat\/ceip-santjordi-ametllademar\/?page_id=84"},"modified":"2025-09-28T11:21:39","modified_gmt":"2025-09-28T09:21:39","slug":"activitats-extraescolars","status":"publish","type":"page","link":"https:\/\/agora.xtec.cat\/ceip-santjordi-ametllademar\/serveis\/activitats-extraescolars\/","title":{"rendered":"Activitats extraescolars i acollida matinal"},"content":{"rendered":"<p><img loading=\"lazy\" decoding=\"async\" class=\"size-medium wp-image-18259 aligncenter\" src=\"https:\/\/agora.xtec.cat\/ceip-santjordi-ametllademar\/wp-content\/uploads\/usu888\/2025\/09\/5788527085420132543-300x169.jpg\" alt=\"\" width=\"300\" height=\"169\" srcset=\"https:\/\/agora.xtec.cat\/ceip-santjordi-ametllademar\/wp-content\/uploads\/usu888\/2025\/09\/5788527085420132543-300x169.jpg 300w, https:\/\/agora.xtec.cat\/ceip-santjordi-ametllademar\/wp-content\/uploads\/usu888\/2025\/09\/5788527085420132543-768x432.jpg 768w, https:\/\/agora.xtec.cat\/ceip-santjordi-ametllademar\/wp-content\/uploads\/usu888\/2025\/09\/5788527085420132543.jpg 960w\" sizes=\"auto, (max-width: 300px) 100vw, 300px\" \/><\/p>\n<p style=\"text-align: justify;\">Des de l&#8217;AMPA i l&#8217;equip directiu de l&#8217;escola Sant Jordi apostem per oferir un\u00a0servei de qualitat en quant a les activitats extraescolars del centre. \u00c9s per aix\u00f2 que\u00a0aquest curs, juntament amb<a href=\"http:\/\/www.actiesport.es\/\" target=\"_blank\" rel=\"noopener\"> ACTIESPORT<\/a>, empresa de serveis esportius i educatius, oferim un nou ventall d&#8217;activitats per als nens i nenes per tal que tinguin l&#8217;oportunitat d&#8217;escollir entre aquelles activitats que m\u00e9s els hi agradin.<\/p>\n<p style=\"text-align: justify;\">El principal objectiu, tant de l&#8217;AMPA, de l&#8217;equip directiu com d&#8217;ACTIESPORT, \u00e9s oferir una educaci\u00f3 amb valors. Per aix\u00f2 \u00e9s important comentar que tots i cadascun des monitors i monitores estaran seleccionats per poder oferir, d&#8217;aquesta forma, un servei \u00f2ptim en quant al bon funcionament de l&#8217;activitat, sent persones amb experi\u00e8ncia en el m\u00f3n educatiu i esportiu i tenen la formaci\u00f3 necess\u00e0ria per dur a terme les diverses activitats i arribar a assolir les compet\u00e8ncies.<\/p>\n<p style=\"text-align: justify;\">La majoria d&#8217;activitats extraescolars s\u00f3n de caire\u00a0l\u00fadic per respectar la necessitat d&#8217;esbarjo dels alumnes despr\u00e9s de tota una jornada\u00a0escolar. L&#8217;activitat l\u00fadica ha de ser el millor recurs did\u00e0ctic per aprendre a ser i per\u00a0assolir diverses compet\u00e8ncies b\u00e0siques:<\/p>\n<div style=\"text-align: justify;\">\n<ul>\n<li>Aprendre a aprendre.<\/li>\n<li>Compet\u00e8ncia comunicativa ling\u00fc\u00edstica i audiovisual.<\/li>\n<li>Compet\u00e8ncia art\u00edstica i cultural.<\/li>\n<li>Compet\u00e8ncia d&#8217;autonomia i iniciativa personal.<\/li>\n<li>Compet\u00e8ncia en el coneixement i la interacci\u00f3 amb el m\u00f3n f\u00edsic.<\/li>\n<li>Compet\u00e8ncia social i ciutadana.<\/li>\n<\/ul>\n<\/div>\n<p style=\"text-align: justify;\">Tamb\u00e9 us podeu preguntar quins avantatges comporta una activitat d&#8217;aquest tipus per als vostres fills i filles a banda d&#8217;una estona de diversi\u00f3?<\/p>\n<ul style=\"text-align: justify;\">\n<li>La possibilitat de socialitzaci\u00f3, \u00e9s a dir, l&#8217;oportunitat d&#8217;aprendre d&#8217;altres\u00a0maneres i amb altres persones, normes, valors i pautes socials.<\/li>\n<li>Trobar nous amics.<\/li>\n<li>La relaci\u00f3 amb nous referents, noves persones de qui aprendre coses, de qui\u00a0rebre orientacions.<\/li>\n<li>La possibilitat de descobrir nous interessos i habilitats.<\/li>\n<\/ul>\n<h3 style=\"text-align: justify;\">Coordinaci\u00f3 amb els monitors i monitores i amb l&#8217;escola<\/h3>\n<p style=\"text-align: justify;\">La coordinaci\u00f3 de monitors es realitza de forma interna, amb reunions peri\u00f2diques per comprovar que s&#8217;estan assolint els objectius plantejats i que tot funciona correctament. De totes formes, si hi ha qualsevol problema o les fam\u00edlies es volen adre\u00e7ar als monitors, solament cal que ho sol\u00b7licitin a l&#8217;AMPA de l&#8217;escola o a l&#8217;empresa ACTIESPORT que gestiona les activitats.<\/p>\n<div style=\"text-align: justify;\">Totes les activitats es realitzen amb la col\u00b7laboraci\u00f3 de l&#8217;equip directiu del centre, el qual facilita les aules i espais per poder-les realitzar. Aquestes activitats estan cobertes per una asseguran\u00e7a de\u00a0Responsabilitat Civil i asseguran\u00e7a d&#8217;accidents.<\/div>\n<div>\n<h3><\/h3>\n<\/div>\n<div>\n<table class=\" aligncenter\" style=\"height: 33px; width: 99.8817%;\" width=\"577\">\n<tbody>\n<tr>\n<td style=\"width: 15.9722%;\">Presentaci\u00f3<\/td>\n<td style=\"width: 14.0278%;\"><a href=\"http:\/\/agora.xtec.cat\/ceip-santjordi-ametllademar\/serveis\/activitats-extraescolars\/calendari\/\">Calendari<\/a><\/td>\n<td style=\"width: 15.1389%;\"><a href=\"http:\/\/agora.xtec.cat\/ceip-santjordi-ametllademar\/serveis\/activitats-extraescolars\/normativa\/\">Normativa<\/a><\/td>\n<td style=\"width: 19.3056%;\"><a href=\"http:\/\/agora.xtec.cat\/ceip-santjordi-ametllademar\/serveis\/activitats-extraescolars\/documentacio\/\">Butlleta d&#8217;inscripci\u00f3<\/a><\/td>\n<td style=\"width: 22.3611%;\"><a href=\"http:\/\/agora.xtec.cat\/ceip-santjordi-ametllademar\/serveis\/activitats-extraescolars\/la-nostra-oferta\/\">Extraescolars curs 25-26<\/a><\/td>\n<td style=\"width: 13.1944%;\"><a href=\"http:\/\/agora.xtec.cat\/ceip-santjordi-ametllademar\/serveis\/activitats-extraescolars\/contacte\/\">Contacte<\/a><\/td>\n<\/tr>\n<\/tbody>\n<\/table>\n<\/div>\n","protected":false},"excerpt":{"rendered":"<p>Des de l&#8217;AMPA i l&#8217;equip directiu de l&#8217;escola Sant Jordi apostem per oferir un\u00a0servei de qualitat en quant a les activitats extraescolars del centre. \u00c9s per aix\u00f2 que\u00a0aquest curs, juntament amb ACTIESPORT, empresa de serveis esportius i educatius, oferim un nou ventall d&#8217;activitats per als nens i nenes per tal que tinguin l&#8217;oportunitat d&#8217;escollir entre [&hellip;]<\/p>\n","protected":false},"author":1,"featured_media":0,"parent":66,"menu_order":60,"comment_status":"closed","ping_status":"closed","template":"","meta":{"_bbp_topic_count":0,"_bbp_reply_count":0,"_bbp_total_topic_count":0,"_bbp_total_reply_count":0,"_bbp_voice_count":0,"_bbp_anonymous_reply_count":0,"_bbp_topic_count_hidden":0,"_bbp_reply_count_hidden":0,"_bbp_forum_subforum_count":0,"site-sidebar-layout":"default","site-content-layout":"","ast-site-content-layout":"default","site-content-style":"default","site-sidebar-style":"default","ast-global-header-display":"","ast-banner-title-visibility":"","ast-main-header-display":"","ast-hfb-above-header-display":"","ast-hfb-below-header-display":"","ast-hfb-mobile-header-display":"","site-post-title":"","ast-breadcrumbs-content":"","ast-featured-img":"","footer-sml-layout":"","theme-transparent-header-meta":"default","adv-header-id-meta":"","stick-header-meta":"","header-above-stick-meta":"","header-main-stick-meta":"","header-below-stick-meta":"","astra-migrate-meta-layouts":"set","ast-page-background-enabled":"default","ast-page-background-meta":{"desktop":{"background-color":"var(--ast-global-color-4)","background-image":"","background-repeat":"repeat","background-position":"center center","background-size":"auto","background-attachment":"scroll","background-type":"","background-media":"","overlay-type":"","overlay-color":"","overlay-opacity":"","overlay-gradient":""},"tablet":{"background-color":"","background-image":"","background-repeat":"repeat","background-position":"center center","background-size":"auto","background-attachment":"scroll","background-type":"","background-media":"","overlay-type":"","overlay-color":"","overlay-opacity":"","overlay-gradient":""},"mobile":{"background-color":"","background-image":"","background-repeat":"repeat","background-position":"center center","background-size":"auto","background-attachment":"scroll","background-type":"","background-media":"","overlay-type":"","overlay-color":"","overlay-opacity":"","overlay-gradient":""}},"ast-content-background-meta":{"desktop":{"background-color":"var(--ast-global-color-5)","background-image":"","background-repeat":"repeat","background-position":"center center","background-size":"auto","background-attachment":"scroll","background-type":"","background-media":"","overlay-type":"","overlay-color":"","overlay-opacity":"","overlay-gradient":""},"tablet":{"background-color":"var(--ast-global-color-5)","background-image":"","background-repeat":"repeat","background-position":"center center","background-size":"auto","background-attachment":"scroll","background-type":"","background-media":"","overlay-type":"","overlay-color":"","overlay-opacity":"","overlay-gradient":""},"mobile":{"background-color":"var(--ast-global-color-5)","background-image":"","background-repeat":"repeat","background-position":"center center","background-size":"auto","background-attachment":"scroll","background-type":"","background-media":"","overlay-type":"","overlay-color":"","overlay-opacity":"","overlay-gradient":""}},"footnotes":""},"class_list":["post-84","page","type-page","status-publish","hentry"],"post_mailing_queue_ids":[],"_links":{"self":[{"href":"https:\/\/agora.xtec.cat\/ceip-santjordi-ametllademar\/wp-json\/wp\/v2\/pages\/84","targetHints":{"allow":["GET"]}}],"collection":[{"href":"https:\/\/agora.xtec.cat\/ceip-santjordi-ametllademar\/wp-json\/wp\/v2\/pages"}],"about":[{"href":"https:\/\/agora.xtec.cat\/ceip-santjordi-ametllademar\/wp-json\/wp\/v2\/types\/page"}],"author":[{"embeddable":true,"href":"https:\/\/agora.xtec.cat\/ceip-santjordi-ametllademar\/wp-json\/wp\/v2\/users\/1"}],"replies":[{"embeddable":true,"href":"https:\/\/agora.xtec.cat\/ceip-santjordi-ametllademar\/wp-json\/wp\/v2\/comments?post=84"}],"version-history":[{"count":6,"href":"https:\/\/agora.xtec.cat\/ceip-santjordi-ametllademar\/wp-json\/wp\/v2\/pages\/84\/revisions"}],"predecessor-version":[{"id":18260,"href":"https:\/\/agora.xtec.cat\/ceip-santjordi-ametllademar\/wp-json\/wp\/v2\/pages\/84\/revisions\/18260"}],"up":[{"embeddable":true,"href":"https:\/\/agora.xtec.cat\/ceip-santjordi-ametllademar\/wp-json\/wp\/v2\/pages\/66"}],"wp:attachment":[{"href":"https:\/\/agora.xtec.cat\/ceip-santjordi-ametllademar\/wp-json\/wp\/v2\/media?parent=84"}],"curies":[{"name":"wp","href":"https:\/\/api.w.org\/{rel}","templated":true}]}}