{"id":80,"date":"2014-09-18T14:09:48","date_gmt":"2014-09-18T13:09:48","guid":{"rendered":"http:\/\/agora.xtec.cat\/ceip-santjordi-ametllademar\/?page_id=80"},"modified":"2025-09-28T15:10:57","modified_gmt":"2025-09-28T13:10:57","slug":"transport-escolar","status":"publish","type":"page","link":"https:\/\/agora.xtec.cat\/ceip-santjordi-ametllademar\/serveis\/transport-escolar\/","title":{"rendered":"Transport Escolar"},"content":{"rendered":"<h3 style=\"text-align: center;\"><strong>Sol\u00b7licitud per fer \u00fas del <span class=\"matching-text-highlight\">transport<\/span> escolar<\/strong><\/h3>\n<p style=\"text-align: justify;\"><strong>\u00a0 \u00a0 \u00a0 \u00a0 \u00a0 \u00a0 \u00a0 \u00a0 \u00a0 \u00a0 \u00a0 \u00a0 \u00a0 \u00a0 \u00a0 \u00a0 \u00a0 \u00a0 \u00a0 \u00a0 \u00a0 \u00a0 \u00a0 \u00a0 \u00a0 \u00a0 \u00a0 \u00a0 \u00a0 \u00a0 \u00a0 \u00a0 \u00a0 \u00a0 \u00a0 Curs 2025-2026<\/strong><\/p>\n<p>A partir del dia 16 de juny de 2025 s\u2019inicia el per\u00edode de presentaci\u00f3 de les sol\u00b7licituds per fer \u00fas del <span class=\"matching-text-highlight\">transport<\/span> escolar del curs 2025-2026. Aquesta presentaci\u00f3 s\u2019haur\u00e0 de fer,<strong data-entity-type=\"MessageEntityBold\">via telem\u00e0tica, <\/strong>a la p\u00e0gina<strong data-entity-type=\"MessageEntityBold\">\u00a0<\/strong>web del Consell Comarcal del Baix Ebre <a class=\"text-entity-link\" dir=\"auto\" title=\"http:\/\/www.baixebre.cat\/\" href=\"http:\/\/www.baixebre.cat\/\" target=\"_blank\" rel=\"noopener noreferrer\" data-entity-type=\"MessageEntityTextUrl\"><ins data-entity-type=\"MessageEntityUnderline\">www.baixebre.cat<\/ins><\/a>\u00a0, a trav\u00e9s de la seu electr\u00f2nica mitjan\u00e7ant el seg\u00fcent enlla\u00e7 <a class=\"text-entity-link\" dir=\"auto\" title=\"http:\/\/www.baixebre.eadministracio.cat\/\" href=\"http:\/\/www.baixebre.eadministracio.cat\/\" target=\"_blank\" rel=\"noopener noreferrer\" data-entity-type=\"MessageEntityTextUrl\"><ins data-entity-type=\"MessageEntityUnderline\">baixebre.eadministracio.cat<\/ins><\/a><\/p>\n<p>En l\u2019apartat CAT\u00c0LEG DE TR\u00c0MITS s\u2019haur\u00e0 de clicar a: AJUTS D\u2019ENSENYAMENT (<strong data-entity-type=\"MessageEntityBold\">Sol\u00b7licitud per fer \u00fas del servei de <span class=\"matching-text-highlight\">transport<\/span> escolar, curs 2025-2026<\/strong>) i anar a la tramitaci\u00f3 electr\u00f2nica (<strong data-entity-type=\"MessageEntityBold\">Iniciar Tramitaci\u00f3 Electr\u00f2nica<\/strong>) on caldr\u00e0 identificar-se electr\u00f2nicament, amb l\u2019idCAT m\u00f2bil, certificat digital o amb els sistemes de claus concertades de Cl@ve.<\/p>\n<p>S\u2019hauran d\u2019emplenar les dades relatives a l\u2019alumne\/a per al qui es sol\u00b7licita el <span class=\"matching-text-highlight\">transport<\/span> escolar (una sol\u00b7licitud per alumne\/a). Un cop signat el tr\u00e0mit es rebr\u00e0 un correu amb el corresponent n\u00famero de registre d\u2019entrada i el tr\u00e0mit haur\u00e0 finalitzat.<\/p>\n<p>El termini per presentar aquesta sol\u00b7licitud ser\u00e0 <ins data-entity-type=\"MessageEntityUnderline\">fins al 13 de juliol de 2025<\/ins>, incl\u00f2s.<\/p>\n<p>Per qualsevol dubte us podeu posar en contacte al correu electr\u00f2nic <a class=\"text-entity-link\" dir=\"auto\" href=\"mailto:ensenyament@baixebre.cat\" target=\"_blank\" rel=\"noopener noreferrer\" data-entity-type=\"MessageEntityEmail\"><ins data-entity-type=\"MessageEntityUnderline\">ensenyament@baixebre.cat<\/ins><\/a>\u00a0o al tel\u00e8fon <ins data-entity-type=\"MessageEntityUnderline\">977 445308<\/ins>.<\/p>\n<p style=\"text-align: justify;\"><strong>Itinerari: <\/strong><\/p>\n<p style=\"text-align: center;\"><strong><span style=\"font-size: 17.6px;\">Calafat &#8211; Sant Jordi d&#8217;Alfama &#8211; Tres Cales &#8211; Escola Sant Jordi<\/span><\/strong><\/p>\n<h5 style=\"text-align: center;\">Contacte amb el servei durant el curs: tel\u00e8fon escola (977456480) \/ tel\u00e8fon Ajuntament (977456000) \/ correu escola (<a href=\"mailto:e3000263@xtec.cat\">e3000263@xtec.cat<\/a>)<\/h5>\n<p>&nbsp;<\/p>\n<p style=\"text-align: justify;\">A l&#8217;arribar a l&#8217;escola, l&#8217;alumnat romandr\u00e0 sota la responsabilitat del centre.<\/p>\n<p style=\"text-align: justify;\">Per a m\u00e9s informaci\u00f3 consulteu:<\/p>\n<p style=\"text-align: justify;\"><a style=\"font-size: 16px; background-color: #ffffff;\" href=\"http:\/\/baixebre.cat\/sites\/default\/files\/pagina\/600\/documents\/reglament_del_servei_de_transport_escolar.pdf\" target=\"_blank\" rel=\"noopener\">REGLAMENT DEL SERVEI DE TRANSPORT ESCOLAR A LA COMARCA DEL BAIX EBRE<\/a><\/p>\n","protected":false},"excerpt":{"rendered":"<p>Sol\u00b7licitud per fer \u00fas del transport escolar \u00a0 \u00a0 \u00a0 \u00a0 \u00a0 \u00a0 \u00a0 \u00a0 \u00a0 \u00a0 \u00a0 \u00a0 \u00a0 \u00a0 \u00a0 \u00a0 \u00a0 \u00a0 \u00a0 \u00a0 \u00a0 \u00a0 \u00a0 \u00a0 \u00a0 \u00a0 \u00a0 \u00a0 \u00a0 \u00a0 \u00a0 \u00a0 \u00a0 \u00a0 \u00a0 Curs 2025-2026 A partir del dia 16 de juny de 2025 s\u2019inicia el [&hellip;]<\/p>\n","protected":false},"author":1,"featured_media":0,"parent":66,"menu_order":40,"comment_status":"closed","ping_status":"closed","template":"","meta":{"_bbp_topic_count":0,"_bbp_reply_count":0,"_bbp_total_topic_count":0,"_bbp_total_reply_count":0,"_bbp_voice_count":0,"_bbp_anonymous_reply_count":0,"_bbp_topic_count_hidden":0,"_bbp_reply_count_hidden":0,"_bbp_forum_subforum_count":0,"site-sidebar-layout":"default","site-content-layout":"","ast-site-content-layout":"default","site-content-style":"default","site-sidebar-style":"default","ast-global-header-display":"","ast-banner-title-visibility":"","ast-main-header-display":"","ast-hfb-above-header-display":"","ast-hfb-below-header-display":"","ast-hfb-mobile-header-display":"","site-post-title":"","ast-breadcrumbs-content":"","ast-featured-img":"","footer-sml-layout":"","theme-transparent-header-meta":"default","adv-header-id-meta":"","stick-header-meta":"","header-above-stick-meta":"","header-main-stick-meta":"","header-below-stick-meta":"","astra-migrate-meta-layouts":"set","ast-page-background-enabled":"default","ast-page-background-meta":{"desktop":{"background-color":"var(--ast-global-color-4)","background-image":"","background-repeat":"repeat","background-position":"center center","background-size":"auto","background-attachment":"scroll","background-type":"","background-media":"","overlay-type":"","overlay-color":"","overlay-opacity":"","overlay-gradient":""},"tablet":{"background-color":"","background-image":"","background-repeat":"repeat","background-position":"center center","background-size":"auto","background-attachment":"scroll","background-type":"","background-media":"","overlay-type":"","overlay-color":"","overlay-opacity":"","overlay-gradient":""},"mobile":{"background-color":"","background-image":"","background-repeat":"repeat","background-position":"center center","background-size":"auto","background-attachment":"scroll","background-type":"","background-media":"","overlay-type":"","overlay-color":"","overlay-opacity":"","overlay-gradient":""}},"ast-content-background-meta":{"desktop":{"background-color":"var(--ast-global-color-5)","background-image":"","background-repeat":"repeat","background-position":"center center","background-size":"auto","background-attachment":"scroll","background-type":"","background-media":"","overlay-type":"","overlay-color":"","overlay-opacity":"","overlay-gradient":""},"tablet":{"background-color":"var(--ast-global-color-5)","background-image":"","background-repeat":"repeat","background-position":"center center","background-size":"auto","background-attachment":"scroll","background-type":"","background-media":"","overlay-type":"","overlay-color":"","overlay-opacity":"","overlay-gradient":""},"mobile":{"background-color":"var(--ast-global-color-5)","background-image":"","background-repeat":"repeat","background-position":"center center","background-size":"auto","background-attachment":"scroll","background-type":"","background-media":"","overlay-type":"","overlay-color":"","overlay-opacity":"","overlay-gradient":""}},"footnotes":""},"class_list":["post-80","page","type-page","status-publish","hentry"],"post_mailing_queue_ids":[],"_links":{"self":[{"href":"https:\/\/agora.xtec.cat\/ceip-santjordi-ametllademar\/wp-json\/wp\/v2\/pages\/80","targetHints":{"allow":["GET"]}}],"collection":[{"href":"https:\/\/agora.xtec.cat\/ceip-santjordi-ametllademar\/wp-json\/wp\/v2\/pages"}],"about":[{"href":"https:\/\/agora.xtec.cat\/ceip-santjordi-ametllademar\/wp-json\/wp\/v2\/types\/page"}],"author":[{"embeddable":true,"href":"https:\/\/agora.xtec.cat\/ceip-santjordi-ametllademar\/wp-json\/wp\/v2\/users\/1"}],"replies":[{"embeddable":true,"href":"https:\/\/agora.xtec.cat\/ceip-santjordi-ametllademar\/wp-json\/wp\/v2\/comments?post=80"}],"version-history":[{"count":6,"href":"https:\/\/agora.xtec.cat\/ceip-santjordi-ametllademar\/wp-json\/wp\/v2\/pages\/80\/revisions"}],"predecessor-version":[{"id":18348,"href":"https:\/\/agora.xtec.cat\/ceip-santjordi-ametllademar\/wp-json\/wp\/v2\/pages\/80\/revisions\/18348"}],"up":[{"embeddable":true,"href":"https:\/\/agora.xtec.cat\/ceip-santjordi-ametllademar\/wp-json\/wp\/v2\/pages\/66"}],"wp:attachment":[{"href":"https:\/\/agora.xtec.cat\/ceip-santjordi-ametllademar\/wp-json\/wp\/v2\/media?parent=80"}],"curies":[{"name":"wp","href":"https:\/\/api.w.org\/{rel}","templated":true}]}}