{"id":36,"date":"2014-09-18T12:33:11","date_gmt":"2014-09-18T10:33:11","guid":{"rendered":"http:\/\/agora.xtec.cat\/ceip-santjordi-ametllademar\/?page_id=36"},"modified":"2023-07-13T13:35:05","modified_gmt":"2023-07-13T11:35:05","slug":"material-escolar","status":"publish","type":"page","link":"https:\/\/agora.xtec.cat\/ceip-santjordi-ametllademar\/lescola\/material-escolar\/","title":{"rendered":"Material escolar i llibres de text curs 23-24. Full inscripci\u00f3 AMPA 23-24"},"content":{"rendered":"<p><script type=\"text\/javascript\">\/\/ <![CDATA[ function googleTranslateElementInit() { new google.translate.TranslateElement({pageLanguage: 'ca', includedLanguages: 'ar,ca,en,es,fr,ro,zh-CN', layout: google.translate.TranslateElement.InlineLayout.SIMPLE}, 'google_translate_element'); } \/\/ ]]><\/script><script src=\"\/\/translate.google.com\/translate_a\/element.js?cb=googleTranslateElementInit\" type=\"text\/javascript\"><\/script><\/p>\n<p>Descripci\u00f3 i enumeraci\u00f3 del material escolar que els alumnes i fam\u00edlies necessitaran per al nivell educatiu corresponent, \u00e9s recomanable diferenciar les diferents tipologies de material escolar necessari (llibres de text, lectures, dispositius digitals, material de taller, de dibuix\u2026)<\/p>\n<table style=\"border-collapse: collapse; width: 100%;\">\n<tbody>\n<tr>\n<td style=\"width: 33.3333%;\"><\/td>\n<td style=\"width: 33.3333%;\">LLISTAT DE LLIBRES<\/td>\n<td style=\"width: 33.3333%;\">LLISTAT DE MATERIAL<\/td>\n<\/tr>\n<tr>\n<td style=\"width: 33.3333%;\">I3<\/td>\n<td style=\"width: 33.3333%;\"><\/td>\n<td style=\"width: 33.3333%;\"><a href=\"https:\/\/agora.xtec.cat\/ceip-santjordi-ametllademar\/wp-content\/uploads\/usu888\/2023\/07\/MATERIAL-EI3-2023-24.docx.pdf\">MATERIAL EI3 2023-24.docx<\/a><\/td>\n<\/tr>\n<tr>\n<td style=\"width: 33.3333%;\">I4<\/td>\n<td style=\"width: 33.3333%;\"><\/td>\n<td style=\"width: 33.3333%;\"><a href=\"https:\/\/agora.xtec.cat\/ceip-santjordi-ametllademar\/wp-content\/uploads\/usu888\/2023\/07\/Material-EI4-2023-24.docx.pdf\">Material EI4 2023-24.docx<\/a><\/td>\n<\/tr>\n<tr>\n<td style=\"width: 33.3333%;\">I5<\/td>\n<td style=\"width: 33.3333%;\"><a href=\"https:\/\/agora.xtec.cat\/ceip-santjordi-ametllademar\/wp-content\/uploads\/usu888\/2023\/07\/LLIBRES-EI5-23-24.docx.pdf\">LLIBRES EI5 23-24.docx<\/a><\/td>\n<td style=\"width: 33.3333%;\"><a href=\"https:\/\/agora.xtec.cat\/ceip-santjordi-ametllademar\/wp-content\/uploads\/usu888\/2023\/07\/MATERIAL-EI5-2023-24.docx.pdf\">MATERIAL EI5 2023-24.docx<\/a><\/td>\n<\/tr>\n<tr>\n<td style=\"width: 33.3333%;\">1r<\/td>\n<td style=\"width: 33.3333%;\"><a href=\"https:\/\/agora.xtec.cat\/ceip-santjordi-ametllademar\/wp-content\/uploads\/usu888\/2023\/07\/Llibres-1r-23-24-1.pdf\">Llibres 1r 23-24 (1)<\/a><\/td>\n<td style=\"width: 33.3333%;\"><a href=\"https:\/\/agora.xtec.cat\/ceip-santjordi-ametllademar\/wp-content\/uploads\/usu888\/2023\/07\/Material-1r-2023-2024.docx-3.pdf\">Material 1r 2023-2024.docx (3)<\/a><\/td>\n<\/tr>\n<tr>\n<td style=\"width: 33.3333%;\">2n<\/td>\n<td style=\"width: 33.3333%;\"><a href=\"https:\/\/agora.xtec.cat\/ceip-santjordi-ametllademar\/wp-content\/uploads\/usu888\/2023\/07\/Llibres-2n-23-24.pdf\">Llibres 2n 23-24<\/a><\/td>\n<td style=\"width: 33.3333%;\"><a href=\"https:\/\/agora.xtec.cat\/ceip-santjordi-ametllademar\/wp-content\/uploads\/usu888\/2023\/07\/Material-2n-2023-2024.docx-2.pdf\">Material 2n 2023-2024.docx (2)<\/a><\/td>\n<\/tr>\n<tr>\n<td style=\"width: 33.3333%;\">3r<\/td>\n<td style=\"width: 33.3333%;\"><a href=\"https:\/\/agora.xtec.cat\/ceip-santjordi-ametllademar\/wp-content\/uploads\/usu888\/2023\/07\/llibres-3r-23-24.pdf\">llibres 3r 23-24<\/a><\/td>\n<td style=\"width: 33.3333%;\"><a href=\"https:\/\/agora.xtec.cat\/ceip-santjordi-ametllademar\/wp-content\/uploads\/usu888\/2023\/07\/Material-3r-2023-24-1.pdf\">Material 3r 2023-24 (1)<\/a><\/td>\n<\/tr>\n<tr>\n<td style=\"width: 33.3333%;\">4t<\/td>\n<td style=\"width: 33.3333%;\"><a href=\"https:\/\/agora.xtec.cat\/ceip-santjordi-ametllademar\/wp-content\/uploads\/usu888\/2023\/07\/llibres-4t-23-24-1.pdf\">llibres 4t 23-24 (1)<\/a><\/td>\n<td style=\"width: 33.3333%;\"><a href=\"https:\/\/agora.xtec.cat\/ceip-santjordi-ametllademar\/wp-content\/uploads\/usu888\/2023\/07\/Material-4t-2023-24-1.pdf\">Material 4t 2023-24 (1)<\/a><\/td>\n<\/tr>\n<tr>\n<td style=\"width: 33.3333%;\">5\u00e8<\/td>\n<td style=\"width: 33.3333%;\"><a href=\"https:\/\/agora.xtec.cat\/ceip-santjordi-ametllademar\/wp-content\/uploads\/usu888\/2023\/07\/Llibres-5e-23-24.pdf\">Llibres 5\u00e8 23-24<\/a><\/td>\n<td style=\"width: 33.3333%;\"><a href=\"https:\/\/agora.xtec.cat\/ceip-santjordi-ametllademar\/wp-content\/uploads\/usu888\/2023\/07\/Material-5e-2023-24-3.pdf\">Material 5\u00e8 2023-24 (3)<\/a><\/td>\n<\/tr>\n<tr>\n<td style=\"width: 33.3333%;\">6\u00e8<\/td>\n<td style=\"width: 33.3333%;\"><a href=\"https:\/\/agora.xtec.cat\/ceip-santjordi-ametllademar\/wp-content\/uploads\/usu888\/2023\/07\/Llibres-6e-23-24.pdf\">Llibres 6\u00e8 23-24<\/a><\/td>\n<td style=\"width: 33.3333%;\"><a href=\"https:\/\/agora.xtec.cat\/ceip-santjordi-ametllademar\/wp-content\/uploads\/usu888\/2023\/07\/Material-6e-2023-24-2.pdf\">Material 6\u00e8 2023-24 (2)<\/a><\/td>\n<\/tr>\n<\/tbody>\n<\/table>\n<p>Full d&#8217;inscripci\u00f3 de l&#8217;AMPA : <a href=\"https:\/\/agora.xtec.cat\/ceip-santjordi-ametllademar\/wp-content\/uploads\/usu888\/2023\/07\/FULL-INSCRIPCIO-AMPA-CURS-23-24-pdf.pdf\">FULL INSCRIPCI\u00d3 AMPA CURS 23-24 pdf<\/a><\/p>\n<p>Quota material: <a href=\"https:\/\/agora.xtec.cat\/ceip-santjordi-ametllademar\/wp-content\/uploads\/usu888\/2023\/07\/QUOTA-DE-MATERIAL-I3_I4-23-24-1.pdf\">QUOTA DE MATERIAL I3_I4 23-24 (1)<\/a> ,\u00a0 <a href=\"https:\/\/agora.xtec.cat\/ceip-santjordi-ametllademar\/wp-content\/uploads\/usu888\/2023\/07\/QUOTA-DE-MATERIAL-I5-i-primaria-23-24.pdf\">QUOTA DE MATERIAL I5 i primaria 23-24<\/a><\/p>\n<p>Informaci\u00f3 VAL 100\u20ac: <a href=\"https:\/\/agora.xtec.cat\/ceip-santjordi-ametllademar\/wp-content\/uploads\/usu888\/2023\/07\/Vals-100E-23-24.pdf\">Vals 100\u20ac 23-24<\/a><\/p>\n","protected":false},"excerpt":{"rendered":"<p>Descripci\u00f3 i enumeraci\u00f3 del material escolar que els alumnes i fam\u00edlies necessitaran per al nivell educatiu corresponent, \u00e9s recomanable diferenciar les diferents tipologies de material escolar necessari (llibres de text, lectures, dispositius digitals, material de taller, de dibuix\u2026) LLISTAT DE LLIBRES LLISTAT DE MATERIAL I3 MATERIAL EI3 2023-24.docx I4 Material EI4 2023-24.docx I5 LLIBRES EI5 [&hellip;]<\/p>\n","protected":false},"author":1,"featured_media":0,"parent":22,"menu_order":50,"comment_status":"closed","ping_status":"closed","template":"page-templates\/side-menu.php","meta":{"_bbp_topic_count":0,"_bbp_reply_count":0,"_bbp_total_topic_count":0,"_bbp_total_reply_count":0,"_bbp_voice_count":0,"_bbp_anonymous_reply_count":0,"_bbp_topic_count_hidden":0,"_bbp_reply_count_hidden":0,"_bbp_forum_subforum_count":0,"site-sidebar-layout":"default","site-content-layout":"","ast-site-content-layout":"","site-content-style":"default","site-sidebar-style":"default","ast-global-header-display":"","ast-banner-title-visibility":"","ast-main-header-display":"","ast-hfb-above-header-display":"","ast-hfb-below-header-display":"","ast-hfb-mobile-header-display":"","site-post-title":"","ast-breadcrumbs-content":"","ast-featured-img":"","footer-sml-layout":"","theme-transparent-header-meta":"","adv-header-id-meta":"","stick-header-meta":"","header-above-stick-meta":"","header-main-stick-meta":"","header-below-stick-meta":"","astra-migrate-meta-layouts":"default","ast-page-background-enabled":"default","ast-page-background-meta":{"desktop":{"background-color":"var(--ast-global-color-4)","background-image":"","background-repeat":"repeat","background-position":"center center","background-size":"auto","background-attachment":"scroll","background-type":"","background-media":"","overlay-type":"","overlay-color":"","overlay-opacity":"","overlay-gradient":""},"tablet":{"background-color":"","background-image":"","background-repeat":"repeat","background-position":"center center","background-size":"auto","background-attachment":"scroll","background-type":"","background-media":"","overlay-type":"","overlay-color":"","overlay-opacity":"","overlay-gradient":""},"mobile":{"background-color":"","background-image":"","background-repeat":"repeat","background-position":"center center","background-size":"auto","background-attachment":"scroll","background-type":"","background-media":"","overlay-type":"","overlay-color":"","overlay-opacity":"","overlay-gradient":""}},"ast-content-background-meta":{"desktop":{"background-color":"var(--ast-global-color-5)","background-image":"","background-repeat":"repeat","background-position":"center center","background-size":"auto","background-attachment":"scroll","background-type":"","background-media":"","overlay-type":"","overlay-color":"","overlay-opacity":"","overlay-gradient":""},"tablet":{"background-color":"var(--ast-global-color-5)","background-image":"","background-repeat":"repeat","background-position":"center center","background-size":"auto","background-attachment":"scroll","background-type":"","background-media":"","overlay-type":"","overlay-color":"","overlay-opacity":"","overlay-gradient":""},"mobile":{"background-color":"var(--ast-global-color-5)","background-image":"","background-repeat":"repeat","background-position":"center center","background-size":"auto","background-attachment":"scroll","background-type":"","background-media":"","overlay-type":"","overlay-color":"","overlay-opacity":"","overlay-gradient":""}},"footnotes":""},"class_list":["post-36","page","type-page","status-publish","hentry"],"post_mailing_queue_ids":[],"_links":{"self":[{"href":"https:\/\/agora.xtec.cat\/ceip-santjordi-ametllademar\/wp-json\/wp\/v2\/pages\/36","targetHints":{"allow":["GET"]}}],"collection":[{"href":"https:\/\/agora.xtec.cat\/ceip-santjordi-ametllademar\/wp-json\/wp\/v2\/pages"}],"about":[{"href":"https:\/\/agora.xtec.cat\/ceip-santjordi-ametllademar\/wp-json\/wp\/v2\/types\/page"}],"author":[{"embeddable":true,"href":"https:\/\/agora.xtec.cat\/ceip-santjordi-ametllademar\/wp-json\/wp\/v2\/users\/1"}],"replies":[{"embeddable":true,"href":"https:\/\/agora.xtec.cat\/ceip-santjordi-ametllademar\/wp-json\/wp\/v2\/comments?post=36"}],"version-history":[{"count":3,"href":"https:\/\/agora.xtec.cat\/ceip-santjordi-ametllademar\/wp-json\/wp\/v2\/pages\/36\/revisions"}],"predecessor-version":[{"id":16827,"href":"https:\/\/agora.xtec.cat\/ceip-santjordi-ametllademar\/wp-json\/wp\/v2\/pages\/36\/revisions\/16827"}],"up":[{"embeddable":true,"href":"https:\/\/agora.xtec.cat\/ceip-santjordi-ametllademar\/wp-json\/wp\/v2\/pages\/22"}],"wp:attachment":[{"href":"https:\/\/agora.xtec.cat\/ceip-santjordi-ametllademar\/wp-json\/wp\/v2\/media?parent=36"}],"curies":[{"name":"wp","href":"https:\/\/api.w.org\/{rel}","templated":true}]}}