{"id":30,"date":"2014-09-18T12:30:23","date_gmt":"2014-09-18T10:30:23","guid":{"rendered":"http:\/\/agora.xtec.cat\/ceip-santjordi-ametllademar\/?page_id=30"},"modified":"2025-09-29T09:08:12","modified_gmt":"2025-09-29T07:08:12","slug":"instal%c2%b7lacions","status":"publish","type":"page","link":"https:\/\/agora.xtec.cat\/ceip-santjordi-ametllademar\/lescola\/instal%c2%b7lacions\/","title":{"rendered":"Instal\u00b7lacions i \u00fas social del centre"},"content":{"rendered":"<p style=\"text-align: center;\"><img loading=\"lazy\" decoding=\"async\" class=\"alignnone wp-image-17381 size-full\" src=\"https:\/\/agora.xtec.cat\/ceip-santjordi-ametllademar\/wp-content\/uploads\/usu888\/2024\/03\/Captura-37-e1759004040629.png\" alt=\"\" width=\"1017\" height=\"440\" srcset=\"https:\/\/agora.xtec.cat\/ceip-santjordi-ametllademar\/wp-content\/uploads\/usu888\/2024\/03\/Captura-37-e1759004040629.png 1017w, https:\/\/agora.xtec.cat\/ceip-santjordi-ametllademar\/wp-content\/uploads\/usu888\/2024\/03\/Captura-37-e1759004040629-300x130.png 300w, https:\/\/agora.xtec.cat\/ceip-santjordi-ametllademar\/wp-content\/uploads\/usu888\/2024\/03\/Captura-37-e1759004040629-768x332.png 768w\" sizes=\"auto, (max-width: 1017px) 100vw, 1017px\" \/><\/p>\n<p style=\"text-align: left;\">L&#8217;escola Sant Jordi compta amb tots els serveis necessaris per impartir els ensenyaments d&#8217;educaci\u00f3 infantil i prim\u00e0ria. Est\u00e0 situada a l&#8217;\u00e0rea educativa del poble de l&#8217;Ametlla de Mar, al costat de la Llar d&#8217;infants Xerinola, l&#8217;IES Mare de D\u00e9u de la Candelera i l&#8217;Escola N\u00e0utico-pesquera.<\/p>\n<p style=\"text-align: left;\">Les instal\u00b7lacions de l&#8217;edifici divideixen estructuralment els espais d&#8217;educaci\u00f3 infantil i d&#8217;educaci\u00f3 prim\u00e0ria. \u00a0Cadascun d&#8217;aquests sectors hi compta amb les seg\u00fcents instal\u00b7lacions:<\/p>\n<table>\n<tbody>\n<tr>\n<td>INFANTIL<\/td>\n<td colspan=\"2\">PRIM\u00c0RIA<\/td>\n<\/tr>\n<tr>\n<td>Set tutories<\/p>\n<p>Sala de material<\/p>\n<p>Sala d&#8217;impressi\u00f3<\/p>\n<p>Aula d&#8217;angl\u00e8s<\/p>\n<p>Sala de psicomotricitat<\/p>\n<p>Sala de mestres<\/p>\n<p>Aula multisensorial (SIEI)<\/p>\n<p>Aula per fer ambients<\/td>\n<td colspan=\"2\">Aula SIEI i d&#8217;acollida<\/p>\n<p>Tres aules de suport<\/p>\n<p><span style=\"font-size: 16px; font-family: inherit;\">Tres aules de cicle<\/span><\/p>\n<p>Aula de m\u00fasica<\/p>\n<p>Aula de pl\u00e0stica, reconvertida en aula per fer la religi\u00f3<\/p>\n<p>Aula d&#8217;idiomes<\/p>\n<p>Aula STEAM<\/p>\n<p>Aula adaptada per fer r\u00e0dio<\/p>\n<p>Sala d&#8217;impressi\u00f3<\/p>\n<p>Sala de mestres<\/p>\n<p>Aula de meteorologia<\/p>\n<p>Biblioteca escolar<\/td>\n<\/tr>\n<tr>\n<td colspan=\"3\">Gimn\u00e0s<\/p>\n<p>Menjador escolar i sala per a l&#8217;AMPA<\/td>\n<\/tr>\n<\/tbody>\n<\/table>\n<p>&nbsp;<\/p>\n<p><strong>\u00daS SOCIAL DE L&#8217;ESCOLA<\/strong><\/p>\n<p>L&#8217;escola cedeix alguns dels seus espais a entitats i associacions del municipi per tal que puguin realitzar les seves activitats d&#8217;entrenament i assajos. De la mateixa manera tamb\u00e9 s&#8217;utilitzen espais per a la realitzaci\u00f3 de les activitats extraescolars a c\u00e0rrec de les empreses Actiesport i Kids&amp;Us. L&#8217;\u00fas social dels centres est\u00e0 regulat pel Decret 102\/2010,\u00a0 de 3 d\u2019agost, d\u2019autonomia dels centres educatius.<\/p>\n<p>Art. 53<\/p>\n<ol>\n<li>El Departament d\u2019Educaci\u00f3, els ajuntaments i els centres p\u00fablics promouen l\u2019\u00fas social dels edificis i instal\u00b7lacions dels centres educatius p\u00fablics, fora de l\u2019horari escolar, per part de persones f\u00edsiques o jur\u00eddiques sense \u00e0nim de lucre, per a la realitzaci\u00f3 d\u2019activitats educatives, culturals, art\u00edstiques, esportives o altres de car\u00e0cter social i que no suposen l\u2019establiment d\u2019obligacions jur\u00eddiques contractuals o de qualsevol altra mena. Amb aquest efecte, sempre que sigui possible s\u2019han d\u2019agilitar les tramitacions que s\u2019estableixen en aquest cap\u00edtol i establir, quan escaigui, les modificacions pertinents en l\u2019acc\u00e9s a les instal\u00b7lacions dels centres.<\/li>\n<\/ol>\n<p>&nbsp;<\/p>\n<p>Art.54<\/p>\n<ol start=\"2\">\n<li>Correspon als ajuntaments resoldre sobre l\u2019\u00fas social, fora de l\u2019horari escolar, dels edificis de les escoles i altres centres educatius dels quals en tinguin la propietat demanial. Quan la realitzaci\u00f3 de l\u2019activitat requereix, a m\u00e9s, l\u2019\u00fas d\u2019equipaments o material del centre, la titularitat del qual \u00e9s de la Generalitat de Catalunya, es requereix la pr\u00e8via conformitat expressa de la direcci\u00f3 del centre. L\u2019ajuntament, pr\u00e8viament a la realitzaci\u00f3 de l\u2019activitat, notifica a la direcci\u00f3 del centre l\u2019autoritzaci\u00f3 concedida. L\u2019ajuntament adopta les mesures oportunes en mat\u00e8ria de vigil\u00e0ncia, manteniment i neteja dels locals i instal\u00b7lacions emprades, respon que els equipaments i materials del centre eventualment emprats per a l\u2019exercici de l\u2019activitat romanen en perfecte estat d\u2019\u00fas i garanteix que, si l\u2019activitat comporta despeses per al centre, qui utilitzi les instal\u00b7lacions del centre compensa el centre per les despeses ocasionades.<\/li>\n<\/ol>\n<p>&nbsp;<\/p>\n<p>Les entitats que fan \u00fas d&#8217;espais del centre s\u00f3n:<\/p>\n<ul>\n<li>Associaci\u00f3 de cornetes i tambors<\/li>\n<li>Batucada Kalakata<\/li>\n<li>Grup de rock Nautilus<\/li>\n<li>Unitat de discapacitats f\u00edsics de la Resid\u00e8ncia Onada<\/li>\n<li>Colla castellera de la Cala<\/li>\n<\/ul>\n","protected":false},"excerpt":{"rendered":"<p>L&#8217;escola Sant Jordi compta amb tots els serveis necessaris per impartir els ensenyaments d&#8217;educaci\u00f3 infantil i prim\u00e0ria. Est\u00e0 situada a l&#8217;\u00e0rea educativa del poble de l&#8217;Ametlla de Mar, al costat de la Llar d&#8217;infants Xerinola, l&#8217;IES Mare de D\u00e9u de la Candelera i l&#8217;Escola N\u00e0utico-pesquera. Les instal\u00b7lacions de l&#8217;edifici divideixen estructuralment els espais d&#8217;educaci\u00f3 infantil [&hellip;]<\/p>\n","protected":false},"author":1,"featured_media":0,"parent":22,"menu_order":20,"comment_status":"closed","ping_status":"closed","template":"","meta":{"_bbp_topic_count":0,"_bbp_reply_count":0,"_bbp_total_topic_count":0,"_bbp_total_reply_count":0,"_bbp_voice_count":0,"_bbp_anonymous_reply_count":0,"_bbp_topic_count_hidden":0,"_bbp_reply_count_hidden":0,"_bbp_forum_subforum_count":0,"site-sidebar-layout":"default","site-content-layout":"","ast-site-content-layout":"default","site-content-style":"default","site-sidebar-style":"default","ast-global-header-display":"","ast-banner-title-visibility":"","ast-main-header-display":"","ast-hfb-above-header-display":"","ast-hfb-below-header-display":"","ast-hfb-mobile-header-display":"","site-post-title":"","ast-breadcrumbs-content":"","ast-featured-img":"","footer-sml-layout":"","theme-transparent-header-meta":"default","adv-header-id-meta":"","stick-header-meta":"","header-above-stick-meta":"","header-main-stick-meta":"","header-below-stick-meta":"","astra-migrate-meta-layouts":"set","ast-page-background-enabled":"default","ast-page-background-meta":{"desktop":{"background-color":"var(--ast-global-color-4)","background-image":"","background-repeat":"repeat","background-position":"center center","background-size":"auto","background-attachment":"scroll","background-type":"","background-media":"","overlay-type":"","overlay-color":"","overlay-opacity":"","overlay-gradient":""},"tablet":{"background-color":"","background-image":"","background-repeat":"repeat","background-position":"center center","background-size":"auto","background-attachment":"scroll","background-type":"","background-media":"","overlay-type":"","overlay-color":"","overlay-opacity":"","overlay-gradient":""},"mobile":{"background-color":"","background-image":"","background-repeat":"repeat","background-position":"center center","background-size":"auto","background-attachment":"scroll","background-type":"","background-media":"","overlay-type":"","overlay-color":"","overlay-opacity":"","overlay-gradient":""}},"ast-content-background-meta":{"desktop":{"background-color":"var(--ast-global-color-5)","background-image":"","background-repeat":"repeat","background-position":"center center","background-size":"auto","background-attachment":"scroll","background-type":"","background-media":"","overlay-type":"","overlay-color":"","overlay-opacity":"","overlay-gradient":""},"tablet":{"background-color":"var(--ast-global-color-5)","background-image":"","background-repeat":"repeat","background-position":"center center","background-size":"auto","background-attachment":"scroll","background-type":"","background-media":"","overlay-type":"","overlay-color":"","overlay-opacity":"","overlay-gradient":""},"mobile":{"background-color":"var(--ast-global-color-5)","background-image":"","background-repeat":"repeat","background-position":"center center","background-size":"auto","background-attachment":"scroll","background-type":"","background-media":"","overlay-type":"","overlay-color":"","overlay-opacity":"","overlay-gradient":""}},"footnotes":""},"class_list":["post-30","page","type-page","status-publish","hentry"],"post_mailing_queue_ids":[],"_links":{"self":[{"href":"https:\/\/agora.xtec.cat\/ceip-santjordi-ametllademar\/wp-json\/wp\/v2\/pages\/30","targetHints":{"allow":["GET"]}}],"collection":[{"href":"https:\/\/agora.xtec.cat\/ceip-santjordi-ametllademar\/wp-json\/wp\/v2\/pages"}],"about":[{"href":"https:\/\/agora.xtec.cat\/ceip-santjordi-ametllademar\/wp-json\/wp\/v2\/types\/page"}],"author":[{"embeddable":true,"href":"https:\/\/agora.xtec.cat\/ceip-santjordi-ametllademar\/wp-json\/wp\/v2\/users\/1"}],"replies":[{"embeddable":true,"href":"https:\/\/agora.xtec.cat\/ceip-santjordi-ametllademar\/wp-json\/wp\/v2\/comments?post=30"}],"version-history":[{"count":6,"href":"https:\/\/agora.xtec.cat\/ceip-santjordi-ametllademar\/wp-json\/wp\/v2\/pages\/30\/revisions"}],"predecessor-version":[{"id":18374,"href":"https:\/\/agora.xtec.cat\/ceip-santjordi-ametllademar\/wp-json\/wp\/v2\/pages\/30\/revisions\/18374"}],"up":[{"embeddable":true,"href":"https:\/\/agora.xtec.cat\/ceip-santjordi-ametllademar\/wp-json\/wp\/v2\/pages\/22"}],"wp:attachment":[{"href":"https:\/\/agora.xtec.cat\/ceip-santjordi-ametllademar\/wp-json\/wp\/v2\/media?parent=30"}],"curies":[{"name":"wp","href":"https:\/\/api.w.org\/{rel}","templated":true}]}}