{"id":28,"date":"2014-09-18T12:29:35","date_gmt":"2014-09-18T11:29:35","guid":{"rendered":"http:\/\/agora.xtec.cat\/ceip-santjordi-ametllademar\/?page_id=28"},"modified":"2024-06-10T18:01:38","modified_gmt":"2024-06-10T16:01:38","slug":"consell-escolar","status":"publish","type":"page","link":"https:\/\/agora.xtec.cat\/ceip-santjordi-ametllademar\/lescola\/consell-escolar\/","title":{"rendered":"Consell escolar"},"content":{"rendered":"<p><script type=\"text\/javascript\">\/\/ <![CDATA[ function googleTranslateElementInit() { new google.translate.TranslateElement({pageLanguage: 'ca', includedLanguages: 'ar,ca,en,es,fr,ro,zh-CN', layout: google.translate.TranslateElement.InlineLayout.SIMPLE}, 'google_translate_element'); } \/\/ ]]><\/script><script src=\"\/\/translate.google.com\/translate_a\/element.js?cb=googleTranslateElementInit\" type=\"text\/javascript\"><\/script><\/p>\n<p style=\"text-align: center;\"><strong>NOFC<\/strong><\/p>\n<p><strong>Cap\u00edtol 2. \u00d2RGANS COL\u00b7LEGIATS DE PARTICIPACI\u00d3 <\/strong><\/p>\n<p>&nbsp;<\/p>\n<p><strong><em>Secci\u00f3 1. Consell Escolar.<\/em><\/strong><strong><em>\u00a0 <\/em><\/strong><\/p>\n<p><strong>\u00a0<\/strong><\/p>\n<ol>\n<li>El consell escolar \u00e9s l\u2019\u00f2rgan de participaci\u00f3 de la comunitat escolar en el govern del centre. Correspon al Departament establir mesures perqu\u00e8 aquesta participaci\u00f3 sigui efectiva, i tamb\u00e9 determinar el nombre i el procediment d\u2019elecci\u00f3 dels membres del consell.<\/li>\n<li>El Departament ha d\u2019adaptar l\u2019estructura i la composici\u00f3 del consell escolar a les caracter\u00edstiques dels centres educatius \u00fanics a qu\u00e8 es refereix l\u2019article 72.3, i d\u2019altres centres de caracter\u00edstiques singulars, per a garantir l\u2019efic\u00e0cia en l\u2019exercici de les funcions que li corresponen.<\/li>\n<\/ol>\n<p>&nbsp;<\/p>\n<p><strong>1.1. Funcions <\/strong><strong>(Art 148 LEC)<\/strong><\/p>\n<p><strong>\u00a0<\/strong><\/p>\n<ol start=\"3\">\n<li>Corresponen al consell escolar <strong>les funcions seg\u00fcents<\/strong>:<\/li>\n<li>a) Aprovar el projecte educatiu i les modificacions corresponents per una majoria de tres cinquenes parts dels membres.<\/li>\n<li>b) Aprovar la programaci\u00f3 general anual del centre i avaluar-ne el desenvolupament i els resultats.<\/li>\n<li>c) Aprovar les propostes d\u2019acords de coresponsabilitat, convenis i altres acords de col\u00b7laboraci\u00f3 del centre amb entitats o institucions.<\/li>\n<li>d) Aprovar les normes d\u2019organitzaci\u00f3 i funcionament i les modificacions corresponents.<\/li>\n<li>e) Aprovar la carta de comprom\u00eds educatiu.<\/li>\n<li>f) Aprovar el pressupost del centre i el rendiment de comptes.<\/li>\n<li>g) Intervenir en el procediment d\u2019admissi\u00f3 d\u2019alumnes.<\/li>\n<li>h) Participar en el procediment de selecci\u00f3 i en la proposta de cessament del director o directora.<\/li>\n<li>i) Intervenir en la resoluci\u00f3 dels conflictes i, si escau, revisar les sancions als alumnes.<\/li>\n<li>j) Aprovar les directrius per a la programaci\u00f3 d\u2019activitats escolars complement\u00e0ries i d\u2019activitats extraescolars, i avaluar-ne el desenvolupament.<\/li>\n<li>k) Participar en les an\u00e0lisis i les avaluacions del funcionament general del centre i con\u00e8ixer l\u2019evoluci\u00f3 del rendiment escolar.<\/li>\n<li>l) Aprovar els criteris de col\u00b7laboraci\u00f3 amb altres centres i amb l\u2019entorn.<\/li>\n<li>m) Qualsevol altra que li sigui atribu\u00efda per les normes legals o reglament\u00e0ries.<\/li>\n<li>El consell escolar ha d\u2019aprovar les seves normes de funcionament. En all\u00f2 que aquestes normes no estableixin, s\u2019apliquen les normes reguladores dels \u00f2rgans col\u00b7legiats de l\u2019Administraci\u00f3 de la Generalitat.<\/li>\n<li>El consell escolar actua normalment en ple. Es poden constituir comissions espec\u00edfiques d\u2019estudi i informaci\u00f3, a les quals, en tot cas, s\u2019hi ha d\u2019incorporar un professor o professora, i un alumne o alumna o un representant o una representant de les mares i els pares. Els centres de titularitat p\u00fablica han de comptar amb una comissi\u00f3 econ\u00f2mica, amb les excepcions que estableixi el Departament.<\/li>\n<\/ol>\n<p><strong>\u00a0<\/strong><\/p>\n<p><strong>1.2. Composici\u00f3. <\/strong>Article 45 DA<\/p>\n<p><strong><em>\u00a0<\/em><\/strong><\/p>\n<ol>\n<li>Sense perjudici del que s\u2019estableix en l\u2019article 27, el consell escolar d\u2019aquest centre est\u00e0 integrat per les seg\u00fcents persones membres:<\/li>\n<li>a) El director o directora, que el presideix.<\/li>\n<li>b) El cap o la cap d\u2019estudis.<\/li>\n<li>c) Un o una representant de l\u2019ajuntament de la localitat on es troba situat el centre.<\/li>\n<li>d) Els\/les representants del professorat que s\u2019elegeixen pel claustre.(cinc membres)<\/li>\n<li>e) Els\/les representants dels pares i mares o tutors, elegits respectivament per ells i entre ells.( quatre membres)<\/li>\n<li>f) Un o una representant del personal d\u2019administraci\u00f3 i serveis, elegit per i entre<\/li>\n<\/ol>\n<p>aquest personal.<\/p>\n<ol>\n<li>g) Un o una representant de l\u2019AMPA.<\/li>\n<\/ol>\n<p>&nbsp;<\/p>\n<ol start=\"2\">\n<li>El secretari o secret\u00e0ria del centre no \u00e9s membre del consell escolar, per\u00f2 hi<\/li>\n<\/ol>\n<p>assisteix amb veu i sense vot, i exerceix la secretaria del consell.<\/p>\n<ol start=\"3\">\n<li>El nombre de representants del professorat no pot ser inferior a un ter\u00e7 del total de persones membres del consell.<\/li>\n<li>El nombre de representants de l\u2019alumnat i pares i mares o tutors, en conjunt, no pot ser inferior a un ter\u00e7 del total de persones membres del consell. Una de les persones representants dels progenitors la designa l\u2019associaci\u00f3 de pares i mares m\u00e9s representativa del centre.<\/li>\n<li>Cada centre determina la composici\u00f3 del consell escolar que queda recollida<\/li>\n<\/ol>\n<p>a les seves normes d\u2019organitzaci\u00f3 i funcionament, d\u2019acord amb el que s\u2019estableix en aquest article i la resta de legislaci\u00f3 vigent.<\/p>\n<ol start=\"6\">\n<li>En els centres de nova creaci\u00f3, el director o directora ha d\u2019ajustar la composici\u00f3 del consell escolar respectant el que estableixen els apartats 3 i 4. En els centres incomplets, quan el nombre de professorat no permeti assolir el que preveu l\u2019apartat 3, les normes d\u2019organitzaci\u00f3 i funcionament han d\u2019establir que, en tot cas, hi hagi el mateix nombre de representants dels sectors a qu\u00e8 es refereixen els ep\u00edgrafs d) i e) de l\u2019apartat 1.<\/li>\n<\/ol>\n<p>&nbsp;<\/p>\n<ol start=\"7\">\n<li>En els centres que imparteixen exclusivament ensenyaments que duen a<\/li>\n<\/ol>\n<p>l\u2019obtenci\u00f3 de t\u00edtols acad\u00e8mics que equivalen a t\u00edtols universitaris, en les escoles<\/p>\n<p>oficials d\u2019idiomes, en les escoles d\u2019art, en els centres que imparteixen ensenyaments de r\u00e8gim especial d\u2019esports i en els altres centres que imparteixen ensenyaments exclusivament a alumnes majors de divuit anys, no hi ha representaci\u00f3 dels pares i mares dels i de les alumnes.<\/p>\n<ol start=\"8\">\n<li>El centre no pot modificar la configuraci\u00f3 del consell escolar dins dels tres cursos acad\u00e8mics seg\u00fcents a aquell en qu\u00e8 \u00e9s determinada. L\u2019aprovaci\u00f3 d\u2019una<\/li>\n<\/ol>\n<p>modificaci\u00f3 en la composici\u00f3 del consell escolar no entrar\u00e0 en vigor fins al primer proc\u00e9s electoral que es dugui a terme despr\u00e9s que s\u2019hagi aprovat.<\/p>\n<p>&nbsp;<\/p>\n<p><strong>1.3.Renovaci\u00f3 de les persones membres. D102\/2010.Art. 28<\/strong><\/p>\n<p><strong>\u00a0<\/strong><\/p>\n<p>1.Les persones membres del\u00a0 consell escolar, representants electes dels diferents sectors, ho s\u00f3n per un per\u00edode de quatre anys.<\/p>\n<p>2.El consell escolar renovar\u00e0 la meitat de les persones representants electes de cada sector cada dos anys, en el primer trimestre del curs escolar. Les eleccions per a la constituci\u00f3 o renovaci\u00f3 de les persones membres del consell escolar les convoca el director o la directora amb quinze dies d\u2019antelaci\u00f3, dins de les dates que a aquest respecte fixi amb car\u00e0cter general el Departament d\u2019Ensenyament.<\/p>\n<ol start=\"3\">\n<li>Si es produeix una vacant en el consell escolar, la vacant s\u2019ha d\u2019ocupar per la seg\u00fcent candidatura m\u00e9s votada en les darreres eleccions, sempre que mantingui els requisits que la van fer elegible com a representant. Si no hi ha m\u00e9s candidats o candidates per cobrir-la, la vacant roman sense cobrir fins a la propera renovaci\u00f3 del consell escolar. La nova persona membre s\u2019ha de nomenar pel temps que restava del mandat de la persona representant que ha causat la vacant.<\/li>\n<\/ol>\n<p><em>\u00a0<\/em><\/p>\n<p><em>*Si es produeix\u00a0 aquesta situaci\u00f3 excepcional, mentre no hi hagi eleccions, podr\u00e0\u00a0 assistir als consells escolars un mestre definitiu que de manera volunt\u00e0ria s\u2019ofereixi . Si hi ha m\u00e9s d\u2019un mestre voluntari ho ser\u00e0 el de m\u00e9s edat.\u00a0 Si no hi ha cap voluntari ho ser\u00e0 el\/la mestre\/a definitiu m\u00e9s antic\/ga del centre.<\/em><\/p>\n<p>&nbsp;<\/p>\n<p>&nbsp;<\/p>\n<p>&nbsp;<\/p>\n<p>Renovaci\u00f3 dels membres del Consell Escolar per vacant:<\/p>\n<p>&nbsp;<\/p>\n<p>En cas que es produeixi una vacant en el Consell Escolar, aquesta ser\u00e0 ocupada pel seg\u00fcent candidat m\u00e9s votat en les darreres eleccions. Si no hi ha m\u00e9s candidats votats a les darreres eleccions aptes per cobrir-la, se\u00a0 celebraran eleccions en el col\u00b7lectiu a renovar. Els nous membres seran nomenats pel temps de mandat que els hi restava a les persones que han causat vacant.<\/p>\n<p>&nbsp;<\/p>\n<p>En cas que sigui necessari, les eleccions per a la renovaci\u00f3 parcial per vacant dels membres del Consell Escolar, aquestes les convoca la direcci\u00f3 del centre amb un m\u00ednim de quinze dies h\u00e0bils d\u2019antelaci\u00f3 a la data de realitzaci\u00f3 de les votacions i d\u2019acord amb els articles 4 a 8 del Decret 317\/2004, de 22 de juny, pel qual es regulen la constituci\u00f3 i la composici\u00f3 del consell escolar, la selecci\u00f3 del director o de la directora i el nomenament i el cessament dels \u00f2rgans de govern dels centres docents p\u00fablics (DOGC n\u00fam. 4161, de 25\/06\/2004).<\/p>\n<p>&nbsp;<\/p>\n<p>&nbsp;<\/p>\n<p><strong>1.4. Comissions espec\u00edfiques del consell escolar del centre.<\/strong><\/p>\n<p><strong>\u00a0<\/strong><\/p>\n<p>S\u00f3n\u00a0 funcions\u00a0 de\u00a0 les\u00a0 comissions\u00a0\u00a0 estudiar,\u00a0\u00a0 informar\u00a0 i elevar propostes al consell escolar del\u00a0 centre\u00a0 sobre\u00a0\u00a0 els\u00a0\u00a0 aspectes\u00a0 del\u00a0 seu\u00a0\u00a0\u00a0 \u00e0mbit\u00a0\u00a0\u00a0 que se\u2019ls\u00a0 sol\u00b7licitin\u00a0\u00a0 o\u00a0\u00a0 considerin\u00a0\u00a0 convenient\u00a0 d\u2019aportar, aix\u00ed com desenvolupar les tasques que el consell li encomani.<\/p>\n<p>S\u00f3n\u00a0 comissions\u00a0 del\u00a0 consell\u00a0 escolar\u00a0 la\u00a0 comissi\u00f3\u00a0 econ\u00f2mica,\u00a0 la\u00a0 comissi\u00f3 permanent , la comissi\u00f3 de conviv\u00e8ncia i la comissi\u00f3 de jornada compactada.<\/p>\n<p>&nbsp;<\/p>\n<p><strong>1.4.1. La comissi\u00f3 econ\u00f2mica.<\/strong><\/p>\n<p>&nbsp;<\/p>\n<p>La comissi\u00f3 econ\u00f2mica es formada pel director, el secretari, un mestre\/a, un pare\/mare.<\/p>\n<p>La comissi\u00f3 econ\u00f2mica t\u00e9 les compet\u00e8ncies que expressament li delega el consell escolar. L\u2019aprovaci\u00f3 del pressupost i la fiscalitzaci\u00f3 dels comptes anuals del centre no s\u00f3n delegables.<\/p>\n<p>&nbsp;<\/p>\n<p><strong>1.4.1.1. Funcions<\/strong><\/p>\n<p><strong>\u00a0<\/strong><\/p>\n<ol>\n<li>Efectuar el seguiment de l\u2019estat de comptes del centre<\/li>\n<li>Les que expressament\u00a0 li\u00a0 delegui\u00a0 el consell\u00a0 escolar\u00a0 com\u00a0 a \u00f2rgan de participaci\u00f3 de la comunitat escolar en el govern del col\u00b7legi i l\u2019\u00f2rgan de programaci\u00f3, seguiment i avaluaci\u00f3 general de les activitats.<\/li>\n<\/ol>\n<p>&nbsp;<\/p>\n<p><strong>1.4.2. La comissi\u00f3 permanent.<\/strong><\/p>\n<p>La comissi\u00f3 permanent \u00e9s formada pel director\/a,\u00a0 el\/la cap d\u2019estudis, un mestre\/a, un pare\/mare i el\/la secretari\/a, que hi actua amb veu i sense vot.<\/p>\n<p>La comissi\u00f3 permanent t\u00e9 les compet\u00e8ncies que expressament li delega el consell escolar.<\/p>\n<p>&nbsp;<\/p>\n<p><strong>1.4.3. La comissi\u00f3 de conviv\u00e8ncia.<\/strong><\/p>\n<p>&nbsp;<\/p>\n<p>La comissi\u00f3 de conviv\u00e8ncia \u00e9s formada pel director\/a, dos mestres, un dels quals ha de ser el cap d\u2019estudis,\u00a0 i dos pares\/mares. El secretari assistir\u00e0 a les sessions amb veu i sense vot.<\/p>\n<p><strong>\u00a0<\/strong><\/p>\n<p><strong>1.4.3.1. Funcions<\/strong><\/p>\n<p><strong>\u00a0<\/strong><\/p>\n<ol>\n<li>Garantir l\u2019aplicaci\u00f3 correcta dels drets i deures dels alumnes<\/li>\n<li>Imposar mesures correctores previstes a les conductes contr\u00e0ries a les normes de conviv\u00e8ncia del centre<\/li>\n<li>Vetllar pel compliment efectiu de les mesures correctores.<\/li>\n<li>Assessorar el director en determinats casos sobre l\u2019aplicaci\u00f3 de mesures correctores i sancions.<\/li>\n<\/ol>\n<p><strong>\u00a0<\/strong><\/p>\n<p><strong>1.4.4. La comissi\u00f3 de jornada compactada.<\/strong><\/p>\n<p><strong>\u00a0<\/strong><\/p>\n<p>Aquesta comissi\u00f3 es va formar a partir de la compactaci\u00f3 de l\u2019horari. Les seves funcions s\u00f3n el seguiment i valoraci\u00f3 de la jornada compactada. Est\u00e0 formada pel director, dos mestres, un dels quals \u00e9s cap d\u2019estudis, dos pares, el representant de l\u2019Ajuntament i un representant del PAS.<\/p>\n<p>&nbsp;<\/p>\n<p><strong>1.5. Reunions del consell. (D102\/2010. Art.46)<\/strong><\/p>\n<p>&nbsp;<\/p>\n<p>El consell escolar del centre es reuneix preceptivament una vegada al trimestre i sempre que ho convoca el director o directora del centre o ho sol\u00b7licita almenys un ter\u00e7 de les seves persones membres. A m\u00e9s, s\u2019ha de fer una reuni\u00f3 a principi de curs i una altra a la seva finalitzaci\u00f3.<\/p>\n<p>&nbsp;<\/p>\n<p>La convocat\u00f2ria de les reunions s\u2019ha de trametre per la presid\u00e8ncia del consell amb una antelaci\u00f3 de 48 hores. El consell escolar es pot reunir d\u2019urg\u00e8ncia, sense termini m\u00ednim per a la tramesa de la convocat\u00f2ria si totes les persones membres hi estan d\u2019acord.<\/p>\n<p>&nbsp;<\/p>\n<p>La convocat\u00f2ria es pot fer per carta o per correu electr\u00f2nic.<\/p>\n<p>&nbsp;<\/p>\n<p><strong>COMPOSICI\u00d3 DEL CONSELL ESCOLAR<\/strong><\/p>\n<p>SECTOR PARES I MARES:<\/p>\n<ul>\n<li><span style=\"font-weight: 400;\">Llu\u00efsa Ocampo Cruelles<\/span><\/li>\n<li>Laia Safont<\/li>\n<li><span style=\"font-weight: 400;\">Esther Sabio Collado<\/span><\/li>\n<li><span style=\"font-weight: 400;\">Luis Antonio Arn\u00e1iz Espada<\/span><\/li>\n<\/ul>\n<p>MEMBRE DE L&#8217;AMPA:<\/p>\n<ul>\n<li>Miriam Olmedo Olmedo<\/li>\n<\/ul>\n<p>SECTOR MESTRES:<span style=\"font-weight: 400;\">\u00a0<\/span><\/p>\n<ul>\n<li>Lorena Guarner Cort\u00e9s<\/li>\n<li>Sara Cervera Brull<\/li>\n<li>Carme Arqu\u00e9s Vendrell<\/li>\n<li>Joana Ferr\u00e9 Lleix\u00e0<\/li>\n<li>Cinta Vidiella Roig<\/li>\n<\/ul>\n<p>REPRESENTANT AJUNTAMENT:<\/p>\n<ul>\n<li>Ana Aragon Mora<\/li>\n<\/ul>\n<p>SECTOR ADMINISTRACI\u00d3:<\/p>\n<ul>\n<li>Maite Cacho Subirats (TEI)<\/li>\n<\/ul>\n<p>EQUIP DIRECTIU:<\/p>\n<ul>\n<li>No\u00e9lia Garriga Balagu\u00e9 (CAP D&#8217;ESTUDIS)<\/li>\n<li>Inmaculada Sebasti\u00e0 Milian (SECRET\u00c0RIA)<\/li>\n<li>F\u00e0tima Garcia Segarra (DIRECTORA)<\/li>\n<\/ul>\n<p>&nbsp;<\/p>\n<p>&nbsp;<\/p>\n","protected":false},"excerpt":{"rendered":"<p>NOFC Cap\u00edtol 2. \u00d2RGANS COL\u00b7LEGIATS DE PARTICIPACI\u00d3 &nbsp; Secci\u00f3 1. Consell Escolar.\u00a0 \u00a0 El consell escolar \u00e9s l\u2019\u00f2rgan de participaci\u00f3 de la comunitat escolar en el govern del centre. Correspon al Departament establir mesures perqu\u00e8 aquesta participaci\u00f3 sigui efectiva, i tamb\u00e9 determinar el nombre i el procediment d\u2019elecci\u00f3 dels membres del consell. El Departament ha [&hellip;]<\/p>\n","protected":false},"author":1,"featured_media":0,"parent":22,"menu_order":30,"comment_status":"closed","ping_status":"closed","template":"page-templates\/side-menu.php","meta":{"_bbp_topic_count":0,"_bbp_reply_count":0,"_bbp_total_topic_count":0,"_bbp_total_reply_count":0,"_bbp_voice_count":0,"_bbp_anonymous_reply_count":0,"_bbp_topic_count_hidden":0,"_bbp_reply_count_hidden":0,"_bbp_forum_subforum_count":0,"site-sidebar-layout":"default","site-content-layout":"","ast-site-content-layout":"","site-content-style":"default","site-sidebar-style":"default","ast-global-header-display":"","ast-banner-title-visibility":"","ast-main-header-display":"","ast-hfb-above-header-display":"","ast-hfb-below-header-display":"","ast-hfb-mobile-header-display":"","site-post-title":"","ast-breadcrumbs-content":"","ast-featured-img":"","footer-sml-layout":"","theme-transparent-header-meta":"","adv-header-id-meta":"","stick-header-meta":"","header-above-stick-meta":"","header-main-stick-meta":"","header-below-stick-meta":"","astra-migrate-meta-layouts":"default","ast-page-background-enabled":"default","ast-page-background-meta":{"desktop":{"background-color":"var(--ast-global-color-4)","background-image":"","background-repeat":"repeat","background-position":"center center","background-size":"auto","background-attachment":"scroll","background-type":"","background-media":"","overlay-type":"","overlay-color":"","overlay-opacity":"","overlay-gradient":""},"tablet":{"background-color":"","background-image":"","background-repeat":"repeat","background-position":"center center","background-size":"auto","background-attachment":"scroll","background-type":"","background-media":"","overlay-type":"","overlay-color":"","overlay-opacity":"","overlay-gradient":""},"mobile":{"background-color":"","background-image":"","background-repeat":"repeat","background-position":"center center","background-size":"auto","background-attachment":"scroll","background-type":"","background-media":"","overlay-type":"","overlay-color":"","overlay-opacity":"","overlay-gradient":""}},"ast-content-background-meta":{"desktop":{"background-color":"var(--ast-global-color-5)","background-image":"","background-repeat":"repeat","background-position":"center center","background-size":"auto","background-attachment":"scroll","background-type":"","background-media":"","overlay-type":"","overlay-color":"","overlay-opacity":"","overlay-gradient":""},"tablet":{"background-color":"var(--ast-global-color-5)","background-image":"","background-repeat":"repeat","background-position":"center center","background-size":"auto","background-attachment":"scroll","background-type":"","background-media":"","overlay-type":"","overlay-color":"","overlay-opacity":"","overlay-gradient":""},"mobile":{"background-color":"var(--ast-global-color-5)","background-image":"","background-repeat":"repeat","background-position":"center center","background-size":"auto","background-attachment":"scroll","background-type":"","background-media":"","overlay-type":"","overlay-color":"","overlay-opacity":"","overlay-gradient":""}},"footnotes":""},"class_list":["post-28","page","type-page","status-publish","hentry"],"post_mailing_queue_ids":[],"_links":{"self":[{"href":"https:\/\/agora.xtec.cat\/ceip-santjordi-ametllademar\/wp-json\/wp\/v2\/pages\/28","targetHints":{"allow":["GET"]}}],"collection":[{"href":"https:\/\/agora.xtec.cat\/ceip-santjordi-ametllademar\/wp-json\/wp\/v2\/pages"}],"about":[{"href":"https:\/\/agora.xtec.cat\/ceip-santjordi-ametllademar\/wp-json\/wp\/v2\/types\/page"}],"author":[{"embeddable":true,"href":"https:\/\/agora.xtec.cat\/ceip-santjordi-ametllademar\/wp-json\/wp\/v2\/users\/1"}],"replies":[{"embeddable":true,"href":"https:\/\/agora.xtec.cat\/ceip-santjordi-ametllademar\/wp-json\/wp\/v2\/comments?post=28"}],"version-history":[{"count":6,"href":"https:\/\/agora.xtec.cat\/ceip-santjordi-ametllademar\/wp-json\/wp\/v2\/pages\/28\/revisions"}],"predecessor-version":[{"id":17527,"href":"https:\/\/agora.xtec.cat\/ceip-santjordi-ametllademar\/wp-json\/wp\/v2\/pages\/28\/revisions\/17527"}],"up":[{"embeddable":true,"href":"https:\/\/agora.xtec.cat\/ceip-santjordi-ametllademar\/wp-json\/wp\/v2\/pages\/22"}],"wp:attachment":[{"href":"https:\/\/agora.xtec.cat\/ceip-santjordi-ametllademar\/wp-json\/wp\/v2\/media?parent=28"}],"curies":[{"name":"wp","href":"https:\/\/api.w.org\/{rel}","templated":true}]}}