{"id":22,"date":"2014-09-18T12:19:57","date_gmt":"2014-09-18T11:19:57","guid":{"rendered":"http:\/\/agora.xtec.cat\/ceip-santjordi-ametllademar\/?page_id=22"},"modified":"2023-08-02T10:41:48","modified_gmt":"2023-08-02T08:41:48","slug":"lescola","status":"publish","type":"page","link":"https:\/\/agora.xtec.cat\/ceip-santjordi-ametllademar\/lescola\/","title":{"rendered":"L&#8217;escola Sant Jordi"},"content":{"rendered":"<p>L&#8217;escola Sant Jordi \u00e9s un centre p\u00fablic d&#8217;educaci\u00f3 infantil i prim\u00e0ria de l&#8217;Ametlla de Mar, Baix Ebre. \u00c9s l&#8217;\u00fanic centre\u00a0que imparteix aquests ensenyaments al municipi.<\/p>\n<p>\u00c9s un centre gran, de\u00a0 dos i tres l\u00ednies, amb uns 480 alumnes, aproximadament.<\/p>\n<p><script type=\"text\/javascript\">\/\/ <![CDATA[ function googleTranslateElementInit() { new google.translate.TranslateElement({pageLanguage: 'ca', includedLanguages: 'ar,ca,en,es,fr,ro,zh-CN', layout: google.translate.TranslateElement.InlineLayout.SIMPLE}, 'google_translate_element'); } \/\/ ]]><\/script><script src=\"\/\/translate.google.com\/translate_a\/element.js?cb=googleTranslateElementInit\" type=\"text\/javascript\"><\/script><\/p>\n","protected":false},"excerpt":{"rendered":"<p>L&#8217;escola Sant Jordi \u00e9s un centre p\u00fablic d&#8217;educaci\u00f3 infantil i prim\u00e0ria de l&#8217;Ametlla de Mar, Baix Ebre. \u00c9s l&#8217;\u00fanic centre\u00a0que imparteix aquests ensenyaments al municipi. \u00c9s un centre gran, de\u00a0 dos i tres l\u00ednies, amb uns 480 alumnes, aproximadament.<\/p>\n","protected":false},"author":1,"featured_media":0,"parent":0,"menu_order":0,"comment_status":"closed","ping_status":"closed","template":"page-templates\/side-menu.php","meta":{"_bbp_topic_count":0,"_bbp_reply_count":0,"_bbp_total_topic_count":0,"_bbp_total_reply_count":0,"_bbp_voice_count":0,"_bbp_anonymous_reply_count":0,"_bbp_topic_count_hidden":0,"_bbp_reply_count_hidden":0,"_bbp_forum_subforum_count":0,"site-sidebar-layout":"default","site-content-layout":"","ast-site-content-layout":"","site-content-style":"default","site-sidebar-style":"default","ast-global-header-display":"","ast-banner-title-visibility":"","ast-main-header-display":"","ast-hfb-above-header-display":"","ast-hfb-below-header-display":"","ast-hfb-mobile-header-display":"","site-post-title":"","ast-breadcrumbs-content":"","ast-featured-img":"","footer-sml-layout":"","theme-transparent-header-meta":"","adv-header-id-meta":"","stick-header-meta":"","header-above-stick-meta":"","header-main-stick-meta":"","header-below-stick-meta":"","astra-migrate-meta-layouts":"default","ast-page-background-enabled":"default","ast-page-background-meta":{"desktop":{"background-color":"var(--ast-global-color-4)","background-image":"","background-repeat":"repeat","background-position":"center center","background-size":"auto","background-attachment":"scroll","background-type":"","background-media":"","overlay-type":"","overlay-color":"","overlay-opacity":"","overlay-gradient":""},"tablet":{"background-color":"","background-image":"","background-repeat":"repeat","background-position":"center center","background-size":"auto","background-attachment":"scroll","background-type":"","background-media":"","overlay-type":"","overlay-color":"","overlay-opacity":"","overlay-gradient":""},"mobile":{"background-color":"","background-image":"","background-repeat":"repeat","background-position":"center center","background-size":"auto","background-attachment":"scroll","background-type":"","background-media":"","overlay-type":"","overlay-color":"","overlay-opacity":"","overlay-gradient":""}},"ast-content-background-meta":{"desktop":{"background-color":"var(--ast-global-color-5)","background-image":"","background-repeat":"repeat","background-position":"center center","background-size":"auto","background-attachment":"scroll","background-type":"","background-media":"","overlay-type":"","overlay-color":"","overlay-opacity":"","overlay-gradient":""},"tablet":{"background-color":"var(--ast-global-color-5)","background-image":"","background-repeat":"repeat","background-position":"center center","background-size":"auto","background-attachment":"scroll","background-type":"","background-media":"","overlay-type":"","overlay-color":"","overlay-opacity":"","overlay-gradient":""},"mobile":{"background-color":"var(--ast-global-color-5)","background-image":"","background-repeat":"repeat","background-position":"center center","background-size":"auto","background-attachment":"scroll","background-type":"","background-media":"","overlay-type":"","overlay-color":"","overlay-opacity":"","overlay-gradient":""}},"footnotes":""},"class_list":["post-22","page","type-page","status-publish","hentry"],"post_mailing_queue_ids":[],"_links":{"self":[{"href":"https:\/\/agora.xtec.cat\/ceip-santjordi-ametllademar\/wp-json\/wp\/v2\/pages\/22","targetHints":{"allow":["GET"]}}],"collection":[{"href":"https:\/\/agora.xtec.cat\/ceip-santjordi-ametllademar\/wp-json\/wp\/v2\/pages"}],"about":[{"href":"https:\/\/agora.xtec.cat\/ceip-santjordi-ametllademar\/wp-json\/wp\/v2\/types\/page"}],"author":[{"embeddable":true,"href":"https:\/\/agora.xtec.cat\/ceip-santjordi-ametllademar\/wp-json\/wp\/v2\/users\/1"}],"replies":[{"embeddable":true,"href":"https:\/\/agora.xtec.cat\/ceip-santjordi-ametllademar\/wp-json\/wp\/v2\/comments?post=22"}],"version-history":[{"count":4,"href":"https:\/\/agora.xtec.cat\/ceip-santjordi-ametllademar\/wp-json\/wp\/v2\/pages\/22\/revisions"}],"predecessor-version":[{"id":16841,"href":"https:\/\/agora.xtec.cat\/ceip-santjordi-ametllademar\/wp-json\/wp\/v2\/pages\/22\/revisions\/16841"}],"wp:attachment":[{"href":"https:\/\/agora.xtec.cat\/ceip-santjordi-ametllademar\/wp-json\/wp\/v2\/media?parent=22"}],"curies":[{"name":"wp","href":"https:\/\/api.w.org\/{rel}","templated":true}]}}