{"id":18358,"date":"2025-09-28T18:58:30","date_gmt":"2025-09-28T16:58:30","guid":{"rendered":"https:\/\/agora.xtec.cat\/ceip-santjordi-ametllademar\/?page_id=18358"},"modified":"2025-10-09T09:34:07","modified_gmt":"2025-10-09T07:34:07","slug":"contactes-escola","status":"publish","type":"page","link":"https:\/\/agora.xtec.cat\/ceip-santjordi-ametllademar\/contactes-escola\/","title":{"rendered":"Contactes escola"},"content":{"rendered":"<table dir=\"ltr\" style=\"width: 100.049%; height: 2808px;\" border=\"1\" cellspacing=\"0\" cellpadding=\"0\" data-sheets-root=\"1\" data-sheets-baot=\"1\">\n<colgroup>\n<col width=\"130\" \/>\n<col width=\"141\" \/>\n<col width=\"100\" \/><\/colgroup>\n<tbody>\n<tr style=\"height: 52px;\">\n<td style=\"width: 23.4104%; height: 52px;\"><strong>EQUIP DIRECTIU<\/strong><\/td>\n<td style=\"width: 25.4335%; height: 52px;\"><\/td>\n<td style=\"width: 51.1561%; height: 52px;\">\n<div>\n<div><\/div>\n<\/div>\n<\/td>\n<\/tr>\n<tr style=\"height: 52px;\">\n<td style=\"width: 23.4104%; height: 52px;\">F\u00e0tima Garc\u00eda<\/td>\n<td style=\"width: 25.4335%; height: 52px;\"><strong>Directora<\/strong><\/td>\n<td style=\"width: 51.1561%; height: 52px;\">\n<div>\n<div><a href=\"mailto:direccio@escolasantjordi.net\" target=\"_blank\" rel=\"noopener\">direccio@escolasantjordi.net<\/a><\/div>\n<\/div>\n<\/td>\n<\/tr>\n<tr style=\"height: 52px;\">\n<td style=\"width: 23.4104%; height: 52px;\">No\u00e8lia Garriga<\/td>\n<td style=\"width: 25.4335%; height: 52px;\"><strong>Cap d&#8217;estudis<\/strong><\/td>\n<td style=\"width: 51.1561%; height: 52px;\">\n<div>\n<div><a href=\"mailto:cap.estudis@escolasantjordi.net\" target=\"_blank\" rel=\"noopener\">cap.estudis@escolasantjordi.net<\/a><\/div>\n<\/div>\n<\/td>\n<\/tr>\n<tr style=\"height: 52px;\">\n<td style=\"width: 23.4104%; height: 52px;\">Inma Sebasti\u00e0<\/td>\n<td style=\"width: 25.4335%; height: 52px;\"><strong>Secret\u00e0ria<\/strong><\/td>\n<td style=\"width: 51.1561%; height: 52px;\">\n<div>\n<div><a href=\"mailto:secretaria@escolasantjordi.net\" target=\"_blank\" rel=\"noopener\">secretaria@escolasantjordi.net<\/a><\/div>\n<\/div>\n<\/td>\n<\/tr>\n<tr style=\"height: 52px;\">\n<td style=\"width: 23.4104%; height: 52px;\">\n<hr \/>\n<p><strong>SUPORT FAM\u00cdLIES<\/strong><\/td>\n<td style=\"width: 25.4335%; height: 52px;\"><\/td>\n<td style=\"width: 51.1561%; height: 52px;\"><\/td>\n<\/tr>\n<tr style=\"height: 52px;\">\n<td style=\"width: 23.4104%; height: 52px;\">Joana Ferr\u00e9<\/p>\n<hr \/>\n<\/td>\n<td style=\"width: 25.4335%; height: 52px;\">Suport fam\u00edlies<\/td>\n<td style=\"width: 51.1561%; height: 52px;\">\n<div>\n<div><a class=\"in-cell-link\" href=\"mailto:suportfamilies@escolasantjordi.net\" target=\"_blank\" rel=\"noopener\">suportfamilies@escolasantjordi.net<\/a><\/div>\n<\/div>\n<\/td>\n<\/tr>\n<tr style=\"height: 52px;\">\n<td style=\"width: 23.4104%; height: 52px;\"><strong>ESPECIALISTES<\/strong><\/td>\n<td style=\"width: 25.4335%; height: 52px;\"><\/td>\n<td style=\"width: 51.1561%; height: 52px;\"><\/td>\n<\/tr>\n<tr style=\"height: 52px;\">\n<td style=\"width: 23.4104%; height: 52px;\">Joana Ferr\u00e9<\/td>\n<td style=\"width: 25.4335%; height: 52px;\">M\u00fasica Infantil i Inicial<\/td>\n<td style=\"width: 51.1561%; height: 52px;\">\n<div>\n<div><a class=\"in-cell-link\" href=\"mailto:musica.ei@escolasantjordi.net\" target=\"_blank\" rel=\"noopener\">musica.ci@escolasantjordi.net<\/a><\/div>\n<\/div>\n<\/td>\n<\/tr>\n<tr style=\"height: 52px;\">\n<td style=\"width: 23.4104%; height: 52px;\">Gessam\u00ed Margalef<\/td>\n<td style=\"width: 25.4335%; height: 52px;\">M\u00fasica Mitj\u00e0 i Superior<\/td>\n<td style=\"width: 51.1561%; height: 52px;\">\n<div>\n<div><a class=\"in-cell-link\" href=\"mailto:musica.pri@escolasantjordi.net\" target=\"_blank\" rel=\"noopener\">musica.pri@escolasantjordi.net<\/a><\/div>\n<\/div>\n<\/td>\n<\/tr>\n<tr style=\"height: 52px;\">\n<td style=\"width: 23.4104%; height: 52px;\">S\u00edlvia Antol\u00ed<\/td>\n<td style=\"width: 25.4335%; height: 52px;\">Religi\u00f3 Inicial i Mitj\u00e0<\/td>\n<td style=\"width: 51.1561%; height: 52px;\">\n<div>\n<div><a href=\"mailto:religio.ci@escolasantjordi.net\" target=\"_blank\" rel=\"noopener\">religio.ci@escolasantjordi.net<\/a><\/div>\n<\/div>\n<\/td>\n<\/tr>\n<tr style=\"height: 52px;\">\n<td style=\"width: 23.4104%; height: 52px;\">Ana For\u00e9s<\/td>\n<td style=\"width: 25.4335%; height: 52px;\">Angl\u00e8s Infantil<\/td>\n<td style=\"width: 51.1561%; height: 52px;\">\n<div>\n<div><a class=\"in-cell-link\" href=\"mailto:angles.ei@escolasantjordi.net\" target=\"_blank\" rel=\"noopener\">angles.ei@escolasantjordi.net<\/a><\/div>\n<\/div>\n<\/td>\n<\/tr>\n<tr style=\"height: 52px;\">\n<td style=\"width: 23.4104%; height: 52px;\">Vanessa Ferre<\/td>\n<td style=\"width: 25.4335%; height: 52px;\">Angl\u00e8s Inicial<\/td>\n<td style=\"width: 51.1561%; height: 52px;\">\n<div>\n<div><a class=\"in-cell-link\" href=\"mailto:angles.ci@escolasantjordi.net\" target=\"_blank\" rel=\"noopener\">angles.ci@escolasantjordi.net<\/a><\/div>\n<\/div>\n<\/td>\n<\/tr>\n<tr style=\"height: 52px;\">\n<td style=\"width: 23.4104%; height: 52px;\">Vanessa Ferre<\/td>\n<td style=\"width: 25.4335%; height: 52px;\">Angl\u00e8s Mitj\u00e0<\/td>\n<td style=\"width: 51.1561%; height: 52px;\">\n<div>\n<div><a class=\"in-cell-link\" href=\"mailto:angles.cm@escolasantjordi.net\" target=\"_blank\" rel=\"noopener\">angles.cm@escolasantjordi.net<\/a><\/div>\n<\/div>\n<\/td>\n<\/tr>\n<tr style=\"height: 52px;\">\n<td style=\"width: 23.4104%; height: 52px;\">Carme Arqu\u00e9s<\/td>\n<td style=\"width: 25.4335%; height: 52px;\">Angl\u00e8s Superior<\/td>\n<td style=\"width: 51.1561%; height: 52px;\">\n<div>\n<div><a class=\"in-cell-link\" href=\"mailto:angles.cs@escolasantjordi.net\" target=\"_blank\" rel=\"noopener\">angles.cs@escolasantjordi.net<\/a><\/div>\n<\/div>\n<\/td>\n<\/tr>\n<tr style=\"height: 52px;\">\n<td style=\"width: 23.4104%; height: 52px;\">Inma Sebasti\u00e0<\/td>\n<td style=\"width: 25.4335%; height: 52px;\">E. F\u00edsica<\/td>\n<td style=\"width: 51.1561%; height: 52px;\">\n<div>\n<div><a href=\"mailto:edfisica1@escolasantjordi.net\" target=\"_blank\" rel=\"noopener\">edfisica1@escolasantjordi.net<\/a><\/div>\n<\/div>\n<\/td>\n<\/tr>\n<tr style=\"height: 52px;\">\n<td style=\"width: 23.4104%; height: 52px;\">Joel Cherta<\/td>\n<td style=\"width: 25.4335%; height: 52px;\">E. F\u00edsica<\/td>\n<td style=\"width: 51.1561%; height: 52px;\">\n<div>\n<div><a class=\"in-cell-link\" href=\"mailto:edfisica2@escolasantjordi.net\" target=\"_blank\" rel=\"noopener\">edfisica2@escolasantjordi.net<\/a><\/div>\n<\/div>\n<\/td>\n<\/tr>\n<tr style=\"height: 52px;\">\n<td style=\"width: 23.4104%; height: 52px;\">\n<hr \/>\n<\/td>\n<td style=\"width: 25.4335%; height: 52px;\"><\/td>\n<td style=\"width: 51.1561%; height: 52px;\"><\/td>\n<\/tr>\n<tr style=\"height: 52px;\">\n<td style=\"width: 23.4104%; height: 52px;\"><strong>\u00a0EDUCACI\u00d3 ESPECIAL<\/strong><\/td>\n<td style=\"width: 25.4335%; height: 52px;\"><\/td>\n<td style=\"width: 51.1561%; height: 52px;\"><\/td>\n<\/tr>\n<tr style=\"height: 52px;\">\n<td style=\"width: 23.4104%; height: 52px;\">Chusa Chico<\/td>\n<td style=\"width: 25.4335%; height: 52px;\">SIEI<\/td>\n<td style=\"width: 51.1561%; height: 52px;\">\n<div>\n<div><a class=\"in-cell-link\" href=\"mailto:siei@escolasantjordi.net\" target=\"_blank\" rel=\"noopener\">siei@escolasantjordi.net<\/a><\/div>\n<\/div>\n<\/td>\n<\/tr>\n<tr style=\"height: 52px;\">\n<td style=\"width: 23.4104%; height: 52px;\">Anna Segarra<\/td>\n<td style=\"width: 25.4335%; height: 52px;\">E.Especial Inicial<\/td>\n<td style=\"width: 51.1561%; height: 52px;\">\n<div>\n<div><a class=\"in-cell-link\" href=\"mailto:ed.especial1@escolasantjordi.net\" target=\"_blank\" rel=\"noopener\">ed.especial1@escolasantjordi.net<\/a><\/div>\n<\/div>\n<\/td>\n<\/tr>\n<tr style=\"height: 52px;\">\n<td style=\"width: 23.4104%; height: 52px;\">Mireia Tom\u00e0s<\/td>\n<td style=\"width: 25.4335%; height: 52px;\">E.Especial Mitj\u00e0<\/td>\n<td style=\"width: 51.1561%; height: 52px;\">\n<div>\n<div><a class=\"in-cell-link\" href=\"mailto:ed.especial1@escolasantjordi.net\" target=\"_blank\" rel=\"noopener\">ed.especial2@escolasantjordi.net<\/a><\/div>\n<\/div>\n<\/td>\n<\/tr>\n<tr style=\"height: 52px;\">\n<td style=\"width: 23.4104%; height: 52px;\">M\u00aa Carme Angl\u00e8s<\/td>\n<td style=\"width: 25.4335%; height: 52px;\">E.Especial Superior<\/td>\n<td style=\"width: 51.1561%; height: 52px;\">\n<div>\n<div><a class=\"in-cell-link\" href=\"mailto:ed.especial1@escolasantjordi.net\" target=\"_blank\" rel=\"noopener\">ed.especial3@escolasantjordi.net<\/a><\/div>\n<\/div>\n<\/td>\n<\/tr>\n<tr style=\"height: 52px;\">\n<td style=\"width: 23.4104%; height: 52px;\">David Cosid\u00f3<\/td>\n<td style=\"width: 25.4335%; height: 52px;\">Audici\u00f3 i Llenguatge<\/td>\n<td style=\"width: 51.1561%; height: 52px;\">\n<div>\n<div><a class=\"in-cell-link\" href=\"mailto:ail@escolasantjordi.net\" target=\"_blank\" rel=\"noopener\">ail@escolasantjordi.net<\/a><\/div>\n<\/div>\n<\/td>\n<\/tr>\n<tr style=\"height: 52px;\">\n<td style=\"width: 23.4104%; height: 52px;\">L\u00eddia Saura<\/td>\n<td style=\"width: 25.4335%; height: 52px;\">Educadora<\/td>\n<td style=\"width: 51.1561%; height: 52px;\">\n<div>\n<div><a href=\"mailto:educadora@escolasantjordi.net\" target=\"_blank\" rel=\"noopener\">educadora@escolasantjordi.net<\/a><\/div>\n<\/div>\n<\/td>\n<\/tr>\n<tr style=\"height: 52px;\">\n<td style=\"width: 23.4104%; height: 52px;\">\n<hr \/>\n<p><strong>TUTORIES E. INFANTIL<\/strong><\/td>\n<td style=\"width: 25.4335%; height: 52px;\"><\/td>\n<td style=\"width: 51.1561%; height: 52px;\"><\/td>\n<\/tr>\n<tr style=\"height: 52px;\">\n<td style=\"width: 23.4104%; height: 52px;\">Carla Vicente<\/td>\n<td style=\"width: 25.4335%; height: 52px;\">I3 A 2025-2028<\/td>\n<td style=\"width: 51.1561%; height: 52px;\">\n<div>\n<div><a href=\"mailto:infantil2528.a@escolasantjordi.net\" target=\"_blank\" rel=\"noopener\">infantil2528.a@escolasantjordi.net<\/a><\/div>\n<\/div>\n<\/td>\n<\/tr>\n<tr style=\"height: 52px;\">\n<td style=\"width: 23.4104%; height: 52px;\">Carme Ardit<\/td>\n<td style=\"width: 25.4335%; height: 52px;\">I3 B 2025-2028<\/td>\n<td style=\"width: 51.1561%; height: 52px;\">\n<div>\n<div><a href=\"mailto:infantil2528.b@escolasantjordi.net\" target=\"_blank\" rel=\"noopener\">infantil2528.b@escolasantjordi.net<\/a><\/div>\n<\/div>\n<\/td>\n<\/tr>\n<tr style=\"height: 52px;\">\n<td style=\"width: 23.4104%; height: 52px;\">Esther Bachs<\/td>\n<td style=\"width: 25.4335%; height: 52px;\">EI4 A<\/td>\n<td style=\"width: 51.1561%; height: 52px;\">\n<div>\n<div><a href=\"mailto:p4.a@escolasantjordi.net\" target=\"_blank\" rel=\"noopener\">p4.a@escolasantjordi.net<\/a><\/div>\n<\/div>\n<\/td>\n<\/tr>\n<tr style=\"height: 52px;\">\n<td style=\"width: 23.4104%; height: 52px;\">M\u00aa Jes\u00fas Vallesp\u00ed<\/td>\n<td style=\"width: 25.4335%; height: 52px;\">EI4 B<\/td>\n<td style=\"width: 51.1561%; height: 52px;\">\n<div>\n<div><a href=\"mailto:p4.b@escolasantjordi.net\" target=\"_blank\" rel=\"noopener\">p4.b@escolasantjordi.net<\/a><\/div>\n<\/div>\n<\/td>\n<\/tr>\n<tr style=\"height: 52px;\">\n<td style=\"width: 23.4104%; height: 52px;\"><\/td>\n<td style=\"width: 25.4335%; height: 52px;\">EI4 C<\/td>\n<td style=\"width: 51.1561%; height: 52px;\">\n<div>\n<div><a href=\"mailto:p4.c@escolasantjordi.net\" target=\"_blank\" rel=\"noopener\">p4.c@escolasantjordi.net<\/a><\/div>\n<\/div>\n<\/td>\n<\/tr>\n<tr style=\"height: 52px;\">\n<td style=\"width: 23.4104%; height: 52px;\">Marian Rodr\u00edguez<\/td>\n<td style=\"width: 25.4335%; height: 52px;\">EI5 A<\/td>\n<td style=\"width: 51.1561%; height: 52px;\">\n<div>\n<div><a href=\"mailto:p5.a@escolasantjordi.net\" target=\"_blank\" rel=\"noopener\">p5.a@escolasantjordi.net<\/a><\/div>\n<\/div>\n<\/td>\n<\/tr>\n<tr style=\"height: 52px;\">\n<td style=\"width: 23.4104%; height: 52px;\">Irene Figueres<\/td>\n<td style=\"width: 25.4335%; height: 52px;\">EI5 B<\/td>\n<td style=\"width: 51.1561%; height: 52px;\">\n<div>\n<div><a href=\"mailto:p5.b@escolasantjordi.net\" target=\"_blank\" rel=\"noopener\">p5.b@escolasantjordi.net<\/a><\/div>\n<\/div>\n<\/td>\n<\/tr>\n<tr style=\"height: 52px;\">\n<td style=\"width: 23.4104%; height: 52px;\">Carla Bov\u00e9<\/td>\n<td style=\"width: 25.4335%; height: 52px;\">EI5 C<\/td>\n<td style=\"width: 51.1561%; height: 52px;\">\n<div>\n<div><a href=\"mailto:p5.c@escolasantjordi.net\" target=\"_blank\" rel=\"noopener\">p5.c@escolasantjordi.net<\/a><\/div>\n<\/div>\n<\/td>\n<\/tr>\n<tr style=\"height: 52px;\">\n<td style=\"width: 23.4104%; height: 52px;\">Vanessa Pons<\/td>\n<td style=\"width: 25.4335%; height: 52px;\">Suport infantil<\/td>\n<td style=\"width: 51.1561%; height: 52px;\">\n<div>\n<div><a class=\"in-cell-link\" href=\"mailto:suport.infantil@escolasantjordi.net\" target=\"_blank\" rel=\"noopener\">suport.infantil@escolasantjordi.net<\/a><\/div>\n<\/div>\n<\/td>\n<\/tr>\n<tr style=\"height: 52px;\">\n<td style=\"width: 23.4104%; height: 52px;\">\n<hr \/>\n<p><strong>TUTORIES E. PRIM\u00c0RIA<\/strong><\/td>\n<td style=\"width: 25.4335%; height: 52px;\"><\/td>\n<td style=\"width: 51.1561%; height: 52px;\"><\/td>\n<\/tr>\n<tr style=\"height: 52px;\">\n<td style=\"width: 23.4104%; height: 52px;\">Meritxell Soriano<\/td>\n<td style=\"width: 25.4335%; height: 52px;\">1r A<\/td>\n<td style=\"width: 51.1561%; height: 52px;\">\n<div>\n<div><a href=\"mailto:primer.a@escolasantjordi.net\" target=\"_blank\" rel=\"noopener\">primer.a@escolasantjordi.net<\/a><\/div>\n<\/div>\n<\/td>\n<\/tr>\n<tr style=\"height: 52px;\">\n<td style=\"width: 23.4104%; height: 52px;\">Paula Forcadell<\/td>\n<td style=\"width: 25.4335%; height: 52px;\">1r B<\/td>\n<td style=\"width: 51.1561%; height: 52px;\">\n<div>\n<div><a href=\"mailto:primer.b@escolasantjordi.net\" target=\"_blank\" rel=\"noopener\">primer.b@escolasantjordi.net<\/a><\/div>\n<\/div>\n<\/td>\n<\/tr>\n<tr style=\"height: 52px;\">\n<td style=\"width: 23.4104%; height: 52px;\">Andrea Castells<\/td>\n<td style=\"width: 25.4335%; height: 52px;\">1r C<\/td>\n<td style=\"width: 51.1561%; height: 52px;\">\n<div>\n<div><a href=\"mailto:primer.c@escolasantjordi.net\" target=\"_blank\" rel=\"noopener\">primer.c@escolasantjordi.net<\/a><\/div>\n<\/div>\n<\/td>\n<\/tr>\n<tr style=\"height: 52px;\">\n<td style=\"width: 23.4104%; height: 52px;\">S\u00edlvia Antol\u00ed<\/td>\n<td style=\"width: 25.4335%; height: 52px;\">2n A<\/td>\n<td style=\"width: 51.1561%; height: 52px;\">\n<div>\n<div><a href=\"mailto:segon.a@escolasantjordi.net\" target=\"_blank\" rel=\"noopener\">segon.a@escolasantjordi.net<\/a><\/div>\n<\/div>\n<\/td>\n<\/tr>\n<tr style=\"height: 52px;\">\n<td style=\"width: 23.4104%; height: 52px;\">Marta Munt\u00e9<\/td>\n<td style=\"width: 25.4335%; height: 52px;\">2n B<\/td>\n<td style=\"width: 51.1561%; height: 52px;\">\n<div>\n<div><a href=\"mailto:segon.b@escolasantjordi.net\" target=\"_blank\" rel=\"noopener\">segon.b@escolasantjordi.net<\/a><\/div>\n<\/div>\n<\/td>\n<\/tr>\n<tr style=\"height: 52px;\">\n<td style=\"width: 23.4104%; height: 52px;\">&#8211;<\/td>\n<td style=\"width: 25.4335%; height: 52px;\">2n C<\/td>\n<td style=\"width: 51.1561%; height: 52px;\">\n<div>\n<div><a href=\"mailto:segon.c@escolasantjordi.net\" target=\"_blank\" rel=\"noopener\">segon.c@escolasantjordi.net<\/a><\/div>\n<\/div>\n<\/td>\n<\/tr>\n<tr style=\"height: 52px;\">\n<td style=\"width: 23.4104%; height: 52px;\">Amparo Rivero<\/td>\n<td style=\"width: 25.4335%; height: 52px;\">3r A<\/td>\n<td style=\"width: 51.1561%; height: 52px;\">\n<div>\n<div><a href=\"mailto:tercer.a@escolasantjordi.net\" target=\"_blank\" rel=\"noopener\">tercer.a@escolasantjordi.net<\/a><\/div>\n<\/div>\n<\/td>\n<\/tr>\n<tr style=\"height: 52px;\">\n<td style=\"width: 23.4104%; height: 52px;\">Sara Cervera<\/td>\n<td style=\"width: 25.4335%; height: 52px;\">3r B<\/td>\n<td style=\"width: 51.1561%; height: 52px;\">\n<div>\n<div><a href=\"mailto:tercer.b@escolasantjordi.net\" target=\"_blank\" rel=\"noopener\">tercer.b@escolasantjordi.net<\/a><\/div>\n<\/div>\n<\/td>\n<\/tr>\n<tr style=\"height: 52px;\">\n<td style=\"width: 23.4104%; height: 52px;\">Mireia Fortuna<\/td>\n<td style=\"width: 25.4335%; height: 52px;\">3r C<\/td>\n<td style=\"width: 51.1561%; height: 52px;\">\n<div>\n<div><a href=\"mailto:tercer.c@escolasantjordi.net\" target=\"_blank\" rel=\"noopener\">tercer.c@escolasantjordi.net<\/a><\/div>\n<\/div>\n<\/td>\n<\/tr>\n<tr style=\"height: 52px;\">\n<td style=\"width: 23.4104%; height: 52px;\">Lorena Guarner<\/td>\n<td style=\"width: 25.4335%; height: 52px;\">4t A<\/td>\n<td style=\"width: 51.1561%; height: 52px;\">\n<div>\n<div><a href=\"mailto:quart.a@escolasantjordi.net\" target=\"_blank\" rel=\"noopener\">quart.a@escolasantjordi.net<\/a><\/div>\n<\/div>\n<\/td>\n<\/tr>\n<tr style=\"height: 52px;\">\n<td style=\"width: 23.4104%; height: 52px;\">Cinta Vidiella<\/td>\n<td style=\"width: 25.4335%; height: 52px;\">4t B<\/td>\n<td style=\"width: 51.1561%; height: 52px;\">\n<div>\n<div><a href=\"mailto:quart.b@escolasantjordi.net\" target=\"_blank\" rel=\"noopener\">quart.b@escolasantjordi.net<\/a><\/div>\n<\/div>\n<\/td>\n<\/tr>\n<tr style=\"height: 52px;\">\n<td style=\"width: 23.4104%; height: 52px;\">Laia Estorach<\/td>\n<td style=\"width: 25.4335%; height: 52px;\">4t C<\/td>\n<td style=\"width: 51.1561%; height: 52px;\">\n<div>\n<div><a href=\"mailto:quart.c@escolasantjordi.net\" target=\"_blank\" rel=\"noopener\">quart.c@escolasantjordi.net<\/a><\/div>\n<\/div>\n<\/td>\n<\/tr>\n<tr style=\"height: 52px;\">\n<td style=\"width: 23.4104%; height: 52px;\">V\u00edctor Pallar\u00e9s<\/td>\n<td style=\"width: 25.4335%; height: 52px;\">5\u00e8 A<\/td>\n<td style=\"width: 51.1561%; height: 52px;\">\n<div>\n<div><a href=\"mailto:cinque.a@escolasantjordi.net\" target=\"_blank\" rel=\"noopener\">cinque.a@escolasantjordi.net<\/a><\/div>\n<\/div>\n<\/td>\n<\/tr>\n<tr style=\"height: 52px;\">\n<td style=\"width: 23.4104%; height: 52px;\">Alejandra Gim\u00e9nez<\/td>\n<td style=\"width: 25.4335%; height: 52px;\">5\u00e8 B<\/td>\n<td style=\"width: 51.1561%; height: 52px;\">\n<div>\n<div><a href=\"mailto:cinque.b@escolasantjordi.net\" target=\"_blank\" rel=\"noopener\">cinque.b@escolasantjordi.net<\/a><\/div>\n<\/div>\n<\/td>\n<\/tr>\n<tr style=\"height: 52px;\">\n<td style=\"width: 23.4104%; height: 52px;\">Lidia Garcia<\/td>\n<td style=\"width: 25.4335%; height: 52px;\">5\u00e8 C<\/td>\n<td style=\"width: 51.1561%; height: 52px;\">\n<div>\n<div><a href=\"mailto:cinque.c@escolasantjordi.net\" target=\"_blank\" rel=\"noopener\">cinque.c@escolasantjordi.net<\/a><\/div>\n<\/div>\n<\/td>\n<\/tr>\n<tr style=\"height: 52px;\">\n<td style=\"width: 23.4104%; height: 52px;\">Alba Kapusta<\/td>\n<td style=\"width: 25.4335%; height: 52px;\">6\u00e8 A<\/td>\n<td style=\"width: 51.1561%; height: 52px;\">\n<div>\n<div><a href=\"mailto:sise.a@escolasantjordi.net\" target=\"_blank\" rel=\"noopener\">sise.a@escolasantjordi.net<\/a><\/div>\n<\/div>\n<\/td>\n<\/tr>\n<tr style=\"height: 52px;\">\n<td style=\"width: 23.4104%; height: 52px;\">Rosa Rey<\/td>\n<td style=\"width: 25.4335%; height: 52px;\">6\u00e8 B<\/td>\n<td style=\"width: 51.1561%; height: 52px;\">\n<div>\n<div><a href=\"mailto:sise.b@escolasantjordi.net\" target=\"_blank\" rel=\"noopener\">sise.b@escolasantjordi.net<\/a><\/div>\n<\/div>\n<\/td>\n<\/tr>\n<tr style=\"height: 52px;\">\n<td style=\"width: 23.4104%; height: 52px;\">Esther Marsal<\/td>\n<td style=\"width: 25.4335%; height: 52px;\">6\u00e8 C<\/td>\n<td style=\"width: 51.1561%; height: 52px;\">\n<div>\n<div><a href=\"mailto:sise.c@escolasantjordi.net\" target=\"_blank\" rel=\"noopener\">sise.c@escolasantjordi.net<\/a><\/div>\n<\/div>\n<\/td>\n<\/tr>\n<tr style=\"height: 52px;\">\n<td style=\"width: 23.4104%; height: 52px;\"><\/td>\n<td style=\"width: 25.4335%; height: 52px;\"><\/td>\n<td style=\"width: 51.1561%; height: 52px;\"><\/td>\n<\/tr>\n<\/tbody>\n<\/table>\n","protected":false},"excerpt":{"rendered":"<p>EQUIP DIRECTIU F\u00e0tima Garc\u00eda Directora direccio@escolasantjordi.net No\u00e8lia Garriga Cap d&#8217;estudis cap.estudis@escolasantjordi.net Inma Sebasti\u00e0 Secret\u00e0ria secretaria@escolasantjordi.net SUPORT FAM\u00cdLIES Joana Ferr\u00e9 Suport fam\u00edlies suportfamilies@escolasantjordi.net ESPECIALISTES Joana Ferr\u00e9 M\u00fasica Infantil i Inicial musica.ci@escolasantjordi.net Gessam\u00ed Margalef M\u00fasica Mitj\u00e0 i Superior musica.pri@escolasantjordi.net S\u00edlvia Antol\u00ed Religi\u00f3 Inicial i Mitj\u00e0 religio.ci@escolasantjordi.net Ana For\u00e9s Angl\u00e8s Infantil angles.ei@escolasantjordi.net Vanessa Ferre Angl\u00e8s Inicial angles.ci@escolasantjordi.net Vanessa [&hellip;]<\/p>\n","protected":false},"author":1,"featured_media":0,"parent":0,"menu_order":0,"comment_status":"closed","ping_status":"closed","template":"","meta":{"_bbp_topic_count":0,"_bbp_reply_count":0,"_bbp_total_topic_count":0,"_bbp_total_reply_count":0,"_bbp_voice_count":0,"_bbp_anonymous_reply_count":0,"_bbp_topic_count_hidden":0,"_bbp_reply_count_hidden":0,"_bbp_forum_subforum_count":0,"site-sidebar-layout":"default","site-content-layout":"","ast-site-content-layout":"default","site-content-style":"default","site-sidebar-style":"default","ast-global-header-display":"","ast-banner-title-visibility":"","ast-main-header-display":"","ast-hfb-above-header-display":"","ast-hfb-below-header-display":"","ast-hfb-mobile-header-display":"","site-post-title":"","ast-breadcrumbs-content":"","ast-featured-img":"","footer-sml-layout":"","theme-transparent-header-meta":"default","adv-header-id-meta":"","stick-header-meta":"","header-above-stick-meta":"","header-main-stick-meta":"","header-below-stick-meta":"","astra-migrate-meta-layouts":"set","ast-page-background-enabled":"default","ast-page-background-meta":{"desktop":{"background-color":"var(--ast-global-color-4)","background-image":"","background-repeat":"repeat","background-position":"center center","background-size":"auto","background-attachment":"scroll","background-type":"","background-media":"","overlay-type":"","overlay-color":"","overlay-opacity":"","overlay-gradient":""},"tablet":{"background-color":"","background-image":"","background-repeat":"repeat","background-position":"center center","background-size":"auto","background-attachment":"scroll","background-type":"","background-media":"","overlay-type":"","overlay-color":"","overlay-opacity":"","overlay-gradient":""},"mobile":{"background-color":"","background-image":"","background-repeat":"repeat","background-position":"center center","background-size":"auto","background-attachment":"scroll","background-type":"","background-media":"","overlay-type":"","overlay-color":"","overlay-opacity":"","overlay-gradient":""}},"ast-content-background-meta":{"desktop":{"background-color":"var(--ast-global-color-5)","background-image":"","background-repeat":"repeat","background-position":"center center","background-size":"auto","background-attachment":"scroll","background-type":"","background-media":"","overlay-type":"","overlay-color":"","overlay-opacity":"","overlay-gradient":""},"tablet":{"background-color":"var(--ast-global-color-5)","background-image":"","background-repeat":"repeat","background-position":"center center","background-size":"auto","background-attachment":"scroll","background-type":"","background-media":"","overlay-type":"","overlay-color":"","overlay-opacity":"","overlay-gradient":""},"mobile":{"background-color":"var(--ast-global-color-5)","background-image":"","background-repeat":"repeat","background-position":"center center","background-size":"auto","background-attachment":"scroll","background-type":"","background-media":"","overlay-type":"","overlay-color":"","overlay-opacity":"","overlay-gradient":""}},"footnotes":""},"class_list":["post-18358","page","type-page","status-publish","hentry"],"post_mailing_queue_ids":[],"_links":{"self":[{"href":"https:\/\/agora.xtec.cat\/ceip-santjordi-ametllademar\/wp-json\/wp\/v2\/pages\/18358","targetHints":{"allow":["GET"]}}],"collection":[{"href":"https:\/\/agora.xtec.cat\/ceip-santjordi-ametllademar\/wp-json\/wp\/v2\/pages"}],"about":[{"href":"https:\/\/agora.xtec.cat\/ceip-santjordi-ametllademar\/wp-json\/wp\/v2\/types\/page"}],"author":[{"embeddable":true,"href":"https:\/\/agora.xtec.cat\/ceip-santjordi-ametllademar\/wp-json\/wp\/v2\/users\/1"}],"replies":[{"embeddable":true,"href":"https:\/\/agora.xtec.cat\/ceip-santjordi-ametllademar\/wp-json\/wp\/v2\/comments?post=18358"}],"version-history":[{"count":6,"href":"https:\/\/agora.xtec.cat\/ceip-santjordi-ametllademar\/wp-json\/wp\/v2\/pages\/18358\/revisions"}],"predecessor-version":[{"id":18389,"href":"https:\/\/agora.xtec.cat\/ceip-santjordi-ametllademar\/wp-json\/wp\/v2\/pages\/18358\/revisions\/18389"}],"wp:attachment":[{"href":"https:\/\/agora.xtec.cat\/ceip-santjordi-ametllademar\/wp-json\/wp\/v2\/media?parent=18358"}],"curies":[{"name":"wp","href":"https:\/\/api.w.org\/{rel}","templated":true}]}}