{"id":16997,"date":"2023-11-16T21:21:30","date_gmt":"2023-11-16T20:21:30","guid":{"rendered":"https:\/\/agora.xtec.cat\/ceip-santjordi-ametllademar\/?page_id=16997"},"modified":"2024-05-24T13:55:10","modified_gmt":"2024-05-24T11:55:10","slug":"pla-daccio","status":"publish","type":"page","link":"https:\/\/agora.xtec.cat\/ceip-santjordi-ametllademar\/pla-daccio\/","title":{"rendered":"ERASMUS K120"},"content":{"rendered":"<p><img loading=\"lazy\" decoding=\"async\" class=\"alignnone size-medium wp-image-16993\" src=\"https:\/\/agora.xtec.cat\/ceip-santjordi-ametllademar\/wp-content\/uploads\/usu888\/2023\/11\/EN-V-Co-funded-by-the-EU_POS-296x300.jpg\" alt=\"\" width=\"296\" height=\"300\" srcset=\"https:\/\/agora.xtec.cat\/ceip-santjordi-ametllademar\/wp-content\/uploads\/usu888\/2023\/11\/EN-V-Co-funded-by-the-EU_POS-296x300.jpg 296w, https:\/\/agora.xtec.cat\/ceip-santjordi-ametllademar\/wp-content\/uploads\/usu888\/2023\/11\/EN-V-Co-funded-by-the-EU_POS-768x778.jpg 768w, https:\/\/agora.xtec.cat\/ceip-santjordi-ametllademar\/wp-content\/uploads\/usu888\/2023\/11\/EN-V-Co-funded-by-the-EU_POS.jpg 910w\" sizes=\"auto, (max-width: 296px) 100vw, 296px\" \/><\/p>\n<p>&nbsp;<\/p>\n<p><strong>Documentaci\u00f3 del projecte:<\/strong><\/p>\n<ul>\n<li><a href=\"https:\/\/agora.xtec.cat\/ceip-santjordi-ametllademar\/wp-content\/uploads\/usu888\/2023\/11\/ESCOLA-SANT-JORDI-pla-daccio-211129-1.docx.pdf\">Pla d&#8217;acci\u00f3 projecte Erasmus+ KA120 2021-2024<\/a><\/li>\n<li><a style=\"font-family: inherit; font-size: 1em;\" href=\"https:\/\/agora.xtec.cat\/ceip-santjordi-ametllademar\/wp-content\/uploads\/usu888\/2023\/11\/Presentacio-Sist-Educ-Catalunya-centres-Erasmus-v220908.pptx\">Presentaci\u00f3 Sist Educ Catalunya centres Erasmus v220908<\/a><\/li>\n<\/ul>\n<p><strong>Diaris de les mobilitats Erasmus+:<\/strong><\/p>\n<ul>\n<li><a href=\"https:\/\/www.canva.com\/design\/DAFMT2QbbiY\/wqCqELeQINCnp2e1gnih-Q\/view?utm_content=DAFMT2QbbiY&amp;utm_campaign=designshare&amp;utm_medium=link&amp;utm_source=publishsharelink\">DIARI DE MOBILITAT. ESCOLA DE SECUND\u00c0RIA. AGRUPACI\u00d3 D&#8217;ESCOLES VIRGINIA MOURA. PORTUGAL. MOREIRA DE CONEGOS (setembre 2022)<\/a><\/li>\n<li><a style=\"font-family: inherit; font-size: 1em;\" href=\"https:\/\/www.canva.com\/design\/DAFMTw_9wW0\/GMGrmmSeWWOBZAyA-6uRvQ\/view?utm_content=DAFMTw_9wW0&amp;utm_campaign=designshare&amp;utm_medium=link&amp;utm_source=publishsharelink\">DIARI DE MOBILITAT. ESCOLA DE PRIM\u00c0RIA. AGRUPACI\u00d3 D&#8217;ESCOLES VIRGINIA MOURA. MOREIRA DE CONEGOS. PORTUGAL (setembre 2022)<\/a><\/li>\n<li><a style=\"color: #2795b6;\" href=\"https:\/\/drive.google.com\/file\/d\/17HFJXXLmtWkJ89asOnMdmY6WAUC2uJr-\/view?usp=sharing\">DIARI DE MOBILITAT: JOAN MIR\u00d3 GRUNDSCHULE BERL\u00cdN (ALEMANYA) (febrer 2024)<\/a><\/li>\n<li><a href=\"https:\/\/drive.google.com\/file\/d\/1fUVfV3GcfuseSibJ52bvO9Ij7n_6nKyv\/view?usp=sharing\">DIARI DE MOBILITAT: BOLZANO (IT\u00c0LIA) (febrer 2024)<\/a><\/li>\n<\/ul>\n<p><strong>Activitats \/ pr\u00e0ctiques al centre:<\/strong><\/p>\n<ul>\n<li><a href=\"https:\/\/agora.xtec.cat\/ceip-santjordi-ametllademar\/wp-content\/uploads\/usu888\/2023\/11\/I-Jornada-Intercultural-Mirades-al-Mon_ESAM-TILC.pdf\">I Jornada Intercultural Mirades al M\u00f3n (maig 2023)<\/a><\/li>\n<li><a href=\"https:\/\/photos.app.goo.gl\/9ZmLfxDMwMRVeCTy6\">Dia de les lleng\u00fces maternes (febrer 2024)<\/a><\/li>\n<li><a href=\"https:\/\/photos.app.goo.gl\/jziwW3gjvfNqahVy5\">II Jornada Intercultural Mirades al M\u00f3n (maig 2024)<\/a><\/li>\n<\/ul>\n<p><strong>Cartells de les jornades:<\/strong><\/p>\n<p><a href=\"https:\/\/agora.xtec.cat\/ceip-santjordi-ametllademar\/wp-content\/uploads\/usu888\/2024\/04\/II-JORNADA-INTERCULTURAL-MIRADES-DEL-MON-19-DE-MAIG.jpg\"><img loading=\"lazy\" decoding=\"async\" class=\"wp-image-17400 alignleft\" src=\"https:\/\/agora.xtec.cat\/ceip-santjordi-ametllademar\/wp-content\/uploads\/usu888\/2024\/04\/II-JORNADA-INTERCULTURAL-MIRADES-DEL-MON-19-DE-MAIG-724x1024.jpg\" alt=\"\" width=\"272\" height=\"384\" srcset=\"https:\/\/agora.xtec.cat\/ceip-santjordi-ametllademar\/wp-content\/uploads\/usu888\/2024\/04\/II-JORNADA-INTERCULTURAL-MIRADES-DEL-MON-19-DE-MAIG-724x1024.jpg 724w, https:\/\/agora.xtec.cat\/ceip-santjordi-ametllademar\/wp-content\/uploads\/usu888\/2024\/04\/II-JORNADA-INTERCULTURAL-MIRADES-DEL-MON-19-DE-MAIG-212x300.jpg 212w, https:\/\/agora.xtec.cat\/ceip-santjordi-ametllademar\/wp-content\/uploads\/usu888\/2024\/04\/II-JORNADA-INTERCULTURAL-MIRADES-DEL-MON-19-DE-MAIG-768x1086.jpg 768w, https:\/\/agora.xtec.cat\/ceip-santjordi-ametllademar\/wp-content\/uploads\/usu888\/2024\/04\/II-JORNADA-INTERCULTURAL-MIRADES-DEL-MON-19-DE-MAIG-1086x1536.jpg 1086w, https:\/\/agora.xtec.cat\/ceip-santjordi-ametllademar\/wp-content\/uploads\/usu888\/2024\/04\/II-JORNADA-INTERCULTURAL-MIRADES-DEL-MON-19-DE-MAIG-1448x2048.jpg 1448w, https:\/\/agora.xtec.cat\/ceip-santjordi-ametllademar\/wp-content\/uploads\/usu888\/2024\/04\/II-JORNADA-INTERCULTURAL-MIRADES-DEL-MON-19-DE-MAIG.jpg 1587w\" sizes=\"auto, (max-width: 272px) 100vw, 272px\" \/><\/a><a href=\"https:\/\/agora.xtec.cat\/ceip-santjordi-ametllademar\/wp-content\/uploads\/usu888\/2024\/04\/I-JORNADA-INTERCULTURAL-MIRADES-DEL-MON-19-DE-MAIG.jpg\"><img loading=\"lazy\" decoding=\"async\" class=\"alignnone wp-image-17399\" src=\"https:\/\/agora.xtec.cat\/ceip-santjordi-ametllademar\/wp-content\/uploads\/usu888\/2024\/04\/I-JORNADA-INTERCULTURAL-MIRADES-DEL-MON-19-DE-MAIG-724x1024.jpg\" alt=\"\" width=\"245\" height=\"346\" srcset=\"https:\/\/agora.xtec.cat\/ceip-santjordi-ametllademar\/wp-content\/uploads\/usu888\/2024\/04\/I-JORNADA-INTERCULTURAL-MIRADES-DEL-MON-19-DE-MAIG-724x1024.jpg 724w, https:\/\/agora.xtec.cat\/ceip-santjordi-ametllademar\/wp-content\/uploads\/usu888\/2024\/04\/I-JORNADA-INTERCULTURAL-MIRADES-DEL-MON-19-DE-MAIG-212x300.jpg 212w, https:\/\/agora.xtec.cat\/ceip-santjordi-ametllademar\/wp-content\/uploads\/usu888\/2024\/04\/I-JORNADA-INTERCULTURAL-MIRADES-DEL-MON-19-DE-MAIG-768x1086.jpg 768w, https:\/\/agora.xtec.cat\/ceip-santjordi-ametllademar\/wp-content\/uploads\/usu888\/2024\/04\/I-JORNADA-INTERCULTURAL-MIRADES-DEL-MON-19-DE-MAIG-1086x1536.jpg 1086w, https:\/\/agora.xtec.cat\/ceip-santjordi-ametllademar\/wp-content\/uploads\/usu888\/2024\/04\/I-JORNADA-INTERCULTURAL-MIRADES-DEL-MON-19-DE-MAIG-1448x2048.jpg 1448w, https:\/\/agora.xtec.cat\/ceip-santjordi-ametllademar\/wp-content\/uploads\/usu888\/2024\/04\/I-JORNADA-INTERCULTURAL-MIRADES-DEL-MON-19-DE-MAIG.jpg 1587w\" sizes=\"auto, (max-width: 245px) 100vw, 245px\" \/><\/a><\/p>\n<p>&nbsp;<\/p>\n","protected":false},"excerpt":{"rendered":"<p>&nbsp; Documentaci\u00f3 del projecte: Pla d&#8217;acci\u00f3 projecte Erasmus+ KA120 2021-2024 Presentaci\u00f3 Sist Educ Catalunya centres Erasmus v220908 Diaris de les mobilitats Erasmus+: DIARI DE MOBILITAT. ESCOLA DE SECUND\u00c0RIA. AGRUPACI\u00d3 D&#8217;ESCOLES VIRGINIA MOURA. PORTUGAL. MOREIRA DE CONEGOS (setembre 2022) DIARI DE MOBILITAT. ESCOLA DE PRIM\u00c0RIA. AGRUPACI\u00d3 D&#8217;ESCOLES VIRGINIA MOURA. MOREIRA DE CONEGOS. PORTUGAL (setembre 2022) DIARI [&hellip;]<\/p>\n","protected":false},"author":1,"featured_media":0,"parent":0,"menu_order":0,"comment_status":"closed","ping_status":"closed","template":"","meta":{"_bbp_topic_count":0,"_bbp_reply_count":0,"_bbp_total_topic_count":0,"_bbp_total_reply_count":0,"_bbp_voice_count":0,"_bbp_anonymous_reply_count":0,"_bbp_topic_count_hidden":0,"_bbp_reply_count_hidden":0,"_bbp_forum_subforum_count":0,"site-sidebar-layout":"default","site-content-layout":"","ast-site-content-layout":"","site-content-style":"default","site-sidebar-style":"default","ast-global-header-display":"","ast-banner-title-visibility":"","ast-main-header-display":"","ast-hfb-above-header-display":"","ast-hfb-below-header-display":"","ast-hfb-mobile-header-display":"","site-post-title":"","ast-breadcrumbs-content":"","ast-featured-img":"","footer-sml-layout":"","theme-transparent-header-meta":"","adv-header-id-meta":"","stick-header-meta":"","header-above-stick-meta":"","header-main-stick-meta":"","header-below-stick-meta":"","astra-migrate-meta-layouts":"default","ast-page-background-enabled":"default","ast-page-background-meta":{"desktop":{"background-color":"var(--ast-global-color-4)","background-image":"","background-repeat":"repeat","background-position":"center center","background-size":"auto","background-attachment":"scroll","background-type":"","background-media":"","overlay-type":"","overlay-color":"","overlay-opacity":"","overlay-gradient":""},"tablet":{"background-color":"","background-image":"","background-repeat":"repeat","background-position":"center center","background-size":"auto","background-attachment":"scroll","background-type":"","background-media":"","overlay-type":"","overlay-color":"","overlay-opacity":"","overlay-gradient":""},"mobile":{"background-color":"","background-image":"","background-repeat":"repeat","background-position":"center center","background-size":"auto","background-attachment":"scroll","background-type":"","background-media":"","overlay-type":"","overlay-color":"","overlay-opacity":"","overlay-gradient":""}},"ast-content-background-meta":{"desktop":{"background-color":"var(--ast-global-color-5)","background-image":"","background-repeat":"repeat","background-position":"center center","background-size":"auto","background-attachment":"scroll","background-type":"","background-media":"","overlay-type":"","overlay-color":"","overlay-opacity":"","overlay-gradient":""},"tablet":{"background-color":"var(--ast-global-color-5)","background-image":"","background-repeat":"repeat","background-position":"center center","background-size":"auto","background-attachment":"scroll","background-type":"","background-media":"","overlay-type":"","overlay-color":"","overlay-opacity":"","overlay-gradient":""},"mobile":{"background-color":"var(--ast-global-color-5)","background-image":"","background-repeat":"repeat","background-position":"center center","background-size":"auto","background-attachment":"scroll","background-type":"","background-media":"","overlay-type":"","overlay-color":"","overlay-opacity":"","overlay-gradient":""}},"footnotes":""},"class_list":["post-16997","page","type-page","status-publish","hentry"],"post_mailing_queue_ids":[],"_links":{"self":[{"href":"https:\/\/agora.xtec.cat\/ceip-santjordi-ametllademar\/wp-json\/wp\/v2\/pages\/16997","targetHints":{"allow":["GET"]}}],"collection":[{"href":"https:\/\/agora.xtec.cat\/ceip-santjordi-ametllademar\/wp-json\/wp\/v2\/pages"}],"about":[{"href":"https:\/\/agora.xtec.cat\/ceip-santjordi-ametllademar\/wp-json\/wp\/v2\/types\/page"}],"author":[{"embeddable":true,"href":"https:\/\/agora.xtec.cat\/ceip-santjordi-ametllademar\/wp-json\/wp\/v2\/users\/1"}],"replies":[{"embeddable":true,"href":"https:\/\/agora.xtec.cat\/ceip-santjordi-ametllademar\/wp-json\/wp\/v2\/comments?post=16997"}],"version-history":[{"count":7,"href":"https:\/\/agora.xtec.cat\/ceip-santjordi-ametllademar\/wp-json\/wp\/v2\/pages\/16997\/revisions"}],"predecessor-version":[{"id":17449,"href":"https:\/\/agora.xtec.cat\/ceip-santjordi-ametllademar\/wp-json\/wp\/v2\/pages\/16997\/revisions\/17449"}],"wp:attachment":[{"href":"https:\/\/agora.xtec.cat\/ceip-santjordi-ametllademar\/wp-json\/wp\/v2\/media?parent=16997"}],"curies":[{"name":"wp","href":"https:\/\/api.w.org\/{rel}","templated":true}]}}