{"id":64,"date":"2014-09-18T12:39:08","date_gmt":"2014-09-18T11:39:08","guid":{"rendered":"http:\/\/agora.xtec.cat\/ceip-santjeroni\/?page_id=64"},"modified":"2019-11-26T18:46:05","modified_gmt":"2019-11-26T17:46:05","slug":"projecte-educatiu","status":"publish","type":"page","link":"https:\/\/agora.xtec.cat\/ceip-santjeroni\/projecte-educatiu\/","title":{"rendered":"Projecte educatiu"},"content":{"rendered":"<div class=\"content\">\n<div class=\"field field-name-body field-type-text-with-summary field-label-hidden\">\n<div class=\"field-items\">\n<div class=\"field-item even\">\n<p>El <u><em><strong>CEIP Sant Jeroni<\/strong><\/em><\/u> , \u00e9s una <strong>escola p\u00fablica<\/strong> que imparteix les etapes <strong>d\u2019Educaci\u00f3 Infantil i de Prim\u00e0ria<\/strong>, ubicada a <strong>Sant Pere de Riudebitlles \u2013Alt Pened\u00e8s-<\/strong><\/p>\n<ul>\n<li>L\u2019objectiu de l\u2019escola \u00e9s promoure el <strong>desenvolupament integral de l\u2019alumnat<\/strong>.<\/li>\n<li><strong>Coordinaci\u00f3 familia-escola<\/strong>. Es porta a terme un seguiment sistematitzat de les \u00e0rees intrumentals i es cerca la col\u00b7laboraci\u00f3 i implicaci\u00f3 de les fam\u00edlies a trav\u00e9s de diverses reunions individuals i col\u00b7lectives.<\/li>\n<li>L\u2019escola potencia l\u2019ensenyament aprenentatge de la <strong>llengua anglesa des d\u2019educaci\u00f3 infantil.<\/strong><\/li>\n<li><strong>Atenci\u00f3 a la diversitat<\/strong>. Es dedica especial atenci\u00f3 i esfor\u00e7 a l\u2019alumnat amb m\u00e9s dificultat a trav\u00e9s del treball conjunt de tots els serveis educatius i socials.<\/li>\n<li>Ja que el centre actualment compta amb <strong>bones instal\u00b7lacions<\/strong>, espais, cuina pr\u00f2pia i amb una AMPA col\u00b7laboradora \u00e9s posible oferir molts serveis i activitats extraescolars.<\/li>\n<\/ul>\n<p>&nbsp;<\/p>\n<\/div>\n<\/div>\n<\/div>\n<\/div>\n","protected":false},"excerpt":{"rendered":"<p>El CEIP Sant Jeroni , \u00e9s una escola p\u00fablica que imparteix les etapes d\u2019Educaci\u00f3 Infantil i de Prim\u00e0ria, ubicada a Sant Pere de Riudebitlles \u2013Alt Pened\u00e8s-<\/p>\n<ul>\n<li>L\u2019objectiu de l\u2019escola \u00e9s promoure el desenvolupament integral de l\u2019alumnat.<\/li>\n<li>Coordinaci\u00f3 familia-escola. Es porta a terme un seguiment sistematitzat de les&hellip;  <a href=\"https:\/\/agora.xtec.cat\/ceip-santjeroni\/projecte-educatiu\/\" title=\"Read Projecte educatiu\">Llegeix m\u00e9s\u00bb<\/a><br \/>\n","protected":false},"author":1,"featured_media":0,"parent":0,"menu_order":0,"comment_status":"closed","ping_status":"closed","template":"page-templates\/side-menu.php","meta":{"_bbp_topic_count":0,"_bbp_reply_count":0,"_bbp_total_topic_count":0,"_bbp_total_reply_count":0,"_bbp_voice_count":0,"_bbp_anonymous_reply_count":0,"_bbp_topic_count_hidden":0,"_bbp_reply_count_hidden":0,"_bbp_forum_subforum_count":0,"footnotes":""},"class_list":["post-64","page","type-page","status-publish","hentry"],"post_mailing_queue_ids":[],"_links":{"self":[{"href":"https:\/\/agora.xtec.cat\/ceip-santjeroni\/wp-json\/wp\/v2\/pages\/64","targetHints":{"allow":["GET"]}}],"collection":[{"href":"https:\/\/agora.xtec.cat\/ceip-santjeroni\/wp-json\/wp\/v2\/pages"}],"about":[{"href":"https:\/\/agora.xtec.cat\/ceip-santjeroni\/wp-json\/wp\/v2\/types\/page"}],"author":[{"embeddable":true,"href":"https:\/\/agora.xtec.cat\/ceip-santjeroni\/wp-json\/wp\/v2\/users\/1"}],"replies":[{"embeddable":true,"href":"https:\/\/agora.xtec.cat\/ceip-santjeroni\/wp-json\/wp\/v2\/comments?post=64"}],"version-history":[{"count":3,"href":"https:\/\/agora.xtec.cat\/ceip-santjeroni\/wp-json\/wp\/v2\/pages\/64\/revisions"}],"predecessor-version":[{"id":1647,"href":"https:\/\/agora.xtec.cat\/ceip-santjeroni\/wp-json\/wp\/v2\/pages\/64\/revisions\/1647"}],"wp:attachment":[{"href":"https:\/\/agora.xtec.cat\/ceip-santjeroni\/wp-json\/wp\/v2\/media?parent=64"}],"curies":[{"name":"wp","href":"https:\/\/api.w.org\/{rel}","templated":true}]}}