{"id":514,"date":"2016-11-14T15:37:09","date_gmt":"2016-11-14T14:37:09","guid":{"rendered":"http:\/\/agora.xtec.cat\/ceip-santjeroni\/?page_id=514"},"modified":"2024-09-10T14:25:24","modified_gmt":"2024-09-10T12:25:24","slug":"mestres","status":"publish","type":"page","link":"https:\/\/agora.xtec.cat\/ceip-santjeroni\/lescola\/equip-de-professesionals\/mestres\/","title":{"rendered":"Mestres"},"content":{"rendered":"<p>EDUCACI\u00d3 INFANTIL<\/p>\n<table style=\"height: 108px; width: 41.2616%;\" width=\"587\">\n<tbody>\n<tr style=\"height: 31px;\">\n<td style=\"height: 31px; width: 23.0624%;\"><strong>I3<\/strong><\/td>\n<td style=\"height: 31px; width: 70.5936%;\">Mercedes Guinea<\/td>\n<\/tr>\n<tr style=\"height: 76px;\">\n<td style=\"height: 15px; width: 23.0624%;\"><strong>I4<\/strong><\/td>\n<td style=\"height: 15px; width: 70.5936%;\">Noem\u00ed Morales<\/td>\n<\/tr>\n<tr style=\"height: 31px;\">\n<td style=\"height: 31px; width: 23.0624%;\"><strong>I5<\/strong><\/td>\n<td style=\"height: 31px; width: 70.5936%;\">Gemma Juli\u00e0 \/ J\u00falia Ginita Castells<\/td>\n<\/tr>\n<tr style=\"height: 31px;\">\n<td style=\"height: 31px; width: 23.0624%;\">Refor\u00e7 E.I.<\/td>\n<td style=\"height: 31px; width: 70.5936%;\">Teresa Valero<\/td>\n<\/tr>\n<\/tbody>\n<\/table>\n<p>EDUCACI\u00d3 PRIM\u00c0RIA<\/p>\n<table style=\"height: 389px; width: 41.6524%;\">\n<tbody>\n<tr style=\"height: 31px;\">\n<td style=\"width: 22.6481%; height: 31px;\"><strong>CICLE INICIAL<\/strong><\/td>\n<td style=\"width: 75.9581%; height: 31px;\"><\/td>\n<\/tr>\n<tr style=\"height: 31px;\">\n<td style=\"width: 22.6481%; height: 39px;\"><b>1r.<\/b><\/td>\n<td style=\"width: 75.9581%; height: 39px;\">Nadia Santillan<\/td>\n<\/tr>\n<tr style=\"height: 31px;\">\n<td style=\"width: 22.6481%; height: 10px;\"><b>2n.<\/b><\/td>\n<td style=\"width: 75.9581%; height: 10px;\">Nat\u00e0lia Cusc\u00f3<\/td>\n<\/tr>\n<tr style=\"height: 31px;\">\n<td style=\"width: 22.6481%; height: 40px;\">Suport C.I.<\/td>\n<td style=\"width: 75.9581%; height: 40px;\">Gl\u00f2ria Esteve, M\u00f3nica Gallego i Marta Lopera<\/td>\n<\/tr>\n<tr style=\"height: 31px;\">\n<td style=\"width: 22.6481%; height: 10px;\"><\/td>\n<td style=\"width: 75.9581%; height: 10px;\"><\/td>\n<\/tr>\n<tr style=\"height: 31px;\">\n<td style=\"width: 22.6481%; height: 31px;\"><strong>CICLE MITJ\u00c0<\/strong><\/td>\n<td style=\"width: 75.9581%; height: 31px;\"><\/td>\n<\/tr>\n<tr style=\"height: 52px;\">\n<td style=\"width: 22.6481%; height: 46px;\"><strong>3r.<\/strong><\/td>\n<td style=\"width: 75.9581%; height: 46px;\">Lurdes<\/td>\n<\/tr>\n<tr style=\"height: 41px;\">\n<td style=\"width: 22.6481%; height: 10px;\"><strong>4t.<\/strong><\/td>\n<td style=\"width: 75.9581%; height: 10px;\">Marina Font<\/td>\n<\/tr>\n<tr style=\"height: 10px;\">\n<td style=\"width: 22.6481%; height: 21px;\">Suport CM<\/td>\n<td style=\"width: 75.9581%; height: 21px;\">M\u00f3nica Gallego i Marta Lopera<\/td>\n<\/tr>\n<tr style=\"height: 31px;\">\n<td style=\"width: 22.6481%; height: 31px;\"><strong>CICLE SUPERIOR<\/strong><\/td>\n<td style=\"width: 75.9581%; height: 31px;\"><\/td>\n<\/tr>\n<tr style=\"height: 95px;\">\n<td style=\"width: 22.6481%; height: 10px;\"><strong>5\u00e8\u00a0 \u00a0 \u00a0 \u00a0 \u00a0 \u00a0 \u00a0 \u00a0<\/strong><\/td>\n<td style=\"width: 75.9581%; height: 10px;\">Marta Ibarra<\/td>\n<\/tr>\n<tr style=\"height: 95px;\">\n<td style=\"width: 22.6481%; height: 10px;\"><strong>6\u00e8 A<\/strong><\/td>\n<td style=\"width: 75.9581%; height: 10px;\">Jordi Mir\u00f3<\/td>\n<\/tr>\n<tr style=\"height: 56px;\">\n<td style=\"width: 22.6481%; height: 44px;\"><strong>\u00a06\u00e8 B<\/strong><\/td>\n<td style=\"width: 75.9581%; height: 44px;\">Mar Piera<\/td>\n<\/tr>\n<tr style=\"height: 56px;\">\n<td style=\"width: 22.6481%; height: 56px;\">Suport C.S.<\/td>\n<td style=\"width: 75.9581%; height: 56px;\">M\u00f3nica Gallego i Montse Casasayas<\/td>\n<\/tr>\n<\/tbody>\n<\/table>\n<p>&nbsp;<\/p>\n<table style=\"width: 41.969%;\" width=\"641\">\n<tbody>\n<tr>\n<td style=\"width: 26.6562%;\" width=\"271\"><strong>ESPECIALISTES<\/strong><\/td>\n<td style=\"width: 64.2795%;\" width=\"370\"><\/td>\n<\/tr>\n<tr>\n<td style=\"width: 26.6562%;\" width=\"271\"><strong>\u00a0<\/strong><\/td>\n<td style=\"width: 64.2795%;\" width=\"370\"><\/td>\n<\/tr>\n<tr>\n<td style=\"width: 26.6562%;\" width=\"271\"><strong>M\u00daSICA<\/strong><\/td>\n<td style=\"width: 64.2795%;\" width=\"370\">Meritxell Cuy\u00e0s Ribas<\/td>\n<\/tr>\n<tr>\n<td style=\"width: 26.6562%;\" width=\"271\"><strong>\u00a0<\/strong><\/td>\n<td style=\"width: 64.2795%;\" width=\"370\"><\/td>\n<\/tr>\n<tr>\n<td style=\"width: 26.6562%;\" width=\"271\"><strong>ANGL\u00c8S<\/strong><\/td>\n<td style=\"width: 64.2795%;\" width=\"370\">Nadia Santillan, Marina Font i Mar Piera<\/td>\n<\/tr>\n<tr>\n<td style=\"width: 26.6562%;\" width=\"271\"><strong>\u00a0<\/strong><\/td>\n<td style=\"width: 64.2795%;\" width=\"370\"><\/td>\n<\/tr>\n<tr>\n<td style=\"width: 26.6562%;\" width=\"271\"><strong>EDUCACI\u00d3 F\u00cdSICA<\/strong><\/td>\n<td style=\"width: 64.2795%;\" width=\"370\">Jordi Mir\u00f3 i Nat\u00e0lia Cusc\u00f3<\/td>\n<\/tr>\n<tr>\n<td style=\"width: 26.6562%;\" width=\"271\"><strong>\u00a0<\/strong><\/td>\n<td style=\"width: 64.2795%;\" width=\"370\"><\/td>\n<\/tr>\n<tr>\n<td style=\"width: 26.6562%;\" width=\"271\"><strong>EDUCACI\u00d3 ESPECIAL<\/strong><\/td>\n<td style=\"width: 64.2795%;\" width=\"370\">M\u00f3nica Gallego i Marta Lopera<\/td>\n<\/tr>\n<\/tbody>\n<\/table>\n<p>&nbsp;<\/p>\n","protected":false},"excerpt":{"rendered":"<p>EDUCACI\u00d3 INFANTIL<\/p>\n<p>I3<br \/>\nMercedes Guinea<\/p>\n<p>I4<br \/>\nNoem\u00ed Morales<\/p>\n<p>I5<br \/>\nGemma Juli\u00e0 \/ J\u00falia Ginita Castells<\/p>\n<p>Refor\u00e7 E.I.<br \/>\nTeresa Valero<\/p>\n<p>EDUCACI\u00d3 PRIM\u00c0RIA<\/p>\n<p>CICLE INICIAL<\/p>\n<p>1r.<br \/>\nNadia Santillan<\/p>\n<p>2n.<br \/>\nNat\u00e0lia Cusc\u00f3<\/p>\n<p>Suport C.I.<br \/>\nGl\u00f2ria Esteve, M\u00f3nica Gallego i Marta Lopera<\/p>\n<p>CICLE MITJ\u00c0<\/p>\n<p>3r.<br \/>\nLurdes<\/p>\n<p>4t.<br \/>\nMarina Font<\/p>\n<p>Suport CM<br \/>\nM\u00f3nica Gallego i Marta Lopera<\/p>\n<p>CICLE SUPERIOR<\/p>\n<p>5\u00e8\u00a0 \u00a0 \u00a0 \u00a0 \u00a0 \u00a0 \u00a0 \u00a0<br \/>\nMarta Ibarra<\/p>\n<p>6\u00e8 A<br \/>\nJordi Mir\u00f3<\/p>\n<p>\u00a06\u00e8 B<br \/>\nMar Piera<\/p>\n<p>Suport C.S.<br \/>\nM\u00f3nica Gallego i&hellip;  <a href=\"https:\/\/agora.xtec.cat\/ceip-santjeroni\/lescola\/equip-de-professesionals\/mestres\/\" title=\"Read Mestres\">Llegeix m\u00e9s\u00bb<\/a><\/p>\n","protected":false},"author":1,"featured_media":0,"parent":506,"menu_order":0,"comment_status":"closed","ping_status":"closed","template":"","meta":{"_bbp_topic_count":0,"_bbp_reply_count":0,"_bbp_total_topic_count":0,"_bbp_total_reply_count":0,"_bbp_voice_count":0,"_bbp_anonymous_reply_count":0,"_bbp_topic_count_hidden":0,"_bbp_reply_count_hidden":0,"_bbp_forum_subforum_count":0,"footnotes":""},"class_list":["post-514","page","type-page","status-publish","hentry"],"post_mailing_queue_ids":[],"_links":{"self":[{"href":"https:\/\/agora.xtec.cat\/ceip-santjeroni\/wp-json\/wp\/v2\/pages\/514","targetHints":{"allow":["GET"]}}],"collection":[{"href":"https:\/\/agora.xtec.cat\/ceip-santjeroni\/wp-json\/wp\/v2\/pages"}],"about":[{"href":"https:\/\/agora.xtec.cat\/ceip-santjeroni\/wp-json\/wp\/v2\/types\/page"}],"author":[{"embeddable":true,"href":"https:\/\/agora.xtec.cat\/ceip-santjeroni\/wp-json\/wp\/v2\/users\/1"}],"replies":[{"embeddable":true,"href":"https:\/\/agora.xtec.cat\/ceip-santjeroni\/wp-json\/wp\/v2\/comments?post=514"}],"version-history":[{"count":7,"href":"https:\/\/agora.xtec.cat\/ceip-santjeroni\/wp-json\/wp\/v2\/pages\/514\/revisions"}],"predecessor-version":[{"id":5173,"href":"https:\/\/agora.xtec.cat\/ceip-santjeroni\/wp-json\/wp\/v2\/pages\/514\/revisions\/5173"}],"up":[{"embeddable":true,"href":"https:\/\/agora.xtec.cat\/ceip-santjeroni\/wp-json\/wp\/v2\/pages\/506"}],"wp:attachment":[{"href":"https:\/\/agora.xtec.cat\/ceip-santjeroni\/wp-json\/wp\/v2\/media?parent=514"}],"curies":[{"name":"wp","href":"https:\/\/api.w.org\/{rel}","templated":true}]}}