{"id":473,"date":"2016-11-02T12:25:41","date_gmt":"2016-11-02T11:25:41","guid":{"rendered":"http:\/\/agora.xtec.cat\/ceip-santjeroni\/?page_id=473"},"modified":"2016-11-02T12:25:41","modified_gmt":"2016-11-02T11:25:41","slug":"equipaments","status":"publish","type":"page","link":"https:\/\/agora.xtec.cat\/ceip-santjeroni\/projecte-educatiu\/equipaments\/","title":{"rendered":"Equipaments"},"content":{"rendered":"<ul>\n<li>Edifici de nova construcci\u00f3 amb tots els equipaments necessaris i sense barreres arquitect\u00f2niques.<\/li>\n<li>Ascensor<\/li>\n<li>Aules de m\u00fasica, angl\u00e8s i pl\u00e0stica, inform\u00e0tica.<\/li>\n<li>Aules de petits grups.<\/li>\n<li>Biblioteca<\/li>\n<li>Pistes poliesportives<\/li>\n<li>Gimn\u00e0s i\u00a0 \u00e0mplia zona de dutxes-vestidors<\/li>\n<li>Menjador amb cuina pr\u00f2pia.<\/li>\n<\/ul>\n<h5>Noves tecnologies \u2013TAC-<\/h5>\n<ul>\n<li>Aula d\u2019inform\u00e0tica i multimedia<\/li>\n<li>Aules multimedia\u00a0 equipades amb canons de projecci\u00f3<\/li>\n<li>Ordinadors a les aules<\/li>\n<li>Pissarres digitals.<\/li>\n<li>Punts de connexi\u00f3 a internet a tots els espais de l\u2019escola.<\/li>\n<li>WIFI a les aules de prim\u00e0ria.<\/li>\n<\/ul>\n<h5>Zona d\u2019educaci\u00f3 infantil<\/h5>\n<ul>\n<li>Aules d\u2019educaci\u00f3 infantil amb pati de sorra<\/li>\n<li>Sala de psicomotricitat i aula de petits grups<\/li>\n<li>Acc\u00e8s diferenciat<\/li>\n<\/ul>\n","protected":false},"excerpt":{"rendered":"<ul>\n<li>Edifici de nova construcci\u00f3 amb tots els equipaments necessaris i sense barreres arquitect\u00f2niques.<\/li>\n<li>Ascensor<\/li>\n<li>Aules de m\u00fasica, angl\u00e8s i pl\u00e0stica, inform\u00e0tica.<\/li>\n<li>Aules de petits grups.<\/li>\n<li>Biblioteca<\/li>\n<li>Pistes poliesportives<\/li>\n<li>Gimn\u00e0s i\u00a0 \u00e0mplia zona de dutxes-vestidors<\/li>\n<li>Menjador amb cuina pr\u00f2pia.<\/li>\n<\/ul>\n<p>Noves tecnologies \u2013TAC-<\/p>\n<ul>\n<li>Aula d\u2019inform\u00e0tica i multimedia<\/li>\n<li>Aules multimedia\u00a0 equipades amb canons de projecci\u00f3<\/li>\n<li>Ordinadors a les aules<\/li>\n<li>Pissarres&hellip;  <a href=\"https:\/\/agora.xtec.cat\/ceip-santjeroni\/projecte-educatiu\/equipaments\/\" title=\"Read Equipaments\">Llegeix m\u00e9s\u00bb<\/a><br \/>\n","protected":false},"author":1,"featured_media":0,"parent":64,"menu_order":0,"comment_status":"closed","ping_status":"closed","template":"","meta":{"_bbp_topic_count":0,"_bbp_reply_count":0,"_bbp_total_topic_count":0,"_bbp_total_reply_count":0,"_bbp_voice_count":0,"_bbp_anonymous_reply_count":0,"_bbp_topic_count_hidden":0,"_bbp_reply_count_hidden":0,"_bbp_forum_subforum_count":0,"footnotes":""},"class_list":["post-473","page","type-page","status-publish","hentry"],"post_mailing_queue_ids":[],"_links":{"self":[{"href":"https:\/\/agora.xtec.cat\/ceip-santjeroni\/wp-json\/wp\/v2\/pages\/473","targetHints":{"allow":["GET"]}}],"collection":[{"href":"https:\/\/agora.xtec.cat\/ceip-santjeroni\/wp-json\/wp\/v2\/pages"}],"about":[{"href":"https:\/\/agora.xtec.cat\/ceip-santjeroni\/wp-json\/wp\/v2\/types\/page"}],"author":[{"embeddable":true,"href":"https:\/\/agora.xtec.cat\/ceip-santjeroni\/wp-json\/wp\/v2\/users\/1"}],"replies":[{"embeddable":true,"href":"https:\/\/agora.xtec.cat\/ceip-santjeroni\/wp-json\/wp\/v2\/comments?post=473"}],"version-history":[{"count":1,"href":"https:\/\/agora.xtec.cat\/ceip-santjeroni\/wp-json\/wp\/v2\/pages\/473\/revisions"}],"predecessor-version":[{"id":474,"href":"https:\/\/agora.xtec.cat\/ceip-santjeroni\/wp-json\/wp\/v2\/pages\/473\/revisions\/474"}],"up":[{"embeddable":true,"href":"https:\/\/agora.xtec.cat\/ceip-santjeroni\/wp-json\/wp\/v2\/pages\/64"}],"wp:attachment":[{"href":"https:\/\/agora.xtec.cat\/ceip-santjeroni\/wp-json\/wp\/v2\/media?parent=473"}],"curies":[{"name":"wp","href":"https:\/\/api.w.org\/{rel}","templated":true}]}}