{"id":24,"date":"2014-09-18T12:23:15","date_gmt":"2014-09-18T11:23:15","guid":{"rendered":"http:\/\/agora.xtec.cat\/ceip-santjeroni\/?page_id=24"},"modified":"2025-09-05T11:45:01","modified_gmt":"2025-09-05T09:45:01","slug":"on-som","status":"publish","type":"page","link":"https:\/\/agora.xtec.cat\/ceip-santjeroni\/lescola\/on-som\/","title":{"rendered":"On som"},"content":{"rendered":"<p style=\"color: #666666;\"><strong>Escola Sant Jeroni<\/strong><br \/>\nPasseig Sant Jeroni n\u00ba20<br \/>\n08776 Sant Pere de Riudebitlles<\/p>\n<p>Tel. 93 899 78 49<br \/>\na8027146@xtec.cat<br \/>\n<iframe loading=\"lazy\" style=\"border: 0;\" src=\"https:\/\/www.google.com\/maps\/embed?pb=!1m18!1m12!1m3!1d2990.5228798304456!2d1.6965106149293456!3d41.44957330010158!2m3!1f0!2f0!3f0!3m2!1i1024!2i768!4f13.1!3m3!1m2!1s0x12a46516d334281f%3A0x9bbd80e171d8d5c5!2sEscola+P%C3%BAblica+Sant+Jeroni!5e0!3m2!1sca!2ses!4v1478084150290\" width=\"600\" height=\"450\" frameborder=\"0\" allowfullscreen=\"allowfullscreen\"><\/iframe><br \/>\n<strong>Com arribar-hi:<\/strong><\/p>\n<p class=\"paragraph_style_1\">Autob\u00fas des de Barcelona, Sant Sadurn\u00ed d&#8217;Anoia (Mon Bus &#8211; Hillsa 938 912 561) i Vilafranca del Pened\u00e8s (Hispano Igualadina, Tel. 93 890 11 51).<span class=\"style_3\"><br \/>\n<\/span><\/p>\n<p class=\"paragraph_style_1\">L\u2019Estaci\u00f3 de tren m\u00e9s pr\u00f2xima \u00e9s la de Sant Sadurn\u00ed, Rodalies RENFE &#8211; L\u00ednia de St. Vicen\u00e7 de Calders<br \/>\n(Tel. informaci\u00f3 RENFE 93 490 02 02).<span class=\"style_3\"><br \/>\n<\/span><\/p>\n<p><strong>\u00a0<\/strong><\/p>\n<p>&nbsp;<\/p>\n","protected":false},"excerpt":{"rendered":"<p>Escola Sant Jeroni<br \/>\nPasseig Sant Jeroni n\u00ba20<br \/>\n08776 Sant Pere de Riudebitlles<br \/>\nTel. 93 899 78 49<br \/>\na8027146@xtec.cat<\/p>\n<p>Com arribar-hi:<br \/>\nAutob\u00fas des de Barcelona, Sant Sadurn\u00ed d&#8217;Anoia (Mon Bus &#8211; Hillsa 938 912 561) i Vilafranca del Pened\u00e8s (Hispano Igualadina, Tel. 93 890 11 51).<\/p>\n<p>L\u2019Estaci\u00f3 de tren m\u00e9s pr\u00f2xima \u00e9s la&hellip;  <a href=\"https:\/\/agora.xtec.cat\/ceip-santjeroni\/lescola\/on-som\/\" title=\"Read On som\">Llegeix m\u00e9s\u00bb<\/a><\/p>\n","protected":false},"author":1,"featured_media":0,"parent":22,"menu_order":10,"comment_status":"closed","ping_status":"closed","template":"page-templates\/side-menu.php","meta":{"_bbp_topic_count":0,"_bbp_reply_count":0,"_bbp_total_topic_count":0,"_bbp_total_reply_count":0,"_bbp_voice_count":0,"_bbp_anonymous_reply_count":0,"_bbp_topic_count_hidden":0,"_bbp_reply_count_hidden":0,"_bbp_forum_subforum_count":0,"footnotes":""},"class_list":["post-24","page","type-page","status-publish","hentry"],"post_mailing_queue_ids":[],"_links":{"self":[{"href":"https:\/\/agora.xtec.cat\/ceip-santjeroni\/wp-json\/wp\/v2\/pages\/24","targetHints":{"allow":["GET"]}}],"collection":[{"href":"https:\/\/agora.xtec.cat\/ceip-santjeroni\/wp-json\/wp\/v2\/pages"}],"about":[{"href":"https:\/\/agora.xtec.cat\/ceip-santjeroni\/wp-json\/wp\/v2\/types\/page"}],"author":[{"embeddable":true,"href":"https:\/\/agora.xtec.cat\/ceip-santjeroni\/wp-json\/wp\/v2\/users\/1"}],"replies":[{"embeddable":true,"href":"https:\/\/agora.xtec.cat\/ceip-santjeroni\/wp-json\/wp\/v2\/comments?post=24"}],"version-history":[{"count":4,"href":"https:\/\/agora.xtec.cat\/ceip-santjeroni\/wp-json\/wp\/v2\/pages\/24\/revisions"}],"predecessor-version":[{"id":465,"href":"https:\/\/agora.xtec.cat\/ceip-santjeroni\/wp-json\/wp\/v2\/pages\/24\/revisions\/465"}],"up":[{"embeddable":true,"href":"https:\/\/agora.xtec.cat\/ceip-santjeroni\/wp-json\/wp\/v2\/pages\/22"}],"wp:attachment":[{"href":"https:\/\/agora.xtec.cat\/ceip-santjeroni\/wp-json\/wp\/v2\/media?parent=24"}],"curies":[{"name":"wp","href":"https:\/\/api.w.org\/{rel}","templated":true}]}}