{"id":885,"date":"2020-11-10T11:52:38","date_gmt":"2020-11-10T10:52:38","guid":{"rendered":"https:\/\/agora.xtec.cat\/ceip-santiscle-vidreres\/?page_id=885"},"modified":"2025-11-03T09:45:23","modified_gmt":"2025-11-03T08:45:23","slug":"lequip-docent","status":"publish","type":"page","link":"https:\/\/agora.xtec.cat\/ceip-santiscle-vidreres\/lescola\/lequip-docent\/","title":{"rendered":"L&#8217;equip docent"},"content":{"rendered":"<p><span style=\"color: #333399;\"><strong>Educaci\u00f3 Infantil:<\/strong><\/span><\/p>\n<p><strong>I-3: <\/strong>Elena Carr\u00e9<\/p>\n<p><strong>I-4 A: <\/strong>S\u00edlvia Dom\u00e8nech<\/p>\n<p><strong>I-4 B<\/strong> No\u00e8lia Bauz\u00e1n i Encarni Rinc\u00f3n<\/p>\n<p><strong>I-5<\/strong>: Violant Oller<\/p>\n<p><strong>Suport:\u00a0<\/strong>Ana Laura Paper\u00e1n\u00a0 Judit Torrent<\/p>\n<p><strong>TEI<\/strong>: Mar Alcaide i Isa Moscoso<\/p>\n<p><strong>Vetlladora: <\/strong>Olga Colls<\/p>\n<p><span style=\"color: #333399;\"><strong>Cicle Inicial:<\/strong><\/span><\/p>\n<p><strong>1r:\u00a0\u00a0<\/strong>Montse Buixeda<\/p>\n<p><strong>2n:<\/strong> Xavier Guti\u00e9rrez<\/p>\n<p><strong>Vetlladora:<\/strong> N\u00faria Mic\u00f3<\/p>\n<p><span style=\"color: #333399;\"><strong>Cicle Mitj\u00e0:<\/strong><\/span><\/p>\n<p><strong>3r:<\/strong> Maria Fern\u00e0ndez<\/p>\n<p><strong>4t :<\/strong>\u00a0Josep Maria Paset<\/p>\n<p><strong>Vetlladores<\/strong>: Olga Colls i N\u00faria Mic\u00f3<\/p>\n<p><span style=\"color: #333399;\"><strong>Cicle Superior:<\/strong><\/span><\/p>\n<p><strong>5\u00e8 :<\/strong> Isabel Calle<\/p>\n<p><strong>6\u00e8 : <\/strong>\u00a0\u00c0ngels Mart\u00ed<\/p>\n<p><span style=\"color: #333399;\"><strong>Especialistes:<\/strong><\/span><\/p>\n<p><strong>Angl\u00e8s:<\/strong> Marta Vila i\u00a0 Anna Lecha<\/p>\n<p><strong>Educaci\u00f3 Especial:<\/strong> Anna Turon i Gisel Riera<\/p>\n<p><strong>Educaci\u00f3 f\u00edsica:<\/strong> Andreu Comas i \u00c0lex Aquino<\/p>\n<p><strong>Educaci\u00f3 Musical:<\/strong> Maria Ciur\u00f3<\/p>\n<p><strong>Mestra SIEI:<\/strong> Olga Garcia<\/p>\n<p><strong>Educadora SIEI:<\/strong> Raquel Mart\u00edn<\/p>\n<p><strong>Suport:<\/strong> J\u00falia L\u00f3pez<\/p>\n<p><strong>Religi\u00f3:<\/strong> Nat\u00e0lia Pou<\/p>\n<p><span style=\"color: #333399;\"><strong>Equip Directiu:\u00a0<\/strong><\/span><\/p>\n<p><strong><em>Directora:<\/em><\/strong>\u00a0Anna Lecha i Areny<\/p>\n<p><strong><em>Secret\u00e0ria:<\/em><\/strong> Maria Ciur\u00f3 i Soler<\/p>\n<p><strong><em>Cap d&#8217;estudis:<\/em><\/strong> Anna Turon i Casamitjana<\/p>\n<p><span style=\"color: #333399;\"><strong>Administrativa<\/strong><\/span>: Anna Maria Joh\u00e9<\/p>\n<p><span style=\"color: #333399;\"><strong>Conserge:<\/strong><\/span> Daniel Cachinero<\/p>\n","protected":false},"excerpt":{"rendered":"<p>Educaci\u00f3 Infantil:<br \/>\nI-3: Elena Carr\u00e9<br \/>\nI-4 A: S\u00edlvia Dom\u00e8nech<br \/>\nI-4 B No\u00e8lia Bauz\u00e1n i Encarni Rinc\u00f3n<br \/>\nI-5: Violant Oller<br \/>\nSuport:\u00a0Ana Laura Paper\u00e1n\u00a0 Judit Torrent<br \/>\nTEI: Mar Alcaide i Isa Moscoso<br \/>\nVetlladora: Olga Colls<br \/>\nCicle Inicial:<br \/>\n1r:\u00a0\u00a0Montse Buixeda<br \/>\n2n: Xavier Guti\u00e9rrez<br \/>\nVetlladora: N\u00faria Mic\u00f3<br \/>\nCicle Mitj\u00e0:<br \/>\n3r: Maria Fern\u00e0ndez<br \/>\n4t :\u00a0Josep Maria Paset<br \/>\nVetlladores: Olga Colls i N\u00faria Mic\u00f3<br \/>\nCicle Superior:<br \/>\n5\u00e8 :&hellip;  <a href=\"https:\/\/agora.xtec.cat\/ceip-santiscle-vidreres\/lescola\/lequip-docent\/\" title=\"Read L&#8217;equip docent\">Llegeix m\u00e9s\u00bb<\/a><\/p>\n","protected":false},"author":1,"featured_media":0,"parent":22,"menu_order":0,"comment_status":"closed","ping_status":"closed","template":"page-templates\/side-menu.php","meta":{"_bbp_topic_count":0,"_bbp_reply_count":0,"_bbp_total_topic_count":0,"_bbp_total_reply_count":0,"_bbp_voice_count":0,"_bbp_anonymous_reply_count":0,"_bbp_topic_count_hidden":0,"_bbp_reply_count_hidden":0,"_bbp_forum_subforum_count":0,"footnotes":""},"class_list":["post-885","page","type-page","status-publish","hentry"],"post_mailing_queue_ids":[],"_links":{"self":[{"href":"https:\/\/agora.xtec.cat\/ceip-santiscle-vidreres\/wp-json\/wp\/v2\/pages\/885","targetHints":{"allow":["GET"]}}],"collection":[{"href":"https:\/\/agora.xtec.cat\/ceip-santiscle-vidreres\/wp-json\/wp\/v2\/pages"}],"about":[{"href":"https:\/\/agora.xtec.cat\/ceip-santiscle-vidreres\/wp-json\/wp\/v2\/types\/page"}],"author":[{"embeddable":true,"href":"https:\/\/agora.xtec.cat\/ceip-santiscle-vidreres\/wp-json\/wp\/v2\/users\/1"}],"replies":[{"embeddable":true,"href":"https:\/\/agora.xtec.cat\/ceip-santiscle-vidreres\/wp-json\/wp\/v2\/comments?post=885"}],"version-history":[{"count":6,"href":"https:\/\/agora.xtec.cat\/ceip-santiscle-vidreres\/wp-json\/wp\/v2\/pages\/885\/revisions"}],"predecessor-version":[{"id":6109,"href":"https:\/\/agora.xtec.cat\/ceip-santiscle-vidreres\/wp-json\/wp\/v2\/pages\/885\/revisions\/6109"}],"up":[{"embeddable":true,"href":"https:\/\/agora.xtec.cat\/ceip-santiscle-vidreres\/wp-json\/wp\/v2\/pages\/22"}],"wp:attachment":[{"href":"https:\/\/agora.xtec.cat\/ceip-santiscle-vidreres\/wp-json\/wp\/v2\/media?parent=885"}],"curies":[{"name":"wp","href":"https:\/\/api.w.org\/{rel}","templated":true}]}}