{"id":733,"date":"2020-07-29T16:37:51","date_gmt":"2020-07-29T14:37:51","guid":{"rendered":"https:\/\/agora.xtec.cat\/ceip-santiscle-vidreres\/?page_id=733"},"modified":"2020-07-29T16:42:58","modified_gmt":"2020-07-29T14:42:58","slug":"avis-a-lescola","status":"publish","type":"page","link":"https:\/\/agora.xtec.cat\/ceip-santiscle-vidreres\/projecte-educatiu\/avis-a-lescola\/","title":{"rendered":"Avis a l&#8217;Escola"},"content":{"rendered":"<p>La participaci\u00f3 de tota la comunitat educativa \u00e9s molt important per a nosaltres. Els avis i \u00e0vies, s\u00f3n una part molt important de la comunitat i una baula m\u00e9s que cal implicar en la vida dels infants. Per aix\u00f2 neix el projecte Avis a l&#8217;Escola. Amb la idea d&#8217;integrar la seva experi\u00e8ncia, paci\u00e8ncia i amor a les criatures al projecte educatiu del centre. Volunt\u00e0riament, els convidem a venir a fer llegir els alumnes aprenents en el proc\u00e9s de lectoescriptura: P5, 1r i 2n. Amb ells compartir un conte i estableixen una complicitat especial.<\/p>\n<p><a href=\"https:\/\/agora.xtec.cat\/ceip-santiscle-vidreres\/wp-content\/uploads\/usu805\/2020\/07\/20180405_1153401-e1596033706501.jpg\"><img loading=\"lazy\" decoding=\"async\" class=\"alignnone size-large wp-image-735\" src=\"https:\/\/agora.xtec.cat\/ceip-santiscle-vidreres\/wp-content\/uploads\/usu805\/2020\/07\/20180405_1153401-e1596033706501-1024x768.jpg\" alt=\"\" width=\"1024\" height=\"768\" srcset=\"https:\/\/agora.xtec.cat\/ceip-santiscle-vidreres\/wp-content\/uploads\/usu805\/2020\/07\/20180405_1153401-e1596033706501-1024x768.jpg 1024w, https:\/\/agora.xtec.cat\/ceip-santiscle-vidreres\/wp-content\/uploads\/usu805\/2020\/07\/20180405_1153401-e1596033706501-300x225.jpg 300w, https:\/\/agora.xtec.cat\/ceip-santiscle-vidreres\/wp-content\/uploads\/usu805\/2020\/07\/20180405_1153401-e1596033706501-768x576.jpg 768w, https:\/\/agora.xtec.cat\/ceip-santiscle-vidreres\/wp-content\/uploads\/usu805\/2020\/07\/20180405_1153401-e1596033706501-200x150.jpg 200w\" sizes=\"auto, (max-width: 1024px) 100vw, 1024px\" \/><\/a><\/p>\n<p><a href=\"https:\/\/photos.app.goo.gl\/Y1VjVSCh6iOdggbR2\">Mes Fotografies Projecte Avis a l&#8217;Escola<\/a><\/p>\n","protected":false},"excerpt":{"rendered":"<p>La participaci\u00f3 de tota la comunitat educativa \u00e9s molt important per a nosaltres. Els avis i \u00e0vies, s\u00f3n una part molt important de la comunitat i una baula m\u00e9s que cal implicar en la vida dels infants. Per aix\u00f2 neix el projecte Avis a l&#8217;Escola.&hellip;  <a href=\"https:\/\/agora.xtec.cat\/ceip-santiscle-vidreres\/projecte-educatiu\/avis-a-lescola\/\" title=\"Read Avis a l&#8217;Escola\">Llegeix m\u00e9s\u00bb<\/a><\/p>\n","protected":false},"author":1,"featured_media":0,"parent":64,"menu_order":0,"comment_status":"closed","ping_status":"closed","template":"page-templates\/side-menu.php","meta":{"_bbp_topic_count":0,"_bbp_reply_count":0,"_bbp_total_topic_count":0,"_bbp_total_reply_count":0,"_bbp_voice_count":0,"_bbp_anonymous_reply_count":0,"_bbp_topic_count_hidden":0,"_bbp_reply_count_hidden":0,"_bbp_forum_subforum_count":0,"footnotes":""},"class_list":["post-733","page","type-page","status-publish","hentry"],"post_mailing_queue_ids":[],"_links":{"self":[{"href":"https:\/\/agora.xtec.cat\/ceip-santiscle-vidreres\/wp-json\/wp\/v2\/pages\/733","targetHints":{"allow":["GET"]}}],"collection":[{"href":"https:\/\/agora.xtec.cat\/ceip-santiscle-vidreres\/wp-json\/wp\/v2\/pages"}],"about":[{"href":"https:\/\/agora.xtec.cat\/ceip-santiscle-vidreres\/wp-json\/wp\/v2\/types\/page"}],"author":[{"embeddable":true,"href":"https:\/\/agora.xtec.cat\/ceip-santiscle-vidreres\/wp-json\/wp\/v2\/users\/1"}],"replies":[{"embeddable":true,"href":"https:\/\/agora.xtec.cat\/ceip-santiscle-vidreres\/wp-json\/wp\/v2\/comments?post=733"}],"version-history":[{"count":2,"href":"https:\/\/agora.xtec.cat\/ceip-santiscle-vidreres\/wp-json\/wp\/v2\/pages\/733\/revisions"}],"predecessor-version":[{"id":736,"href":"https:\/\/agora.xtec.cat\/ceip-santiscle-vidreres\/wp-json\/wp\/v2\/pages\/733\/revisions\/736"}],"up":[{"embeddable":true,"href":"https:\/\/agora.xtec.cat\/ceip-santiscle-vidreres\/wp-json\/wp\/v2\/pages\/64"}],"wp:attachment":[{"href":"https:\/\/agora.xtec.cat\/ceip-santiscle-vidreres\/wp-json\/wp\/v2\/media?parent=733"}],"curies":[{"name":"wp","href":"https:\/\/api.w.org\/{rel}","templated":true}]}}