{"id":718,"date":"2020-07-29T16:02:22","date_gmt":"2020-07-29T14:02:22","guid":{"rendered":"https:\/\/agora.xtec.cat\/ceip-santiscle-vidreres\/?page_id=718"},"modified":"2025-10-07T13:33:45","modified_gmt":"2025-10-07T11:33:45","slug":"audicions-musicals","status":"publish","type":"page","link":"https:\/\/agora.xtec.cat\/ceip-santiscle-vidreres\/projecte-educatiu\/audicions-musicals\/","title":{"rendered":"Audicions Musicals"},"content":{"rendered":"<div class=\"sites-layout-tile sites-tile-name-header\">\n<div dir=\"ltr\">\n<p>Hem d\u2019educar per a la sensibilitat i la capacitat de gaudir de la M\u00fasica i donar els mitjans motivadors i engrescadors que ajudin a despertar l\u2019inter\u00e8s de l\u2019alumnat en el seu proc\u00e9s d\u2019aprenentatge, i pensem que aquest nou projecte i el treball conjunt, ens ajudar\u00e0 a arribar a aquesta fi.<\/p>\n<table style=\"height: 256px;\" border=\"1\" cellspacing=\"0\" cellpadding=\"0\">\n<tbody>\n<tr style=\"height: 32px;\">\n<td style=\"height: 32px; width: 894px;\"><span style=\"font-size: large;\"><b>Audicions (per cursos i fam\u00edlies d&#8217;instruments)<\/b><\/span><\/td>\n<\/tr>\n<tr style=\"height: 32px;\">\n<td style=\"height: 32px; width: 894px;\"><span style=\"font-size: large;\"><span style=\"color: #ff0000;\"><span style=\"color: #008000;\">P5<\/span>\u00a0<\/span><i><span style=\"color: #ff0000;\">\u00a0<\/span>El m\u00f3n sonor (multitud d\u2019instruments i classificaci\u00f3 per fam\u00edlies) per\u00a0<\/i>\u00a0Marc Soler.<\/span><\/td>\n<\/tr>\n<tr style=\"height: 32px;\">\n<td style=\"height: 32px; width: 894px;\"><span style=\"font-size: large;\"><span style=\"color: #008000;\">1r\u00a0<\/span>\u00a0<i>Percussi\u00f3 del m\u00f3n (instruments d\u2019arreu del m\u00f3n) per<\/i>\u00a0Carles Pons.<\/span><\/td>\n<\/tr>\n<tr style=\"height: 32px;\">\n<td style=\"height: 32px; width: 894px;\"><span style=\"font-size: large;\"><span style=\"color: #008000;\">2n\u00a0<\/span><i>\u00a0Piano i Veu (interior, exterior i so del piano, funcionament de la veu) per\u00a0<\/i>D\u00e8nia Guerra i Elena Babenkova.<\/span><\/td>\n<\/tr>\n<tr style=\"height: 32px;\">\n<td style=\"height: 32px; width: 894px;\"><span style=\"font-size: large;\"><span style=\"color: #008000;\">3r\u00a0\u00a0<\/span><i>Instruments de corda fregada (viol\u00ed, violoncel i contrabaix) per\u00a0<\/i>C\u00e8lia Joh\u00e9 i Dom\u00e8nech Surroca.<\/span><\/td>\n<\/tr>\n<tr style=\"height: 32px;\">\n<td style=\"height: 32px; width: 894px;\"><span style=\"font-size: large;\"><span style=\"color: #008000;\">4t\u00a0<\/span>\u00a0<i>Instruments de vent fusta\u00a0 i vent metall<\/i>\u00a0<i>per\u00a0<\/i>David Bondia\u00a0<\/span><\/td>\n<\/tr>\n<tr style=\"height: 32px;\">\n<td style=\"height: 32px; width: 894px;\"><span style=\"font-size: large;\"><span style=\"color: #ff0000;\"><span style=\"color: #008000;\">5\u00e8<\/span>\u00a0<\/span><i>\u00a0La Bateria (parts de l\u2019instrument i estils r\u00edtmics) per\u00a0<\/i>\u00a0Carles Pons.<\/span><\/td>\n<\/tr>\n<tr style=\"height: 32px;\">\n<td style=\"height: 32px; width: 894px;\"><span style=\"font-size: large;\"><span style=\"color: #ff0000;\"><span style=\"color: #008000;\">6\u00e8<\/span>\u00a0<\/span>\u00a0<i>Electr\u00f2fons (Guitarra espanyola i el\u00e8ctrica i baix el\u00e8ctric) per\u00a0<\/i>I\u00f1aki Caparr\u00f3s.<\/span><\/td>\n<\/tr>\n<\/tbody>\n<\/table>\n<\/div>\n<\/div>\n","protected":false},"excerpt":{"rendered":"<p>Hem d\u2019educar per a la sensibilitat i la capacitat de gaudir de la M\u00fasica i donar els mitjans motivadors i engrescadors que ajudin a despertar l\u2019inter\u00e8s de l\u2019alumnat en el seu proc\u00e9s d\u2019aprenentatge, i pensem que aquest nou projecte i el treball conjunt, ens ajudar\u00e0&hellip;  <a href=\"https:\/\/agora.xtec.cat\/ceip-santiscle-vidreres\/projecte-educatiu\/audicions-musicals\/\" title=\"Read Audicions Musicals\">Llegeix m\u00e9s\u00bb<\/a><\/p>\n","protected":false},"author":1,"featured_media":0,"parent":64,"menu_order":0,"comment_status":"closed","ping_status":"closed","template":"page-templates\/side-menu.php","meta":{"_bbp_topic_count":0,"_bbp_reply_count":0,"_bbp_total_topic_count":0,"_bbp_total_reply_count":0,"_bbp_voice_count":0,"_bbp_anonymous_reply_count":0,"_bbp_topic_count_hidden":0,"_bbp_reply_count_hidden":0,"_bbp_forum_subforum_count":0,"footnotes":""},"class_list":["post-718","page","type-page","status-publish","hentry"],"post_mailing_queue_ids":[],"_links":{"self":[{"href":"https:\/\/agora.xtec.cat\/ceip-santiscle-vidreres\/wp-json\/wp\/v2\/pages\/718","targetHints":{"allow":["GET"]}}],"collection":[{"href":"https:\/\/agora.xtec.cat\/ceip-santiscle-vidreres\/wp-json\/wp\/v2\/pages"}],"about":[{"href":"https:\/\/agora.xtec.cat\/ceip-santiscle-vidreres\/wp-json\/wp\/v2\/types\/page"}],"author":[{"embeddable":true,"href":"https:\/\/agora.xtec.cat\/ceip-santiscle-vidreres\/wp-json\/wp\/v2\/users\/1"}],"replies":[{"embeddable":true,"href":"https:\/\/agora.xtec.cat\/ceip-santiscle-vidreres\/wp-json\/wp\/v2\/comments?post=718"}],"version-history":[{"count":2,"href":"https:\/\/agora.xtec.cat\/ceip-santiscle-vidreres\/wp-json\/wp\/v2\/pages\/718\/revisions"}],"predecessor-version":[{"id":721,"href":"https:\/\/agora.xtec.cat\/ceip-santiscle-vidreres\/wp-json\/wp\/v2\/pages\/718\/revisions\/721"}],"up":[{"embeddable":true,"href":"https:\/\/agora.xtec.cat\/ceip-santiscle-vidreres\/wp-json\/wp\/v2\/pages\/64"}],"wp:attachment":[{"href":"https:\/\/agora.xtec.cat\/ceip-santiscle-vidreres\/wp-json\/wp\/v2\/media?parent=718"}],"curies":[{"name":"wp","href":"https:\/\/api.w.org\/{rel}","templated":true}]}}