{"id":715,"date":"2020-07-29T15:59:51","date_gmt":"2020-07-29T13:59:51","guid":{"rendered":"https:\/\/agora.xtec.cat\/ceip-santiscle-vidreres\/?page_id=715"},"modified":"2020-07-29T16:09:22","modified_gmt":"2020-07-29T14:09:22","slug":"alumnes-mediadors","status":"publish","type":"page","link":"https:\/\/agora.xtec.cat\/ceip-santiscle-vidreres\/projecte-educatiu\/alumnes-mediadors\/","title":{"rendered":"Alumnes Mediadors"},"content":{"rendered":"<p><span lang=\"CA\">El projecte d&#8217;alumnes mediadors \u00e9s\u00a0<\/span>una\u00a0eina pedag\u00f2gica.\u00a0El conflictes es resolen amb paraules. Es poden gestionar de forma pac\u00edfica, dialogant, treballant amb empatia i aprenent a escoltar.\u00a0<span lang=\"CA\">Es tracta d&#8217;aprofitar el conflicte com a instrument de creixement personal i grupal.<\/span><\/p>\n<div><span style=\"color: #000000; font-size: small;\">\u00a0 \u00a0 \u00a0 \u00a0 \u00a0 \u00a0\u00a0<a href=\"https:\/\/sites.google.com\/a\/xtec.cat\/escolasantiscle\/mediacio\/IMG-20151124-WA0001%20%28Copy%29.jpg?attredirects=0\"><img loading=\"lazy\" decoding=\"async\" src=\"https:\/\/sites.google.com\/a\/xtec.cat\/escolasantiscle\/_\/rsrc\/1578592922317\/mediacio\/IMG-20151124-WA0001%20%28Copy%29.jpg?height=180&amp;width=320\" width=\"320\" height=\"180\" border=\"0\" \/><\/a>\u00a0 \u00a0 \u00a0 \u00a0 \u00a0<img loading=\"lazy\" decoding=\"async\" src=\"https:\/\/sites.google.com\/a\/xtec.cat\/escolasantiscle\/_\/rsrc\/1578592922317\/mediacio\/IMG-20151124-WA0000%20%28Copy%29.jpg?height=180&amp;width=320\" width=\"320\" height=\"180\" border=\"0\" \/><\/span><\/div>\n<p><span style=\"color: #000000; font-size: small;\"><i>Imatges de simulaci\u00f3 d&#8217;una actuaci\u00f3<\/i><\/span><\/p>\n<p><span style=\"font-size: large; color: #008000;\"><b>Funcionament<\/b><\/span><\/p>\n<ul>\n<li>Es realitzen unes sessions preparat\u00f2ries de formaci\u00f3 dels mediadors, que seran dos alumnes de 6\u00e8, que s&#8217;aniran canviant di\u00e0riament.<\/li>\n<\/ul>\n<ul>\n<li>Pr\u00e8viament els alumnes passaran per les diferents aules per tal d\u2019explicar als companys de l\u2019escola quin ser\u00e0 el seu paper i com podran ajudar i col\u00b7laborar en la resoluci\u00f3 de conflictes en el centre escolar.<\/li>\n<\/ul>\n<ul>\n<li>La tasca de mediaci\u00f3 es portar\u00e0 a terme cada dia a l\u2019hora del pati.<\/li>\n<\/ul>\n<ul>\n<li>Els mediadors es passejaran amb un distintiu perqu\u00e8 se\u2019ls pugui localitzar f\u00e0cilment.<\/li>\n<\/ul>\n<ul>\n<li>Intervindran en el moment que detectin un conflicte o quan se\u2019ls requereixi.<\/li>\n<\/ul>\n<ul>\n<li>Actuaran, sempre per parelles i d\u2019acord a les normes establertes.<\/li>\n<\/ul>\n<ul>\n<li>Disposaran d\u2019un espai a l\u2019escola per a poder dialogar de forma tranquil\u00b7la.<\/li>\n<\/ul>\n<ul>\n<li>Al finalitzar el pati, faran una petita valoraci\u00f3 per escrit sobre la seva tasca i la lliuraran al mestre responsable.<\/li>\n<\/ul>\n<ul>\n<li>Es faran unes sessions de seguiment amb aquests alumnes al llarg del projecte.<\/li>\n<\/ul>\n<p><span lang=\"CA\" style=\"color: #008000;\"><b><span style=\"font-size: large;\">Actuaci\u00f3 dels mediadors davant un conflicte<\/span><\/b><\/span><\/p>\n<p><b><span lang=\"CA\"><span style=\"color: #ff0000; font-size: large;\">\u00a0 \u00a0\u00a0<\/span><\/span><\/b><b><span lang=\"CA\">\u00a0 \u00a0 \u00a0<u><span style=\"color: #000000;\">Escolta atenta i activa<\/span><\/u><\/span><\/b><\/p>\n<p><span lang=\"CA\"><span style=\"color: #000000;\">Els implicats en el conflicte han de poder desfogar-se i sentir-se escoltats.<\/span><\/span><\/p>\n<p><span lang=\"CA\"><span style=\"color: #000000;\">Han de tenir l\u2019oportunitat d\u2019explicar la seva pr\u00f2pia versi\u00f3 del conflicte i expressar els seus sentiments.<\/span><\/span><\/p>\n<p><span lang=\"CA\"><span style=\"color: #000000;\">Cada persona explica el que ha passat a la seva manera.<\/span><\/span><\/p>\n<p><span lang=\"CA\"><span style=\"color: #000000;\">Escoltar sense interrupcions les preocupacions i els sentiments de cada un.<\/span><\/span><\/p>\n<p><span lang=\"CA\"><span style=\"color: #000000;\">Mostrar inter\u00e8s: clarificar, resumir&#8230;<\/span><\/span><\/p>\n<p><span lang=\"CA\"><span style=\"color: #000000;\">Parafrasejar, repetir amb les seves paraules el que expliquen les dues parts del conflicte.<\/span><\/span><\/p>\n<p><span lang=\"CA\"><span style=\"color: #000000;\">Animar a les parts a que expliquin m\u00e9s, evitant la sensaci\u00f3 d\u2019interrogatori.<\/span><\/span><\/p>\n<p><span lang=\"CA\"><span style=\"color: #000000;\">Respectar els silencis.<\/span><\/span><\/p>\n<p><span lang=\"CA\"><span style=\"color: #000000;\">No jutjar.<\/span><\/span><\/p>\n<p><span style=\"color: #000000;\">Els mediadors han de poder entendre la situaci\u00f3.<\/span><\/p>\n<p><span lang=\"CA\"><span style=\"color: #000000;\">Les persones necessiten privacitat per tractar els seus conflictes. Si cal, utilitzar l\u2019espai destinat \u201cparlem\u201d.<\/span><\/span><\/p>\n<p><span lang=\"CA\"><span style=\"color: #000000;\">Parlar primer amb les dues persones per separat, si cal, sobretot si estan molt alterades.<\/span><\/span><\/p>\n<p><span lang=\"CA\"><span style=\"color: #000000;\">Un cop m\u00e9s tranquils, les dues parts passen a dialogar.\u00a0 Expliquen com s\u2019han sentit&#8230;, i escolten l\u2019altra part (es poden sentir inc\u00f2modes quan es troben).<\/span><\/span><\/p>\n<p><b><span lang=\"CA\"><u><span style=\"color: #000000;\">Ambient positiu<\/span><\/u><\/span><\/b><\/p>\n<p><span lang=\"CA\"><span style=\"color: #000000;\">Parlar a poc a poc.<\/span><\/span><\/p>\n<p><span lang=\"CA\"><span style=\"color: #000000;\">Repetir les frases de les dues parts.<\/span><\/span><\/p>\n<p><span lang=\"CA\"><span style=\"color: #000000;\">No desqualificar.<\/span><\/span><\/p>\n<p><span lang=\"CA\"><span style=\"color: #000000;\">No definir qu\u00e8 \u00e9s veritat ni qu\u00e8 \u00e9s mentida.<\/span><\/span><\/p>\n<p><span lang=\"CA\"><span style=\"color: #000000;\">No posicionar-se.<\/span><\/span><\/p>\n<p><span lang=\"CA\"><span style=\"color: #000000;\">Tranquil\u00b7litat.<\/span><\/span><\/p>\n<p><span lang=\"CA\"><span style=\"color: #000000;\">No jutjar.<\/span><\/span><\/p>\n<p><span style=\"color: #000000;\">Fer preguntes per tal d\u2019aclarir les explicacions dels alumnes implicats en el conflicte.<\/span><\/p>\n<p><span lang=\"CA\"><span style=\"color: #000000;\">Si cal, parlar amb altres companys que hagin vist els fets o hi hagin participat directa o indirectament.<\/span><\/span><\/p>\n<p><span style=\"color: #000000;\"><span lang=\"CA\">\u00a0\u00a0\u00a0\u00a0<span style=\"font-size: medium;\">\u00a0\u00a0<b><u>Proposta de solucions i acords<\/u><\/b><\/span><\/span><\/span><\/p>\n<p><span lang=\"CA\"><span style=\"color: #000000;\">Cercar possibles vies de soluci\u00f3.<\/span><\/span><\/p>\n<p><span lang=\"CA\"><span style=\"color: #000000;\">Explorar el que cada part est\u00e0 disposada a fer o demana de l\u2019altra part.<\/span><\/span><\/p>\n<p><span lang=\"CA\"><span style=\"color: #000000;\">Les dues parts han de sortir-ne satisfetes.<\/span><\/span><\/p>\n<p><span lang=\"CA\"><span style=\"color: #000000;\">Els mediadors no poden imposar sancions ni obligar a complir acords.<\/span><\/span><\/p>\n<p><span style=\"color: #000000;\"><b><span lang=\"CA\">\u00a0<\/span><\/b><span lang=\"CA\">\u00a0 \u00a0 \u00a0\u00a0<\/span>Cada una de les parts dir\u00e0 el que far\u00e0 cadascuna, no el que far\u00e0 l\u2019altra.<\/span><\/p>\n<p><span lang=\"CA\"><b><u><span style=\"color: #000000;\">Felicitaci\u00f3 i confidencialitat<\/span><\/u><\/b><\/span><\/p>\n<p><span style=\"color: #000000;\">Felicitar els alumnes implicats en el conflicte per haver arribat i\/o acceptat un acord.<\/span><\/p>\n<p><span lang=\"CA\"><span style=\"color: #000000;\">Els alumnes implicats es donen la m\u00e0, simbolitzant l\u2019acord.<\/span><\/span><\/p>\n<p><span lang=\"CA\"><span style=\"color: #000000;\">No explicar all\u00f2 succe\u00eft fora de la mediaci\u00f3.<\/span><\/span><\/p>\n","protected":false},"excerpt":{"rendered":"<p>El projecte d&#8217;alumnes mediadors \u00e9s\u00a0una\u00a0eina pedag\u00f2gica.\u00a0El conflictes es resolen amb paraules. Es poden gestionar de forma pac\u00edfica, dialogant, treballant amb empatia i aprenent a escoltar.\u00a0Es tracta d&#8217;aprofitar el conflicte com a instrument de creixement personal i grupal.<br \/>\n\u00a0 \u00a0 \u00a0 \u00a0 \u00a0 \u00a0\u00a0<a href=\"https:\/\/sites.google.com\/a\/xtec.cat\/escolasantiscle\/mediacio\/IMG-20151124-WA0001%20%28Copy%29.jpg?attredirects=0\"><\/a>\u00a0 \u00a0 \u00a0&hellip;  <a href=\"https:\/\/agora.xtec.cat\/ceip-santiscle-vidreres\/projecte-educatiu\/alumnes-mediadors\/\" title=\"Read Alumnes Mediadors\">Llegeix m\u00e9s\u00bb<\/a><\/p>\n","protected":false},"author":1,"featured_media":0,"parent":64,"menu_order":0,"comment_status":"closed","ping_status":"closed","template":"page-templates\/side-menu.php","meta":{"_bbp_topic_count":0,"_bbp_reply_count":0,"_bbp_total_topic_count":0,"_bbp_total_reply_count":0,"_bbp_voice_count":0,"_bbp_anonymous_reply_count":0,"_bbp_topic_count_hidden":0,"_bbp_reply_count_hidden":0,"_bbp_forum_subforum_count":0,"footnotes":""},"class_list":["post-715","page","type-page","status-publish","hentry"],"post_mailing_queue_ids":[],"_links":{"self":[{"href":"https:\/\/agora.xtec.cat\/ceip-santiscle-vidreres\/wp-json\/wp\/v2\/pages\/715","targetHints":{"allow":["GET"]}}],"collection":[{"href":"https:\/\/agora.xtec.cat\/ceip-santiscle-vidreres\/wp-json\/wp\/v2\/pages"}],"about":[{"href":"https:\/\/agora.xtec.cat\/ceip-santiscle-vidreres\/wp-json\/wp\/v2\/types\/page"}],"author":[{"embeddable":true,"href":"https:\/\/agora.xtec.cat\/ceip-santiscle-vidreres\/wp-json\/wp\/v2\/users\/1"}],"replies":[{"embeddable":true,"href":"https:\/\/agora.xtec.cat\/ceip-santiscle-vidreres\/wp-json\/wp\/v2\/comments?post=715"}],"version-history":[{"count":2,"href":"https:\/\/agora.xtec.cat\/ceip-santiscle-vidreres\/wp-json\/wp\/v2\/pages\/715\/revisions"}],"predecessor-version":[{"id":722,"href":"https:\/\/agora.xtec.cat\/ceip-santiscle-vidreres\/wp-json\/wp\/v2\/pages\/715\/revisions\/722"}],"up":[{"embeddable":true,"href":"https:\/\/agora.xtec.cat\/ceip-santiscle-vidreres\/wp-json\/wp\/v2\/pages\/64"}],"wp:attachment":[{"href":"https:\/\/agora.xtec.cat\/ceip-santiscle-vidreres\/wp-json\/wp\/v2\/media?parent=715"}],"curies":[{"name":"wp","href":"https:\/\/api.w.org\/{rel}","templated":true}]}}