{"id":71,"date":"2014-09-18T12:44:56","date_gmt":"2014-09-18T11:44:56","guid":{"rendered":"http:\/\/agora.xtec.cat\/ceip-santiscle-vidreres\/?page_id=71"},"modified":"2025-10-07T13:30:59","modified_gmt":"2025-10-07T11:30:59","slug":"serveis-digitals","status":"publish","type":"page","link":"https:\/\/agora.xtec.cat\/ceip-santiscle-vidreres\/serveis\/serveis-digitals\/","title":{"rendered":"Serveis digitals"},"content":{"rendered":"<p style=\"text-align: center;\">L&#8217;escola Sant Iscle compta amb una s\u00e8rie de <strong style=\"font-family: inherit; font-size: 1em;\">serveis\u00a0digitals<\/strong><span style=\"font-family: inherit; font-size: 1em;\"> que constitueixen un element molt important de l&#8217;engranatge del centre educatiu.<\/span><\/p>\n<table class=\" aligncenter\" style=\"height: 167px;\" width=\"599\">\n<tbody>\n<tr>\n<td style=\"width: 146.667px;\"><a href=\"https:\/\/agora.xtec.cat\/ceip-santiscle-vidreres\/wp-content\/uploads\/usu805\/2020\/09\/moodle-300x300.png\"><img loading=\"lazy\" decoding=\"async\" class=\"wp-image-853 aligncenter\" src=\"https:\/\/agora.xtec.cat\/ceip-santiscle-vidreres\/wp-content\/uploads\/usu805\/2020\/09\/moodle-300x300.png\" alt=\"\" width=\"126\" height=\"126\" srcset=\"https:\/\/agora.xtec.cat\/ceip-santiscle-vidreres\/wp-content\/uploads\/usu805\/2020\/09\/moodle-300x300.png 300w, https:\/\/agora.xtec.cat\/ceip-santiscle-vidreres\/wp-content\/uploads\/usu805\/2020\/09\/moodle-300x300-150x150.png 150w\" sizes=\"auto, (max-width: 126px) 100vw, 126px\" \/><\/a><\/td>\n<td style=\"width: 146.667px;\"><a href=\"https:\/\/agora.xtec.cat\/ceip-santiscle-vidreres\/wp-content\/uploads\/usu805\/2020\/09\/nodes-1.png\"><img loading=\"lazy\" decoding=\"async\" class=\"alignnone size-full wp-image-855\" src=\"https:\/\/agora.xtec.cat\/ceip-santiscle-vidreres\/wp-content\/uploads\/usu805\/2020\/09\/nodes-1.png\" alt=\"\" width=\"240\" height=\"240\" srcset=\"https:\/\/agora.xtec.cat\/ceip-santiscle-vidreres\/wp-content\/uploads\/usu805\/2020\/09\/nodes-1.png 240w, https:\/\/agora.xtec.cat\/ceip-santiscle-vidreres\/wp-content\/uploads\/usu805\/2020\/09\/nodes-1-150x150.png 150w\" sizes=\"auto, (max-width: 240px) 100vw, 240px\" \/><\/a><\/td>\n<td style=\"width: 148px;\"><a href=\"https:\/\/agora.xtec.cat\/ceip-santiscle-vidreres\/wp-content\/uploads\/usu805\/2020\/09\/facebook.png\"><img loading=\"lazy\" decoding=\"async\" class=\"alignnone size-full wp-image-857\" src=\"https:\/\/agora.xtec.cat\/ceip-santiscle-vidreres\/wp-content\/uploads\/usu805\/2020\/09\/facebook.png\" alt=\"\" width=\"225\" height=\"225\" srcset=\"https:\/\/agora.xtec.cat\/ceip-santiscle-vidreres\/wp-content\/uploads\/usu805\/2020\/09\/facebook.png 225w, https:\/\/agora.xtec.cat\/ceip-santiscle-vidreres\/wp-content\/uploads\/usu805\/2020\/09\/facebook-150x150.png 150w\" sizes=\"auto, (max-width: 225px) 100vw, 225px\" \/><\/a><\/td>\n<td style=\"width: 148px;\"><a href=\"https:\/\/agora.xtec.cat\/ceip-santiscle-vidreres\/wp-content\/uploads\/usu805\/2020\/09\/logo-whatsapp.jpg\"><img loading=\"lazy\" decoding=\"async\" class=\"alignnone size-full wp-image-854\" src=\"https:\/\/agora.xtec.cat\/ceip-santiscle-vidreres\/wp-content\/uploads\/usu805\/2020\/09\/logo-whatsapp.jpg\" alt=\"\" width=\"225\" height=\"225\" srcset=\"https:\/\/agora.xtec.cat\/ceip-santiscle-vidreres\/wp-content\/uploads\/usu805\/2020\/09\/logo-whatsapp.jpg 225w, https:\/\/agora.xtec.cat\/ceip-santiscle-vidreres\/wp-content\/uploads\/usu805\/2020\/09\/logo-whatsapp-150x150.jpg 150w\" sizes=\"auto, (max-width: 225px) 100vw, 225px\" \/><\/a><\/td>\n<\/tr>\n<tr>\n<td style=\"width: 146.667px;\">\n<h6 style=\"text-align: center;\"><span style=\"color: #000000;\"><a style=\"color: #000000;\" title=\"Programari\" href=\"https:\/\/ca.wikipedia.org\/wiki\/Programari\">Programari<\/a>\u00a0de\u00a0<a class=\"mw-redirect\" style=\"color: #000000;\" title=\"Codi lliure\" href=\"https:\/\/ca.wikipedia.org\/wiki\/Codi_lliure\">codi lliure<\/a> que crea entorns virtuals d&#8217;ensenyament i aprenentatge en l\u00ednia. Cada grup t\u00e9 el seu propi moodle on hi pot trobar els continguts i les tasques durant el curs.<\/span><\/h6>\n<\/td>\n<td style=\"width: 146.667px;\">\n<h6 style=\"text-align: center;\">Servei del Departament d\u2019Educaci\u00f3 que proporciona un web amb funcionalitats avan\u00e7ades per als centres educatius de Catalunya. Es comparteixen les activitats de l&#8217;escola.<\/h6>\n<\/td>\n<td style=\"width: 148px;\">\n<h6 style=\"text-align: center;\">Amb aquesta xarxa es comparteixen enlla\u00e7os, informacions, experi\u00e8ncies, fotografies i v\u00eddeos referits a l&#8217;entorn escolar.<\/h6>\n<\/td>\n<td style=\"width: 148px; text-align: center;\">\n<h6>Xarxa de comunicaci\u00f3 amb les fam\u00edlies a partir dels pares delegats de cada grup on s&#8217;hi notifiquen not\u00edcies breus i majorit\u00e0riament de de car\u00e0cter urgent.<\/h6>\n<\/td>\n<\/tr>\n<\/tbody>\n<\/table>\n<p>&nbsp;<\/p>\n<p>&nbsp;<\/p>\n<p>&nbsp;<\/p>\n","protected":false},"excerpt":{"rendered":"<p>L&#8217;escola Sant Iscle compta amb una s\u00e8rie de serveis\u00a0digitals que constitueixen un element molt important de l&#8217;engranatge del centre educatiu.<\/p>\n<p><a href=\"https:\/\/agora.xtec.cat\/ceip-santiscle-vidreres\/wp-content\/uploads\/usu805\/2020\/09\/moodle-300x300.png\"><\/a><br \/>\n<a href=\"https:\/\/agora.xtec.cat\/ceip-santiscle-vidreres\/wp-content\/uploads\/usu805\/2020\/09\/nodes-1.png\"><\/a><br \/>\n<a href=\"https:\/\/agora.xtec.cat\/ceip-santiscle-vidreres\/wp-content\/uploads\/usu805\/2020\/09\/facebook.png\"><\/a><br \/>\n<a href=\"https:\/\/agora.xtec.cat\/ceip-santiscle-vidreres\/wp-content\/uploads\/usu805\/2020\/09\/logo-whatsapp.jpg\"><\/a><\/p>\n<p><a style=\"color: #000000;\" title=\"Programari\" href=\"https:\/\/ca.wikipedia.org\/wiki\/Programari\">Programari<\/a>\u00a0de\u00a0<a class=\"mw-redirect\" style=\"color: #000000;\" title=\"Codi lliure\" href=\"https:\/\/ca.wikipedia.org\/wiki\/Codi_lliure\">codi lliure<\/a> que crea entorns virtuals d&#8217;ensenyament i aprenentatge en l\u00ednia. Cada&hellip;  <a href=\"https:\/\/agora.xtec.cat\/ceip-santiscle-vidreres\/serveis\/serveis-digitals\/\" title=\"Read Serveis digitals\">Llegeix m\u00e9s\u00bb<\/a><\/p>\n","protected":false},"author":1,"featured_media":0,"parent":66,"menu_order":10,"comment_status":"closed","ping_status":"closed","template":"page-templates\/side-menu.php","meta":{"_bbp_topic_count":0,"_bbp_reply_count":0,"_bbp_total_topic_count":0,"_bbp_total_reply_count":0,"_bbp_voice_count":0,"_bbp_anonymous_reply_count":0,"_bbp_topic_count_hidden":0,"_bbp_reply_count_hidden":0,"_bbp_forum_subforum_count":0,"footnotes":""},"class_list":["post-71","page","type-page","status-publish","hentry"],"post_mailing_queue_ids":[],"_links":{"self":[{"href":"https:\/\/agora.xtec.cat\/ceip-santiscle-vidreres\/wp-json\/wp\/v2\/pages\/71","targetHints":{"allow":["GET"]}}],"collection":[{"href":"https:\/\/agora.xtec.cat\/ceip-santiscle-vidreres\/wp-json\/wp\/v2\/pages"}],"about":[{"href":"https:\/\/agora.xtec.cat\/ceip-santiscle-vidreres\/wp-json\/wp\/v2\/types\/page"}],"author":[{"embeddable":true,"href":"https:\/\/agora.xtec.cat\/ceip-santiscle-vidreres\/wp-json\/wp\/v2\/users\/1"}],"replies":[{"embeddable":true,"href":"https:\/\/agora.xtec.cat\/ceip-santiscle-vidreres\/wp-json\/wp\/v2\/comments?post=71"}],"version-history":[{"count":4,"href":"https:\/\/agora.xtec.cat\/ceip-santiscle-vidreres\/wp-json\/wp\/v2\/pages\/71\/revisions"}],"predecessor-version":[{"id":860,"href":"https:\/\/agora.xtec.cat\/ceip-santiscle-vidreres\/wp-json\/wp\/v2\/pages\/71\/revisions\/860"}],"up":[{"embeddable":true,"href":"https:\/\/agora.xtec.cat\/ceip-santiscle-vidreres\/wp-json\/wp\/v2\/pages\/66"}],"wp:attachment":[{"href":"https:\/\/agora.xtec.cat\/ceip-santiscle-vidreres\/wp-json\/wp\/v2\/media?parent=71"}],"curies":[{"name":"wp","href":"https:\/\/api.w.org\/{rel}","templated":true}]}}