{"id":34,"date":"2014-09-18T12:32:18","date_gmt":"2014-09-18T11:32:18","guid":{"rendered":"http:\/\/agora.xtec.cat\/ceip-santiscle-vidreres\/?page_id=34"},"modified":"2025-10-07T13:23:17","modified_gmt":"2025-10-07T11:23:17","slug":"oferta-educativa","status":"publish","type":"page","link":"https:\/\/agora.xtec.cat\/ceip-santiscle-vidreres\/lescola\/oferta-educativa\/","title":{"rendered":"Oferta educativa"},"content":{"rendered":"<p><span style=\"color: #000000;\">L&#8217;escola Sant Iscle \u00e9s una escola p\u00fablica que ofereix els seg\u00fcents nivells educatius:\u00a0<\/span><\/p>\n<p><span style=\"color: #000000;\">Educaci\u00f3 infantil: (I-3, I-4 i I-5)<\/span><\/p>\n<p><span style=\"color: #000000;\">Prim\u00e0ria: <\/span><\/p>\n<ul>\n<li style=\"list-style-type: none;\">\n<ul style=\"list-style-type: circle;\">\n<li><span style=\"color: #000000;\">Cicle Inicial (1r i 2n)<\/span><\/li>\n<li><span style=\"color: #000000;\">Cicle Mitj\u00e0 (3r i 4t)<\/span><\/li>\n<li><span style=\"color: #000000;\">Cicle Superior (5\u00e8 i 6\u00e8)<\/span><\/li>\n<\/ul>\n<\/li>\n<\/ul>\n<p>&nbsp;<\/p>\n","protected":false},"excerpt":{"rendered":"<p>L&#8217;escola Sant Iscle \u00e9s una escola p\u00fablica que ofereix els seg\u00fcents nivells educatius:\u00a0<br \/>\nEducaci\u00f3 infantil: (I-3, I-4 i I-5)<br \/>\nPrim\u00e0ria: <\/p>\n<ul>\n<li style=\"list-style-type: none;\">\n<ul style=\"list-style-type: circle;\">\n<li>Cicle Inicial (1r i 2n)<\/li>\n<li>Cicle Mitj\u00e0 (3r i 4t)<\/li>\n<li>Cicle Superior (5\u00e8 i 6\u00e8)<\/li>\n<\/ul>\n<\/li>\n<\/ul>\n<p>&nbsp;<\/p>\n","protected":false},"author":1,"featured_media":0,"parent":22,"menu_order":60,"comment_status":"closed","ping_status":"closed","template":"page-templates\/side-menu.php","meta":{"_bbp_topic_count":0,"_bbp_reply_count":0,"_bbp_total_topic_count":0,"_bbp_total_reply_count":0,"_bbp_voice_count":0,"_bbp_anonymous_reply_count":0,"_bbp_topic_count_hidden":0,"_bbp_reply_count_hidden":0,"_bbp_forum_subforum_count":0,"footnotes":""},"class_list":["post-34","page","type-page","status-publish","hentry"],"post_mailing_queue_ids":[],"_links":{"self":[{"href":"https:\/\/agora.xtec.cat\/ceip-santiscle-vidreres\/wp-json\/wp\/v2\/pages\/34","targetHints":{"allow":["GET"]}}],"collection":[{"href":"https:\/\/agora.xtec.cat\/ceip-santiscle-vidreres\/wp-json\/wp\/v2\/pages"}],"about":[{"href":"https:\/\/agora.xtec.cat\/ceip-santiscle-vidreres\/wp-json\/wp\/v2\/types\/page"}],"author":[{"embeddable":true,"href":"https:\/\/agora.xtec.cat\/ceip-santiscle-vidreres\/wp-json\/wp\/v2\/users\/1"}],"replies":[{"embeddable":true,"href":"https:\/\/agora.xtec.cat\/ceip-santiscle-vidreres\/wp-json\/wp\/v2\/comments?post=34"}],"version-history":[{"count":4,"href":"https:\/\/agora.xtec.cat\/ceip-santiscle-vidreres\/wp-json\/wp\/v2\/pages\/34\/revisions"}],"predecessor-version":[{"id":6072,"href":"https:\/\/agora.xtec.cat\/ceip-santiscle-vidreres\/wp-json\/wp\/v2\/pages\/34\/revisions\/6072"}],"up":[{"embeddable":true,"href":"https:\/\/agora.xtec.cat\/ceip-santiscle-vidreres\/wp-json\/wp\/v2\/pages\/22"}],"wp:attachment":[{"href":"https:\/\/agora.xtec.cat\/ceip-santiscle-vidreres\/wp-json\/wp\/v2\/media?parent=34"}],"curies":[{"name":"wp","href":"https:\/\/api.w.org\/{rel}","templated":true}]}}