{"id":26,"date":"2014-09-18T12:24:32","date_gmt":"2014-09-18T11:24:32","guid":{"rendered":"http:\/\/agora.xtec.cat\/ceip-santiscle-vidreres\/?page_id=26"},"modified":"2021-09-12T20:12:29","modified_gmt":"2021-09-12T18:12:29","slug":"historia","status":"publish","type":"page","link":"https:\/\/agora.xtec.cat\/ceip-santiscle-vidreres\/lescola\/historia\/","title":{"rendered":"Hist\u00f2ria"},"content":{"rendered":"<p>El 1935 l\u2019Ajuntament de Vidreres es veu en la necessitat de construir unes escoles per substituir les velles. Comencen el tr\u00e0mits per\u00f2 la guerra ho paralitza tot. Uns anys m\u00e9s tard, el 1941 es va tornar a gestionar la documentaci\u00f3 per a la construcci\u00f3 d\u2019aquesta escola per\u00f2 misteriosament es va extraviar i el projecte no es va poder dur a terme. Finalment el 1956, el tema es desencalla i l\u2019ajuntament adquireix el terreny per a la nova construcci\u00f3 de l\u2019escola juntament amb les vivendes per a mestres. Fins l\u2019any 1958 no es rep l\u2019informe positiu de l\u2019arquitecte per la construcci\u00f3 amb el comentari que es tracta d\u2019un terreny situat en una zona extrema del poble, per\u00f2 propera al nucli i sense perill pels escolars ja que no havien de creuar la carretera. Malgrat que l\u2019ajuntament va finan\u00e7ar una bona part de la compra del terreny i la construcci\u00f3, tamb\u00e9 van ser importants les donacions dels vilatans de Vidreres.<\/p>\n<p>Els tr\u00e0mits no van ser gens f\u00e0cils i encara que tothom coneixia la necessitat d\u2019una nova escola, hi va haver un llarg estira i arronsa entre el Ministeri d\u2019educaci\u00f3 de Madrid i\u00a0 l\u2019Ajuntament de Vidreres amb moltes cartes de per mig. \u00a0L\u2019autoritzaci\u00f3 va arribar el 13 d\u2019abril del 1959. El cost total s\u2019elevava a 554.363,96 pessetes. Les obres van comen\u00e7ar al setembre d\u2019aquell any i van acabar el gener del 1960. Aix\u00f2 vol dir que en q\u00fcesti\u00f3 de 4 o 5 mesos l\u2019edifici va ser constru\u00eft. Ara doncs, calia fer les gestions per demanar el mobiliari i el camp de futbol. L\u2019alcalde del moment va ser molt insistent per tal d\u2019aconseguir ajudes, enviant cartes a totes les autoritats possibles.<\/p>\n<p>Un cop finalitzades la construcci\u00f3 i la instal\u00b7laci\u00f3 del mobiliari necessari van quedar inaugurats els nous equipaments el diumenge 31 de juliol del 1960. La festa va tenir un ress\u00f2 important amb la pres\u00e8ncia de membres destacats de la zona.<\/p>\n<p>Per\u00f2 l\u2019edifici constru\u00eft era nom\u00e9s de planta baixa. Amb els anys es van anar fent la primera i la segona planta amb desdoblament dels cursos de 1r fins a 6\u00e8. Els alumnes d&#8217;infantil estaven en un altre edifici a l&#8217;altre banda del pati a tocar de la llar d&#8217;Infants. Tant va cr\u00e9ixer el nombre d&#8217;estudiants que es va haver d&#8217;instal\u00b7lar un aulari a l&#8217;explanada del costat de l&#8217;escola.<\/p>\n<p>Per\u00f2 un deteriorament de l&#8217;estructura obliga a pensar en fer un altre edifici. La gesti\u00f3 no va ser gens f\u00e0cil i el Departement d&#8217;Ensenyament i l&#8217;Ajuntament fan moltes reunions fins que al final es decideix fer una escola nova. Aquesta, per\u00f2, es far\u00e0 en uns terrenys que l&#8217;Ajuntament t\u00e9 comprats al costat de la Pineda d&#8217;en Maz\u00f3. Amb un temps r\u00e8cord es construeix una escola a base de ferms m\u00f2duls que acollir\u00e0 els alumnes de l&#8217;antiga escola Sant Iscle.<\/p>\n<p>L&#8217;evoluci\u00f3 de la poblaci\u00f3 fa que hi hagi una devallada de natalitat i es dissenya una escola per a una sola l\u00ednia. Aix\u00ed doncs, durant un per\u00edode d&#8217;uns anys va redu\u00efnt el nombre de classes\u00a0 fins a tenir una classe per cada curs des de P-3 fins a 6\u00e8. Es preveu que aquesta acci\u00f3 finalitzi el curs 2024-25.<\/p>\n<p><em>La informaci\u00f3 sobre l\u2019escola Sant Iscle del carrer Orient s\u2019ha extret del llibre de Rafel Badia \u201cLa construcci\u00f3 del CEIP Sant Iscle de Vidreres: Una breu aproximaci\u00f3 dels seus inicis\u201d del qual\u00a0 us en recomanem la seva seva lectura i on hi ha molta m\u00e9s informaci\u00f3 i detalls. <\/em><\/p>\n","protected":false},"excerpt":{"rendered":"<p>El 1935 l\u2019Ajuntament de Vidreres es veu en la necessitat de construir unes escoles per substituir les velles. Comencen el tr\u00e0mits per\u00f2 la guerra ho paralitza tot. Uns anys m\u00e9s tard, el 1941 es va tornar a gestionar la documentaci\u00f3 per a la construcci\u00f3 d\u2019aquesta&hellip;  <a href=\"https:\/\/agora.xtec.cat\/ceip-santiscle-vidreres\/lescola\/historia\/\" title=\"Read Hist\u00f2ria\">Llegeix m\u00e9s\u00bb<\/a><\/p>\n","protected":false},"author":1,"featured_media":0,"parent":22,"menu_order":20,"comment_status":"closed","ping_status":"closed","template":"page-templates\/side-menu.php","meta":{"_bbp_topic_count":0,"_bbp_reply_count":0,"_bbp_total_topic_count":0,"_bbp_total_reply_count":0,"_bbp_voice_count":0,"_bbp_anonymous_reply_count":0,"_bbp_topic_count_hidden":0,"_bbp_reply_count_hidden":0,"_bbp_forum_subforum_count":0,"footnotes":""},"class_list":["post-26","page","type-page","status-publish","hentry"],"post_mailing_queue_ids":[],"_links":{"self":[{"href":"https:\/\/agora.xtec.cat\/ceip-santiscle-vidreres\/wp-json\/wp\/v2\/pages\/26","targetHints":{"allow":["GET"]}}],"collection":[{"href":"https:\/\/agora.xtec.cat\/ceip-santiscle-vidreres\/wp-json\/wp\/v2\/pages"}],"about":[{"href":"https:\/\/agora.xtec.cat\/ceip-santiscle-vidreres\/wp-json\/wp\/v2\/types\/page"}],"author":[{"embeddable":true,"href":"https:\/\/agora.xtec.cat\/ceip-santiscle-vidreres\/wp-json\/wp\/v2\/users\/1"}],"replies":[{"embeddable":true,"href":"https:\/\/agora.xtec.cat\/ceip-santiscle-vidreres\/wp-json\/wp\/v2\/comments?post=26"}],"version-history":[{"count":3,"href":"https:\/\/agora.xtec.cat\/ceip-santiscle-vidreres\/wp-json\/wp\/v2\/pages\/26\/revisions"}],"predecessor-version":[{"id":1639,"href":"https:\/\/agora.xtec.cat\/ceip-santiscle-vidreres\/wp-json\/wp\/v2\/pages\/26\/revisions\/1639"}],"up":[{"embeddable":true,"href":"https:\/\/agora.xtec.cat\/ceip-santiscle-vidreres\/wp-json\/wp\/v2\/pages\/22"}],"wp:attachment":[{"href":"https:\/\/agora.xtec.cat\/ceip-santiscle-vidreres\/wp-json\/wp\/v2\/media?parent=26"}],"curies":[{"name":"wp","href":"https:\/\/api.w.org\/{rel}","templated":true}]}}