{"id":3860,"date":"2020-06-29T17:04:20","date_gmt":"2020-06-29T15:04:20","guid":{"rendered":"http:\/\/agora.xtec.cat\/ceip-santildefons-cornella\/?page_id=3860"},"modified":"2020-11-18T12:59:46","modified_gmt":"2020-11-18T11:59:46","slug":"aula-virtual-deducacio-fisica","status":"publish","type":"page","link":"https:\/\/agora.xtec.cat\/ceip-santildefons-cornella\/lescola-virtual\/aula-virtual-deducacio-fisica\/","title":{"rendered":"Aula Virtual d&#8217;Educaci\u00f3 F\u00edsica"},"content":{"rendered":"<p>Benvinguts a l&#8217;aula Virtual d&#8217;Educaci\u00f3 F\u00edsica!<\/p>\n<p><a href=\"https:\/\/accounts.google.com\/ServiceLogin\/identifier?elo=1&amp;flowName=GlifWebSignIn&amp;flowEntry=AddSession\"><img loading=\"lazy\" decoding=\"async\" class=\"alignnone size-full wp-image-3883\" src=\"https:\/\/agora.xtec.cat\/ceip-santildefons-cornella\/wp-content\/uploads\/usu544\/2020\/06\/educaci\u00f3-F\u00edsica.jpg\" alt=\"\" width=\"512\" height=\"279\" srcset=\"https:\/\/agora.xtec.cat\/ceip-santildefons-cornella\/wp-content\/uploads\/usu544\/2020\/06\/educaci\u00f3-F\u00edsica.jpg 512w, https:\/\/agora.xtec.cat\/ceip-santildefons-cornella\/wp-content\/uploads\/usu544\/2020\/06\/educaci\u00f3-F\u00edsica-300x163.jpg 300w\" sizes=\"auto, (max-width: 512px) 100vw, 512px\" \/><\/a><\/p>\n","protected":false},"excerpt":{"rendered":"<p>Benvinguts a l&#8217;aula Virtual d&#8217;Educaci\u00f3 F\u00edsica!<br \/>\n<a href=\"https:\/\/accounts.google.com\/ServiceLogin\/identifier?elo=1&amp;flowName=GlifWebSignIn&amp;flowEntry=AddSession\"><\/a><\/p>\n","protected":false},"author":5,"featured_media":0,"parent":3809,"menu_order":11,"comment_status":"closed","ping_status":"closed","template":"page-templates\/side-menu.php","meta":{"_bbp_topic_count":0,"_bbp_reply_count":0,"_bbp_total_topic_count":0,"_bbp_total_reply_count":0,"_bbp_voice_count":0,"_bbp_anonymous_reply_count":0,"_bbp_topic_count_hidden":0,"_bbp_reply_count_hidden":0,"_bbp_forum_subforum_count":0,"footnotes":""},"class_list":["post-3860","page","type-page","status-publish","hentry"],"post_mailing_queue_ids":[],"_links":{"self":[{"href":"https:\/\/agora.xtec.cat\/ceip-santildefons-cornella\/wp-json\/wp\/v2\/pages\/3860","targetHints":{"allow":["GET"]}}],"collection":[{"href":"https:\/\/agora.xtec.cat\/ceip-santildefons-cornella\/wp-json\/wp\/v2\/pages"}],"about":[{"href":"https:\/\/agora.xtec.cat\/ceip-santildefons-cornella\/wp-json\/wp\/v2\/types\/page"}],"author":[{"embeddable":true,"href":"https:\/\/agora.xtec.cat\/ceip-santildefons-cornella\/wp-json\/wp\/v2\/users\/5"}],"replies":[{"embeddable":true,"href":"https:\/\/agora.xtec.cat\/ceip-santildefons-cornella\/wp-json\/wp\/v2\/comments?post=3860"}],"version-history":[{"count":3,"href":"https:\/\/agora.xtec.cat\/ceip-santildefons-cornella\/wp-json\/wp\/v2\/pages\/3860\/revisions"}],"predecessor-version":[{"id":4038,"href":"https:\/\/agora.xtec.cat\/ceip-santildefons-cornella\/wp-json\/wp\/v2\/pages\/3860\/revisions\/4038"}],"up":[{"embeddable":true,"href":"https:\/\/agora.xtec.cat\/ceip-santildefons-cornella\/wp-json\/wp\/v2\/pages\/3809"}],"wp:attachment":[{"href":"https:\/\/agora.xtec.cat\/ceip-santildefons-cornella\/wp-json\/wp\/v2\/media?parent=3860"}],"curies":[{"name":"wp","href":"https:\/\/api.w.org\/{rel}","templated":true}]}}