{"id":1469,"date":"2017-02-17T11:41:33","date_gmt":"2017-02-17T10:41:33","guid":{"rendered":"http:\/\/agora.xtec.cat\/ceip-santildefons-cornella\/?page_id=1469"},"modified":"2020-06-29T13:51:07","modified_gmt":"2020-06-29T11:51:07","slug":"projecte-avacedari","status":"publish","type":"page","link":"https:\/\/agora.xtec.cat\/ceip-santildefons-cornella\/projectes-descola\/projecte-avacedari\/","title":{"rendered":"Projecte Avesedari"},"content":{"rendered":"<p>Amb l&#8217;ajuda d&#8217;una aplicaci\u00f3 inform\u00e0tica, anomenada Glifing, els alumnes aprenen a llegir d&#8217;una manera molt engrescadora i l\u00fadica.<\/p>\n","protected":false},"excerpt":{"rendered":"<p>Amb l&#8217;ajuda d&#8217;una aplicaci\u00f3 inform\u00e0tica, anomenada Glifing, els alumnes aprenen a llegir d&#8217;una manera molt engrescadora i l\u00fadica.<\/p>\n","protected":false},"author":4,"featured_media":0,"parent":1444,"menu_order":3,"comment_status":"closed","ping_status":"closed","template":"page-templates\/side-menu.php","meta":{"_bbp_topic_count":0,"_bbp_reply_count":0,"_bbp_total_topic_count":0,"_bbp_total_reply_count":0,"_bbp_voice_count":0,"_bbp_anonymous_reply_count":0,"_bbp_topic_count_hidden":0,"_bbp_reply_count_hidden":0,"_bbp_forum_subforum_count":0,"footnotes":""},"class_list":["post-1469","page","type-page","status-publish","hentry"],"post_mailing_queue_ids":[],"_links":{"self":[{"href":"https:\/\/agora.xtec.cat\/ceip-santildefons-cornella\/wp-json\/wp\/v2\/pages\/1469","targetHints":{"allow":["GET"]}}],"collection":[{"href":"https:\/\/agora.xtec.cat\/ceip-santildefons-cornella\/wp-json\/wp\/v2\/pages"}],"about":[{"href":"https:\/\/agora.xtec.cat\/ceip-santildefons-cornella\/wp-json\/wp\/v2\/types\/page"}],"author":[{"embeddable":true,"href":"https:\/\/agora.xtec.cat\/ceip-santildefons-cornella\/wp-json\/wp\/v2\/users\/4"}],"replies":[{"embeddable":true,"href":"https:\/\/agora.xtec.cat\/ceip-santildefons-cornella\/wp-json\/wp\/v2\/comments?post=1469"}],"version-history":[{"count":2,"href":"https:\/\/agora.xtec.cat\/ceip-santildefons-cornella\/wp-json\/wp\/v2\/pages\/1469\/revisions"}],"predecessor-version":[{"id":1528,"href":"https:\/\/agora.xtec.cat\/ceip-santildefons-cornella\/wp-json\/wp\/v2\/pages\/1469\/revisions\/1528"}],"up":[{"embeddable":true,"href":"https:\/\/agora.xtec.cat\/ceip-santildefons-cornella\/wp-json\/wp\/v2\/pages\/1444"}],"wp:attachment":[{"href":"https:\/\/agora.xtec.cat\/ceip-santildefons-cornella\/wp-json\/wp\/v2\/media?parent=1469"}],"curies":[{"name":"wp","href":"https:\/\/api.w.org\/{rel}","templated":true}]}}